{"id":1962,"date":"2023-10-11T06:35:53","date_gmt":"2023-10-11T06:35:53","guid":{"rendered":"https:\/\/www.gomila-ceramica.com\/baeder-und-dusche\/"},"modified":"2023-12-06T06:47:19","modified_gmt":"2023-12-06T06:47:19","slug":"baeder-und-dusche","status":"publish","type":"page","link":"https:\/\/www.gomila-ceramica.com\/de\/baeder-und-dusche\/","title":{"rendered":"B\u00e4der und Dusche"},"content":{"rendered":"<p>[et_pb_section fb_built=&#8220;1&#8243; fullwidth=&#8220;on&#8220; _builder_version=&#8220;4.16&#8243; global_colors_info=&#8220;{}&#8220;][et_pb_fullwidth_slider _builder_version=&#8220;4.16&#8243; background_color=&#8220;rgba(0,0,0,0)&#8220; background_enable_image=&#8220;off&#8220; custom_padding=&#8220;179px||192px|||&#8220; global_colors_info=&#8220;{}&#8220;][et_pb_slide heading=&#8220;Bad und Dusche&#8220; _builder_version=&#8220;4.16&#8243; background_color=&#8220;rgba(0,0,0,0)&#8220; background_enable_color=&#8220;on&#8220; background_image=&#8220;https:\/\/www.gomila-ceramica.com\/wp-content\/uploads\/2019\/12\/AP01_LAUFEN_PALOMBA_16_TF_Press-scaled.jpeg&#8220; background_enable_image=&#8220;on&#8220; global_colors_info=&#8220;{}&#8220; sticky_transition=&#8220;on&#8220;][\/et_pb_slide][et_pb_slide heading=&#8220;Bad und Dusche&#8220; _builder_version=&#8220;4.16&#8243; background_color=&#8220;rgba(0,0,0,0)&#8220; background_enable_color=&#8220;on&#8220; background_image=&#8220;https:\/\/www.gomila-ceramica.com\/wp-content\/uploads\/2019\/12\/larsen-itop-fronts-super-blanco-gris-natural-1-100.jpg&#8220; background_enable_image=&#8220;on&#8220; background_layout=&#8220;light&#8220; global_colors_info=&#8220;{}&#8220; sticky_transition=&#8220;on&#8220;][\/et_pb_slide][\/et_pb_fullwidth_slider][\/et_pb_section][et_pb_section fb_built=&#8220;1&#8243; admin_label=&#8220;section&#8220; _builder_version=&#8220;4.16&#8243; global_colors_info=&#8220;{}&#8220;][et_pb_row admin_label=&#8220;Zeile&#8220; _builder_version=&#8220;4.16&#8243; background_size=&#8220;initial&#8220; background_position=&#8220;top_left&#8220; background_repeat=&#8220;repeat&#8220; global_colors_info=&#8220;{}&#8220;][et_pb_column type=&#8220;4_4&#8243; _builder_version=&#8220;4.16&#8243; custom_padding=&#8220;|||&#8220; global_colors_info=&#8220;{}&#8220; custom_padding__hover=&#8220;|||&#8220;][et_pb_text admin_label=&#8220;h2&#8243; _builder_version=&#8220;4.23&#8243; background_size=&#8220;initial&#8220; background_position=&#8220;top_left&#8220; background_repeat=&#8220;repeat&#8220; use_border_color=&#8220;off&#8220; border_color=&#8220;#ffffff&#8220; border_style=&#8220;solid&#8220; global_colors_info=&#8220;{}&#8220;]<\/p>\n<h1 style=\"text-align: center;\">Dekoration von B\u00e4dern und Duschen: Armaturen, Sanit\u00e4rkeramik, M\u00f6bel und Zubeh\u00f6r<\/h1>\n<p>[\/et_pb_text][et_pb_divider show_divider=&#8220;off&#8220; disabled_on=&#8220;on|on|off&#8220; admin_label=&#8220;Separador&#8220; _builder_version=&#8220;4.16&#8243; height=&#8220;20px&#8220; hide_on_mobile=&#8220;on&#8220; global_colors_info=&#8220;{}&#8220;][\/et_pb_divider][et_pb_text admin_label=&#8220;Texto&#8220; _builder_version=&#8220;4.16&#8243; background_size=&#8220;initial&#8220; background_position=&#8220;top_left&#8220; background_repeat=&#8220;repeat&#8220; use_border_color=&#8220;off&#8220; border_color=&#8220;#ffffff&#8220; border_style=&#8220;solid&#8220; global_colors_info=&#8220;{}&#8220;]Traumwannen, freistehende Badewannen, Whirlpools, Saunen, Dampfduschen, Schwimmbecken und Minipools. Alles, was Sie an Design und Innovation f\u00fcr die Badezimmerdekoration brauchen: klassisch, modern, minimalistisch&#8230;<\/p>\n<blockquote><p>Ein ganz besonderes Merkmal, ein grafisches Zeichen, das die Umgebung des Badezimmers interpretiert und \u00fcber die Idee des modernen Geschmacks hinausgeht&#8230;<\/p><\/blockquote>\n<p>[\/et_pb_text][et_pb_text admin_label=&#8220;grife&#8220; _builder_version=&#8220;4.16&#8243; text_text_color=&#8220;#078c67&#8243; text_letter_spacing=&#8220;2px&#8220; background_size=&#8220;initial&#8220; background_position=&#8220;top_left&#8220; background_repeat=&#8220;repeat&#8220; custom_css_main_element=&#8220;height:30px;&#8220; use_border_color=&#8220;off&#8220; border_color=&#8220;#ffffff&#8220; border_style=&#8220;solid&#8220; global_colors_info=&#8220;{}&#8220;]<\/p>\n<h3 style=\"text-align: center;\"><span style=\"color: #000000;\"><strong>SANIT\u00c4RE<\/strong><\/span><\/h3>\n<p>[\/et_pb_text][\/et_pb_column][\/et_pb_row][et_pb_row column_structure=&#8220;1_3,1_3,1_3&#8243; _builder_version=&#8220;4.21.0&#8243; custom_margin=&#8220;-8px|auto||auto||&#8220; global_colors_info=&#8220;{}&#8220;][et_pb_column type=&#8220;1_3&#8243; _builder_version=&#8220;4.16&#8243; global_colors_info=&#8220;{}&#8220;][et_pb_blurb title=&#8220;Laufen&#8220; url=&#8220;https:\/\/www.gomila-ceramica.com\/de\/laufen\/&#8220; url_new_window=&#8220;on&#8220; image=&#8220;https:\/\/www.gomila-ceramica.com\/wp-content\/uploads\/2019\/11\/Dimensiones-Gomila-min.png&#8220; _builder_version=&#8220;4.23&#8243; header_font=&#8220;|600|||||||&#8220; link_option_url_new_window=&#8220;on&#8220; global_colors_info=&#8220;{}&#8220;]<\/p>\n<p>In einer Symbiose aus Design, Qualit\u00e4t und Funktionalit\u00e4t zeigt sich die Pers\u00f6nlichkeit der Schweizer Traditionsmarke.<span> <\/span><\/p>\n<p>&nbsp;<\/p>\n<p>[\/et_pb_blurb][et_pb_blurb title=&#8220;Galassia Keramiken&#8220; url=&#8220;https:\/\/www.gomila-ceramica.com\/de\/galassia\/&#8220; url_new_window=&#8220;on&#8220; image=&#8220;https:\/\/www.gomila-ceramica.com\/wp-content\/uploads\/2023\/06\/SANITARI-LOLA3.jpg&#8220; _builder_version=&#8220;4.23&#8243; header_font=&#8220;|600|||||||&#8220; link_option_url_new_window=&#8220;on&#8220; global_colors_info=&#8220;{}&#8220;]<\/p>\n<p>Badezimmerm\u00f6bel und -accessoires mit einem einzigartigen und raffinierten Design.<\/p>\n<p>Ceramica Galassia bietet eine breite Palette von Badaccessoires, Duschwannen und Waschbecken.<\/p>\n<p>[\/et_pb_blurb][\/et_pb_column][et_pb_column type=&#8220;1_3&#8243; _builder_version=&#8220;4.16&#8243; global_colors_info=&#8220;{}&#8220;][et_pb_blurb title=&#8220;Cer\u00e1mica Cielo&#8220; url=&#8220;https:\/\/www.gomila-ceramica.com\/de\/ceramica-cielo\/&#8220; url_new_window=&#8220;on&#8220; image=&#8220;https:\/\/www.gomila-ceramica.com\/wp-content\/uploads\/2020\/06\/20191003-2674-Siwa-4.2.jpg&#8220; _builder_version=&#8220;4.23&#8243; header_font=&#8220;|600|||||||&#8220; link_option_url_new_window=&#8220;on&#8220; global_colors_info=&#8220;{}&#8220;]<\/p>\n<p><span>Innovative und originelle Badm\u00f6belkollektionen.  <\/span><\/p>\n<p><span>Diese Kollektionen haben ein erkennbares, innovatives, elegantes und funktionelles Design.<\/span><\/p>\n<p>[\/et_pb_blurb][\/et_pb_column][et_pb_column type=&#8220;1_3&#8243; _builder_version=&#8220;4.16&#8243; global_colors_info=&#8220;{}&#8220;][et_pb_blurb title=&#8220;Acquabella&#8220; url=&#8220;https:\/\/www.gomila-ceramica.com\/de\/acquabella\/&#8220; url_new_window=&#8220;on&#8220; image=&#8220;https:\/\/www.gomila-ceramica.com\/wp-content\/uploads\/2023\/06\/acquabella-levi-banera-lavabo.jpg&#8220; _builder_version=&#8220;4.23&#8243; header_font=&#8220;|600|||||||&#8220; link_option_url_new_window=&#8220;on&#8220; global_colors_info=&#8220;{}&#8220;]<\/p>\n<p>Ihr Ziel ist es, Kreativit\u00e4t und Leistungsbereitschaft mit der Leidenschaft f\u00fcr eine gute Arbeit zu verbinden.<\/p>\n<p>Acquabella achtet auf Details und folgt Designtrends, ohne dabei auf hohe Qualit\u00e4ts- und Servicestandards zu verzichten.<\/p>\n<p>[\/et_pb_blurb][\/et_pb_column][\/et_pb_row][et_pb_row use_custom_gutter=&#8220;on&#8220; gutter_width=&#8220;2&#8243; padding_mobile=&#8220;off&#8220; column_padding_mobile=&#8220;on&#8220; admin_label=&#8220;Reihe&#8220; _builder_version=&#8220;4.16&#8243; background_size=&#8220;initial&#8220; background_position=&#8220;top_left&#8220; background_repeat=&#8220;repeat&#8220; make_fullwidth=&#8220;off&#8220; use_custom_width=&#8220;off&#8220; width_unit=&#8220;on&#8220; custom_width_px=&#8220;658px&#8220; global_colors_info=&#8220;{}&#8220;][et_pb_column type=&#8220;4_4&#8243; _builder_version=&#8220;4.16&#8243; custom_padding=&#8220;|||&#8220; global_colors_info=&#8220;{}&#8220; custom_padding__hover=&#8220;|||&#8220;][et_pb_text admin_label=&#8220;grife&#8220; _builder_version=&#8220;4.16&#8243; text_text_color=&#8220;#078c67&#8243; text_letter_spacing=&#8220;2px&#8220; background_size=&#8220;initial&#8220; background_position=&#8220;top_left&#8220; background_repeat=&#8220;repeat&#8220; custom_css_main_element=&#8220;height:30px;&#8220; use_border_color=&#8220;off&#8220; border_color=&#8220;#ffffff&#8220; border_style=&#8220;solid&#8220; global_colors_info=&#8220;{}&#8220;]<\/p>\n<h3 style=\"text-align: center;\"><span style=\"color: #000000;\"><strong>TAPPING<\/strong><\/span><\/h3>\n<p>[\/et_pb_text][\/et_pb_column][\/et_pb_row][et_pb_row column_structure=&#8220;1_3,1_3,1_3&#8243; _builder_version=&#8220;4.16&#8243; custom_margin=&#8220;-8px|auto||auto||&#8220; global_colors_info=&#8220;{}&#8220;][et_pb_column type=&#8220;1_3&#8243; _builder_version=&#8220;4.16&#8243; global_colors_info=&#8220;{}&#8220;][et_pb_blurb title=&#8220;Ritmonio&#8220; url=&#8220;https:\/\/www.gomila-ceramica.com\/de\/ritmonium\/&#8220; url_new_window=&#8220;on&#8220; image=&#8220;https:\/\/www.gomila-ceramica.com\/wp-content\/uploads\/2021\/02\/1.jpg&#8220; _builder_version=&#8220;4.23&#8243; header_font=&#8220;|600|||||||&#8220; custom_margin=&#8220;||5px|||&#8220; link_option_url_new_window=&#8220;on&#8220; global_colors_info=&#8220;{}&#8220;]<\/p>\n<p>Durch die Verbindung von handwerklichem K\u00f6nnen, \u00e4sthetischer Forschung und spezifischem technologischem Know-how entstehen bei Ritmonio exklusive Produkte, die ganz und gar &#8222;Made in Italy&#8220; sind und eine Vielzahl von funktionellen Anforderungen erf\u00fcllen und die Umwelt schonen.<\/p>\n<p>&nbsp;<\/p>\n<p>[\/et_pb_blurb][et_pb_blurb title=&#8220;CEA Entwurf&#8220; url=&#8220;https:\/\/www.gomila-ceramica.com\/de\/cea-entwurf\/&#8220; url_new_window=&#8220;on&#8220; image=&#8220;https:\/\/www.gomila-ceramica.com\/wp-content\/uploads\/2020\/08\/3.jpg&#8220; _builder_version=&#8220;4.23&#8243; header_font=&#8220;|600|||||||&#8220; link_option_url_new_window=&#8220;on&#8220; global_colors_info=&#8220;{}&#8220;]<\/p>\n<p>CEA ist seit 2007 auf dem Designmarkt vertreten und steht f\u00fcr Innovation in Stil und Form.<\/p>\n<p>CEA zeichnet sich durch ein ausgepr\u00e4gtes technologisches Verst\u00e4ndnis und die Suche nach neuen Produktanwendungen und L\u00f6sungen f\u00fcr die Neuinterpretation aus und ist ein <strong>zukunftsorientiertes<\/strong> Unternehmen <strong>, das Ma\u00dfst\u00e4be setzt<\/strong>.<\/p>\n<p>[\/et_pb_blurb][\/et_pb_column][et_pb_column type=&#8220;1_3&#8243; _builder_version=&#8220;4.16&#8243; global_colors_info=&#8220;{}&#8220;][et_pb_blurb title=&#8220;Drei&#8220; url=&#8220;https:\/\/www.gomila-ceramica.com\/de\/drei-haehne\/&#8220; url_new_window=&#8220;on&#8220; image=&#8220;https:\/\/www.gomila-ceramica.com\/wp-content\/uploads\/2019\/09\/Untitled-design.png&#8220; _builder_version=&#8220;4.23&#8243; header_font=&#8220;|600|||||||&#8220; link_option_url_new_window=&#8220;on&#8220; global_colors_info=&#8220;{}&#8220;]<\/p>\n<p>Das gesamte TRES-Sortiment erf\u00fcllt auch die Bed\u00fcrfnisse der anspruchsvollsten Verbraucher.<\/p>\n<p>Stil und Komfort, gepaart mit modernster Technik, stehen dabei im Vordergrund und machen sie zur optimalen L\u00f6sung f\u00fcr neue Badtrends.<\/p>\n<p>[\/et_pb_blurb][\/et_pb_column][et_pb_column type=&#8220;1_3&#8243; _builder_version=&#8220;4.16&#8243; global_colors_info=&#8220;{}&#8220;][et_pb_blurb title=&#8220;Fantini Rubinetti&#8220; url=&#8220;https:\/\/www.gomila-ceramica.com\/de\/fantini\/&#8220; url_new_window=&#8220;on&#8220; image=&#8220;https:\/\/www.gomila-ceramica.com\/wp-content\/uploads\/2021\/02\/2.jpg&#8220; _builder_version=&#8220;4.23&#8243; header_font=&#8220;|600|||||||&#8220; link_option_url_new_window=&#8220;on&#8220; global_colors_info=&#8220;{}&#8220;]<\/p>\n<p>1947 gegr\u00fcndetes Familienunternehmen. Starke sch\u00f6pferische Intensit\u00e4t, bei der eine gro\u00dfe manuelle und handwerkliche F\u00e4higkeit mit industriellen Technologien und Verfahren kombiniert wird.<\/p>\n<p>Eine Geschichte, die auf grundlegenden Werten beruht: Leidenschaft f\u00fcr die Arbeit, Ethik, Korrektheit und Respekt vor den Menschen. Design ist Teil der DNA des Unternehmens.<\/p>\n<p>[\/et_pb_blurb][\/et_pb_column][\/et_pb_row][et_pb_row use_custom_gutter=&#8220;on&#8220; gutter_width=&#8220;2&#8243; padding_mobile=&#8220;off&#8220; column_padding_mobile=&#8220;on&#8220; admin_label=&#8220;Reihe&#8220; _builder_version=&#8220;4.16&#8243; background_size=&#8220;initial&#8220; background_position=&#8220;top_left&#8220; background_repeat=&#8220;repeat&#8220; make_fullwidth=&#8220;off&#8220; use_custom_width=&#8220;off&#8220; width_unit=&#8220;on&#8220; custom_width_px=&#8220;658px&#8220; global_colors_info=&#8220;{}&#8220;][et_pb_column type=&#8220;4_4&#8243; _builder_version=&#8220;4.16&#8243; custom_padding=&#8220;|||&#8220; global_colors_info=&#8220;{}&#8220; custom_padding__hover=&#8220;|||&#8220;][et_pb_text admin_label=&#8220;grife&#8220; _builder_version=&#8220;4.16&#8243; text_text_color=&#8220;#078c67&#8243; text_letter_spacing=&#8220;2px&#8220; background_size=&#8220;initial&#8220; background_position=&#8220;top_left&#8220; background_repeat=&#8220;repeat&#8220; custom_css_main_element=&#8220;height:30px;&#8220; use_border_color=&#8220;off&#8220; border_color=&#8220;#ffffff&#8220; border_style=&#8220;solid&#8220; global_colors_info=&#8220;{}&#8220;]<\/p>\n<h3 style=\"text-align: center;\"><span style=\"color: #000000;\"><strong>ZUBEH\u00d6R<\/strong><\/span><\/h3>\n<p>[\/et_pb_text][\/et_pb_column][\/et_pb_row][et_pb_row column_structure=&#8220;1_3,1_3,1_3&#8243; _builder_version=&#8220;4.16&#8243; custom_margin=&#8220;-8px|auto||auto||&#8220; global_colors_info=&#8220;{}&#8220;][et_pb_column type=&#8220;1_3&#8243; _builder_version=&#8220;4.16&#8243; global_colors_info=&#8220;{}&#8220;][et_pb_blurb title=&#8220;Nova Mapini&#8220; url=&#8220;https:\/\/www.gomila-ceramica.com\/de\/mapini\/&#8220; url_new_window=&#8220;on&#8220; image=&#8220;https:\/\/www.gomila-ceramica.com\/wp-content\/uploads\/2019\/09\/Untitled-design-2.png&#8220; _builder_version=&#8220;4.23&#8243; header_font=&#8220;|600|||||||&#8220; link_option_url_new_window=&#8220;on&#8220; global_colors_info=&#8220;{}&#8220;]<\/p>\n<p>Sie sind bestrebt, Holzm\u00f6bel von h\u00f6chster Qualit\u00e4t, mit einem zeitgem\u00e4\u00dfen Design und einer gro\u00dfen Servicebereitschaft anzubieten.<\/p>\n<p>[\/et_pb_blurb][\/et_pb_column][et_pb_column type=&#8220;1_3&#8243; _builder_version=&#8220;4.16&#8243; global_colors_info=&#8220;{}&#8220;][\/et_pb_column][et_pb_column type=&#8220;1_3&#8243; _builder_version=&#8220;4.16&#8243; global_colors_info=&#8220;{}&#8220;][\/et_pb_column][\/et_pb_row][et_pb_row column_structure=&#8220;1_2,1_2&#8243; _builder_version=&#8220;4.23.1&#8243; _module_preset=&#8220;default&#8220; locked=&#8220;off&#8220; global_colors_info=&#8220;{}&#8220;][et_pb_column type=&#8220;1_2&#8243; _builder_version=&#8220;4.23.1&#8243; _module_preset=&#8220;default&#8220; global_colors_info=&#8220;{}&#8220;][et_pb_heading title=&#8220;Wie k\u00f6nnen wir Ihnen helfen?&#8220; _builder_version=&#8220;4.23.1&#8243; _module_preset=&#8220;default&#8220; global_colors_info=&#8220;{}&#8220;][\/et_pb_heading][et_pb_text _builder_version=&#8220;4.23.1&#8243; _module_preset=&#8220;default&#8220; global_colors_info=&#8220;{}&#8220;]<\/p>\n<p>Bitte f\u00fcllen Sie das Formular aus und wir werden uns so schnell wie m\u00f6glich mit Ihnen in Verbindung setzen, um Ihre Fragen zu beantworten und Ihnen bei der Auswahl der Materialien zu helfen.<\/p>\n<p>[\/et_pb_text][\/et_pb_column][et_pb_column type=&#8220;1_2&#8243; _builder_version=&#8220;4.23.1&#8243; _module_preset=&#8220;default&#8220; global_colors_info=&#8220;{}&#8220;][et_pb_contact_form email=&#8220;info@gomila-ceramica.com&#8220; use_redirect=&#8220;on&#8220; redirect_url=&#8220;https:\/\/www.gomila-ceramica.com\/de\/vielen-dank-fuer-ihre-nachricht\/&#8220; submit_button_text=&#8220;Senden Sie&#8220; admin_label=&#8220;Formulario de contacto&#8220; module_id=&#8220;et_pb_contact_form_0&#8243; _builder_version=&#8220;4.23.1&#8243; _unique_id=&#8220;6ec6c96d-6ab0-484d-bea0-c6e9deb964cb&#8220; hover_enabled=&#8220;0&#8243; border_radii=&#8220;on|0px|0px|0px|0px&#8220; use_border_color=&#8220;off&#8220; border_color=&#8220;#ffffff&#8220; border_style=&#8220;solid&#8220; input_border_radius=&#8220;0&#8243; locked=&#8220;off&#8220; global_colors_info=&#8220;{}&#8220; sticky_enabled=&#8220;0&#8243;][et_pb_contact_field field_id=&#8220;Name&#8220; field_title=&#8220;Name&#8220; _builder_version=&#8220;4.23.1&#8243; border_radii=&#8220;on|0px|0px|0px|0px&#8220; input_border_radius=&#8220;0&#8243; global_colors_info=&#8220;{}&#8220; button_text_size__hover_enabled=&#8220;off&#8220; button_one_text_size__hover_enabled=&#8220;off&#8220; button_two_text_size__hover_enabled=&#8220;off&#8220; button_text_color__hover_enabled=&#8220;off&#8220; button_one_text_color__hover_enabled=&#8220;off&#8220; button_two_text_color__hover_enabled=&#8220;off&#8220; button_border_width__hover_enabled=&#8220;off&#8220; button_one_border_width__hover_enabled=&#8220;off&#8220; button_two_border_width__hover_enabled=&#8220;off&#8220; button_border_color__hover_enabled=&#8220;off&#8220; button_one_border_color__hover_enabled=&#8220;off&#8220; button_two_border_color__hover_enabled=&#8220;off&#8220; button_border_radius__hover_enabled=&#8220;off&#8220; button_one_border_radius__hover_enabled=&#8220;off&#8220; button_two_border_radius__hover_enabled=&#8220;off&#8220; button_letter_spacing__hover_enabled=&#8220;off&#8220; button_one_letter_spacing__hover_enabled=&#8220;off&#8220; button_two_letter_spacing__hover_enabled=&#8220;off&#8220; button_bg_color__hover_enabled=&#8220;off&#8220; button_one_bg_color__hover_enabled=&#8220;off&#8220; button_two_bg_color__hover_enabled=&#8220;off&#8220;][\/et_pb_contact_field][et_pb_contact_field field_id=&#8220;Email&#8220; field_title=&#8220;E-Mail Adresse&#8220; field_type=&#8220;email&#8220; _builder_version=&#8220;4.23.1&#8243; border_radii=&#8220;on|0px|0px|0px|0px&#8220; input_border_radius=&#8220;0&#8243; global_colors_info=&#8220;{}&#8220; button_text_size__hover_enabled=&#8220;off&#8220; button_one_text_size__hover_enabled=&#8220;off&#8220; button_two_text_size__hover_enabled=&#8220;off&#8220; button_text_color__hover_enabled=&#8220;off&#8220; button_one_text_color__hover_enabled=&#8220;off&#8220; button_two_text_color__hover_enabled=&#8220;off&#8220; button_border_width__hover_enabled=&#8220;off&#8220; button_one_border_width__hover_enabled=&#8220;off&#8220; button_two_border_width__hover_enabled=&#8220;off&#8220; button_border_color__hover_enabled=&#8220;off&#8220; button_one_border_color__hover_enabled=&#8220;off&#8220; button_two_border_color__hover_enabled=&#8220;off&#8220; button_border_radius__hover_enabled=&#8220;off&#8220; button_one_border_radius__hover_enabled=&#8220;off&#8220; button_two_border_radius__hover_enabled=&#8220;off&#8220; button_letter_spacing__hover_enabled=&#8220;off&#8220; button_one_letter_spacing__hover_enabled=&#8220;off&#8220; button_two_letter_spacing__hover_enabled=&#8220;off&#8220; button_bg_color__hover_enabled=&#8220;off&#8220; button_one_bg_color__hover_enabled=&#8220;off&#8220; button_two_bg_color__hover_enabled=&#8220;off&#8220;][\/et_pb_contact_field][et_pb_contact_field field_id=&#8220;Tel\u00e9fono&#8220; field_title=&#8220;Telefon&#8220; fullwidth_field=&#8220;on&#8220; _builder_version=&#8220;4.16&#8243; global_colors_info=&#8220;{}&#8220; button_text_size__hover_enabled=&#8220;off&#8220; button_one_text_size__hover_enabled=&#8220;off&#8220; button_two_text_size__hover_enabled=&#8220;off&#8220; button_text_color__hover_enabled=&#8220;off&#8220; button_one_text_color__hover_enabled=&#8220;off&#8220; button_two_text_color__hover_enabled=&#8220;off&#8220; button_border_width__hover_enabled=&#8220;off&#8220; button_one_border_width__hover_enabled=&#8220;off&#8220; button_two_border_width__hover_enabled=&#8220;off&#8220; button_border_color__hover_enabled=&#8220;off&#8220; button_one_border_color__hover_enabled=&#8220;off&#8220; button_two_border_color__hover_enabled=&#8220;off&#8220; button_border_radius__hover_enabled=&#8220;off&#8220; button_one_border_radius__hover_enabled=&#8220;off&#8220; button_two_border_radius__hover_enabled=&#8220;off&#8220; button_letter_spacing__hover_enabled=&#8220;off&#8220; button_one_letter_spacing__hover_enabled=&#8220;off&#8220; button_two_letter_spacing__hover_enabled=&#8220;off&#8220; button_bg_color__hover_enabled=&#8220;off&#8220; button_one_bg_color__hover_enabled=&#8220;off&#8220; button_two_bg_color__hover_enabled=&#8220;off&#8220;][\/et_pb_contact_field][et_pb_contact_field field_id=&#8220;Message&#8220; field_title=&#8220;Nachricht&#8220; field_type=&#8220;text&#8220; fullwidth_field=&#8220;on&#8220; _builder_version=&#8220;4.22.0&#8243; border_radii=&#8220;on|0px|0px|0px|0px&#8220; input_border_radius=&#8220;0&#8243; global_colors_info=&#8220;{}&#8220; button_text_size__hover_enabled=&#8220;off&#8220; button_one_text_size__hover_enabled=&#8220;off&#8220; button_two_text_size__hover_enabled=&#8220;off&#8220; button_text_color__hover_enabled=&#8220;off&#8220; button_one_text_color__hover_enabled=&#8220;off&#8220; button_two_text_color__hover_enabled=&#8220;off&#8220; button_border_width__hover_enabled=&#8220;off&#8220; button_one_border_width__hover_enabled=&#8220;off&#8220; button_two_border_width__hover_enabled=&#8220;off&#8220; button_border_color__hover_enabled=&#8220;off&#8220; button_one_border_color__hover_enabled=&#8220;off&#8220; button_two_border_color__hover_enabled=&#8220;off&#8220; button_border_radius__hover_enabled=&#8220;off&#8220; button_one_border_radius__hover_enabled=&#8220;off&#8220; button_two_border_radius__hover_enabled=&#8220;off&#8220; button_letter_spacing__hover_enabled=&#8220;off&#8220; button_one_letter_spacing__hover_enabled=&#8220;off&#8220; button_two_letter_spacing__hover_enabled=&#8220;off&#8220; button_bg_color__hover_enabled=&#8220;off&#8220; button_one_bg_color__hover_enabled=&#8220;off&#8220; button_two_bg_color__hover_enabled=&#8220;off&#8220;][\/et_pb_contact_field][\/et_pb_contact_form][\/et_pb_column][\/et_pb_row][\/et_pb_section]<\/p>\n","protected":false},"excerpt":{"rendered":"<p>Dekoration von B\u00e4dern und Duschen: Armaturen, Sanit\u00e4rkeramik, M\u00f6bel und Zubeh\u00f6rTraumwannen, freistehende Badewannen, Whirlpools, Saunen, Dampfduschen, Schwimmbecken und Minipools. Alles, was Sie an Design und Innovation f\u00fcr die Badezimmerdekoration brauchen: klassisch, modern, minimalistisch&#8230; Ein ganz besonderes Merkmal, ein grafisches Zeichen, das die Umgebung des Badezimmers interpretiert und \u00fcber die Idee des modernen Geschmacks hinausgeht&#8230;SANIT\u00c4REIn einer Symbiose [&hellip;]<\/p>\n","protected":false},"author":2,"featured_media":0,"parent":0,"menu_order":0,"comment_status":"closed","ping_status":"closed","template":"","meta":{"_et_pb_use_builder":"on","_et_pb_old_content":"","_et_gb_content_width":"","footnotes":""},"class_list":["post-1962","page","type-page","status-publish","hentry"],"_links":{"self":[{"href":"https:\/\/www.gomila-ceramica.com\/de\/wp-json\/wp\/v2\/pages\/1962","targetHints":{"allow":["GET"]}}],"collection":[{"href":"https:\/\/www.gomila-ceramica.com\/de\/wp-json\/wp\/v2\/pages"}],"about":[{"href":"https:\/\/www.gomila-ceramica.com\/de\/wp-json\/wp\/v2\/types\/page"}],"author":[{"embeddable":true,"href":"https:\/\/www.gomila-ceramica.com\/de\/wp-json\/wp\/v2\/users\/2"}],"replies":[{"embeddable":true,"href":"https:\/\/www.gomila-ceramica.com\/de\/wp-json\/wp\/v2\/comments?post=1962"}],"version-history":[{"count":15,"href":"https:\/\/www.gomila-ceramica.com\/de\/wp-json\/wp\/v2\/pages\/1962\/revisions"}],"predecessor-version":[{"id":4390,"href":"https:\/\/www.gomila-ceramica.com\/de\/wp-json\/wp\/v2\/pages\/1962\/revisions\/4390"}],"wp:attachment":[{"href":"https:\/\/www.gomila-ceramica.com\/de\/wp-json\/wp\/v2\/media?parent=1962"}],"curies":[{"name":"wp","href":"https:\/\/api.w.org\/{rel}","templated":true}]}}