{"id":2015,"date":"2023-10-11T06:36:37","date_gmt":"2023-10-11T06:36:37","guid":{"rendered":"https:\/\/www.gomila-ceramica.com\/mosaike\/"},"modified":"2023-11-03T03:49:21","modified_gmt":"2023-11-03T03:49:21","slug":"mosaike","status":"publish","type":"page","link":"https:\/\/www.gomila-ceramica.com\/de\/mosaike\/","title":{"rendered":"Mosaike"},"content":{"rendered":"<p>[et_pb_section fb_built=&#8220;1&#8243; fullwidth=&#8220;on&#8220; _builder_version=&#8220;4.16&#8243; global_colors_info=&#8220;{}&#8220;][et_pb_fullwidth_slider _builder_version=&#8220;4.17.6&#8243; background_color=&#8220;#000000&#8243; custom_padding=&#8220;153px||217px|||&#8220; global_colors_info=&#8220;{}&#8220;][et_pb_slide heading=&#8220;Mosaike&#8220; _builder_version=&#8220;4.17.6&#8243; header_text_color=&#8220;#FFFFFF&#8220; background_color=&#8220;rgba(0,0,0,0)&#8220; background_enable_color=&#8220;on&#8220; background_image=&#8220;https:\/\/www.gomila-ceramica.com\/wp-content\/uploads\/2022\/08\/M_MIST_Paprika_design-Kensaku-Oshiro-scaled.jpg&#8220; background_enable_image=&#8220;on&#8220; background_position=&#8220;bottom_center&#8220; background_layout=&#8220;light&#8220; global_colors_info=&#8220;{}&#8220; sticky_transition=&#8220;on&#8220;][\/et_pb_slide][et_pb_slide heading=&#8220;Mosaike&#8220; _builder_version=&#8220;4.17.6&#8243; header_text_color=&#8220;#000000&#8243; background_color=&#8220;rgba(0,0,0,0)&#8220; background_enable_color=&#8220;on&#8220; background_image=&#8220;https:\/\/www.gomila-ceramica.com\/wp-content\/uploads\/2022\/08\/M_MIST_Frost_design-Kensaku-Oshiro-scaled.jpg&#8220; background_enable_image=&#8220;on&#8220; background_layout=&#8220;light&#8220; global_colors_info=&#8220;{}&#8220; sticky_transition=&#8220;on&#8220;][\/et_pb_slide][et_pb_slide heading=&#8220;Mosaike&#8220; _builder_version=&#8220;4.17.6&#8243; header_text_color=&#8220;#FFFFFF&#8220; background_color=&#8220;rgba(0,0,0,0)&#8220; background_enable_color=&#8220;on&#8220; background_image=&#8220;https:\/\/www.gomila-ceramica.com\/wp-content\/uploads\/2022\/08\/M_P-saico-melange_Plaster_Clay_mix-_065_OK.jpg&#8220; background_enable_image=&#8220;on&#8220; background_position=&#8220;top_center&#8220; background_layout=&#8220;light&#8220; global_colors_info=&#8220;{}&#8220; sticky_transition=&#8220;on&#8220;][\/et_pb_slide][\/et_pb_fullwidth_slider][\/et_pb_section][et_pb_section fb_built=&#8220;1&#8243; admin_label=&#8220;section&#8220; _builder_version=&#8220;4.16&#8243; global_colors_info=&#8220;{}&#8220;][et_pb_row admin_label=&#8220;Reihe&#8220; _builder_version=&#8220;4.16&#8243; background_size=&#8220;initial&#8220; background_position=&#8220;top_left&#8220; background_repeat=&#8220;repeat&#8220; global_colors_info=&#8220;{}&#8220;][et_pb_column type=&#8220;4_4&#8243; _builder_version=&#8220;4.16&#8243; custom_padding=&#8220;|||&#8220; global_colors_info=&#8220;{}&#8220; custom_padding__hover=&#8220;|||&#8220;][et_pb_text admin_label=&#8220;h3&#8243; _builder_version=&#8220;4.23&#8243; background_size=&#8220;initial&#8220; background_position=&#8220;top_left&#8220; background_repeat=&#8220;repeat&#8220; use_border_color=&#8220;off&#8220; border_color=&#8220;#ffffff&#8220; border_style=&#8220;solid&#8220; global_colors_info=&#8220;{}&#8220;]<\/p>\n<h1 style=\"text-align: center;\">MOSAIK<\/h1>\n<p>[\/et_pb_text][\/et_pb_column][\/et_pb_row][et_pb_row column_structure=&#8220;1_3,1_3,1_3&#8243; _builder_version=&#8220;4.16&#8243; custom_padding=&#8220;||0px|||&#8220; global_colors_info=&#8220;{}&#8220;][et_pb_column type=&#8220;1_3&#8243; _builder_version=&#8220;4.16&#8243; global_colors_info=&#8220;{}&#8220;][et_pb_blurb title=&#8220;Onyx Mosaik&#8220; url_new_window=&#8220;on&#8220; image=&#8220;https:\/\/www.gomila-ceramica.com\/wp-content\/uploads\/2019\/11\/Onix-Mosaico-min.png&#8220; _builder_version=&#8220;4.23&#8243; link_option_url_new_window=&#8220;on&#8220; hover_enabled=&#8220;0&#8243; global_colors_info=&#8220;{}&#8220; sticky_enabled=&#8220;0&#8243;]<\/p>\n<p><span>Der Standort ist Onda (Spanien),<\/span><span>  ist der gr\u00f6\u00dfte Hersteller von Glasmosaikfliesen in Europa. Die unabl\u00e4ssige Suche nach \u00c4sthetik in Verbindung mit einem enormen technologischen Potenzial hat dieses angesehene spanische Unternehmen zu einer Referenz in der Welt der Dekoration gemacht.<\/span><\/p>\n<p>[\/et_pb_blurb][\/et_pb_column][et_pb_column type=&#8220;1_3&#8243; _builder_version=&#8220;4.16&#8243; global_colors_info=&#8220;{}&#8220;][et_pb_blurb title=&#8220;PIU Mosaik&#8220; url=&#8220;https:\/\/www.gomila-ceramica.com\/de\/piu-mosaik\/&#8220; url_new_window=&#8220;on&#8220; image=&#8220;https:\/\/www.gomila-ceramica.com\/wp-content\/uploads\/2019\/11\/Mosaico-Piu-min.png&#8220; content_max_width=&#8220;510px&#8220; _builder_version=&#8220;4.23&#8243; link_option_url_new_window=&#8220;on&#8220; border_color_all_image=&#8220;#ffffff&#8220; global_colors_info=&#8220;{}&#8220;]<\/p>\n<p><span>Cer\u00e1mica Pi\u00fa ist ein Unternehmen, das sich der Herstellung und dem Vertrieb von Glasverkleidungen, Keramik und Bodenbel\u00e4gen mit HD-Technologie widmet und sich Tag f\u00fcr Tag mit technologischer Innovation und avantgardistischen Designs auf dem nationalen Markt behauptet.<\/span><\/p>\n<p>[\/et_pb_blurb][\/et_pb_column][et_pb_column type=&#8220;1_3&#8243; _builder_version=&#8220;4.16&#8243; global_colors_info=&#8220;{}&#8220;][et_pb_blurb title=&#8220;Ezarri-Mosaik&#8220; url=&#8220;https:\/\/www.gomila-ceramica.com\/de\/esarri\/&#8220; url_new_window=&#8220;on&#8220; image=&#8220;https:\/\/www.gomila-ceramica.com\/wp-content\/uploads\/2020\/06\/Bali-Stone-50-ZEN-Mosaic-DECO-Ezarri.jpg&#8220; content_max_width=&#8220;510px&#8220; _builder_version=&#8220;4.23&#8243; link_option_url_new_window=&#8220;on&#8220; hover_enabled=&#8220;0&#8243; border_color_all_image=&#8220;#ffffff&#8220; global_colors_info=&#8220;{}&#8220; sticky_enabled=&#8220;0&#8243;]<\/p>\n<p>F\u00fchrendes Unternehmen in der Herstellung von<span> <\/span><strong>Glasmosaik<\/strong>.<\/p>\n<p>Mit mehr als 30 Jahren Erfahrung haben wir uns einem Unternehmensprojekt verschrieben, das auf Innovation, Qualit\u00e4t, exzellentem Service und internationaler Expansion basiert und von einer Strategie des nachhaltigen Wachstums getragen wird.<\/p>\n<p>[\/et_pb_blurb][\/et_pb_column][\/et_pb_row][\/et_pb_section]<\/p>\n","protected":false},"excerpt":{"rendered":"<p>MOSAIKDer Standort ist Onda (Spanien), ist der gr\u00f6\u00dfte Hersteller von Glasmosaikfliesen in Europa. Die unabl\u00e4ssige Suche nach \u00c4sthetik in Verbindung mit einem enormen technologischen Potenzial hat dieses angesehene spanische Unternehmen zu einer Referenz in der Welt der Dekoration gemacht.Cer\u00e1mica Pi\u00fa ist ein Unternehmen, das sich der Herstellung und dem Vertrieb von Glasverkleidungen, Keramik und Bodenbel\u00e4gen [&hellip;]<\/p>\n","protected":false},"author":2,"featured_media":0,"parent":0,"menu_order":0,"comment_status":"closed","ping_status":"closed","template":"","meta":{"_et_pb_use_builder":"on","_et_pb_old_content":"","_et_gb_content_width":"","footnotes":""},"class_list":["post-2015","page","type-page","status-publish","hentry"],"_links":{"self":[{"href":"https:\/\/www.gomila-ceramica.com\/de\/wp-json\/wp\/v2\/pages\/2015","targetHints":{"allow":["GET"]}}],"collection":[{"href":"https:\/\/www.gomila-ceramica.com\/de\/wp-json\/wp\/v2\/pages"}],"about":[{"href":"https:\/\/www.gomila-ceramica.com\/de\/wp-json\/wp\/v2\/types\/page"}],"author":[{"embeddable":true,"href":"https:\/\/www.gomila-ceramica.com\/de\/wp-json\/wp\/v2\/users\/2"}],"replies":[{"embeddable":true,"href":"https:\/\/www.gomila-ceramica.com\/de\/wp-json\/wp\/v2\/comments?post=2015"}],"version-history":[{"count":9,"href":"https:\/\/www.gomila-ceramica.com\/de\/wp-json\/wp\/v2\/pages\/2015\/revisions"}],"predecessor-version":[{"id":4031,"href":"https:\/\/www.gomila-ceramica.com\/de\/wp-json\/wp\/v2\/pages\/2015\/revisions\/4031"}],"wp:attachment":[{"href":"https:\/\/www.gomila-ceramica.com\/de\/wp-json\/wp\/v2\/media?parent=2015"}],"curies":[{"name":"wp","href":"https:\/\/api.w.org\/{rel}","templated":true}]}}