{"id":2028,"date":"2023-10-11T06:36:39","date_gmt":"2023-10-11T06:36:39","guid":{"rendered":"https:\/\/www.gomila-ceramica.com\/moebel\/"},"modified":"2023-12-06T06:53:50","modified_gmt":"2023-12-06T06:53:50","slug":"moebel","status":"publish","type":"page","link":"https:\/\/www.gomila-ceramica.com\/de\/moebel\/","title":{"rendered":"M\u00f6bel"},"content":{"rendered":"<p>[et_pb_section fb_built=&#8220;1&#8243; fullwidth=&#8220;on&#8220; _builder_version=&#8220;4.16&#8243; global_colors_info=&#8220;{}&#8220;][et_pb_fullwidth_slider _builder_version=&#8220;4.17.6&#8243; custom_padding=&#8220;153px||217px|||&#8220; global_colors_info=&#8220;{}&#8220;][et_pb_slide heading=&#8220;Outdoor-M\u00f6bel&#8220; _builder_version=&#8220;4.17.6&#8243; background_color=&#8220;rgba(0,0,0,0)&#8220; background_enable_color=&#8220;on&#8220; background_image=&#8220;https:\/\/www.gomila-ceramica.com\/wp-content\/uploads\/2022\/07\/JOENFA-5.png&#8220; background_enable_image=&#8220;on&#8220; background_layout=&#8220;light&#8220; global_colors_info=&#8220;{}&#8220; sticky_transition=&#8220;on&#8220;][\/et_pb_slide][et_pb_slide heading=&#8220;Outdoor-M\u00f6bel&#8220; _builder_version=&#8220;4.17.6&#8243; header_text_color=&#8220;#FFFFFF&#8220; background_color=&#8220;rgba(0,0,0,0)&#8220; background_enable_color=&#8220;on&#8220; background_image=&#8220;https:\/\/www.gomila-ceramica.com\/wp-content\/uploads\/2022\/07\/27-0.jpg&#8220; background_enable_image=&#8220;on&#8220; background_layout=&#8220;light&#8220; global_colors_info=&#8220;{}&#8220; sticky_transition=&#8220;on&#8220;][\/et_pb_slide][et_pb_slide heading=&#8220;Outdoor-M\u00f6bel&#8220; _builder_version=&#8220;4.17.6&#8243; header_text_color=&#8220;#FFFFFF&#8220; background_color=&#8220;rgba(0,0,0,0)&#8220; background_enable_color=&#8220;on&#8220; background_image=&#8220;https:\/\/www.gomila-ceramica.com\/wp-content\/uploads\/2022\/07\/taburete-alto-de-fibra-sintetica-muses-agua-de-mar-joenfa.jpg&#8220; background_enable_image=&#8220;on&#8220; background_layout=&#8220;light&#8220; global_colors_info=&#8220;{}&#8220; sticky_transition=&#8220;on&#8220;][\/et_pb_slide][\/et_pb_fullwidth_slider][\/et_pb_section][et_pb_section fb_built=&#8220;1&#8243; admin_label=&#8220;section&#8220; _builder_version=&#8220;4.16&#8243; custom_padding=&#8220;||50px|||&#8220; global_colors_info=&#8220;{}&#8220;][et_pb_row _builder_version=&#8220;4.23&#8243; _module_preset=&#8220;default&#8220; global_colors_info=&#8220;{}&#8220;][et_pb_column type=&#8220;4_4&#8243; _builder_version=&#8220;4.23&#8243; _module_preset=&#8220;default&#8220; global_colors_info=&#8220;{}&#8220;][et_pb_text _builder_version=&#8220;4.23&#8243; _module_preset=&#8220;default&#8220; global_colors_info=&#8220;{}&#8220;]<\/p>\n<h1 style=\"text-align: center;\">Outdoor-M\u00f6bel<\/h1>\n<p style=\"text-align: left;\">Bei Gomila Cer\u00e1mica sind wir immer auf der Suche nach der h\u00f6chsten Qualit\u00e4t und dem perfekten Design. Deshalb verlassen wir uns auf <strong>Joenfa und Skyline Design<\/strong>, um unsere Kunden mit robusten, stilvollen und funktionalen Outdoor-M\u00f6beln zu versorgen.<\/p>\n<p style=\"text-align: left;\"><span>Diese beiden Lieferanten teilen unsere <strong>Leidenschaft f\u00fcr Qualit\u00e4t, Design und Nachhaltigkeit<\/strong>.<\/span><\/p>\n<p>[\/et_pb_text][\/et_pb_column][\/et_pb_row][et_pb_row _builder_version=&#8220;4.17.6&#8243; _module_preset=&#8220;default&#8220; global_colors_info=&#8220;{}&#8220;][et_pb_column type=&#8220;4_4&#8243; _builder_version=&#8220;4.17.6&#8243; _module_preset=&#8220;default&#8220; global_colors_info=&#8220;{}&#8220;][et_pb_text _builder_version=&#8220;4.23&#8243; _module_preset=&#8220;default&#8220; global_colors_info=&#8220;{}&#8220;]<\/p>\n<h2 style=\"text-align: center;\"><strong>Joenfa: Natur bis ins Detail<\/strong><\/h2>\n<p>[\/et_pb_text][et_pb_text _builder_version=&#8220;4.23&#8243; _module_preset=&#8220;default&#8220; global_colors_info=&#8220;{}&#8220;]<\/p>\n<p>Seit ihrer Gr\u00fcndung im Jahr 1991 steht die Joenfa <strong>im Einklang mit der Natur<\/strong>. Sie entwerfen hochwertige M\u00f6bel, die sich durch ihre exklusive und zeitlose \u00c4sthetik auszeichnen und <strong>Holz und Naturfasern<\/strong> in einzigartigen Designs vereinen. Sie teilen unser Engagement f\u00fcr Authentizit\u00e4t, Pers\u00f6nlichkeit und Charakter in jedem ihrer Produkte.<\/p>\n<p>Die Kollektionen wie <strong>NatureLovers<\/strong> sind von der Natur und dem Boho-Chic inspiriert und heben die Verwendung von edlen H\u00f6lzern und Naturfasern wie Bambus und Rattan hervor.<\/p>\n<p>Bei Gomila Cer\u00e1mica bewundern wir ihren <strong>umweltfreundlichen<\/strong> Ansatz, bei dem <strong>wiederverwertetes Holz und nachhaltige Materialien<\/strong> verwendet werden, um die Umweltbelastung zu verringern. Das Engagement von Joenfa in der Innen- und Au\u00dfendekoration passt perfekt zu unserem Wunsch, jeden Aspekt eines Hauses zu versch\u00f6nern.<\/p>\n<p>[\/et_pb_text][\/et_pb_column][\/et_pb_row][et_pb_row column_structure=&#8220;1_3,1_3,1_3&#8243; _builder_version=&#8220;4.17.6&#8243; _module_preset=&#8220;default&#8220; global_colors_info=&#8220;{}&#8220;][et_pb_column type=&#8220;1_3&#8243; _builder_version=&#8220;4.17.6&#8243; _module_preset=&#8220;default&#8220; global_colors_info=&#8220;{}&#8220;][et_pb_blurb image=&#8220;https:\/\/www.gomila-ceramica.com\/wp-content\/uploads\/2023\/11\/joenfa-nature-dining-Suwar1-e1698919920634.jpg&#8220; _builder_version=&#8220;4.23&#8243; _module_preset=&#8220;default&#8220; global_colors_info=&#8220;{}&#8220;][\/et_pb_blurb][\/et_pb_column][et_pb_column type=&#8220;1_3&#8243; _builder_version=&#8220;4.17.6&#8243; _module_preset=&#8220;default&#8220; global_colors_info=&#8220;{}&#8220;][et_pb_blurb image=&#8220;https:\/\/www.gomila-ceramica.com\/wp-content\/uploads\/2023\/11\/joenfa-nature-living-Norwich1-e1698920002112.jpg&#8220; _builder_version=&#8220;4.23&#8243; _module_preset=&#8220;default&#8220; global_colors_info=&#8220;{}&#8220;][\/et_pb_blurb][\/et_pb_column][et_pb_column type=&#8220;1_3&#8243; _builder_version=&#8220;4.17.6&#8243; _module_preset=&#8220;default&#8220; global_colors_info=&#8220;{}&#8220;][et_pb_blurb image=&#8220;https:\/\/www.gomila-ceramica.com\/wp-content\/uploads\/2023\/11\/joenfa-nature-bedroom-Gibraltar1.jpg&#8220; _builder_version=&#8220;4.23&#8243; _module_preset=&#8220;default&#8220; global_colors_info=&#8220;{}&#8220;][\/et_pb_blurb][\/et_pb_column][\/et_pb_row][et_pb_row column_structure=&#8220;1_3,1_3,1_3&#8243; _builder_version=&#8220;4.17.6&#8243; _module_preset=&#8220;default&#8220; custom_padding=&#8220;10px||9px|||&#8220; global_colors_info=&#8220;{}&#8220;][et_pb_column type=&#8220;1_3&#8243; _builder_version=&#8220;4.17.6&#8243; _module_preset=&#8220;default&#8220; global_colors_info=&#8220;{}&#8220;][et_pb_blurb image=&#8220;https:\/\/www.gomila-ceramica.com\/wp-content\/uploads\/2022\/07\/JOENFA-6.png&#8220; _builder_version=&#8220;4.17.6&#8243; _module_preset=&#8220;default&#8220; global_colors_info=&#8220;{}&#8220;][\/et_pb_blurb][\/et_pb_column][et_pb_column type=&#8220;1_3&#8243; _builder_version=&#8220;4.17.6&#8243; _module_preset=&#8220;default&#8220; global_colors_info=&#8220;{}&#8220;][et_pb_blurb image=&#8220;https:\/\/www.gomila-ceramica.com\/wp-content\/uploads\/2022\/07\/JOENFA-3.png&#8220; _builder_version=&#8220;4.17.6&#8243; _module_preset=&#8220;default&#8220; global_colors_info=&#8220;{}&#8220;][\/et_pb_blurb][\/et_pb_column][et_pb_column type=&#8220;1_3&#8243; _builder_version=&#8220;4.17.6&#8243; _module_preset=&#8220;default&#8220; global_colors_info=&#8220;{}&#8220;][et_pb_blurb image=&#8220;https:\/\/www.gomila-ceramica.com\/wp-content\/uploads\/2022\/07\/JOENFA-4.png&#8220; _builder_version=&#8220;4.17.6&#8243; _module_preset=&#8220;default&#8220; global_colors_info=&#8220;{}&#8220;][\/et_pb_blurb][\/et_pb_column][\/et_pb_row][et_pb_row _builder_version=&#8220;4.23&#8243; _module_preset=&#8220;default&#8220; custom_padding=&#8220;9px|||||&#8220; global_colors_info=&#8220;{}&#8220;][et_pb_column type=&#8220;4_4&#8243; _builder_version=&#8220;4.23&#8243; _module_preset=&#8220;default&#8220; global_colors_info=&#8220;{}&#8220;][et_pb_button button_url=&#8220;https:\/\/drive.google.com\/file\/d\/1oQWVLudDWSi522SNHJBB5Sz4-5ASTa6S\/view?usp=drive_link&#8220; url_new_window=&#8220;on&#8220; button_text=&#8220;Entdecken Sie die Kollektion Naturliebhaber&#8220; button_alignment=&#8220;center&#8220; _builder_version=&#8220;4.23.1&#8243; _module_preset=&#8220;default&#8220; hover_enabled=&#8220;0&#8243; global_colors_info=&#8220;{}&#8220; sticky_enabled=&#8220;0&#8243;][\/et_pb_button][\/et_pb_column][\/et_pb_row][et_pb_row _builder_version=&#8220;4.17.6&#8243; _module_preset=&#8220;default&#8220; global_colors_info=&#8220;{}&#8220;][et_pb_column type=&#8220;4_4&#8243; _builder_version=&#8220;4.17.6&#8243; _module_preset=&#8220;default&#8220; global_colors_info=&#8220;{}&#8220;][et_pb_text _builder_version=&#8220;4.23&#8243; _module_preset=&#8220;default&#8220; global_colors_info=&#8220;{}&#8220;]<\/p>\n<h2 style=\"text-align: center;\"><strong>Skyline Design: Luxus und Komfort an der frischen Luft<\/strong><\/h2>\n<p>[\/et_pb_text][et_pb_text _builder_version=&#8220;4.23&#8243; _module_preset=&#8220;default&#8220; global_colors_info=&#8220;{}&#8220;]<\/p>\n<p><strong>Skyline Design<\/strong> ist bekannt f\u00fcr seine <strong>atemberaubenden Daybeds<\/strong>, die R\u00e4ume in den f\u00fchrenden Hotelketten der Welt schm\u00fccken. Diese St\u00fccke bieten <strong>ein ausgekl\u00fcgeltes Design und ein luxuri\u00f6ses Gef\u00fchl<\/strong>, das f\u00fcr jeden Gast von wesentlicher Bedeutung ist.  <\/p>\n<p>Die Produkte von Skyline Design werden aus <strong>hochwertigen Materialien wie Kunstfasern, massivem Aluminium und wasserfesten Polstern<\/strong> hergestellt, die alle umweltfreundlich und <strong>zu 100 % recycelbar<\/strong> sind. Sie passen perfekt zu unserer Vision von Qualit\u00e4t und Nachhaltigkeit.<\/p>\n<h3><\/h3>\n<h3>Die Kollektion Mediterranean Calm von Skyline Design<\/h3>\n<p>Die Kollektion Mediterranean Calm ist eine Manifestation von Eleganz und Ruhe. Inspiriert von der warmen Atmosph\u00e4re des Mittelmeers, bringen die <strong>minimalistischen St\u00fccke<\/strong> aus<strong> nat\u00fcrlichen Materialien wie Holz, Weidengeflecht und Eisen<\/strong> Ausgeglichenheit und Ruhe in jeden Raum und erinnern uns an die Wellen des Mittelmeers und die heitere Ruhe der Inseln.<\/p>\n<p>[\/et_pb_text][\/et_pb_column][\/et_pb_row][et_pb_row column_structure=&#8220;1_3,1_3,1_3&#8243; _builder_version=&#8220;4.17.6&#8243; _module_preset=&#8220;default&#8220; custom_padding=&#8220;10px||9px|||&#8220; global_colors_info=&#8220;{}&#8220;][et_pb_column type=&#8220;1_3&#8243; _builder_version=&#8220;4.17.6&#8243; _module_preset=&#8220;default&#8220; global_colors_info=&#8220;{}&#8220;][et_pb_blurb image=&#8220;https:\/\/www.gomila-ceramica.com\/wp-content\/uploads\/2023\/11\/Iconic-Daybeds_Skyline_1.jpg&#8220; alt=&#8220;Skyline Design, Kollektion Mediterranean Calm, Tagesbetten&#8220; _builder_version=&#8220;4.23&#8243; _module_preset=&#8220;default&#8220; global_colors_info=&#8220;{}&#8220;][\/et_pb_blurb][\/et_pb_column][et_pb_column type=&#8220;1_3&#8243; _builder_version=&#8220;4.17.6&#8243; _module_preset=&#8220;default&#8220; global_colors_info=&#8220;{}&#8220;][et_pb_blurb image=&#8220;https:\/\/www.gomila-ceramica.com\/wp-content\/uploads\/2023\/11\/Ribs_White-Seashell-Polyrod-5mm_Skyline_03.jpg&#8220; alt=&#8220;Skyline Design, Kollektion Mediterranean Calm, St\u00fchle&#8220; _builder_version=&#8220;4.23&#8243; _module_preset=&#8220;default&#8220; global_colors_info=&#8220;{}&#8220;][\/et_pb_blurb][\/et_pb_column][et_pb_column type=&#8220;1_3&#8243; _builder_version=&#8220;4.17.6&#8243; _module_preset=&#8220;default&#8220; global_colors_info=&#8220;{}&#8220;][et_pb_blurb image=&#8220;https:\/\/www.gomila-ceramica.com\/wp-content\/uploads\/2023\/11\/3-BOSTON.jpg&#8220; alt=&#8220;Skyline Design, Kollektion Mediterranean Calm, Sessel&#8220; _builder_version=&#8220;4.23&#8243; _module_preset=&#8220;default&#8220; global_colors_info=&#8220;{}&#8220;][\/et_pb_blurb][\/et_pb_column][\/et_pb_row][et_pb_row column_structure=&#8220;1_3,1_3,1_3&#8243; _builder_version=&#8220;4.17.6&#8243; _module_preset=&#8220;default&#8220; custom_padding=&#8220;10px||9px|||&#8220; global_colors_info=&#8220;{}&#8220;][et_pb_column type=&#8220;1_3&#8243; _builder_version=&#8220;4.17.6&#8243; _module_preset=&#8220;default&#8220; global_colors_info=&#8220;{}&#8220;][et_pb_blurb image=&#8220;https:\/\/www.gomila-ceramica.com\/wp-content\/uploads\/2023\/11\/2-BOSTON.jpg&#8220; alt=&#8220;Skyline Design, Kollektion Mediterranean Calm&#8220; _builder_version=&#8220;4.23&#8243; _module_preset=&#8220;default&#8220; global_colors_info=&#8220;{}&#8220;][\/et_pb_blurb][\/et_pb_column][et_pb_column type=&#8220;1_3&#8243; _builder_version=&#8220;4.17.6&#8243; _module_preset=&#8220;default&#8220; global_colors_info=&#8220;{}&#8220;][et_pb_blurb image=&#8220;https:\/\/www.gomila-ceramica.com\/wp-content\/uploads\/2023\/11\/New-Daybeds_Skyline_02.jpg&#8220; alt=&#8220;Skyline Design, Kollektion Mediterranean Calm, Tagesbetten&#8220; _builder_version=&#8220;4.23&#8243; _module_preset=&#8220;default&#8220; global_colors_info=&#8220;{}&#8220;][\/et_pb_blurb][\/et_pb_column][et_pb_column type=&#8220;1_3&#8243; _builder_version=&#8220;4.17.6&#8243; _module_preset=&#8220;default&#8220; global_colors_info=&#8220;{}&#8220;][et_pb_blurb image=&#8220;https:\/\/www.gomila-ceramica.com\/wp-content\/uploads\/2023\/11\/Arena-Seashell-Polyrod-Skyline-Design-2.jpg&#8220; alt=&#8220;Skyline Design, Kollektion Mediterranean Calm&#8220; _builder_version=&#8220;4.23&#8243; _module_preset=&#8220;default&#8220; global_colors_info=&#8220;{}&#8220;][\/et_pb_blurb][\/et_pb_column][\/et_pb_row][et_pb_row _builder_version=&#8220;4.23&#8243; _module_preset=&#8220;default&#8220; custom_padding=&#8220;9px|||||&#8220; global_colors_info=&#8220;{}&#8220;][et_pb_column type=&#8220;4_4&#8243; _builder_version=&#8220;4.23&#8243; _module_preset=&#8220;default&#8220; global_colors_info=&#8220;{}&#8220;][et_pb_button button_url=&#8220;https:\/\/drive.google.com\/file\/d\/1voeGeF9J087u-VnuFwIbHDl0A6lS9LHG\/view?usp=drive_link&#8220; url_new_window=&#8220;on&#8220; button_text=&#8220;Entdecken Sie die Kollektion Mediterranean Calm&#8220; button_alignment=&#8220;center&#8220; _builder_version=&#8220;4.23.1&#8243; _module_preset=&#8220;default&#8220; hover_enabled=&#8220;0&#8243; global_colors_info=&#8220;{}&#8220; sticky_enabled=&#8220;0&#8243;][\/et_pb_button][et_pb_text _builder_version=&#8220;4.23&#8243; _module_preset=&#8220;default&#8220; global_colors_info=&#8220;{}&#8220;]<\/p>\n<p><span>Kurz gesagt, sowohl Joenfa als auch Skyline Design sind au\u00dfergew\u00f6hnliche Lieferanten, die unsere Werte in Bezug auf Qualit\u00e4t, Design und Nachhaltigkeit teilen. Wir sind stolz darauf, mit ihnen zusammenzuarbeiten, denn gemeinsam schaffen wir einzigartige R\u00e4ume voller Sch\u00f6nheit und Harmonie.  <\/span><\/p>\n<p><span>Wenn Sie die Produkte dieser Kollektionen kennen lernen m\u00f6chten, um die Produkte zu finden, die am besten zu Ihrem Traumraum passen, <strong>z\u00f6gern<\/strong> Sie bitte <strong>nicht, uns zu kontaktieren oder uns in unseren R\u00e4umlichkeiten zu besuchen<\/strong>.<\/span><\/p>\n<p><span>Wir stehen Ihnen zur Verf\u00fcgung, um Sie bei diesem kreativen Prozess zu begleiten.<\/span><\/p>\n<p>[\/et_pb_text][\/et_pb_column][\/et_pb_row][et_pb_row column_structure=&#8220;1_2,1_2&#8243; _builder_version=&#8220;4.23.1&#8243; _module_preset=&#8220;default&#8220; locked=&#8220;off&#8220; global_colors_info=&#8220;{}&#8220;][et_pb_column type=&#8220;1_2&#8243; _builder_version=&#8220;4.23.1&#8243; _module_preset=&#8220;default&#8220; global_colors_info=&#8220;{}&#8220;][et_pb_heading title=&#8220;Wie k\u00f6nnen wir Ihnen helfen?&#8220; _builder_version=&#8220;4.23.1&#8243; _module_preset=&#8220;default&#8220; global_colors_info=&#8220;{}&#8220;][\/et_pb_heading][et_pb_text _builder_version=&#8220;4.23.1&#8243; _module_preset=&#8220;default&#8220; global_colors_info=&#8220;{}&#8220;]<\/p>\n<p>Bitte f\u00fcllen Sie das Formular aus und wir werden uns so schnell wie m\u00f6glich mit Ihnen in Verbindung setzen, um Ihre Fragen zu beantworten und Ihnen bei der Auswahl der Materialien zu helfen.<\/p>\n<p>[\/et_pb_text][\/et_pb_column][et_pb_column type=&#8220;1_2&#8243; _builder_version=&#8220;4.23.1&#8243; _module_preset=&#8220;default&#8220; global_colors_info=&#8220;{}&#8220;][et_pb_contact_form email=&#8220;info@gomila-ceramica.com&#8220; use_redirect=&#8220;on&#8220; redirect_url=&#8220;https:\/\/www.gomila-ceramica.com\/de\/vielen-dank-fuer-ihre-nachricht\/&#8220; submit_button_text=&#8220;Senden Sie&#8220; admin_label=&#8220;Formulario de contacto&#8220; module_id=&#8220;et_pb_contact_form_0&#8243; _builder_version=&#8220;4.23.1&#8243; _unique_id=&#8220;6ec6c96d-6ab0-484d-bea0-c6e9deb964cb&#8220; hover_enabled=&#8220;0&#8243; border_radii=&#8220;on|0px|0px|0px|0px&#8220; use_border_color=&#8220;off&#8220; border_color=&#8220;#ffffff&#8220; border_style=&#8220;solid&#8220; input_border_radius=&#8220;0&#8243; locked=&#8220;off&#8220; global_colors_info=&#8220;{}&#8220; sticky_enabled=&#8220;0&#8243; form_field_background_color=&#8220;#e5e5e5&#8243;][et_pb_contact_field field_id=&#8220;Name&#8220; field_title=&#8220;Name&#8220; _builder_version=&#8220;4.23.1&#8243; border_radii=&#8220;on|0px|0px|0px|0px&#8220; input_border_radius=&#8220;0&#8243; global_colors_info=&#8220;{}&#8220; button_text_size__hover_enabled=&#8220;off&#8220; button_one_text_size__hover_enabled=&#8220;off&#8220; button_two_text_size__hover_enabled=&#8220;off&#8220; button_text_color__hover_enabled=&#8220;off&#8220; button_one_text_color__hover_enabled=&#8220;off&#8220; button_two_text_color__hover_enabled=&#8220;off&#8220; button_border_width__hover_enabled=&#8220;off&#8220; button_one_border_width__hover_enabled=&#8220;off&#8220; button_two_border_width__hover_enabled=&#8220;off&#8220; button_border_color__hover_enabled=&#8220;off&#8220; button_one_border_color__hover_enabled=&#8220;off&#8220; button_two_border_color__hover_enabled=&#8220;off&#8220; button_border_radius__hover_enabled=&#8220;off&#8220; button_one_border_radius__hover_enabled=&#8220;off&#8220; button_two_border_radius__hover_enabled=&#8220;off&#8220; button_letter_spacing__hover_enabled=&#8220;off&#8220; button_one_letter_spacing__hover_enabled=&#8220;off&#8220; button_two_letter_spacing__hover_enabled=&#8220;off&#8220; button_bg_color__hover_enabled=&#8220;off&#8220; button_one_bg_color__hover_enabled=&#8220;off&#8220; button_two_bg_color__hover_enabled=&#8220;off&#8220;][\/et_pb_contact_field][et_pb_contact_field field_id=&#8220;Email&#8220; field_title=&#8220;E-Mail Adresse&#8220; field_type=&#8220;email&#8220; _builder_version=&#8220;4.23.1&#8243; border_radii=&#8220;on|0px|0px|0px|0px&#8220; input_border_radius=&#8220;0&#8243; global_colors_info=&#8220;{}&#8220; button_text_size__hover_enabled=&#8220;off&#8220; button_one_text_size__hover_enabled=&#8220;off&#8220; button_two_text_size__hover_enabled=&#8220;off&#8220; button_text_color__hover_enabled=&#8220;off&#8220; button_one_text_color__hover_enabled=&#8220;off&#8220; button_two_text_color__hover_enabled=&#8220;off&#8220; button_border_width__hover_enabled=&#8220;off&#8220; button_one_border_width__hover_enabled=&#8220;off&#8220; button_two_border_width__hover_enabled=&#8220;off&#8220; button_border_color__hover_enabled=&#8220;off&#8220; button_one_border_color__hover_enabled=&#8220;off&#8220; button_two_border_color__hover_enabled=&#8220;off&#8220; button_border_radius__hover_enabled=&#8220;off&#8220; button_one_border_radius__hover_enabled=&#8220;off&#8220; button_two_border_radius__hover_enabled=&#8220;off&#8220; button_letter_spacing__hover_enabled=&#8220;off&#8220; button_one_letter_spacing__hover_enabled=&#8220;off&#8220; button_two_letter_spacing__hover_enabled=&#8220;off&#8220; button_bg_color__hover_enabled=&#8220;off&#8220; button_one_bg_color__hover_enabled=&#8220;off&#8220; button_two_bg_color__hover_enabled=&#8220;off&#8220;][\/et_pb_contact_field][et_pb_contact_field field_id=&#8220;Tel\u00e9fono&#8220; field_title=&#8220;Telefon&#8220; fullwidth_field=&#8220;on&#8220; _builder_version=&#8220;4.16&#8243; global_colors_info=&#8220;{}&#8220; button_text_size__hover_enabled=&#8220;off&#8220; button_one_text_size__hover_enabled=&#8220;off&#8220; button_two_text_size__hover_enabled=&#8220;off&#8220; button_text_color__hover_enabled=&#8220;off&#8220; button_one_text_color__hover_enabled=&#8220;off&#8220; button_two_text_color__hover_enabled=&#8220;off&#8220; button_border_width__hover_enabled=&#8220;off&#8220; button_one_border_width__hover_enabled=&#8220;off&#8220; button_two_border_width__hover_enabled=&#8220;off&#8220; button_border_color__hover_enabled=&#8220;off&#8220; button_one_border_color__hover_enabled=&#8220;off&#8220; button_two_border_color__hover_enabled=&#8220;off&#8220; button_border_radius__hover_enabled=&#8220;off&#8220; button_one_border_radius__hover_enabled=&#8220;off&#8220; button_two_border_radius__hover_enabled=&#8220;off&#8220; button_letter_spacing__hover_enabled=&#8220;off&#8220; button_one_letter_spacing__hover_enabled=&#8220;off&#8220; button_two_letter_spacing__hover_enabled=&#8220;off&#8220; button_bg_color__hover_enabled=&#8220;off&#8220; button_one_bg_color__hover_enabled=&#8220;off&#8220; button_two_bg_color__hover_enabled=&#8220;off&#8220;][\/et_pb_contact_field][et_pb_contact_field field_id=&#8220;Message&#8220; field_title=&#8220;Nachricht&#8220; field_type=&#8220;text&#8220; fullwidth_field=&#8220;on&#8220; _builder_version=&#8220;4.22.0&#8243; border_radii=&#8220;on|0px|0px|0px|0px&#8220; input_border_radius=&#8220;0&#8243; global_colors_info=&#8220;{}&#8220; button_text_size__hover_enabled=&#8220;off&#8220; button_one_text_size__hover_enabled=&#8220;off&#8220; button_two_text_size__hover_enabled=&#8220;off&#8220; button_text_color__hover_enabled=&#8220;off&#8220; button_one_text_color__hover_enabled=&#8220;off&#8220; button_two_text_color__hover_enabled=&#8220;off&#8220; button_border_width__hover_enabled=&#8220;off&#8220; button_one_border_width__hover_enabled=&#8220;off&#8220; button_two_border_width__hover_enabled=&#8220;off&#8220; button_border_color__hover_enabled=&#8220;off&#8220; button_one_border_color__hover_enabled=&#8220;off&#8220; button_two_border_color__hover_enabled=&#8220;off&#8220; button_border_radius__hover_enabled=&#8220;off&#8220; button_one_border_radius__hover_enabled=&#8220;off&#8220; button_two_border_radius__hover_enabled=&#8220;off&#8220; button_letter_spacing__hover_enabled=&#8220;off&#8220; button_one_letter_spacing__hover_enabled=&#8220;off&#8220; button_two_letter_spacing__hover_enabled=&#8220;off&#8220; button_bg_color__hover_enabled=&#8220;off&#8220; button_one_bg_color__hover_enabled=&#8220;off&#8220; button_two_bg_color__hover_enabled=&#8220;off&#8220;][\/et_pb_contact_field][\/et_pb_contact_form][\/et_pb_column][\/et_pb_row][\/et_pb_section]<\/p>\n","protected":false},"excerpt":{"rendered":"<p>Outdoor-M\u00f6bel Bei Gomila Cer\u00e1mica sind wir immer auf der Suche nach der h\u00f6chsten Qualit\u00e4t und dem perfekten Design. Deshalb verlassen wir uns auf Joenfa und Skyline Design, um unsere Kunden mit robusten, stilvollen und funktionalen Outdoor-M\u00f6beln zu versorgen. Diese beiden Lieferanten teilen unsere Leidenschaft f\u00fcr Qualit\u00e4t, Design und Nachhaltigkeit.Joenfa: Natur bis ins DetailSeit ihrer Gr\u00fcndung [&hellip;]<\/p>\n","protected":false},"author":2,"featured_media":0,"parent":0,"menu_order":0,"comment_status":"closed","ping_status":"closed","template":"","meta":{"_et_pb_use_builder":"on","_et_pb_old_content":"","_et_gb_content_width":"","footnotes":""},"class_list":["post-2028","page","type-page","status-publish","hentry"],"_links":{"self":[{"href":"https:\/\/www.gomila-ceramica.com\/de\/wp-json\/wp\/v2\/pages\/2028","targetHints":{"allow":["GET"]}}],"collection":[{"href":"https:\/\/www.gomila-ceramica.com\/de\/wp-json\/wp\/v2\/pages"}],"about":[{"href":"https:\/\/www.gomila-ceramica.com\/de\/wp-json\/wp\/v2\/types\/page"}],"author":[{"embeddable":true,"href":"https:\/\/www.gomila-ceramica.com\/de\/wp-json\/wp\/v2\/users\/2"}],"replies":[{"embeddable":true,"href":"https:\/\/www.gomila-ceramica.com\/de\/wp-json\/wp\/v2\/comments?post=2028"}],"version-history":[{"count":70,"href":"https:\/\/www.gomila-ceramica.com\/de\/wp-json\/wp\/v2\/pages\/2028\/revisions"}],"predecessor-version":[{"id":4402,"href":"https:\/\/www.gomila-ceramica.com\/de\/wp-json\/wp\/v2\/pages\/2028\/revisions\/4402"}],"wp:attachment":[{"href":"https:\/\/www.gomila-ceramica.com\/de\/wp-json\/wp\/v2\/media?parent=2028"}],"curies":[{"name":"wp","href":"https:\/\/api.w.org\/{rel}","templated":true}]}}