{"id":2033,"date":"2023-10-11T06:36:40","date_gmt":"2023-10-11T06:36:40","guid":{"rendered":"https:\/\/www.gomila-ceramica.com\/rechtlicher-hinweis\/"},"modified":"2023-10-11T06:36:45","modified_gmt":"2023-10-11T06:36:45","slug":"rechtlicher-hinweis","status":"publish","type":"page","link":"https:\/\/www.gomila-ceramica.com\/de\/rechtlicher-hinweis\/","title":{"rendered":"Rechtlicher Hinweis"},"content":{"rendered":"<p>[et_pb_section fb_built=&#8220;1&#8243; fullwidth=&#8220;on&#8220; custom_padding_last_edited=&#8220;on|desktop&#8220; admin_label=&#8220;Secci\u00f3n&#8220; _builder_version=&#8220;4.17.6&#8243; background_image=&#8220;https:\/\/www.gomila-ceramica.com\/wp-content\/uploads\/2022\/08\/22-3.png&#8220; custom_padding=&#8220;70px|0px|70px|0px|true|false&#8220; custom_padding_tablet=&#8220;50px|0|50px|0&#8243; hover_enabled=&#8220;0&#8243; transparent_background=&#8220;off&#8220; make_fullwidth=&#8220;off&#8220; use_custom_width=&#8220;off&#8220; width_unit=&#8220;on&#8220; global_colors_info=&#8220;{}&#8220; sticky_enabled=&#8220;0&#8243; custom_padding_phone=&#8220;2px||2px||true|false&#8220; title_text=&#8220;22-3&#8243;][et_pb_fullwidth_post_title meta=&#8220;off&#8220; featured_image=&#8220;off&#8220; text_color=&#8220;light&#8220; admin_label=&#8220;T\u00edtulo de publicaci\u00f3n de anchura completa&#8220; _builder_version=&#8220;4.17.6&#8243; parallax=&#8220;on&#8220; parallax_method=&#8220;off&#8220; text_orientation=&#8220;center&#8220; hover_enabled=&#8220;0&#8243; parallax_effect=&#8220;on&#8220; use_border_color=&#8220;off&#8220; border_color=&#8220;#ffffff&#8220; border_width=&#8220;1px&#8220; border_style=&#8220;solid&#8220; global_colors_info=&#8220;{}&#8220; title_font_size=&#8220;40px&#8220; sticky_enabled=&#8220;0&#8243; custom_padding=&#8220;0px||||false|false&#8220; title_text_color=&#8220;#000000&#8243;] [\/et_pb_fullwidth_post_title][\/et_pb_section][et_pb_section fb_built=&#8220;1&#8243; admin_label=&#8220;section&#8220; _builder_version=&#8220;4.16&#8243; global_colors_info=&#8220;{}&#8220;][et_pb_row admin_label=&#8220;Zeile&#8220; _builder_version=&#8220;4.16&#8243; background_size=&#8220;initial&#8220; background_position=&#8220;top_left&#8220; background_repeat=&#8220;repeat&#8220; global_colors_info=&#8220;{}&#8220;][et_pb_column type=&#8220;4_4&#8243; _builder_version=&#8220;4.16&#8243; custom_padding=&#8220;|||&#8220; global_colors_info=&#8220;{}&#8220; custom_padding__hover=&#8220;|||&#8220;][et_pb_text admin_label=&#8220;Texto&#8220; _builder_version=&#8220;4.17.6&#8243; background_size=&#8220;initial&#8220; background_position=&#8220;top_left&#8220; background_repeat=&#8220;repeat&#8220; hover_enabled=&#8220;0&#8243; use_border_color=&#8220;off&#8220; border_color=&#8220;#ffffff&#8220; border_style=&#8220;solid&#8220; global_colors_info=&#8220;{}&#8220; sticky_enabled=&#8220;0&#8243; link_text_color=&#8220;#0C71C3&#8243;]<\/p>\n<h2><span style=\"font-weight: 400;\">Angaben zur verantwortlichen Person<\/span><\/h2>\n<ul>\n<li style=\"font-weight: 400;\" aria-level=\"1\"><b>Identit\u00e4t des Verantwortlichen:<\/b><span style=\"font-weight: 400;\"> Juan Francisco Gomila<\/span><\/li>\n<li style=\"font-weight: 400;\" aria-level=\"1\"><b>Handelsname:<\/b><span style=\"font-weight: 400;\"> Gomila Cer\u00e1mica<\/span><\/li>\n<li style=\"font-weight: 400;\" aria-level=\"1\"><b>Name des Unternehmens:<\/b><span style=\"font-weight: 400;\"> Gomila Materiales De Construccion Sa<\/span><\/li>\n<li style=\"font-weight: 400;\" aria-level=\"1\"><b>NIF\/CIF:<\/b><span style=\"font-weight: 400;\"> A07266307<\/span><\/li>\n<li style=\"font-weight: 400;\" aria-level=\"1\"><b>Anschrift:<\/b><span style=\"font-weight: 400;\"> Calle del Cal\u00e7at (Pol. Industrial de Son Valent\u00ed), 16 &#8211; BJ, Palma, 07011 (Balearen, SPANIEN)<\/span><\/li>\n<li style=\"font-weight: 400;\" aria-level=\"1\"><b>E-Mail:<\/b> <a href=\"mailto:info@gomila-ceramica.com\"><br \/>\n  <span style=\"font-weight: 400;\">info@gomila-ceramica.com<\/span><br \/>\n<\/a><\/li>\n<li style=\"font-weight: 400;\" aria-level=\"1\"><b>T\u00e4tigkeit:<\/b><span style=\"font-weight: 400;\"> Gro\u00df- und Einzelhandel mit Baumaterialien, keramischen Bodenbel\u00e4gen und Sanit\u00e4rkeramik.<\/span><\/li>\n<\/ul>\n<p><span style=\"font-weight: 400;\">In diesem Bereich findet der Nutzer alle Informationen zu den rechtlichen Bedingungen, die die Beziehung zwischen dem Nutzer und Gomila Cer\u00e1mica als Verantwortlichem f\u00fcr diese Website definieren. Als Nutzer ist es wichtig, dass Sie sich dieser Bedingungen bewusst sind, bevor Sie Ihre Navigation fortsetzen.<\/span><\/p>\n<p><span style=\"font-weight: 400;\">Gomila Cer\u00e1mica (Juan Francisco Gomila), als Verantwortlicher f\u00fcr diese Website, verpflichtet sich, die Daten der Nutzer und Kunden mit voller Garantie zu verarbeiten und die nationalen und europ\u00e4ischen Vorschriften einzuhalten, die die Erfassung und Verwendung der pers\u00f6nlichen Daten dieser Nutzer regeln.<\/span><\/p>\n<p><span style=\"font-weight: 400;\">Diese Website h\u00e4lt sich daher streng an die Verordnung (EU) 2016\/679 des Europ\u00e4ischen Parlaments und des Rates vom 27. April 2016 zum Schutz nat\u00fcrlicher Personen (RGPD), das Organgesetz 3\/2018 vom 5. Dezember \u00fcber den Schutz personenbezogener Daten und die Gew\u00e4hrleistung digitaler Rechte (LOPDGDD) sowie das Gesetz 34\/2002 vom 11. Juli \u00fcber die Dienste der Informationsgesellschaft und den elektronischen Handel (LSSICE oder LSSI).<\/span><\/p>\n<h2><span style=\"font-weight: 400;\"><\/span><\/h2>\n<h2><span style=\"font-weight: 400;\">Allgemeine Bedingungen f\u00fcr die Nutzung<\/span><\/h2>\n<p><span style=\"font-weight: 400;\">Die vorliegenden Allgemeinen Bedingungen regeln die Nutzung (einschlie\u00dflich des blo\u00dfen Zugriffs) der Webseiten, aus denen die Website von Gomila Cer\u00e1mica besteht, einschlie\u00dflich der darin zur Verf\u00fcgung gestellten Inhalte und Dienstleistungen. Jede Person, die auf die Website https:\/\/www.gomila-ceramica.com\/ zugreift (&#8222;Nutzer&#8220;), erkl\u00e4rt sich mit den Allgemeinen Gesch\u00e4ftsbedingungen einverstanden, die zu einem bestimmten Zeitpunkt auf dem Portal https:\/\/www.gomila-ceramica.com\/ gelten.<\/span><\/p>\n<h2><span style=\"font-weight: 400;\"><\/span><\/h2>\n<h2><span style=\"font-weight: 400;\">Personenbezogene Daten, die wir sammeln und wie wir sie sammeln<\/span><\/h2>\n<p><span style=\"font-weight: 400;\"><a href=\"\/?page_id=1495\">Datenschutzbestimmungen<\/a> lesen <a href=\"\/?page_id=1495\">.<\/a><\/span><\/p>\n<h2><span style=\"font-weight: 400;\"><\/span><\/h2>\n<h2><span style=\"font-weight: 400;\">Zusagen und Verpflichtungen der Nutzer<\/span><\/h2>\n<p><span style=\"font-weight: 400;\">Der Benutzer ist dar\u00fcber informiert und akzeptiert, dass der Zugang zu dieser Website in keiner Weise den Beginn einer Gesch\u00e4ftsbeziehung mit Gomila Cer\u00e1mica bedeutet. Auf diese Weise verpflichtet sich der Nutzer, die Website, ihre Dienste und Inhalte zu nutzen, ohne gegen die geltende Gesetzgebung, Treu und Glauben und die \u00f6ffentliche Ordnung zu versto\u00dfen.<\/span><\/p>\n<p><span style=\"font-weight: 400;\">Es ist verboten, die Website f\u00fcr unerlaubte oder sch\u00e4dliche Zwecke oder in einer Weise zu nutzen, die Sch\u00e4den verursachen oder den normalen Betrieb der Website beeintr\u00e4chtigen kann. In Bezug auf den Inhalt dieser Website ist es verboten:<\/span><\/p>\n<ul>\n<li style=\"font-weight: 400;\" aria-level=\"1\"><span style=\"font-weight: 400;\">Vervielf\u00e4ltigung, Verbreitung oder Ver\u00e4nderung, ganz oder teilweise, ohne die Genehmigung von Juan Francisco Gomila als rechtm\u00e4\u00dfigem Eigent\u00fcmer;<\/span><\/li>\n<li style=\"font-weight: 400;\" aria-level=\"1\"><span style=\"font-weight: 400;\">Jede Verletzung der Rechte des Anbieters oder von Juan Francisco Gomila als rechtm\u00e4\u00dfigem Eigent\u00fcmer;<\/span><\/li>\n<li style=\"font-weight: 400;\" aria-level=\"1\"><span style=\"font-weight: 400;\">Ihre Verwendung zu kommerziellen oder Werbezwecken.<\/span><\/li>\n<\/ul>\n<p><span style=\"font-weight: 400;\">Bei der Nutzung der Website https:\/\/www.gomila-ceramica.com\/ verpflichtet sich der Nutzer, keine der folgenden Handlungen vorzunehmen  <\/span><b>kein Verhalten<\/b><span style=\"font-weight: 400;\">  die dem Image, den Interessen und den Rechten von Gomila Cer\u00e1mica oder Dritten schaden k\u00f6nnten oder die das Portal https:\/\/www.gomila-ceramica.com\/ besch\u00e4digen, unbrauchbar machen oder \u00fcberlasten k\u00f6nnten oder die in irgendeiner Weise die normale Nutzung der Website verhindern k\u00f6nnten.<\/span><\/p>\n<p><span style=\"font-weight: 400;\">Der Nutzer muss sich jedoch dar\u00fcber im Klaren sein, dass die Sicherheitsvorkehrungen der Computersysteme im Internet nicht v\u00f6llig zuverl\u00e4ssig sind und dass https:\/\/www.gomila-ceramica.com\/ daher nicht garantieren kann, dass keine Schadsoftware oder andere Elemente vorhanden sind, die Ver\u00e4nderungen in den Computersystemen (Software und Hardware) des Nutzers oder in den darin enthaltenen elektronischen Dokumenten und Dateien verursachen k\u00f6nnen, obwohl alle notwendigen Mittel und geeigneten Sicherheitsma\u00dfnahmen ergriffen wurden, um das Vorhandensein dieser sch\u00e4dlichen Elemente zu vermeiden.<\/span><\/p>\n<h2><span style=\"font-weight: 400;\"><\/span><\/h2>\n<h2><span style=\"font-weight: 400;\">Sicherheitsma\u00dfnahmen<\/span><\/h2>\n<p><span style=\"font-weight: 400;\">Die vom Nutzer an Gomila Cer\u00e1mica \u00fcbermittelten personenbezogenen Daten k\u00f6nnen in automatisierten oder nicht automatisierten Datenbanken gespeichert werden, deren Eigent\u00fcmer ausschlie\u00dflich Juan Francisco Gomila ist, der alle technischen, organisatorischen und sicherheitstechnischen Ma\u00dfnahmen ergreift, um die Vertraulichkeit, Integrit\u00e4t und Qualit\u00e4t der darin enthaltenen Informationen gem\u00e4\u00df den Bestimmungen der geltenden Datenschutzgesetze zu gew\u00e4hrleisten.Die Kommunikation zwischen den Nutzern und https:\/\/www.gomila-ceramica.com\/ erfolgt \u00fcber einen sicheren Kanal, und die \u00fcbermittelten Daten werden dank https-Protokollen verschl\u00fcsselt, so dass ich die besten Sicherheitsbedingungen garantiere, um die Vertraulichkeit der Nutzer zu gew\u00e4hrleisten.<\/span><\/p>\n<h2><span style=\"font-weight: 400;\"><\/span><\/h2>\n<h2><span style=\"font-weight: 400;\">Plattform zur Konfliktl\u00f6sung<\/span><\/h2>\n<p><span style=\"font-weight: 400;\">Wir stellen den Nutzern auch die von der Europ\u00e4ischen Kommission eingerichtete Plattform zur Streitbeilegung zur Verf\u00fcgung, die unter folgendem Link zu finden ist: <\/span><a href=\"http:\/\/ec.europa.eu\/consumers\/odr\/\"><br \/>\n  <span style=\"font-weight: 400;\">http:\/\/ec.europa.eu\/consumers\/odr\/<\/span><br \/>\n<\/a><\/p>\n<h2><span style=\"font-weight: 400;\"><\/span><\/h2>\n<h2><span style=\"font-weight: 400;\">Rechte an geistigem und gewerblichem Eigentum<\/span><\/h2>\n<p><span style=\"font-weight: 400;\">Gem\u00e4\u00df dem Gesetz zum Schutz des geistigen Eigentums sind die Vervielf\u00e4ltigung, die Verbreitung und die \u00f6ffentliche Bekanntmachung, einschlie\u00dflich der Bereitstellung, des gesamten oder eines Teils des Inhalts dieser Webseite zu kommerziellen Zwecken auf jeglichem Tr\u00e4ger und mit jeglichen technischen Mitteln ohne Genehmigung von Gomila Cer\u00e1mica ausdr\u00fccklich verboten. Der Nutzer verpflichtet sich, die Rechte des geistigen und gewerblichen Eigentums von Gomila Cer\u00e1mica zu respektieren.<\/span><\/p>\n<p><span style=\"font-weight: 400;\">Der Nutzer erkennt an und akzeptiert, dass die gesamte Website, einschlie\u00dflich, aber nicht beschr\u00e4nkt auf Text, Software, Inhalt (einschlie\u00dflich Struktur, Auswahl, Anordnung und Pr\u00e4sentation), Podcasts, Fotos, audiovisuelles Material und Grafiken, durch Marken, Urheberrechte und andere legitime Rechte in \u00dcbereinstimmung mit internationalen Vertr\u00e4gen, denen Spanien beigetreten ist, und anderen Eigentumsrechten und Gesetzen Spaniens gesch\u00fctzt ist.<\/span><\/p>\n<p><span style=\"font-weight: 400;\">Sollte ein Nutzer oder ein Dritter der Ansicht sein, dass seine legitimen Rechte am geistigen Eigentum durch die Ver\u00f6ffentlichung bestimmter Inhalte auf der Website verletzt wurden, muss er Gomila Cer\u00e1mica \u00fcber diesen Umstand informieren:<\/span><\/p>\n<ul>\n<li style=\"font-weight: 400;\" aria-level=\"1\"><span style=\"font-weight: 400;\">Pers\u00f6nliche Angaben zur betroffenen Person, die Inhaber der angeblich verletzten Rechte ist, oder Angabe der Vertretung, unter der sie handelt, falls die Beschwerde von einem anderen Dritten als der betroffenen Person eingereicht wird.<\/span><\/li>\n<li style=\"font-weight: 400;\" aria-level=\"1\"><span style=\"font-weight: 400;\">Angabe der durch Rechte des geistigen Eigentums gesch\u00fctzten Inhalte und ihres Standorts auf der Website, Akkreditierung der angegebenen Rechte des geistigen Eigentums und eine ausdr\u00fcckliche Erkl\u00e4rung, in der der Beteiligte die Verantwortung f\u00fcr die Richtigkeit der in der Meldung gemachten Angaben \u00fcbernimmt.<\/span><\/li>\n<\/ul>\n<h2><span style=\"font-weight: 400;\"><\/span><\/h2>\n<h2><span style=\"font-weight: 400;\">Kommentar Politik<\/span><\/h2>\n<p><span style=\"font-weight: 400;\">Kommentare sind auf dieser Website erlaubt, um die Inhalte zu bereichern und R\u00fcckfragen zu stellen.<\/span><\/p>\n<p><span style=\"font-weight: 400;\">Kommentare, die sich nicht auf das Thema dieser Website beziehen, die Verleumdungen, Beleidigungen, pers\u00f6nliche Angriffe oder allgemeine Respektlosigkeit gegen\u00fcber dem Autor oder anderen Mitgliedern enthalten, werden nicht akzeptiert. Diese Kommentare werden von den Administratoren der Website gel\u00f6scht.<\/span><\/p>\n<p><span style=\"font-weight: 400;\">Kommentare, die offensichtlich irref\u00fchrende oder falsche Informationen enthalten, sowie Kommentare, die pers\u00f6nliche Informationen wie Privatadressen oder Telefonnummern enthalten und gegen unsere Datenschutzbestimmungen versto\u00dfen, werden ebenfalls gel\u00f6scht.<\/span><\/p>\n<p><span style=\"font-weight: 400;\">Kommentare, die ausschlie\u00dflich zu Werbezwecken f\u00fcr eine Website, eine Person oder eine Gruppe verfasst wurden, sowie alles, was allgemein als Spam angesehen werden k\u00f6nnte, werden ebenfalls nicht ber\u00fccksichtigt.<\/span><\/p>\n<p><span style=\"font-weight: 400;\">Anonyme Kommentare sowie Kommentare, die von ein und derselben Person unter verschiedenen Nicknames abgegeben werden, sind nicht zul\u00e4ssig. Kommentare, die versuchen, eine Debatte oder einen Standpunkt eines anderen Nutzers zu erzwingen, werden nicht ber\u00fccksichtigt.<\/span><\/p>\n<h2><span style=\"font-weight: 400;\"><\/span><\/h2>\n<h2><span style=\"font-weight: 400;\">Gew\u00e4hrleistungs- und Haftungsausschlu\u00df<\/span><\/h2>\n<p><b>Juan Francisco Gomila (Gomila Cer\u00e1mica) gew\u00e4hrt keine Garantie und \u00fcbernimmt unter keinen Umst\u00e4nden die Verantwortung f\u00fcr Sch\u00e4den jeglicher Art, die dadurch verursacht werden k\u00f6nnen:<\/b><\/p>\n<ul>\n<li style=\"font-weight: 400;\" aria-level=\"1\"><span style=\"font-weight: 400;\">Die mangelnde Verf\u00fcgbarkeit, Wartung und das effektive Funktionieren der Website oder ihrer Dienste und Inhalte;<\/span><\/li>\n<li style=\"font-weight: 400;\" aria-level=\"1\"><span style=\"font-weight: 400;\">Das Vorhandensein von Malware, b\u00f6sartigen oder sch\u00e4dlichen Programmen in den Inhalten;<\/span><\/li>\n<li style=\"font-weight: 400;\" aria-level=\"1\"><span style=\"font-weight: 400;\">Rechtswidrige, fahrl\u00e4ssige, betr\u00fcgerische oder gegen diesen rechtlichen Hinweis versto\u00dfende Verwendung;<\/span><\/li>\n<li style=\"font-weight: 400;\" aria-level=\"1\"><span style=\"font-weight: 400;\">Die mangelnde Rechtm\u00e4\u00dfigkeit, Qualit\u00e4t, Zuverl\u00e4ssigkeit, N\u00fctzlichkeit und Verf\u00fcgbarkeit der von Dritten erbrachten und den Nutzern auf der Website zur Verf\u00fcgung gestellten Dienstleistungen.<\/span><\/li>\n<li style=\"font-weight: 400;\" aria-level=\"1\"><span style=\"font-weight: 400;\">Der Anbieter \u00fcbernimmt keinerlei Haftung f\u00fcr Sch\u00e4den, die aus einer rechtswidrigen oder missbr\u00e4uchlichen Nutzung dieser Website entstehen.<\/span><\/li>\n<\/ul>\n<h2><span style=\"font-weight: 400;\"><\/span><\/h2>\n<h2><span style=\"font-weight: 400;\">Anwendbares Recht und Gerichtsbarkeit<\/span><\/h2>\n<p><span style=\"font-weight: 400;\">Generell unterliegen die Beziehungen zwischen Gomila Cer\u00e1mica und den Nutzern ihrer Telematikdienste auf dieser Website der Gesetzgebung Spaniens und den Gerichten der Balearen.<\/span><\/p>\n<h2><span style=\"font-weight: 400;\"><\/span><\/h2>\n<h2><span style=\"font-weight: 400;\">Kontakt<\/span><\/h2>\n<p><span style=\"font-weight: 400;\">Sollte ein Nutzer Fragen zu diesen Bedingungen oder Anmerkungen zum Portal https:\/\/www.gomila-ceramica.com\/ haben, wenden Sie sich bitte an info@gomila-ceramica.com.<\/span><\/p>\n<p>&nbsp;<\/p>\n<p><span style=\"font-weight: 400;\">Der rechtliche Hinweis wurde zuletzt am 08.09.2022 aktualisiert.<\/span><\/p>\n<p>[\/et_pb_text][\/et_pb_column][\/et_pb_row][\/et_pb_section]<\/p>\n","protected":false},"excerpt":{"rendered":"<p>Angaben zur verantwortlichen Person Identit\u00e4t des Verantwortlichen: Juan Francisco Gomila Handelsname: Gomila Cer\u00e1mica Name des Unternehmens: Gomila Materiales De Construccion Sa NIF\/CIF: A07266307 Anschrift: Calle del Cal\u00e7at (Pol. Industrial de Son Valent\u00ed), 16 &#8211; BJ, Palma, 07011 (Balearen, SPANIEN) E-Mail: info@gomila-ceramica.com T\u00e4tigkeit: Gro\u00df- und Einzelhandel mit Baumaterialien, keramischen Bodenbel\u00e4gen und Sanit\u00e4rkeramik. In diesem Bereich findet [&hellip;]<\/p>\n","protected":false},"author":2,"featured_media":0,"parent":0,"menu_order":0,"comment_status":"closed","ping_status":"closed","template":"","meta":{"_et_pb_use_builder":"on","_et_pb_old_content":"","_et_gb_content_width":"","footnotes":""},"class_list":["post-2033","page","type-page","status-publish","hentry"],"_links":{"self":[{"href":"https:\/\/www.gomila-ceramica.com\/de\/wp-json\/wp\/v2\/pages\/2033","targetHints":{"allow":["GET"]}}],"collection":[{"href":"https:\/\/www.gomila-ceramica.com\/de\/wp-json\/wp\/v2\/pages"}],"about":[{"href":"https:\/\/www.gomila-ceramica.com\/de\/wp-json\/wp\/v2\/types\/page"}],"author":[{"embeddable":true,"href":"https:\/\/www.gomila-ceramica.com\/de\/wp-json\/wp\/v2\/users\/2"}],"replies":[{"embeddable":true,"href":"https:\/\/www.gomila-ceramica.com\/de\/wp-json\/wp\/v2\/comments?post=2033"}],"version-history":[{"count":1,"href":"https:\/\/www.gomila-ceramica.com\/de\/wp-json\/wp\/v2\/pages\/2033\/revisions"}],"predecessor-version":[{"id":2038,"href":"https:\/\/www.gomila-ceramica.com\/de\/wp-json\/wp\/v2\/pages\/2033\/revisions\/2038"}],"wp:attachment":[{"href":"https:\/\/www.gomila-ceramica.com\/de\/wp-json\/wp\/v2\/media?parent=2033"}],"curies":[{"name":"wp","href":"https:\/\/api.w.org\/{rel}","templated":true}]}}