{"id":2043,"date":"2023-10-11T06:36:42","date_gmt":"2023-10-11T06:36:42","guid":{"rendered":"https:\/\/www.gomila-ceramica.com\/kamine\/"},"modified":"2023-10-29T03:59:37","modified_gmt":"2023-10-29T03:59:37","slug":"kamine","status":"publish","type":"page","link":"https:\/\/www.gomila-ceramica.com\/de\/kamine\/","title":{"rendered":"Kamine"},"content":{"rendered":"<p>[et_pb_section fb_built=&#8220;1&#8243; fullwidth=&#8220;on&#8220; _builder_version=&#8220;4.16&#8243; global_colors_info=&#8220;{}&#8220;][et_pb_fullwidth_slider _builder_version=&#8220;4.16&#8243; custom_padding=&#8220;153px||217px|||&#8220; global_colors_info=&#8220;{}&#8220;][et_pb_slide heading=&#8220;Gas- und Holzkamine&#8220; _builder_version=&#8220;4.16&#8243; header_text_color=&#8220;#ffffff&#8220; background_color=&#8220;rgba(0,0,0,0)&#8220; background_enable_color=&#8220;on&#8220; background_image=&#8220;https:\/\/www.gomila-ceramica.com\/wp-content\/uploads\/2020\/08\/3.png&#8220; background_enable_image=&#8220;on&#8220; parallax=&#8220;on&#8220; background_layout=&#8220;light&#8220; global_colors_info=&#8220;{}&#8220; sticky_transition=&#8220;on&#8220;][\/et_pb_slide][et_pb_slide heading=&#8220;Gas- und Holzkamine&#8220; _builder_version=&#8220;4.16&#8243; header_text_color=&#8220;#ffffff&#8220; background_color=&#8220;rgba(0,0,0,0)&#8220; background_enable_color=&#8220;on&#8220; background_image=&#8220;https:\/\/www.gomila-ceramica.com\/wp-content\/uploads\/2020\/08\/4.png&#8220; background_enable_image=&#8220;on&#8220; parallax=&#8220;on&#8220; background_layout=&#8220;light&#8220; global_colors_info=&#8220;{}&#8220; sticky_transition=&#8220;on&#8220;][\/et_pb_slide][et_pb_slide heading=&#8220;Gas- und Holzkamine&#8220; _builder_version=&#8220;4.16&#8243; header_text_color=&#8220;#ffffff&#8220; background_color=&#8220;rgba(0,0,0,0)&#8220; background_enable_color=&#8220;on&#8220; background_image=&#8220;https:\/\/www.gomila-ceramica.com\/wp-content\/uploads\/2020\/08\/5.png&#8220; background_enable_image=&#8220;on&#8220; parallax=&#8220;on&#8220; background_layout=&#8220;light&#8220; global_colors_info=&#8220;{}&#8220; sticky_transition=&#8220;on&#8220;][\/et_pb_slide][\/et_pb_fullwidth_slider][\/et_pb_section][et_pb_section fb_built=&#8220;1&#8243; admin_label=&#8220;section&#8220; _builder_version=&#8220;4.16&#8243; global_colors_info=&#8220;{}&#8220;][et_pb_row _builder_version=&#8220;4.23&#8243; _module_preset=&#8220;default&#8220;][et_pb_column _builder_version=&#8220;4.23&#8243; _module_preset=&#8220;default&#8220; type=&#8220;4_4&#8243;][et_pb_text _builder_version=&#8220;4.23&#8243; _module_preset=&#8220;default&#8220; hover_enabled=&#8220;0&#8243; sticky_enabled=&#8220;0&#8243;]<\/p>\n<h1 style=\"text-align: center;\">Gas- und Holzkamine f\u00fcr den Innen- und Au\u00dfenbereich<\/h1>\n<p>&nbsp;<\/p>\n<p style=\"text-align: center;\">Wir arbeiten mit den hochwertigsten Anbietern von Gas- und Holzkaminen zusammen, immer auf der Suche nach der Verschmelzung von Design, Technologie, <strong>Energieeinsparung und Funktionalit\u00e4t<\/strong>. Wir sind der Meinung, dass Sch\u00f6nheit und Nutzen Hand in Hand gehen k\u00f6nnen, und unsere ausgew\u00e4hlten Lieferanten erreichen dies durch <strong>Innovation<\/strong>, Sorgfalt und Respekt vor den Umweltressourcen.<\/p>\n<p>[\/et_pb_text][\/et_pb_column][\/et_pb_row][et_pb_row _builder_version=&#8220;4.16&#8243; _module_preset=&#8220;default&#8220; global_colors_info=&#8220;{}&#8220;][et_pb_column type=&#8220;4_4&#8243; _builder_version=&#8220;4.16&#8243; _module_preset=&#8220;default&#8220; global_colors_info=&#8220;{}&#8220;][et_pb_text admin_label=&#8220;h3&#8243; _builder_version=&#8220;4.16&#8243; header_font=&#8220;|700|||||||&#8220; header_3_font=&#8220;|700||on|||||&#8220; header_3_font_size=&#8220;23px&#8220; background_size=&#8220;initial&#8220; background_position=&#8220;top_left&#8220; background_repeat=&#8220;repeat&#8220; use_border_color=&#8220;off&#8220; border_color=&#8220;#ffffff&#8220; border_style=&#8220;solid&#8220; global_colors_info=&#8220;{}&#8220;]<\/p>\n<h3 style=\"text-align: center;\">STIL NOVO  <\/h3>\n<p><strong>Stil Novo<\/strong> ist die Marke von Italkero, die sich auf Kamine im zeitgen\u00f6ssischen Stil und Luxusm\u00f6bel f\u00fcr den Au\u00dfenbereich spezialisiert hat.<\/p>\n<p>Italkero ist ein italienisches Unternehmen mit Sitz in Modena, das seit den 1970er Jahren in der Heizungsbranche f\u00fcr Haushalte und Industrie t\u00e4tig ist. Das Unternehmen ist f\u00fchrend in der Herstellung von individuellen Gasheizungen, die sich durch Flexibilit\u00e4t bei der Installation, Wirtschaftlichkeit und Qualit\u00e4t auszeichnen.<\/p>\n<p><span>Qualit\u00e4t, Sicherheit, niedriger Kraftstoffverbrauch und Umweltfreundlichkeit in Verbindung mit einem modernen und innovativen Design.<\/span><\/p>\n<p>[\/et_pb_text][\/et_pb_column][\/et_pb_row][et_pb_row column_structure=&#8220;1_3,1_3,1_3&#8243; _builder_version=&#8220;4.16&#8243; custom_padding=&#8220;9px|||||&#8220; global_colors_info=&#8220;{}&#8220;][et_pb_column type=&#8220;1_3&#8243; _builder_version=&#8220;4.16&#8243; global_colors_info=&#8220;{}&#8220;][et_pb_blurb url=&#8220;http:\/\/www.italkero.com\/es-es\/Marcas\/Stil-Novo&#8220; url_new_window=&#8220;on&#8220; image=&#8220;https:\/\/www.gomila-ceramica.com\/wp-content\/uploads\/2021\/01\/2.jpg&#8220; _builder_version=&#8220;4.16&#8243; link_option_url=&#8220;http:\/\/www.italkero.com\/es-es\/Marcas\/Stil-Novo&#8220; link_option_url_new_window=&#8220;on&#8220; global_colors_info=&#8220;{}&#8220;][\/et_pb_blurb][\/et_pb_column][et_pb_column type=&#8220;1_3&#8243; _builder_version=&#8220;4.16&#8243; global_colors_info=&#8220;{}&#8220;][et_pb_blurb url=&#8220;http:\/\/www.italkero.com\/es-es\/Marcas\/Stil-Novo&#8220; url_new_window=&#8220;on&#8220; image=&#8220;https:\/\/www.gomila-ceramica.com\/wp-content\/uploads\/2021\/01\/1.jpg&#8220; _builder_version=&#8220;4.16&#8243; link_option_url=&#8220;http:\/\/www.italkero.com\/es-es\/Marcas\/Stil-Novo&#8220; link_option_url_new_window=&#8220;on&#8220; global_colors_info=&#8220;{}&#8220;][\/et_pb_blurb][\/et_pb_column][et_pb_column type=&#8220;1_3&#8243; _builder_version=&#8220;4.16&#8243; global_colors_info=&#8220;{}&#8220;][et_pb_blurb url=&#8220;http:\/\/www.italkero.com\/es-es\/Marcas\/Stil-Novo&#8220; url_new_window=&#8220;on&#8220; image=&#8220;https:\/\/www.gomila-ceramica.com\/wp-content\/uploads\/2021\/01\/3.jpg&#8220; _builder_version=&#8220;4.16&#8243; link_option_url=&#8220;http:\/\/www.italkero.com\/es-es\/Marcas\/Stil-Novo&#8220; link_option_url_new_window=&#8220;on&#8220; global_colors_info=&#8220;{}&#8220;][\/et_pb_blurb][\/et_pb_column][\/et_pb_row][et_pb_row use_custom_gutter=&#8220;on&#8220; gutter_width=&#8220;2&#8243; padding_mobile=&#8220;off&#8220; column_padding_mobile=&#8220;on&#8220; admin_label=&#8220;Reihe&#8220; _builder_version=&#8220;4.16&#8243; background_size=&#8220;initial&#8220; background_position=&#8220;top_left&#8220; background_repeat=&#8220;repeat&#8220; make_fullwidth=&#8220;off&#8220; use_custom_width=&#8220;off&#8220; width_unit=&#8220;on&#8220; custom_width_px=&#8220;658px&#8220; global_colors_info=&#8220;{}&#8220;][et_pb_column type=&#8220;4_4&#8243; _builder_version=&#8220;4.16&#8243; custom_padding=&#8220;|||&#8220; global_colors_info=&#8220;{}&#8220; custom_padding__hover=&#8220;|||&#8220;][et_pb_text admin_label=&#8220;h3&#8243; _builder_version=&#8220;4.16&#8243; header_font=&#8220;|700|||||||&#8220; header_3_font=&#8220;|700||on|||||&#8220; header_3_font_size=&#8220;23px&#8220; background_size=&#8220;initial&#8220; background_position=&#8220;top_left&#8220; background_repeat=&#8220;repeat&#8220; use_border_color=&#8220;off&#8220; border_color=&#8220;#ffffff&#8220; border_style=&#8220;solid&#8220; global_colors_info=&#8220;{}&#8220;]<\/p>\n<h3 style=\"text-align: center;\">TRIMLINE<\/h3>\n<p>Trimline hat sich einen Ehrenplatz bei der Herstellung von Gaskaminen verdient. Immer auf dem neuesten Stand der Technik, ohne jedoch seine Urspr\u00fcnge zu vergessen. Die Kamine von Trimline Fires sind modern und stilvoll, verf\u00fcgen \u00fcber modernste technische Raffinesse und passen fast \u00fcberall in Ihr Zuhause.  <\/p>\n<p>[\/et_pb_text][\/et_pb_column][\/et_pb_row][et_pb_row column_structure=&#8220;1_3,1_3,1_3&#8243; _builder_version=&#8220;4.16&#8243; custom_padding=&#8220;9px|||||&#8220; global_colors_info=&#8220;{}&#8220;][et_pb_column type=&#8220;1_3&#8243; _builder_version=&#8220;4.16&#8243; global_colors_info=&#8220;{}&#8220;][et_pb_blurb url=&#8220;https:\/\/www.trimlinefires.com\/es\/chimeneas-de-gas\/&#8220; url_new_window=&#8220;on&#8220; image=&#8220;https:\/\/www.gomila-ceramica.com\/wp-content\/uploads\/2020\/08\/13.jpg&#8220; _builder_version=&#8220;4.16&#8243; link_option_url=&#8220;https:\/\/www.trimlinefires.com\/es\/chimeneas-de-gas\/&#8220; link_option_url_new_window=&#8220;on&#8220; global_colors_info=&#8220;{}&#8220;][\/et_pb_blurb][\/et_pb_column][et_pb_column type=&#8220;1_3&#8243; _builder_version=&#8220;4.16&#8243; global_colors_info=&#8220;{}&#8220;][et_pb_blurb url=&#8220;https:\/\/www.trimlinefires.com\/es\/chimeneas-de-gas\/&#8220; url_new_window=&#8220;on&#8220; image=&#8220;https:\/\/www.gomila-ceramica.com\/wp-content\/uploads\/2020\/08\/12.jpg&#8220; content_max_width=&#8220;510px&#8220; _builder_version=&#8220;4.16&#8243; link_option_url=&#8220;https:\/\/www.trimlinefires.com\/es\/chimeneas-de-gas\/&#8220; link_option_url_new_window=&#8220;on&#8220; border_color_all_image=&#8220;#ffffff&#8220; global_colors_info=&#8220;{}&#8220;][\/et_pb_blurb][\/et_pb_column][et_pb_column type=&#8220;1_3&#8243; _builder_version=&#8220;4.16&#8243; global_colors_info=&#8220;{}&#8220;][et_pb_blurb url=&#8220;https:\/\/www.trimlinefires.com\/es\/chimeneas-de-gas\/&#8220; url_new_window=&#8220;on&#8220; image=&#8220;https:\/\/www.gomila-ceramica.com\/wp-content\/uploads\/2020\/08\/11.jpg&#8220; content_max_width=&#8220;510px&#8220; _builder_version=&#8220;4.16&#8243; link_option_url=&#8220;https:\/\/www.trimlinefires.com\/es\/chimeneas-de-gas\/&#8220; link_option_url_new_window=&#8220;on&#8220; border_color_all_image=&#8220;#ffffff&#8220; global_colors_info=&#8220;{}&#8220;][\/et_pb_blurb][\/et_pb_column][\/et_pb_row][et_pb_row use_custom_gutter=&#8220;on&#8220; gutter_width=&#8220;2&#8243; padding_mobile=&#8220;off&#8220; column_padding_mobile=&#8220;on&#8220; admin_label=&#8220;Reihe&#8220; _builder_version=&#8220;4.16&#8243; background_size=&#8220;initial&#8220; background_position=&#8220;top_left&#8220; background_repeat=&#8220;repeat&#8220; make_fullwidth=&#8220;off&#8220; use_custom_width=&#8220;off&#8220; width_unit=&#8220;on&#8220; custom_width_px=&#8220;658px&#8220; global_colors_info=&#8220;{}&#8220;][et_pb_column type=&#8220;4_4&#8243; _builder_version=&#8220;4.16&#8243; custom_padding=&#8220;|||&#8220; global_colors_info=&#8220;{}&#8220; custom_padding__hover=&#8220;|||&#8220;][et_pb_text admin_label=&#8220;h3&#8243; _builder_version=&#8220;4.16&#8243; header_font=&#8220;|700|||||||&#8220; header_3_font=&#8220;|700||on|||||&#8220; header_3_font_size=&#8220;23px&#8220; background_size=&#8220;initial&#8220; background_position=&#8220;top_left&#8220; background_repeat=&#8220;repeat&#8220; use_border_color=&#8220;off&#8220; border_color=&#8220;#ffffff&#8220; border_style=&#8220;solid&#8220; global_colors_info=&#8220;{}&#8220;]<\/p>\n<h3 style=\"text-align: center;\">SPARTHERM<\/h3>\n<p>Wenn Sie die besondere W\u00e4rme eines Kamins oder einer Feuerstelle genie\u00dfen wollen, haben Sie mit Spartherm die richtige Wahl getroffen.<\/p>\n<p>Die extrem hohe Qualit\u00e4t ihrer Produkte bildet die Grundlage f\u00fcr ihre Werteordnung. Als Familienunternehmen stehen sie mit ihrem Namen f\u00fcr h\u00f6chste Qualit\u00e4t und zeitgem\u00e4\u00dfes Design.<\/p>\n<p>[\/et_pb_text][\/et_pb_column][\/et_pb_row][et_pb_row column_structure=&#8220;1_3,1_3,1_3&#8243; _builder_version=&#8220;4.16&#8243; custom_padding=&#8220;9px|||||&#8220; global_colors_info=&#8220;{}&#8220;][et_pb_column type=&#8220;1_3&#8243; _builder_version=&#8220;4.16&#8243; global_colors_info=&#8220;{}&#8220;][et_pb_blurb url=&#8220;https:\/\/www.spartherm.com\/es\/inicio\/&#8220; url_new_window=&#8220;on&#8220; image=&#8220;https:\/\/www.gomila-ceramica.com\/wp-content\/uploads\/2020\/08\/15.jpg&#8220; _builder_version=&#8220;4.16&#8243; link_option_url=&#8220;https:\/\/www.spartherm.com\/es\/inicio\/&#8220; link_option_url_new_window=&#8220;on&#8220; global_colors_info=&#8220;{}&#8220;][\/et_pb_blurb][\/et_pb_column][et_pb_column type=&#8220;1_3&#8243; _builder_version=&#8220;4.16&#8243; global_colors_info=&#8220;{}&#8220;][et_pb_blurb url=&#8220;https:\/\/www.spartherm.com\/es\/inicio\/&#8220; url_new_window=&#8220;on&#8220; image=&#8220;https:\/\/www.gomila-ceramica.com\/wp-content\/uploads\/2020\/08\/14.jpg&#8220; content_max_width=&#8220;510px&#8220; _builder_version=&#8220;4.16&#8243; link_option_url=&#8220;https:\/\/www.spartherm.com\/es\/inicio\/&#8220; link_option_url_new_window=&#8220;on&#8220; border_color_all_image=&#8220;#ffffff&#8220; global_colors_info=&#8220;{}&#8220;][\/et_pb_blurb][\/et_pb_column][et_pb_column type=&#8220;1_3&#8243; _builder_version=&#8220;4.16&#8243; global_colors_info=&#8220;{}&#8220;][et_pb_blurb url=&#8220;https:\/\/www.spartherm.com\/es\/inicio\/&#8220; url_new_window=&#8220;on&#8220; image=&#8220;https:\/\/www.gomila-ceramica.com\/wp-content\/uploads\/2020\/08\/16.jpg&#8220; content_max_width=&#8220;510px&#8220; _builder_version=&#8220;4.16&#8243; link_option_url=&#8220;https:\/\/www.spartherm.com\/es\/inicio\/&#8220; link_option_url_new_window=&#8220;on&#8220; border_color_all_image=&#8220;#ffffff&#8220; global_colors_info=&#8220;{}&#8220;][\/et_pb_blurb][\/et_pb_column][\/et_pb_row][et_pb_row use_custom_gutter=&#8220;on&#8220; gutter_width=&#8220;2&#8243; padding_mobile=&#8220;off&#8220; column_padding_mobile=&#8220;on&#8220; admin_label=&#8220;Reihe&#8220; _builder_version=&#8220;4.16&#8243; background_size=&#8220;initial&#8220; background_position=&#8220;top_left&#8220; background_repeat=&#8220;repeat&#8220; make_fullwidth=&#8220;off&#8220; use_custom_width=&#8220;off&#8220; width_unit=&#8220;on&#8220; custom_width_px=&#8220;658px&#8220; global_colors_info=&#8220;{}&#8220;][et_pb_column type=&#8220;4_4&#8243; _builder_version=&#8220;4.16&#8243; custom_padding=&#8220;|||&#8220; global_colors_info=&#8220;{}&#8220; custom_padding__hover=&#8220;|||&#8220;][et_pb_text admin_label=&#8220;h3&#8243; _builder_version=&#8220;4.16&#8243; header_font=&#8220;|700|||||||&#8220; header_3_font=&#8220;|700||on|||||&#8220; header_3_font_size=&#8220;23px&#8220; background_size=&#8220;initial&#8220; background_position=&#8220;top_left&#8220; background_repeat=&#8220;repeat&#8220; use_border_color=&#8220;off&#8220; border_color=&#8220;#ffffff&#8220; border_style=&#8220;solid&#8220; global_colors_info=&#8220;{}&#8220;]<\/p>\n<h3 style=\"text-align: center;\">HERGOM<\/h3>\n<p>Herg\u00f3m wurde 1960 in Santander gegr\u00fcndet und hat seit mehr als 50 Jahren Erfolg und Erfahrung im Heizen mit Holz und Biomasse gesammelt, wobei das Unternehmen auf nat\u00fcrliche Brennstoffe setzt und die Effizienz seiner Produkte erforscht und verbessert.<\/p>\n<p>Sie haben die effizientesten gusseisernen W\u00e4rmetauscher auf dem Markt entwickelt, das duale Verbrennungssystem, das den Aussto\u00df von Feststoffpartikeln in die Atmosph\u00e4re minimiert, und holzbefeuerte Heiz\u00f6fen, die zu den saubersten der Welt geh\u00f6ren.<\/p>\n<p>[\/et_pb_text][\/et_pb_column][\/et_pb_row][et_pb_row column_structure=&#8220;1_3,1_3,1_3&#8243; _builder_version=&#8220;4.16&#8243; custom_padding=&#8220;9px|||||&#8220; global_colors_info=&#8220;{}&#8220;][et_pb_column type=&#8220;1_3&#8243; _builder_version=&#8220;4.16&#8243; global_colors_info=&#8220;{}&#8220;][et_pb_blurb url=&#8220;https:\/\/www.hergom.com\/productos\/categoria-36-Chimeneas-de-lena-y-gas&#8220; url_new_window=&#8220;on&#8220; image=&#8220;https:\/\/www.gomila-ceramica.com\/wp-content\/uploads\/2020\/08\/20.jpg&#8220; _builder_version=&#8220;4.16&#8243; link_option_url=&#8220;https:\/\/www.hergom.com\/productos\/categoria-36-Chimeneas-de-lena-y-gas&#8220; link_option_url_new_window=&#8220;on&#8220; global_colors_info=&#8220;{}&#8220;][\/et_pb_blurb][\/et_pb_column][et_pb_column type=&#8220;1_3&#8243; _builder_version=&#8220;4.16&#8243; global_colors_info=&#8220;{}&#8220;][et_pb_blurb url=&#8220;https:\/\/www.hergom.com\/productos\/categoria-36-Chimeneas-de-lena-y-gas&#8220; url_new_window=&#8220;on&#8220; image=&#8220;https:\/\/www.gomila-ceramica.com\/wp-content\/uploads\/2020\/08\/19.jpg&#8220; content_max_width=&#8220;510px&#8220; _builder_version=&#8220;4.16&#8243; link_option_url=&#8220;https:\/\/www.hergom.com\/productos\/categoria-36-Chimeneas-de-lena-y-gas&#8220; link_option_url_new_window=&#8220;on&#8220; border_color_all_image=&#8220;#ffffff&#8220; global_colors_info=&#8220;{}&#8220;][\/et_pb_blurb][\/et_pb_column][et_pb_column type=&#8220;1_3&#8243; _builder_version=&#8220;4.16&#8243; global_colors_info=&#8220;{}&#8220;][et_pb_blurb url=&#8220;https:\/\/www.hergom.com\/productos\/categoria-36-Chimeneas-de-lena-y-gas&#8220; url_new_window=&#8220;on&#8220; image=&#8220;https:\/\/www.gomila-ceramica.com\/wp-content\/uploads\/2020\/08\/18.jpg&#8220; content_max_width=&#8220;510px&#8220; _builder_version=&#8220;4.16&#8243; link_option_url=&#8220;https:\/\/www.hergom.com\/productos\/categoria-36-Chimeneas-de-lena-y-gas&#8220; link_option_url_new_window=&#8220;on&#8220; border_color_all_image=&#8220;#ffffff&#8220; global_colors_info=&#8220;{}&#8220;][\/et_pb_blurb][\/et_pb_column][\/et_pb_row][et_pb_row use_custom_gutter=&#8220;on&#8220; gutter_width=&#8220;2&#8243; padding_mobile=&#8220;off&#8220; column_padding_mobile=&#8220;on&#8220; admin_label=&#8220;Reihe&#8220; _builder_version=&#8220;4.16&#8243; background_size=&#8220;initial&#8220; background_position=&#8220;top_left&#8220; background_repeat=&#8220;repeat&#8220; make_fullwidth=&#8220;off&#8220; use_custom_width=&#8220;off&#8220; width_unit=&#8220;on&#8220; custom_width_px=&#8220;658px&#8220; global_colors_info=&#8220;{}&#8220;][et_pb_column type=&#8220;4_4&#8243; _builder_version=&#8220;4.16&#8243; custom_padding=&#8220;|||&#8220; global_colors_info=&#8220;{}&#8220; custom_padding__hover=&#8220;|||&#8220;][et_pb_text admin_label=&#8220;h3&#8243; _builder_version=&#8220;4.16&#8243; header_font=&#8220;|700|||||||&#8220; header_3_font=&#8220;|700||on|||||&#8220; header_3_font_size=&#8220;23px&#8220; background_size=&#8220;initial&#8220; background_position=&#8220;top_left&#8220; background_repeat=&#8220;repeat&#8220; use_border_color=&#8220;off&#8220; border_color=&#8220;#ffffff&#8220; border_style=&#8220;solid&#8220; global_colors_info=&#8220;{}&#8220;]<\/p>\n<h3 style=\"text-align: center;\">ADF<\/h3>\n<p><span>Gegr\u00fcndet im Jahr 1976, <\/span><strong>ADF<\/strong><span> ist heute eine Referenz in der Metallurgiebranche.<\/span><\/p>\n<p><span>ADF entwirft, produziert und vertreibt innovative, robuste und neuartige Biomasse-Heizl\u00f6sungen. Seine F\u00e4higkeit, sich weiterzuentwickeln und den Markttrends zu folgen, beweist sein st\u00e4ndiges Engagement f\u00fcr Innovation.<\/span><\/p>\n<p><strong>ADF<\/strong><span> <\/span>orientiert sich an den folgenden Werten:<\/p>\n<p>&#8211; Aufrechterhaltung vollst\u00e4ndiger Transparenz, Rechenschaftspflicht und Glaubw\u00fcrdigkeit gegen\u00fcber unseren Kunden;<br \/>&#8211; Seien Sie proaktiv, objektiv und professionell im Auftreten.<\/p>\n<p>[\/et_pb_text][\/et_pb_column][\/et_pb_row][et_pb_row column_structure=&#8220;1_3,1_3,1_3&#8243; _builder_version=&#8220;4.16&#8243; custom_padding=&#8220;9px|||||&#8220; global_colors_info=&#8220;{}&#8220;][et_pb_column type=&#8220;1_3&#8243; _builder_version=&#8220;4.16&#8243; global_colors_info=&#8220;{}&#8220;][et_pb_blurb url=&#8220;https:\/\/adfire.pt\/es\/&#8220; url_new_window=&#8220;on&#8220; image=&#8220;https:\/\/www.gomila-ceramica.com\/wp-content\/uploads\/2021\/02\/Diseno-sin-titulo-1.jpg&#8220; _builder_version=&#8220;4.16&#8243; link_option_url=&#8220;https:\/\/adfire.pt\/es\/&#8220; link_option_url_new_window=&#8220;on&#8220; global_colors_info=&#8220;{}&#8220;][\/et_pb_blurb][\/et_pb_column][et_pb_column type=&#8220;1_3&#8243; _builder_version=&#8220;4.16&#8243; global_colors_info=&#8220;{}&#8220;][et_pb_blurb url=&#8220;https:\/\/adfire.pt\/es\/&#8220; url_new_window=&#8220;on&#8220; image=&#8220;https:\/\/www.gomila-ceramica.com\/wp-content\/uploads\/2021\/02\/Diseno-sin-titulo.jpg&#8220; _builder_version=&#8220;4.16&#8243; link_option_url=&#8220;https:\/\/adfire.pt\/es\/&#8220; link_option_url_new_window=&#8220;on&#8220; global_colors_info=&#8220;{}&#8220;][\/et_pb_blurb][\/et_pb_column][et_pb_column type=&#8220;1_3&#8243; _builder_version=&#8220;4.16&#8243; global_colors_info=&#8220;{}&#8220;][et_pb_blurb url=&#8220;https:\/\/adfire.pt\/es\/&#8220; url_new_window=&#8220;on&#8220; image=&#8220;https:\/\/www.gomila-ceramica.com\/wp-content\/uploads\/2021\/02\/Diseno-sin-titulo-2.jpg&#8220; _builder_version=&#8220;4.16&#8243; link_option_url=&#8220;https:\/\/adfire.pt\/es\/&#8220; link_option_url_new_window=&#8220;on&#8220; global_colors_info=&#8220;{}&#8220;][\/et_pb_blurb][\/et_pb_column][\/et_pb_row][et_pb_row _builder_version=&#8220;4.16&#8243; _module_preset=&#8220;default&#8220; custom_padding=&#8220;38px|||||&#8220; saved_tabs=&#8220;all&#8220; global_colors_info=&#8220;{}&#8220;][et_pb_column type=&#8220;4_4&#8243; _builder_version=&#8220;4.16&#8243; _module_preset=&#8220;default&#8220; global_colors_info=&#8220;{}&#8220;][et_pb_signup mailchimp_list=&#8220;Suscriptores|cf930681b7&#8243; layout=&#8220;right_left&#8220; last_name_field=&#8220;off&#8220; success_message=&#8220;Ich danke Ihnen! Ihr Abonnement wurde erfolgreich abgeschlossen.&#8220; title=&#8220;Melden Sie sich f\u00fcr unseren Newsletter an!&#8220; description=&#8220;<\/p>\n<p>Bleiben Sie auf dem Laufenden \u00fcber die neuesten Materialien und Trends in der Wohnungsgestaltung.<\/p>\n<p>&#8220; _builder_version=&#8220;4.16&#8243; _module_preset=&#8220;default&#8220; use_background_color_gradient=&#8220;on&#8220; background_color_gradient_stops=&#8220;#000000 0%|#ffffff 100%&#8220; background_color_gradient_start=&#8220;#000000&#8243; background_color_gradient_end=&#8220;#ffffff&#8220; custom_button=&#8220;on&#8220; button_bg_color=&#8220;#000000&#8243; button_bg_use_color_gradient=&#8220;on&#8220; button_bg_color_gradient_type=&#8220;circular&#8220; button_bg_color_gradient_stops=&#8220;#000000 0%|#ffffff 100%&#8220; button_bg_color_gradient_start=&#8220;#000000&#8243; button_bg_color_gradient_end=&#8220;#ffffff&#8220; button_border_radius=&#8220;6px&#8220; button_icon=&#8220;&#xe01a;||divi||400&#8243; custom_padding=&#8220;25px||||false|false&#8220; global_colors_info=&#8220;{}&#8220;][\/et_pb_signup][\/et_pb_column][\/et_pb_row][\/et_pb_section]<\/p>\n","protected":false},"excerpt":{"rendered":"<p>Gas- und Holzkamine f\u00fcr den Innen- und Au\u00dfenbereich &nbsp; Wir arbeiten mit den hochwertigsten Anbietern von Gas- und Holzkaminen zusammen, immer auf der Suche nach der Verschmelzung von Design, Technologie, Energieeinsparung und Funktionalit\u00e4t. Wir sind der Meinung, dass Sch\u00f6nheit und Nutzen Hand in Hand gehen k\u00f6nnen, und unsere ausgew\u00e4hlten Lieferanten erreichen dies durch Innovation, Sorgfalt [&hellip;]<\/p>\n","protected":false},"author":2,"featured_media":0,"parent":0,"menu_order":0,"comment_status":"closed","ping_status":"closed","template":"","meta":{"_et_pb_use_builder":"on","_et_pb_old_content":"","_et_gb_content_width":"","footnotes":""},"class_list":["post-2043","page","type-page","status-publish","hentry"],"_links":{"self":[{"href":"https:\/\/www.gomila-ceramica.com\/de\/wp-json\/wp\/v2\/pages\/2043","targetHints":{"allow":["GET"]}}],"collection":[{"href":"https:\/\/www.gomila-ceramica.com\/de\/wp-json\/wp\/v2\/pages"}],"about":[{"href":"https:\/\/www.gomila-ceramica.com\/de\/wp-json\/wp\/v2\/types\/page"}],"author":[{"embeddable":true,"href":"https:\/\/www.gomila-ceramica.com\/de\/wp-json\/wp\/v2\/users\/2"}],"replies":[{"embeddable":true,"href":"https:\/\/www.gomila-ceramica.com\/de\/wp-json\/wp\/v2\/comments?post=2043"}],"version-history":[{"count":5,"href":"https:\/\/www.gomila-ceramica.com\/de\/wp-json\/wp\/v2\/pages\/2043\/revisions"}],"predecessor-version":[{"id":3690,"href":"https:\/\/www.gomila-ceramica.com\/de\/wp-json\/wp\/v2\/pages\/2043\/revisions\/3690"}],"wp:attachment":[{"href":"https:\/\/www.gomila-ceramica.com\/de\/wp-json\/wp\/v2\/media?parent=2043"}],"curies":[{"name":"wp","href":"https:\/\/api.w.org\/{rel}","templated":true}]}}