{"id":2052,"date":"2023-10-11T06:36:44","date_gmt":"2023-10-11T06:36:44","guid":{"rendered":"https:\/\/www.gomila-ceramica.com\/spa-und-mini-pools\/"},"modified":"2023-11-07T05:11:17","modified_gmt":"2023-11-07T05:11:17","slug":"spa-und-mini-pools","status":"publish","type":"page","link":"https:\/\/www.gomila-ceramica.com\/de\/spa-und-mini-pools\/","title":{"rendered":"Spa und Mini-Pools"},"content":{"rendered":"<p>[et_pb_section fb_built=&#8220;1&#8243; fullwidth=&#8220;on&#8220; _builder_version=&#8220;4.16&#8243; global_colors_info=&#8220;{}&#8220;][et_pb_fullwidth_slider _builder_version=&#8220;4.16&#8243; background_enable_color=&#8220;off&#8220; background_enable_image=&#8220;off&#8220; custom_padding=&#8220;179px||192px|||&#8220; global_colors_info=&#8220;{}&#8220;][et_pb_slide heading=&#8220;Spa und Mini-Pools&#8220; _builder_version=&#8220;4.16&#8243; background_enable_color=&#8220;off&#8220; background_image=&#8220;https:\/\/www.gomila-ceramica.com\/wp-content\/uploads\/2021\/01\/8-1.png&#8220; background_enable_image=&#8220;on&#8220; global_colors_info=&#8220;{}&#8220; sticky_transition=&#8220;on&#8220;][\/et_pb_slide][et_pb_slide heading=&#8220;Spa und Mini-Pools&#8220; _builder_version=&#8220;4.16&#8243; background_enable_color=&#8220;off&#8220; background_image=&#8220;https:\/\/www.gomila-ceramica.com\/wp-content\/uploads\/2021\/01\/11-1.png&#8220; background_enable_image=&#8220;on&#8220; global_colors_info=&#8220;{}&#8220; sticky_transition=&#8220;on&#8220;][\/et_pb_slide][\/et_pb_fullwidth_slider][\/et_pb_section][et_pb_section fb_built=&#8220;1&#8243; admin_label=&#8220;section&#8220; _builder_version=&#8220;4.16&#8243; global_colors_info=&#8220;{}&#8220;][et_pb_row _builder_version=&#8220;4.23&#8243; _module_preset=&#8220;default&#8220; global_colors_info=&#8220;{}&#8220;][et_pb_column type=&#8220;4_4&#8243; _builder_version=&#8220;4.23&#8243; _module_preset=&#8220;default&#8220; global_colors_info=&#8220;{}&#8220;][et_pb_heading title=&#8220;Spa und Mini-Pools&#8220; _builder_version=&#8220;4.23&#8243; _module_preset=&#8220;default&#8220; title_text_align=&#8220;center&#8220; hover_enabled=&#8220;0&#8243; sticky_enabled=&#8220;0&#8243;][\/et_pb_heading][et_pb_text _builder_version=&#8220;4.23&#8243; _module_preset=&#8220;default&#8220; hover_enabled=&#8220;0&#8243; sticky_enabled=&#8220;0&#8243;]Wir glauben an Luxus und Qualit\u00e4tsdesign, das f\u00fcr jeden erschwinglich ist. Sowie unsere Lieferanten, die speziell f\u00fcr die Planung von t\u00fcrkischen B\u00e4dern, Saunen und Minischwimmb\u00e4dern, die in Innenr\u00e4umen installiert werden k\u00f6nnen, ausgew\u00e4hlt wurden.<\/p>\n<p>Mit diesen Kollektionen huldigen wir dem Genuss, der Entspannung und der pers\u00f6nlichen Pflege in der W\u00e4rme der eigenen vier W\u00e4nde.[\/et_pb_text][\/et_pb_column][\/et_pb_row][et_pb_row _builder_version=&#8220;4.16&#8243; _module_preset=&#8220;default&#8220; global_colors_info=&#8220;{}&#8220;][et_pb_column type=&#8220;4_4&#8243; _builder_version=&#8220;4.16&#8243; _module_preset=&#8220;default&#8220; global_colors_info=&#8220;{}&#8220;][et_pb_text admin_label=&#8220;grife&#8220; _builder_version=&#8220;4.16&#8243; text_text_color=&#8220;#078c67&#8243; text_letter_spacing=&#8220;2px&#8220; background_size=&#8220;initial&#8220; background_position=&#8220;top_left&#8220; background_repeat=&#8220;repeat&#8220; hover_enabled=&#8220;0&#8243; custom_css_main_element=&#8220;height:30px;&#8220; use_border_color=&#8220;off&#8220; border_color=&#8220;#ffffff&#8220; border_style=&#8220;solid&#8220; global_colors_info=&#8220;{}&#8220; sticky_enabled=&#8220;0&#8243;]<\/p>\n<h3 style=\"text-align: center;\"><span style=\"color: #000000;\"><strong><span>Effegibi SPA (HAMMANS UND SAUNAS)<\/span><\/strong><\/span><\/h3>\n<p>[\/et_pb_text][\/et_pb_column][\/et_pb_row][et_pb_row column_structure=&#8220;1_3,1_3,1_3&#8243; _builder_version=&#8220;4.16&#8243; custom_margin=&#8220;-8px|auto|-3px|auto||&#8220; custom_padding=&#8220;||0px|||&#8220; global_colors_info=&#8220;{}&#8220;][et_pb_column type=&#8220;1_3&#8243; _builder_version=&#8220;4.16&#8243; global_colors_info=&#8220;{}&#8220;][et_pb_blurb url_new_window=&#8220;on&#8220; image=&#8220;https:\/\/www.gomila-ceramica.com\/wp-content\/uploads\/2021\/01\/8.png&#8220; alt=&#8220;Effegibi&#8220; _builder_version=&#8220;4.23&#8243; header_font=&#8220;|600|||||||&#8220; link_option_url_new_window=&#8220;on&#8220; global_colors_info=&#8220;{}&#8220;][\/et_pb_blurb][\/et_pb_column][et_pb_column type=&#8220;1_3&#8243; _builder_version=&#8220;4.16&#8243; global_colors_info=&#8220;{}&#8220;][et_pb_blurb url_new_window=&#8220;on&#8220; image=&#8220;https:\/\/www.gomila-ceramica.com\/wp-content\/uploads\/2021\/01\/11.png&#8220; alt=&#8220;Effegibi&#8220; _builder_version=&#8220;4.23&#8243; header_font=&#8220;|600|||||||&#8220; link_option_url_new_window=&#8220;on&#8220; global_colors_info=&#8220;{}&#8220;][\/et_pb_blurb][\/et_pb_column][et_pb_column type=&#8220;1_3&#8243; _builder_version=&#8220;4.16&#8243; global_colors_info=&#8220;{}&#8220;][et_pb_blurb url_new_window=&#8220;on&#8220; image=&#8220;https:\/\/www.gomila-ceramica.com\/wp-content\/uploads\/2021\/01\/10.png&#8220; alt=&#8220;Effegibi&#8220; _builder_version=&#8220;4.23&#8243; header_font=&#8220;|600|||||||&#8220; link_option_url_new_window=&#8220;on&#8220; global_colors_info=&#8220;{}&#8220;][\/et_pb_blurb][\/et_pb_column][\/et_pb_row][et_pb_row _builder_version=&#8220;4.16&#8243; _module_preset=&#8220;default&#8220; global_colors_info=&#8220;{}&#8220;][et_pb_column type=&#8220;4_4&#8243; _builder_version=&#8220;4.16&#8243; _module_preset=&#8220;default&#8220; global_colors_info=&#8220;{}&#8220;][et_pb_text _builder_version=&#8220;4.23&#8243; _module_preset=&#8220;default&#8220; custom_margin=&#8220;-19px||||false|false&#8220; hover_enabled=&#8220;0&#8243; global_colors_info=&#8220;{}&#8220; sticky_enabled=&#8220;0&#8243;]F\u00fcnfundzwanzig Jahre Herstellung von Saunen und t\u00fcrkischen B\u00e4dern mit modernsten Technologien.<\/p>\n<p>Effe ist durch seine Verdienste zu einem f\u00fchrenden Unternehmen geworden, das Produkte mit zertifizierter Qualit\u00e4t, langer Lebensdauer, geringer Wartung und Energieeinsparung anbietet.<\/p>\n<p>Klare Linien, gezeichnet von ber\u00fchmten Designern wie Rodolfo Dordoni und Giovanna Talocci, mit umweltfreundlichen Materialien.[\/et_pb_text][\/et_pb_column][\/et_pb_row][et_pb_row _builder_version=&#8220;4.16&#8243; _module_preset=&#8220;default&#8220; global_colors_info=&#8220;{}&#8220;][et_pb_column type=&#8220;4_4&#8243; _builder_version=&#8220;4.16&#8243; _module_preset=&#8220;default&#8220; global_colors_info=&#8220;{}&#8220;][et_pb_text admin_label=&#8220;grife&#8220; _builder_version=&#8220;4.16&#8243; text_text_color=&#8220;#078c67&#8243; text_letter_spacing=&#8220;2px&#8220; background_size=&#8220;initial&#8220; background_position=&#8220;top_left&#8220; background_repeat=&#8220;repeat&#8220; custom_css_main_element=&#8220;height:30px;&#8220; use_border_color=&#8220;off&#8220; border_color=&#8220;#ffffff&#8220; border_style=&#8220;solid&#8220; global_colors_info=&#8220;{}&#8220;]<\/p>\n<h3 style=\"text-align: center;\"><span style=\"color: #000000;\"><strong>MINI POOLS von Treesse<\/strong><\/span><\/h3>\n<p>[\/et_pb_text][\/et_pb_column][\/et_pb_row][et_pb_row column_structure=&#8220;1_3,1_3,1_3&#8243; _builder_version=&#8220;4.16&#8243; custom_margin=&#8220;-8px|auto||auto||&#8220; custom_padding=&#8220;||3px|||&#8220; global_colors_info=&#8220;{}&#8220;][et_pb_column type=&#8220;1_3&#8243; _builder_version=&#8220;4.16&#8243; global_colors_info=&#8220;{}&#8220;][et_pb_blurb url_new_window=&#8220;on&#8220; image=&#8220;https:\/\/www.gomila-ceramica.com\/wp-content\/uploads\/2020\/08\/6.jpg&#8220; _builder_version=&#8220;4.23&#8243; header_font=&#8220;|600|||||||&#8220; link_option_url_new_window=&#8220;on&#8220; hover_enabled=&#8220;0&#8243; global_colors_info=&#8220;{}&#8220; sticky_enabled=&#8220;0&#8243;][\/et_pb_blurb][\/et_pb_column][et_pb_column type=&#8220;1_3&#8243; _builder_version=&#8220;4.16&#8243; global_colors_info=&#8220;{}&#8220;][et_pb_blurb url_new_window=&#8220;on&#8220; image=&#8220;https:\/\/www.gomila-ceramica.com\/wp-content\/uploads\/2021\/01\/Diseno-sin-titulo-5.png&#8220; _builder_version=&#8220;4.23&#8243; header_font=&#8220;|600|||||||&#8220; link_option_url_new_window=&#8220;on&#8220; global_colors_info=&#8220;{}&#8220;][\/et_pb_blurb][\/et_pb_column][et_pb_column type=&#8220;1_3&#8243; _builder_version=&#8220;4.16&#8243; global_colors_info=&#8220;{}&#8220;][et_pb_blurb url_new_window=&#8220;on&#8220; image=&#8220;https:\/\/www.gomila-ceramica.com\/wp-content\/uploads\/2021\/01\/Diseno-sin-titulo.jpg&#8220; _builder_version=&#8220;4.23&#8243; header_font=&#8220;|600|||||||&#8220; link_option_url_new_window=&#8220;on&#8220; global_colors_info=&#8220;{}&#8220;][\/et_pb_blurb][\/et_pb_column][\/et_pb_row][et_pb_row _builder_version=&#8220;4.16&#8243; _module_preset=&#8220;default&#8220; global_colors_info=&#8220;{}&#8220;][et_pb_column type=&#8220;4_4&#8243; _builder_version=&#8220;4.16&#8243; _module_preset=&#8220;default&#8220; global_colors_info=&#8220;{}&#8220;][et_pb_text _builder_version=&#8220;4.23&#8243; _module_preset=&#8220;default&#8220; custom_margin=&#8220;-19px||||false|false&#8220; hover_enabled=&#8220;0&#8243; global_colors_info=&#8220;{}&#8220; sticky_enabled=&#8220;0&#8243;]<\/p>\n<p>Die <strong>Gruppo Treesse<\/strong> hat sich dank der Forschung und einer strengen Qualit\u00e4tskontrolle jedes einzelnen St\u00fccks einen Namen an der Spitze des Badewannensektors gemacht.<\/p>\n<p>Von der Badewanne bis zur Duschkabine, ein v\u00f6llig neues Wellness-Konzept.<\/p>\n<p>Verstecken, um zu erh\u00f6hen. Das ist das Versprechen des innovativen <strong>Ghost Systems<\/strong>, das alles verbirgt, au\u00dfer dem Vergn\u00fcgen der totalen Entspannung.<\/p>\n<p>Das <strong>Ghost-System<\/strong> verbirgt die Whirlpool-D\u00fcsen und l\u00e4sst nur eine Linie aus magischem Licht, Farben und Kl\u00e4ngen zur\u00fcck. Letzteres dank des <strong>MyTherme-Systems<\/strong>, einem Hightech-Konzept, das das Gef\u00fchl einer nat\u00fcrlichen Therme zu Hause nachbildet.<\/p>\n<p>[\/et_pb_text][\/et_pb_column][\/et_pb_row][\/et_pb_section]<\/p>\n","protected":false},"excerpt":{"rendered":"<p>Wir glauben an Luxus und Qualit\u00e4tsdesign, das f\u00fcr jeden erschwinglich ist. Sowie unsere Lieferanten, die speziell f\u00fcr die Planung von t\u00fcrkischen B\u00e4dern, Saunen und Minischwimmb\u00e4dern, die in Innenr\u00e4umen installiert werden k\u00f6nnen, ausgew\u00e4hlt wurden. Mit diesen Kollektionen huldigen wir dem Genuss, der Entspannung und der pers\u00f6nlichen Pflege in der W\u00e4rme der eigenen vier W\u00e4nde.Effegibi SPA (HAMMANS [&hellip;]<\/p>\n","protected":false},"author":2,"featured_media":0,"parent":0,"menu_order":0,"comment_status":"closed","ping_status":"closed","template":"","meta":{"_et_pb_use_builder":"on","_et_pb_old_content":"","_et_gb_content_width":"","footnotes":""},"class_list":["post-2052","page","type-page","status-publish","hentry"],"_links":{"self":[{"href":"https:\/\/www.gomila-ceramica.com\/de\/wp-json\/wp\/v2\/pages\/2052","targetHints":{"allow":["GET"]}}],"collection":[{"href":"https:\/\/www.gomila-ceramica.com\/de\/wp-json\/wp\/v2\/pages"}],"about":[{"href":"https:\/\/www.gomila-ceramica.com\/de\/wp-json\/wp\/v2\/types\/page"}],"author":[{"embeddable":true,"href":"https:\/\/www.gomila-ceramica.com\/de\/wp-json\/wp\/v2\/users\/2"}],"replies":[{"embeddable":true,"href":"https:\/\/www.gomila-ceramica.com\/de\/wp-json\/wp\/v2\/comments?post=2052"}],"version-history":[{"count":11,"href":"https:\/\/www.gomila-ceramica.com\/de\/wp-json\/wp\/v2\/pages\/2052\/revisions"}],"predecessor-version":[{"id":4333,"href":"https:\/\/www.gomila-ceramica.com\/de\/wp-json\/wp\/v2\/pages\/2052\/revisions\/4333"}],"wp:attachment":[{"href":"https:\/\/www.gomila-ceramica.com\/de\/wp-json\/wp\/v2\/media?parent=2052"}],"curies":[{"name":"wp","href":"https:\/\/api.w.org\/{rel}","templated":true}]}}