{"id":2057,"date":"2023-10-11T06:39:12","date_gmt":"2023-10-11T06:39:12","guid":{"rendered":"https:\/\/www.gomila-ceramica.com\/porzellan\/"},"modified":"2023-11-08T08:43:44","modified_gmt":"2023-11-08T08:43:44","slug":"porzellan","status":"publish","type":"page","link":"https:\/\/www.gomila-ceramica.com\/de\/porzellan\/","title":{"rendered":"Porzellan"},"content":{"rendered":"<p>[et_pb_section fb_built=&#8220;1&#8243; fullwidth=&#8220;on&#8220; _builder_version=&#8220;4.16&#8243; global_colors_info=&#8220;{}&#8220;][et_pb_fullwidth_slider _builder_version=&#8220;4.17.6&#8243; custom_padding=&#8220;153px||217px|||&#8220; global_colors_info=&#8220;{}&#8220;][et_pb_slide heading=&#8220;Porzellan&#8220; _builder_version=&#8220;4.17.6&#8243; header_text_color=&#8220;#FFFFFF&#8220; background_color=&#8220;rgba(0,0,0,0)&#8220; background_enable_color=&#8220;on&#8220; background_image=&#8220;https:\/\/www.gomila-ceramica.com\/wp-content\/uploads\/2022\/08\/AtlasConcorde_BoostNatural_008_00_Ash-Kaolin_Copyright-scaled.jpg&#8220; background_enable_image=&#8220;on&#8220; background_layout=&#8220;light&#8220; global_colors_info=&#8220;{}&#8220; sticky_transition=&#8220;on&#8220;][\/et_pb_slide][et_pb_slide heading=&#8220;Porzellan&#8220; _builder_version=&#8220;4.17.6&#8243; header_text_color=&#8220;#FFFFFF&#8220; background_color=&#8220;rgba(0,0,0,0)&#8220; background_enable_color=&#8220;on&#8220; background_image=&#8220;https:\/\/www.gomila-ceramica.com\/wp-content\/uploads\/2022\/08\/AtlasConcorde_BoostNatural_001_09_Ash-Ecru_Copyright-scaled.jpg&#8220; background_enable_image=&#8220;on&#8220; background_position=&#8220;center_right&#8220; background_layout=&#8220;light&#8220; global_colors_info=&#8220;{}&#8220; sticky_transition=&#8220;on&#8220;][\/et_pb_slide][et_pb_slide heading=&#8220;Porzellan&#8220; _builder_version=&#8220;4.17.6&#8243; header_text_color=&#8220;#FFFFFF&#8220; background_color=&#8220;rgba(0,0,0,0)&#8220; background_enable_color=&#8220;on&#8220; background_image=&#8220;https:\/\/www.gomila-ceramica.com\/wp-content\/uploads\/2022\/08\/AtlasConcorde_BoostNatural_004_03_Ecru_3DTexture_Copyright.jpg&#8220; background_enable_image=&#8220;on&#8220; background_layout=&#8220;light&#8220; global_colors_info=&#8220;{}&#8220; sticky_transition=&#8220;on&#8220;][\/et_pb_slide][\/et_pb_fullwidth_slider][\/et_pb_section][et_pb_section fb_built=&#8220;1&#8243; admin_label=&#8220;section&#8220; _builder_version=&#8220;4.16&#8243; custom_padding=&#8220;35px|||||&#8220; global_colors_info=&#8220;{}&#8220;][et_pb_row use_custom_gutter=&#8220;on&#8220; gutter_width=&#8220;2&#8243; padding_mobile=&#8220;off&#8220; column_padding_mobile=&#8220;on&#8220; admin_label=&#8220;Reihe&#8220; _builder_version=&#8220;4.16&#8243; background_size=&#8220;initial&#8220; background_position=&#8220;top_left&#8220; background_repeat=&#8220;repeat&#8220; custom_padding=&#8220;||6px|||&#8220; make_fullwidth=&#8220;off&#8220; use_custom_width=&#8220;off&#8220; width_unit=&#8220;on&#8220; custom_width_px=&#8220;658px&#8220; global_colors_info=&#8220;{}&#8220;][et_pb_column type=&#8220;4_4&#8243; _builder_version=&#8220;4.16&#8243; custom_padding=&#8220;|||&#8220; global_colors_info=&#8220;{}&#8220; custom_padding__hover=&#8220;|||&#8220;][et_pb_text admin_label=&#8220;h3&#8243; _builder_version=&#8220;4.23&#8243; header_3_font=&#8220;|700||on|||||&#8220; header_3_font_size=&#8220;23px&#8220; background_size=&#8220;initial&#8220; background_position=&#8220;top_left&#8220; background_repeat=&#8220;repeat&#8220; use_border_color=&#8220;off&#8220; border_color=&#8220;#ffffff&#8220; border_style=&#8220;solid&#8220; global_colors_info=&#8220;{}&#8220;]<\/p>\n<h1 style=\"text-align: center;\">PORZELAIN<\/h1>\n<p>[\/et_pb_text][et_pb_text admin_label=&#8220;Texto&#8220; _builder_version=&#8220;4.23&#8243; background_size=&#8220;initial&#8220; background_position=&#8220;top_left&#8220; background_repeat=&#8220;repeat&#8220; custom_margin=&#8220;||11px|||&#8220; custom_padding=&#8220;||7px|||&#8220; use_border_color=&#8220;off&#8220; border_color=&#8220;#ffffff&#8220; border_style=&#8220;solid&#8220; global_colors_info=&#8220;{}&#8220;]<\/p>\n<h2 style=\"text-align: center;\">Die besten Marken f\u00fcr Boden- und Wandbel\u00e4ge finden Sie bei Gomila.<\/h2>\n<p>[\/et_pb_text][\/et_pb_column][\/et_pb_row][et_pb_row column_structure=&#8220;1_3,1_3,1_3&#8243; _builder_version=&#8220;4.16&#8243; global_colors_info=&#8220;{}&#8220;][et_pb_column type=&#8220;1_3&#8243; _builder_version=&#8220;4.16&#8243; global_colors_info=&#8220;{}&#8220;][et_pb_blurb title=&#8220;Rosagres&#8220; url=&#8220;https:\/\/www.gomila-ceramica.com\/de\/rosa-gres\/&#8220; url_new_window=&#8220;on&#8220; image=&#8220;https:\/\/www.gomila-ceramica.com\/wp-content\/uploads\/2019\/11\/Rosa-Gres-min.jpg&#8220; _builder_version=&#8220;4.23&#8243; link_option_url_new_window=&#8220;on&#8220; global_colors_info=&#8220;{}&#8220;]<\/p>\n<p><span>Rosa Gres ist ein Familienunternehmen mit einer mehr als 180-j\u00e4hrigen Geschichte, Projekten in mehr als 70 L\u00e4ndern und einem Team von mehr als 100 Fachleuten.<\/span><\/p>\n<p>[\/et_pb_blurb][\/et_pb_column][et_pb_column type=&#8220;1_3&#8243; _builder_version=&#8220;4.16&#8243; global_colors_info=&#8220;{}&#8220;][et_pb_blurb title=&#8220;Mirage&#8220; url=&#8220;https:\/\/www.gomila-ceramica.com\/de\/mirage\/&#8220; url_new_window=&#8220;on&#8220; image=&#8220;https:\/\/www.gomila-ceramica.com\/wp-content\/uploads\/2023\/06\/mirage.jpg&#8220; _builder_version=&#8220;4.23&#8243; link_option_url_new_window=&#8220;on&#8220; global_colors_info=&#8220;{}&#8220;]<\/p>\n<p>Als f\u00fchrendes Unternehmen des Feinsteinzeugsektors mit \u00fcber 50-j\u00e4hriger Tradition bietet es italienische Spitzenleistungen bei der Lieferung von Keramikfliesen.<\/p>\n<p>[\/et_pb_blurb][\/et_pb_column][et_pb_column type=&#8220;1_3&#8243; _builder_version=&#8220;4.16&#8243; global_colors_info=&#8220;{}&#8220;][et_pb_blurb title=&#8220;Atlas Concorde&#8220; url=&#8220;https:\/\/www.gomila-ceramica.com\/de\/atlas-concorde\/&#8220; url_new_window=&#8220;on&#8220; image=&#8220;https:\/\/www.gomila-ceramica.com\/wp-content\/uploads\/2019\/11\/Atlas-concorde-marvel-min.png&#8220; _builder_version=&#8220;4.23&#8243; link_option_url_new_window=&#8220;on&#8220; global_colors_info=&#8220;{}&#8220;]<\/p>\n<p><span>Eine Geschichte von Umgebungen, in denen N\u00fcchternheit und Charakter, Maximalismus und Minimalismus in einem neuen Konzept einer starken und gleichzeitig zarten Umgebung kombiniert werden, genau wie die Menschen, die dort leben.<\/span><\/p>\n<p>[\/et_pb_blurb][\/et_pb_column][\/et_pb_row][et_pb_row column_structure=&#8220;1_3,1_3,1_3&#8243; _builder_version=&#8220;4.16&#8243; global_colors_info=&#8220;{}&#8220;][et_pb_column type=&#8220;1_3&#8243; _builder_version=&#8220;4.16&#8243; global_colors_info=&#8220;{}&#8220;][et_pb_blurb title=&#8220;Wow&#8220; url=&#8220;https:\/\/www.gomila-ceramica.com\/de\/wow-designeu\/&#8220; url_new_window=&#8220;on&#8220; image=&#8220;https:\/\/www.gomila-ceramica.com\/wp-content\/uploads\/2019\/11\/Wow-min.jpg&#8220; _builder_version=&#8220;4.23&#8243; link_option_url_new_window=&#8220;on&#8220; global_colors_info=&#8220;{}&#8220;]<\/p>\n<p><span>Wow ist ein Designstudio, das sich auf die Entwicklung von Keramikprojekten spezialisiert hat.<\/span><\/p>\n<p><span>Wir sind immer auf der Suche nach Farb- und Innovationstrends, um mit neuen Oberfl\u00e4chen und keramischen Effekten zu \u00fcberraschen.<\/span><\/p>\n<p>[\/et_pb_blurb][\/et_pb_column][et_pb_column type=&#8220;1_3&#8243; _builder_version=&#8220;4.16&#8243; global_colors_info=&#8220;{}&#8220;][et_pb_blurb title=&#8220;Ragno&#8220; url=&#8220;https:\/\/www.gomila-ceramica.com\/de\/ragno\/&#8220; url_new_window=&#8220;on&#8220; image=&#8220;https:\/\/www.gomila-ceramica.com\/wp-content\/uploads\/2019\/11\/Ragno-Woodsense-min.png&#8220; content_max_width=&#8220;510px&#8220; _builder_version=&#8220;4.23&#8243; link_option_url_new_window=&#8220;on&#8220; border_color_all_image=&#8220;#ffffff&#8220; global_colors_info=&#8220;{}&#8220;]<\/p>\n<p><span>Pr\u00e4zise und zuverl\u00e4ssige L\u00f6sungen, die den neuesten Trends im Bereich der Inneneinrichtung und des Mobiliars entsprechen, aber f\u00fcr die Ewigkeit bestimmt sind. Ragno bietet ein komplettes und spezialisiertes Angebot an Boden- und Wandfliesen aus Feinsteinzeug f\u00fcr den Innen- und Au\u00dfenbereich.<\/span><\/p>\n<p>[\/et_pb_blurb][\/et_pb_column][et_pb_column type=&#8220;1_3&#8243; _builder_version=&#8220;4.16&#8243; global_colors_info=&#8220;{}&#8220;][et_pb_blurb title=&#8220;Kronos&#8220; url=&#8220;https:\/\/www.gomila-ceramica.com\/de\/kronos\/&#8220; url_new_window=&#8220;on&#8220; image=&#8220;https:\/\/www.gomila-ceramica.com\/wp-content\/uploads\/2019\/11\/Kronos_Wood_Maple-min.jpg&#8220; _builder_version=&#8220;4.23&#8243; link_option_url_new_window=&#8220;on&#8220; global_colors_info=&#8220;{}&#8220;]<\/p>\n<p><span>Kronos Ceramiche pr\u00e4sentiert eine Auswahl an Zementen, Steinen und keramischen H\u00f6lzern aus Feinsteinzeug speziell f\u00fcr den Au\u00dfenbereich. Es handelt sich um 2 cm dicke Fu\u00dfb\u00f6den mit speziellen Teilen, die praktische, widerstandsf\u00e4hige und \u00e4sthetische Leistungen garantieren.<\/span><\/p>\n<p>[\/et_pb_blurb][\/et_pb_column][\/et_pb_row][et_pb_row column_structure=&#8220;1_3,1_3,1_3&#8243; _builder_version=&#8220;4.16&#8243; global_colors_info=&#8220;{}&#8220;][et_pb_column type=&#8220;1_3&#8243; _builder_version=&#8220;4.16&#8243; global_colors_info=&#8220;{}&#8220;][et_pb_blurb title=&#8220;Apavisa&#8220; url=&#8220;https:\/\/www.gomila-ceramica.com\/de\/apavisa\/&#8220; url_new_window=&#8220;on&#8220; image=&#8220;https:\/\/www.gomila-ceramica.com\/wp-content\/uploads\/2019\/11\/Apavisa-min.jpg&#8220; _builder_version=&#8220;4.23&#8243; link_option_url_new_window=&#8220;on&#8220; global_colors_info=&#8220;{}&#8220;]<\/p>\n<p><span>Der Einsatz modernster Technologien und die anspruchsvollen Kontrollen w\u00e4hrend des gesamten Produktionsprozesses erm\u00f6glichen es Apavisa, eine Feinsteinzeugfliese mit hervorragenden technischen Eigenschaften anzubieten, die sie zu einem multifunktionalen, hochwertigen, nicht saugenden und pflegeleichten Belag macht.<\/span><\/p>\n<p>[\/et_pb_blurb][\/et_pb_column][et_pb_column type=&#8220;1_3&#8243; _builder_version=&#8220;4.16&#8243; global_colors_info=&#8220;{}&#8220;][et_pb_blurb title=&#8220;Fioranese&#8220; url=&#8220;https:\/\/www.gomila-ceramica.com\/de\/fioranese\/&#8220; url_new_window=&#8220;on&#8220; image=&#8220;https:\/\/www.gomila-ceramica.com\/wp-content\/uploads\/2019\/11\/Fioranese_Cementine-min.jpg&#8220; content_max_width=&#8220;510px&#8220; _builder_version=&#8220;4.23&#8243; link_option_url_new_window=&#8220;on&#8220; border_color_all_image=&#8220;#ffffff&#8220; global_colors_info=&#8220;{}&#8220;]<\/p>\n<p><span>Eine lange Tradition in der Herstellung von Feinsteinzeugfliesen wird durch die Forschung und das Experimentieren mit neuen Stilen f\u00fcr das zeitgen\u00f6ssische Wohnen erneuert.<\/span><\/p>\n<p>[\/et_pb_blurb][\/et_pb_column][et_pb_column type=&#8220;1_3&#8243; _builder_version=&#8220;4.16&#8243; global_colors_info=&#8220;{}&#8220;][et_pb_blurb title=&#8220;Faenza&#8220; url=&#8220;https:\/\/www.gomila-ceramica.com\/de\/lafaenza\/&#8220; url_new_window=&#8220;on&#8220; image=&#8220;https:\/\/www.gomila-ceramica.com\/wp-content\/uploads\/2019\/11\/Faenza-min.jpg&#8220; content_max_width=&#8220;510px&#8220; _builder_version=&#8220;4.23&#8243; link_option_url_new_window=&#8220;on&#8220; border_color_all_image=&#8220;#ffffff&#8220; global_colors_info=&#8220;{}&#8220;]<\/p>\n<p>Ein Produkt mit einer leidenschaftlichen und emotionalen Atmosph\u00e4re, die durch einen unverwechselbar raffinierten neoklassischen Touch zum Ausdruck kommt. Das ist LaFaenza: ein perfektes Kompendium von Stil, Sch\u00f6nheit und sorgf\u00e4ltiger Verarbeitung.<\/p>\n<p>[\/et_pb_blurb][\/et_pb_column][\/et_pb_row][et_pb_row column_structure=&#8220;1_3,1_3,1_3&#8243; _builder_version=&#8220;4.16&#8243; global_colors_info=&#8220;{}&#8220;][et_pb_column type=&#8220;1_3&#8243; _builder_version=&#8220;4.16&#8243; global_colors_info=&#8220;{}&#8220;][et_pb_blurb title=&#8220;Coem-Keramik&#8220; url=&#8220;https:\/\/www.gomila-ceramica.com\/de\/coem-keramik\/&#8220; url_new_window=&#8220;on&#8220; image=&#8220;https:\/\/www.gomila-ceramica.com\/wp-content\/uploads\/2020\/06\/Gres-effetto-pietra_Ceramiche-Coem_Flow_Light-Grey-60x120_Dark-Grey-20x120_Pleated-Light-Grey-20&#215;120-2.jpg&#8220; _builder_version=&#8220;4.23&#8243; link_option_url_new_window=&#8220;on&#8220; global_colors_info=&#8220;{}&#8220;]<\/p>\n<p>Inspiriert von der Natur, um Feinsteinzeug zu schaffen, das ihre nat\u00fcrliche Sch\u00f6nheit widerspiegelt.<\/p>\n<p>Italienische Keramik, Qualit\u00e4t in Verbindung mit Leidenschaft und Entschlossenheit sowie der Schutz der Umwelt, in der wir leben, sind seine unverwechselbaren Werte.<\/p>\n<p>[\/et_pb_blurb][\/et_pb_column][et_pb_column type=&#8220;1_3&#8243; _builder_version=&#8220;4.16&#8243; global_colors_info=&#8220;{}&#8220;][et_pb_blurb title=&#8220;Keope&#8220; url=&#8220;https:\/\/www.gomila-ceramica.com\/de\/keope\/&#8220; url_new_window=&#8220;on&#8220; image=&#8220;https:\/\/www.gomila-ceramica.com\/wp-content\/uploads\/2019\/11\/Keope-min.jpg&#8220; content_max_width=&#8220;510px&#8220; _builder_version=&#8220;4.23&#8243; link_option_url_new_window=&#8220;on&#8220; border_color_all_image=&#8220;#ffffff&#8220; global_colors_info=&#8220;{}&#8220;]<\/p>\n<p><span>  Dieses Material mit Marmoreffekt l\u00e4sst das Licht \u00fcber seine Oberfl\u00e4che laufen, bevor es reflektiert wird. Deshalb leuchtet sie so besonders: Sie zeigt nicht nur ein paar Graut\u00f6ne.<\/span><\/p>\n<p>[\/et_pb_blurb][\/et_pb_column][et_pb_column type=&#8220;1_3&#8243; _builder_version=&#8220;4.16&#8243; global_colors_info=&#8220;{}&#8220;][et_pb_blurb title=&#8220;Emil Gruppe&#8220; url=&#8220;https:\/\/www.gomila-ceramica.com\/de\/emil-ceramica\/&#8220; url_new_window=&#8220;on&#8220; image=&#8220;https:\/\/www.gomila-ceramica.com\/wp-content\/uploads\/2023\/06\/Onyx_Ambiente_emil_group.jpg&#8220; content_max_width=&#8220;510px&#8220; _builder_version=&#8220;4.23&#8243; link_option_url_new_window=&#8220;on&#8220; border_color_all_image=&#8220;#ffffff&#8220; global_colors_info=&#8220;{}&#8220;]<\/p>\n<p>Entwicklung und Zuverl\u00e4ssigkeit im Einklang mit der italienischen Keramiktradition.<\/p>\n<p><span>Sie widmet dem gesamten Produktionsprozess h\u00f6chste Aufmerksamkeit: von der Auswahl der besten Materialien bis hin zum Design der Kollektionen, um ihre anspruchsvollsten Kunden zufrieden zu stellen.<\/span><\/p>\n<p>&nbsp;<\/p>\n<p>[\/et_pb_blurb][\/et_pb_column][\/et_pb_row][et_pb_row column_structure=&#8220;1_3,1_3,1_3&#8243; _builder_version=&#8220;4.16&#8243; global_colors_info=&#8220;{}&#8220;][et_pb_column type=&#8220;1_3&#8243; _builder_version=&#8220;4.16&#8243; global_colors_info=&#8220;{}&#8220;][et_pb_blurb title=&#8220;Cer\u00e1micas Mayor&#8220; url=&#8220;https:\/\/www.gomila-ceramica.com\/de\/major-keramik\/&#8220; url_new_window=&#8220;on&#8220; image=&#8220;https:\/\/www.gomila-ceramica.com\/wp-content\/uploads\/2021\/07\/foto2.jpg&#8220; _builder_version=&#8220;4.23&#8243; link_option_url_new_window=&#8220;on&#8220; global_colors_info=&#8220;{}&#8220;]<\/p>\n<p><span>Mehr als 50 Jahre Herstellung von qualitativ hochwertigen, garantiert widerstandsf\u00e4higen und rutschfesten Boden- und Wandbel\u00e4gen.  <\/span><\/p>\n<p>[\/et_pb_blurb][\/et_pb_column][et_pb_column type=&#8220;1_3&#8243; _builder_version=&#8220;4.16&#8243; global_colors_info=&#8220;{}&#8220;][et_pb_blurb title=&#8220;Monocibec&#8220; url=&#8220;https:\/\/www.gomila-ceramica.com\/de\/monocibec\/&#8220; url_new_window=&#8220;on&#8220; image=&#8220;https:\/\/www.gomila-ceramica.com\/wp-content\/uploads\/2019\/11\/Century-min.png&#8220; _builder_version=&#8220;4.23&#8243; link_option_url_new_window=&#8220;on&#8220; global_colors_info=&#8220;{}&#8220;]<\/p>\n<p><span>Ein Synonym f\u00fcr St\u00e4rke und Sch\u00f6nheit. Es ist ideal f\u00fcr die Schaffung au\u00dfergew\u00f6hnlicher Umgebungen in gewerblichen, technischen, \u00f6ffentlichen und Wohngeb\u00e4uden.<\/span><\/p>\n<p>[\/et_pb_blurb][\/et_pb_column][et_pb_column type=&#8220;1_3&#8243; _builder_version=&#8220;4.16&#8243; global_colors_info=&#8220;{}&#8220;][et_pb_blurb title=&#8220;Alteret&#8220; url=&#8220;https:\/\/www.gomila-ceramica.com\/de\/alteret\/&#8220; url_new_window=&#8220;on&#8220; image=&#8220;https:\/\/www.gomila-ceramica.com\/wp-content\/uploads\/2019\/11\/Alteret-min.jpg&#8220; content_max_width=&#8220;510px&#8220; _builder_version=&#8220;4.23&#8243; link_option_url_new_window=&#8220;on&#8220; border_color_all_image=&#8220;#ffffff&#8220; global_colors_info=&#8220;{}&#8220;]<\/p>\n<p><span>Eine lange Tradition in der Herstellung von Feinsteinzeugfliesen wird durch die Forschung und das Experimentieren mit neuen Stilen f\u00fcr das zeitgen\u00f6ssische Wohnen erneuert.<\/span><\/p>\n<p>[\/et_pb_blurb][\/et_pb_column][\/et_pb_row][et_pb_row _builder_version=&#8220;4.23.1&#8243; _module_preset=&#8220;default&#8220; column_structure=&#8220;1_2,1_2&#8243; locked=&#8220;off&#8220;][et_pb_column _builder_version=&#8220;4.23.1&#8243; _module_preset=&#8220;default&#8220; type=&#8220;1_2&#8243;][et_pb_heading title=&#8220;Wie k\u00f6nnen wir Ihnen helfen?&#8220; _builder_version=&#8220;4.23.1&#8243; _module_preset=&#8220;default&#8220; hover_enabled=&#8220;0&#8243; sticky_enabled=&#8220;0&#8243;][\/et_pb_heading][et_pb_text _builder_version=&#8220;4.23.1&#8243; _module_preset=&#8220;default&#8220; hover_enabled=&#8220;0&#8243; sticky_enabled=&#8220;0&#8243;]<\/p>\n<p>Bitte f\u00fcllen Sie das Formular aus und wir werden uns so schnell wie m\u00f6glich mit Ihnen in Verbindung setzen, um Ihre Fragen zu beantworten und Ihnen bei der Auswahl der Materialien zu helfen.<\/p>\n<p>[\/et_pb_text][\/et_pb_column][et_pb_column _builder_version=&#8220;4.23.1&#8243; _module_preset=&#8220;default&#8220; type=&#8220;1_2&#8243;][et_pb_contact_form email=&#8220;info@gomila-ceramica.com&#8220; use_redirect=&#8220;on&#8220; redirect_url=&#8220;https:\/\/www.gomila-ceramica.com\/de\/vielen-dank-fuer-ihre-nachricht\/&#8220; admin_label=&#8220;Formulario de contacto&#8220; module_id=&#8220;et_pb_contact_form_0&#8243; _builder_version=&#8220;4.23.1&#8243; _unique_id=&#8220;6ec6c96d-6ab0-484d-bea0-c6e9deb964cb&#8220; hover_enabled=&#8220;0&#8243; border_radii=&#8220;on|0px|0px|0px|0px&#8220; use_border_color=&#8220;off&#8220; border_color=&#8220;#ffffff&#8220; border_style=&#8220;solid&#8220; input_border_radius=&#8220;0&#8243; global_colors_info=&#8220;{}&#8220; sticky_enabled=&#8220;0&#8243; locked=&#8220;off&#8220; submit_button_text=&#8220;Senden Sie&#8220;][et_pb_contact_field field_id=&#8220;Name&#8220; field_title=&#8220;Name&#8220; _builder_version=&#8220;4.23.1&#8243; hover_enabled=&#8220;0&#8243; border_radii=&#8220;on|0px|0px|0px|0px&#8220; input_border_radius=&#8220;0&#8243; global_colors_info=&#8220;{}&#8220; button_text_size__hover_enabled=&#8220;off&#8220; button_one_text_size__hover_enabled=&#8220;off&#8220; button_two_text_size__hover_enabled=&#8220;off&#8220; button_text_color__hover_enabled=&#8220;off&#8220; button_one_text_color__hover_enabled=&#8220;off&#8220; button_two_text_color__hover_enabled=&#8220;off&#8220; button_border_width__hover_enabled=&#8220;off&#8220; button_one_border_width__hover_enabled=&#8220;off&#8220; button_two_border_width__hover_enabled=&#8220;off&#8220; button_border_color__hover_enabled=&#8220;off&#8220; button_one_border_color__hover_enabled=&#8220;off&#8220; button_two_border_color__hover_enabled=&#8220;off&#8220; button_border_radius__hover_enabled=&#8220;off&#8220; button_one_border_radius__hover_enabled=&#8220;off&#8220; button_two_border_radius__hover_enabled=&#8220;off&#8220; button_letter_spacing__hover_enabled=&#8220;off&#8220; button_one_letter_spacing__hover_enabled=&#8220;off&#8220; button_two_letter_spacing__hover_enabled=&#8220;off&#8220; button_bg_color__hover_enabled=&#8220;off&#8220; button_one_bg_color__hover_enabled=&#8220;off&#8220; button_two_bg_color__hover_enabled=&#8220;off&#8220; sticky_enabled=&#8220;0&#8243;][\/et_pb_contact_field][et_pb_contact_field field_id=&#8220;Email&#8220; field_title=&#8220;E-Mail Adresse&#8220; field_type=&#8220;email&#8220; _builder_version=&#8220;4.23.1&#8243; hover_enabled=&#8220;0&#8243; border_radii=&#8220;on|0px|0px|0px|0px&#8220; input_border_radius=&#8220;0&#8243; global_colors_info=&#8220;{}&#8220; button_text_size__hover_enabled=&#8220;off&#8220; button_one_text_size__hover_enabled=&#8220;off&#8220; button_two_text_size__hover_enabled=&#8220;off&#8220; button_text_color__hover_enabled=&#8220;off&#8220; button_one_text_color__hover_enabled=&#8220;off&#8220; button_two_text_color__hover_enabled=&#8220;off&#8220; button_border_width__hover_enabled=&#8220;off&#8220; button_one_border_width__hover_enabled=&#8220;off&#8220; button_two_border_width__hover_enabled=&#8220;off&#8220; button_border_color__hover_enabled=&#8220;off&#8220; button_one_border_color__hover_enabled=&#8220;off&#8220; button_two_border_color__hover_enabled=&#8220;off&#8220; button_border_radius__hover_enabled=&#8220;off&#8220; button_one_border_radius__hover_enabled=&#8220;off&#8220; button_two_border_radius__hover_enabled=&#8220;off&#8220; button_letter_spacing__hover_enabled=&#8220;off&#8220; button_one_letter_spacing__hover_enabled=&#8220;off&#8220; button_two_letter_spacing__hover_enabled=&#8220;off&#8220; button_bg_color__hover_enabled=&#8220;off&#8220; button_one_bg_color__hover_enabled=&#8220;off&#8220; button_two_bg_color__hover_enabled=&#8220;off&#8220; sticky_enabled=&#8220;0&#8243;][\/et_pb_contact_field][et_pb_contact_field field_id=&#8220;Tel\u00e9fono&#8220; field_title=&#8220;Telefon&#8220; fullwidth_field=&#8220;on&#8220; _builder_version=&#8220;4.16&#8243; global_colors_info=&#8220;{}&#8220; button_text_size__hover_enabled=&#8220;off&#8220; button_one_text_size__hover_enabled=&#8220;off&#8220; button_two_text_size__hover_enabled=&#8220;off&#8220; button_text_color__hover_enabled=&#8220;off&#8220; button_one_text_color__hover_enabled=&#8220;off&#8220; button_two_text_color__hover_enabled=&#8220;off&#8220; button_border_width__hover_enabled=&#8220;off&#8220; button_one_border_width__hover_enabled=&#8220;off&#8220; button_two_border_width__hover_enabled=&#8220;off&#8220; button_border_color__hover_enabled=&#8220;off&#8220; button_one_border_color__hover_enabled=&#8220;off&#8220; button_two_border_color__hover_enabled=&#8220;off&#8220; button_border_radius__hover_enabled=&#8220;off&#8220; button_one_border_radius__hover_enabled=&#8220;off&#8220; button_two_border_radius__hover_enabled=&#8220;off&#8220; button_letter_spacing__hover_enabled=&#8220;off&#8220; button_one_letter_spacing__hover_enabled=&#8220;off&#8220; button_two_letter_spacing__hover_enabled=&#8220;off&#8220; button_bg_color__hover_enabled=&#8220;off&#8220; button_one_bg_color__hover_enabled=&#8220;off&#8220; button_two_bg_color__hover_enabled=&#8220;off&#8220;][\/et_pb_contact_field][et_pb_contact_field field_id=&#8220;Message&#8220; field_title=&#8220;Nachricht&#8220; field_type=&#8220;text&#8220; fullwidth_field=&#8220;on&#8220; _builder_version=&#8220;4.22.0&#8243; border_radii=&#8220;on|0px|0px|0px|0px&#8220; input_border_radius=&#8220;0&#8243; global_colors_info=&#8220;{}&#8220; button_text_size__hover_enabled=&#8220;off&#8220; button_one_text_size__hover_enabled=&#8220;off&#8220; button_two_text_size__hover_enabled=&#8220;off&#8220; button_text_color__hover_enabled=&#8220;off&#8220; button_one_text_color__hover_enabled=&#8220;off&#8220; button_two_text_color__hover_enabled=&#8220;off&#8220; button_border_width__hover_enabled=&#8220;off&#8220; button_one_border_width__hover_enabled=&#8220;off&#8220; button_two_border_width__hover_enabled=&#8220;off&#8220; button_border_color__hover_enabled=&#8220;off&#8220; button_one_border_color__hover_enabled=&#8220;off&#8220; button_two_border_color__hover_enabled=&#8220;off&#8220; button_border_radius__hover_enabled=&#8220;off&#8220; button_one_border_radius__hover_enabled=&#8220;off&#8220; button_two_border_radius__hover_enabled=&#8220;off&#8220; button_letter_spacing__hover_enabled=&#8220;off&#8220; button_one_letter_spacing__hover_enabled=&#8220;off&#8220; button_two_letter_spacing__hover_enabled=&#8220;off&#8220; button_bg_color__hover_enabled=&#8220;off&#8220; button_one_bg_color__hover_enabled=&#8220;off&#8220; button_two_bg_color__hover_enabled=&#8220;off&#8220;][\/et_pb_contact_field][\/et_pb_contact_form][\/et_pb_column][\/et_pb_row][\/et_pb_section]<\/p>\n","protected":false},"excerpt":{"rendered":"<p>PORZELAINDie besten Marken f\u00fcr Boden- und Wandbel\u00e4ge finden Sie bei Gomila.Rosa Gres ist ein Familienunternehmen mit einer mehr als 180-j\u00e4hrigen Geschichte, Projekten in mehr als 70 L\u00e4ndern und einem Team von mehr als 100 Fachleuten.Als f\u00fchrendes Unternehmen des Feinsteinzeugsektors mit \u00fcber 50-j\u00e4hriger Tradition bietet es italienische Spitzenleistungen bei der Lieferung von Keramikfliesen.Eine Geschichte von Umgebungen, [&hellip;]<\/p>\n","protected":false},"author":2,"featured_media":0,"parent":0,"menu_order":0,"comment_status":"closed","ping_status":"closed","template":"","meta":{"_et_pb_use_builder":"on","_et_pb_old_content":"","_et_gb_content_width":"","footnotes":""},"class_list":["post-2057","page","type-page","status-publish","hentry"],"_links":{"self":[{"href":"https:\/\/www.gomila-ceramica.com\/de\/wp-json\/wp\/v2\/pages\/2057","targetHints":{"allow":["GET"]}}],"collection":[{"href":"https:\/\/www.gomila-ceramica.com\/de\/wp-json\/wp\/v2\/pages"}],"about":[{"href":"https:\/\/www.gomila-ceramica.com\/de\/wp-json\/wp\/v2\/types\/page"}],"author":[{"embeddable":true,"href":"https:\/\/www.gomila-ceramica.com\/de\/wp-json\/wp\/v2\/users\/2"}],"replies":[{"embeddable":true,"href":"https:\/\/www.gomila-ceramica.com\/de\/wp-json\/wp\/v2\/comments?post=2057"}],"version-history":[{"count":21,"href":"https:\/\/www.gomila-ceramica.com\/de\/wp-json\/wp\/v2\/pages\/2057\/revisions"}],"predecessor-version":[{"id":4350,"href":"https:\/\/www.gomila-ceramica.com\/de\/wp-json\/wp\/v2\/pages\/2057\/revisions\/4350"}],"wp:attachment":[{"href":"https:\/\/www.gomila-ceramica.com\/de\/wp-json\/wp\/v2\/media?parent=2057"}],"curies":[{"name":"wp","href":"https:\/\/api.w.org\/{rel}","templated":true}]}}