{"id":2528,"date":"2023-10-21T02:32:56","date_gmt":"2023-10-21T02:32:56","guid":{"rendered":"https:\/\/www.gomila-ceramica.com\/wow-designeu\/"},"modified":"2023-10-27T08:22:11","modified_gmt":"2023-10-27T08:22:11","slug":"wow-designeu","status":"publish","type":"page","link":"https:\/\/www.gomila-ceramica.com\/de\/wow-designeu\/","title":{"rendered":"WOW Designeu"},"content":{"rendered":"<p>[et_pb_section fb_built=&#8220;1&#8243; fullwidth=&#8220;on&#8220; _builder_version=&#8220;4.22.2&#8243; background_enable_image=&#8220;off&#8220; parallax=&#8220;on&#8220; background_blend=&#8220;multiply&#8220; custom_padding=&#8220;0px||0px||true|false&#8220; global_colors_info=&#8220;{}&#8220;][et_pb_fullwidth_header title=&#8220;WOW Designeu&#8220; subhead=&#8220;Hochwertige Verkleidungen zur Inspiration unvergesslicher R\u00e4ume&#8220; button_one_text=&#8220;Kontaktieren Sie uns&#8220; button_one_url=&#8220;https:\/\/www.gomila-ceramica.com\/de\/kontakt\/&#8220; _builder_version=&#8220;4.22.2&#8243; _module_preset=&#8220;default&#8220; background_color=&#8220;rgba(0,0,0,0.28)&#8220; background_image=&#8220;https:\/\/www.gomila-ceramica.com\/wp-content\/uploads\/2023\/10\/wow_icon2.png&#8220; background_size=&#8220;custom&#8220; background_image_width=&#8220;33%&#8220; background_position=&#8220;center_right&#8220; link_option_url_new_window=&#8220;on&#8220; global_colors_info=&#8220;{}&#8220;][\/et_pb_fullwidth_header][\/et_pb_section][et_pb_section fb_built=&#8220;1&#8243; admin_label=&#8220;section&#8220; _builder_version=&#8220;4.16&#8243; custom_padding=&#8220;45px|||||&#8220; global_colors_info=&#8220;{}&#8220;][et_pb_row _builder_version=&#8220;4.17.6&#8243; _module_preset=&#8220;default&#8220; custom_padding=&#8220;17px|||||&#8220; global_colors_info=&#8220;{}&#8220;][et_pb_column type=&#8220;4_4&#8243; _builder_version=&#8220;4.17.6&#8243; _module_preset=&#8220;default&#8220; global_colors_info=&#8220;{}&#8220;][et_pb_text _builder_version=&#8220;4.22.2&#8243; _module_preset=&#8220;default&#8220; global_colors_info=&#8220;{}&#8220;]<\/p>\n<p>Die Leidenschaft von Gomila Cer\u00e1mica, unseren Kunden au\u00dfergew\u00f6hnliche keramische L\u00f6sungen anzubieten, veranlasst uns, mit Lieferanten zusammenzuarbeiten, die unser Engagement f\u00fcr Qualit\u00e4t, Innovation und Kreativit\u00e4t teilen.<\/p>\n<p><strong>WOW Designeu<\/strong> ist ein Designstudio, das sich auf <strong>exklusive Keramikprojekte<\/strong> spezialisiert hat. Die Konzentration auf die neuesten Farbtrends und Materialausf\u00fchrungen in Verbindung mit Spitzentechnologie passt perfekt zu unserer Vision, qualitativ hochwertige Produkte anzubieten.<\/p>\n<p>&nbsp;<\/p>\n<p>Eine der beliebtesten Kollektionen bei unseren Kunden ist<strong> ICON von WOW Designeu<\/strong>. Diese Kollektion ist ein Zeugnis f\u00fcr die <strong>Vielseitigkeit<\/strong> und Innovation in der Welt der Keramik.<\/p>\n<p>Die ICON-Teile werden aus <strong>hitze- und chemikalienbest\u00e4ndigen Materialien<\/strong> hergestellt und k\u00f6nnen mit Farbe individuell gestaltet werden. Die F\u00e4higkeit, R\u00e4ume durch Farbe zu verwandeln, ist erstaunlich, und <strong>jeder Designer kann die Ausf\u00fchrung<\/strong> der St\u00fccke an die Bed\u00fcrfnisse seines Projekts <strong>anpassen<\/strong>.<\/p>\n<p>Bei Gomila Cer\u00e1mica sch\u00e4tzen wir die Flexibilit\u00e4t und Kreativit\u00e4t von ICON, die es unseren Kunden erm\u00f6glicht, ihrer Fantasie freien Lauf zu lassen und einzigartige R\u00e4ume zu schaffen.<\/p>\n<p>[\/et_pb_text][\/et_pb_column][\/et_pb_row][et_pb_row column_structure=&#8220;1_3,1_3,1_3&#8243; _builder_version=&#8220;4.17.6&#8243; _module_preset=&#8220;default&#8220; global_colors_info=&#8220;{}&#8220;][et_pb_column type=&#8220;1_3&#8243; _builder_version=&#8220;4.17.6&#8243; _module_preset=&#8220;default&#8220; global_colors_info=&#8220;{}&#8220;][et_pb_blurb image=&#8220;https:\/\/www.gomila-ceramica.com\/wp-content\/uploads\/2023\/10\/wow_icon.png&#8220; _builder_version=&#8220;4.22.2&#8243; _module_preset=&#8220;default&#8220; global_colors_info=&#8220;{}&#8220;][\/et_pb_blurb][\/et_pb_column][et_pb_column type=&#8220;1_3&#8243; _builder_version=&#8220;4.17.6&#8243; _module_preset=&#8220;default&#8220; global_colors_info=&#8220;{}&#8220;][et_pb_blurb image=&#8220;https:\/\/www.gomila-ceramica.com\/wp-content\/uploads\/2023\/10\/wow_icon4.png&#8220; _builder_version=&#8220;4.22.2&#8243; _module_preset=&#8220;default&#8220; global_colors_info=&#8220;{}&#8220;][\/et_pb_blurb][\/et_pb_column][et_pb_column type=&#8220;1_3&#8243; _builder_version=&#8220;4.17.6&#8243; _module_preset=&#8220;default&#8220; global_colors_info=&#8220;{}&#8220;][et_pb_blurb image=&#8220;https:\/\/www.gomila-ceramica.com\/wp-content\/uploads\/2023\/10\/wow_icon3.png&#8220; _builder_version=&#8220;4.22.2&#8243; _module_preset=&#8220;default&#8220; global_colors_info=&#8220;{}&#8220;][\/et_pb_blurb][\/et_pb_column][\/et_pb_row][et_pb_row _builder_version=&#8220;4.17.6&#8243; _module_preset=&#8220;default&#8220; custom_padding=&#8220;15px|||||&#8220; global_colors_info=&#8220;{}&#8220;][et_pb_column type=&#8220;4_4&#8243; _builder_version=&#8220;4.17.6&#8243; _module_preset=&#8220;default&#8220; global_colors_info=&#8220;{}&#8220;][et_pb_button button_url=&#8220;https:\/\/drive.google.com\/file\/d\/1YYguN0fW8D-hBL17goMpY32m5oP_hKF6\/view?usp=drive_link&#8220; url_new_window=&#8220;on&#8220; button_text=&#8220;Lassen Sie sich von ICON \u00fcberraschen&#8220; button_alignment=&#8220;center&#8220; _builder_version=&#8220;4.22.2&#8243; _module_preset=&#8220;default&#8220; box_shadow_style=&#8220;preset2&#8243; global_colors_info=&#8220;{}&#8220;][\/et_pb_button][et_pb_text _builder_version=&#8220;4.22.2&#8243; _module_preset=&#8220;default&#8220; global_colors_info=&#8220;{}&#8220;]<\/p>\n<p><span>Eine weitere Kollektion, die bei unseren Kunden sehr beliebt ist, ist <strong>BEJMAT<\/strong>.  <\/span><\/p>\n<p><span>Diese Kollektion ist eine Hommage an die<strong> Tradition der handgefertigten Fliesen<\/strong> und ihren Einfluss auf die westliche Dekoration. Die BEJMAT-St\u00fccke haben <strong>leicht variable Abmessungen<\/strong>, was Teil ihrer beabsichtigten \u00c4sthetik ist.  <\/span><\/p>\n<p><span>Bei Gomila Cer\u00e1mica sch\u00e4tzen wir die Verbindung zwischen Vergangenheit und Zukunft, die BEJMAT darstellt, sowie seine F\u00e4higkeit, verschiedene R\u00e4ume, von der Terrasse bis zur K\u00fcche, mit einem Hauch von Authentizit\u00e4t und Raffinesse zu versehen.<\/span><\/p>\n<p>[\/et_pb_text][\/et_pb_column][\/et_pb_row][et_pb_row column_structure=&#8220;1_3,1_3,1_3&#8243; _builder_version=&#8220;4.17.6&#8243; _module_preset=&#8220;default&#8220; global_colors_info=&#8220;{}&#8220;][et_pb_column type=&#8220;1_3&#8243; _builder_version=&#8220;4.17.6&#8243; _module_preset=&#8220;default&#8220; global_colors_info=&#8220;{}&#8220;][et_pb_blurb image=&#8220;https:\/\/www.gomila-ceramica.com\/wp-content\/uploads\/2023\/10\/wow_bejmat1.png&#8220; _builder_version=&#8220;4.22.2&#8243; _module_preset=&#8220;default&#8220; global_colors_info=&#8220;{}&#8220;][\/et_pb_blurb][\/et_pb_column][et_pb_column type=&#8220;1_3&#8243; _builder_version=&#8220;4.17.6&#8243; _module_preset=&#8220;default&#8220; global_colors_info=&#8220;{}&#8220;][et_pb_blurb image=&#8220;https:\/\/www.gomila-ceramica.com\/wp-content\/uploads\/2023\/10\/wow_bejmat3.png&#8220; _builder_version=&#8220;4.22.2&#8243; _module_preset=&#8220;default&#8220; global_colors_info=&#8220;{}&#8220;][\/et_pb_blurb][\/et_pb_column][et_pb_column type=&#8220;1_3&#8243; _builder_version=&#8220;4.17.6&#8243; _module_preset=&#8220;default&#8220; global_colors_info=&#8220;{}&#8220;][et_pb_blurb image=&#8220;https:\/\/www.gomila-ceramica.com\/wp-content\/uploads\/2023\/10\/wow_bejmat4.png&#8220; _builder_version=&#8220;4.22.2&#8243; _module_preset=&#8220;default&#8220; global_colors_info=&#8220;{}&#8220;][\/et_pb_blurb][\/et_pb_column][\/et_pb_row][et_pb_row column_structure=&#8220;1_3,1_3,1_3&#8243; _builder_version=&#8220;4.17.6&#8243; _module_preset=&#8220;default&#8220; global_colors_info=&#8220;{}&#8220;][et_pb_column type=&#8220;1_3&#8243; _builder_version=&#8220;4.17.6&#8243; _module_preset=&#8220;default&#8220; global_colors_info=&#8220;{}&#8220;][et_pb_blurb image=&#8220;https:\/\/www.gomila-ceramica.com\/wp-content\/uploads\/2023\/10\/wow_bejmat5.png&#8220; _builder_version=&#8220;4.22.2&#8243; _module_preset=&#8220;default&#8220; global_colors_info=&#8220;{}&#8220;][\/et_pb_blurb][\/et_pb_column][et_pb_column type=&#8220;1_3&#8243; _builder_version=&#8220;4.17.6&#8243; _module_preset=&#8220;default&#8220; global_colors_info=&#8220;{}&#8220;][et_pb_blurb image=&#8220;https:\/\/www.gomila-ceramica.com\/wp-content\/uploads\/2023\/10\/wow_bejmat6.png&#8220; _builder_version=&#8220;4.22.2&#8243; _module_preset=&#8220;default&#8220; global_colors_info=&#8220;{}&#8220;][\/et_pb_blurb][\/et_pb_column][et_pb_column type=&#8220;1_3&#8243; _builder_version=&#8220;4.17.6&#8243; _module_preset=&#8220;default&#8220; global_colors_info=&#8220;{}&#8220;][et_pb_blurb image=&#8220;https:\/\/www.gomila-ceramica.com\/wp-content\/uploads\/2023\/10\/wow_bejmat7.png&#8220; _builder_version=&#8220;4.22.2&#8243; _module_preset=&#8220;default&#8220; global_colors_info=&#8220;{}&#8220;][\/et_pb_blurb][\/et_pb_column][\/et_pb_row][et_pb_row _builder_version=&#8220;4.22.2&#8243; _module_preset=&#8220;default&#8220; global_colors_info=&#8220;{}&#8220;][et_pb_column type=&#8220;4_4&#8243; _builder_version=&#8220;4.22.2&#8243; _module_preset=&#8220;default&#8220; global_colors_info=&#8220;{}&#8220;][et_pb_button button_url=&#8220;https:\/\/drive.google.com\/file\/d\/194wVtcgXQUWhSQQGgeT3YUvhBni31mxO\/view?usp=drive_link&#8220; url_new_window=&#8220;on&#8220; button_text=&#8220;Mit Bejmat die Tradition erforschen&#8220; button_alignment=&#8220;center&#8220; _builder_version=&#8220;4.22.2&#8243; _module_preset=&#8220;default&#8220; box_shadow_style=&#8220;preset2&#8243; global_colors_info=&#8220;{}&#8220;][\/et_pb_button][et_pb_text _builder_version=&#8220;4.22.2&#8243; _module_preset=&#8220;default&#8220; global_colors_info=&#8220;{}&#8220;]<\/p>\n<p><span>Die <strong>Enso-Kollektion<\/strong> von WOW Designeu ist inspiriert vom alten Symbol des Zen-Buddhismus, dem Kreis, der f\u00fcr Erleuchtung, Eleganz und Einfachheit steht.  <\/span><\/p>\n<p><span>Diese Kollektion f\u00e4ngt mit ihren Designs die Essenz von Minimalismus und Perfektion ein. Enso bietet eine Reihe von Optionen<strong> von rustikaler Schlichtheit bis hin zu nat\u00fcrlicher Eleganz<\/strong>. Bei Gomila Cer\u00e1mica sch\u00e4tzen wir die Verbindung von Enso mit der Tradition und der Natur und seine F\u00e4higkeit, Ruhe und W\u00e4rme in jeder Umgebung zu vermitteln.<\/span><\/p>\n<p>[\/et_pb_text][\/et_pb_column][\/et_pb_row][et_pb_row column_structure=&#8220;1_3,1_3,1_3&#8243; _builder_version=&#8220;4.17.6&#8243; _module_preset=&#8220;default&#8220; global_colors_info=&#8220;{}&#8220;][et_pb_column type=&#8220;1_3&#8243; _builder_version=&#8220;4.17.6&#8243; _module_preset=&#8220;default&#8220; global_colors_info=&#8220;{}&#8220;][et_pb_blurb image=&#8220;https:\/\/www.gomila-ceramica.com\/wp-content\/uploads\/2023\/10\/wow_enso4.png&#8220; _builder_version=&#8220;4.22.2&#8243; _module_preset=&#8220;default&#8220; global_colors_info=&#8220;{}&#8220;][\/et_pb_blurb][\/et_pb_column][et_pb_column type=&#8220;1_3&#8243; _builder_version=&#8220;4.17.6&#8243; _module_preset=&#8220;default&#8220; global_colors_info=&#8220;{}&#8220;][et_pb_blurb image=&#8220;https:\/\/www.gomila-ceramica.com\/wp-content\/uploads\/2023\/10\/wow_enso2.png&#8220; _builder_version=&#8220;4.22.2&#8243; _module_preset=&#8220;default&#8220; global_colors_info=&#8220;{}&#8220;][\/et_pb_blurb][\/et_pb_column][et_pb_column type=&#8220;1_3&#8243; _builder_version=&#8220;4.17.6&#8243; _module_preset=&#8220;default&#8220; global_colors_info=&#8220;{}&#8220;][et_pb_blurb image=&#8220;https:\/\/www.gomila-ceramica.com\/wp-content\/uploads\/2023\/10\/wow_enso6.png&#8220; _builder_version=&#8220;4.22.2&#8243; _module_preset=&#8220;default&#8220; global_colors_info=&#8220;{}&#8220;][\/et_pb_blurb][\/et_pb_column][\/et_pb_row][et_pb_row _builder_version=&#8220;4.22.2&#8243; _module_preset=&#8220;default&#8220; global_colors_info=&#8220;{}&#8220;][et_pb_column type=&#8220;4_4&#8243; _builder_version=&#8220;4.22.2&#8243; _module_preset=&#8220;default&#8220; global_colors_info=&#8220;{}&#8220;][et_pb_button button_url=&#8220;https:\/\/drive.google.com\/file\/d\/1xwDBuir0UtsC2kqZ7TAHqMQ15tz59uUl\/view?usp=drive_link&#8220; url_new_window=&#8220;on&#8220; button_text=&#8220;Entdecken Sie den Zen-Buddhismus von Enso&#8220; button_alignment=&#8220;center&#8220; _builder_version=&#8220;4.22.2&#8243; _module_preset=&#8220;default&#8220; box_shadow_style=&#8220;preset2&#8243; global_colors_info=&#8220;{}&#8220;][\/et_pb_button][et_pb_text _builder_version=&#8220;4.23&#8243; _module_preset=&#8220;default&#8220; hover_enabled=&#8220;0&#8243; global_colors_info=&#8220;{}&#8220; sticky_enabled=&#8220;0&#8243;]<\/p>\n<p><span>Wir von Gomila Cer\u00e1mica haben es uns zur Aufgabe gemacht, Ihnen au\u00dfergew\u00f6hnliche keramische L\u00f6sungen anzubieten, die inspirieren und unvergessliche R\u00e4ume schaffen.  <\/span><\/p>\n<p><span>Wenn Sie sich von den Kollektionen von WOW Designeu inspirieren lassen oder weitere M\u00f6glichkeiten erkunden m\u00f6chten, z\u00f6gern Sie bitte nicht, uns zu kontaktieren.  <\/span><\/p>\n<p><strong>Wir helfen Ihnen, den Anbieter und das Design zu finden, das Ihren Bed\u00fcrfnissen am besten entspricht.  <\/strong><\/p>\n<p><span>Die Zusammenarbeit mit WOW Designeu ist Ausdruck unseres st\u00e4ndigen Strebens nach Exzellenz und Innovation in der Welt der Keramik.<\/span><\/p>\n<p>[\/et_pb_text][\/et_pb_column][\/et_pb_row][\/et_pb_section]<\/p>\n","protected":false},"excerpt":{"rendered":"<p>Die Leidenschaft von Gomila Cer\u00e1mica, unseren Kunden au\u00dfergew\u00f6hnliche keramische L\u00f6sungen anzubieten, veranlasst uns, mit Lieferanten zusammenzuarbeiten, die unser Engagement f\u00fcr Qualit\u00e4t, Innovation und Kreativit\u00e4t teilen. WOW Designeu ist ein Designstudio, das sich auf exklusive Keramikprojekte spezialisiert hat. Die Konzentration auf die neuesten Farbtrends und Materialausf\u00fchrungen in Verbindung mit Spitzentechnologie passt perfekt zu unserer Vision, qualitativ [&hellip;]<\/p>\n","protected":false},"author":2,"featured_media":0,"parent":0,"menu_order":0,"comment_status":"closed","ping_status":"closed","template":"","meta":{"_et_pb_use_builder":"on","_et_pb_old_content":"","_et_gb_content_width":"","footnotes":""},"class_list":["post-2528","page","type-page","status-publish","hentry"],"_links":{"self":[{"href":"https:\/\/www.gomila-ceramica.com\/de\/wp-json\/wp\/v2\/pages\/2528","targetHints":{"allow":["GET"]}}],"collection":[{"href":"https:\/\/www.gomila-ceramica.com\/de\/wp-json\/wp\/v2\/pages"}],"about":[{"href":"https:\/\/www.gomila-ceramica.com\/de\/wp-json\/wp\/v2\/types\/page"}],"author":[{"embeddable":true,"href":"https:\/\/www.gomila-ceramica.com\/de\/wp-json\/wp\/v2\/users\/2"}],"replies":[{"embeddable":true,"href":"https:\/\/www.gomila-ceramica.com\/de\/wp-json\/wp\/v2\/comments?post=2528"}],"version-history":[{"count":10,"href":"https:\/\/www.gomila-ceramica.com\/de\/wp-json\/wp\/v2\/pages\/2528\/revisions"}],"predecessor-version":[{"id":3493,"href":"https:\/\/www.gomila-ceramica.com\/de\/wp-json\/wp\/v2\/pages\/2528\/revisions\/3493"}],"wp:attachment":[{"href":"https:\/\/www.gomila-ceramica.com\/de\/wp-json\/wp\/v2\/media?parent=2528"}],"curies":[{"name":"wp","href":"https:\/\/api.w.org\/{rel}","templated":true}]}}