{"id":2529,"date":"2023-10-21T02:32:56","date_gmt":"2023-10-21T02:32:56","guid":{"rendered":"https:\/\/www.gomila-ceramica.com\/kronos\/"},"modified":"2023-10-27T08:13:20","modified_gmt":"2023-10-27T08:13:20","slug":"kronos","status":"publish","type":"page","link":"https:\/\/www.gomila-ceramica.com\/de\/kronos\/","title":{"rendered":"Kronos"},"content":{"rendered":"<p>[et_pb_section fb_built=&#8220;1&#8243; fullwidth=&#8220;on&#8220; _builder_version=&#8220;4.22.2&#8243; background_enable_image=&#8220;off&#8220; parallax=&#8220;on&#8220; background_blend=&#8220;multiply&#8220; custom_padding=&#8220;0px||0px||true|false&#8220; global_colors_info=&#8220;{}&#8220;][et_pb_fullwidth_header title=&#8220;Kronos&#8220; subhead=&#8220;Innovation durch Tradition&#8220; button_one_text=&#8220;Kontaktieren Sie uns&#8220; button_one_url=&#8220;https:\/\/www.gomila-ceramica.com\/de\/kontakt\/&#8220; _builder_version=&#8220;4.22.2&#8243; _module_preset=&#8220;default&#8220; background_color=&#8220;rgba(0,0,0,0.28)&#8220; background_image=&#8220;https:\/\/www.gomila-ceramica.com\/wp-content\/uploads\/2023\/10\/wood-effect-tiles-for-bedrooms.jpg&#8220; background_size=&#8220;custom&#8220; background_image_width=&#8220;33%&#8220; background_position=&#8220;center_right&#8220; link_option_url_new_window=&#8220;on&#8220; global_colors_info=&#8220;{}&#8220;][\/et_pb_fullwidth_header][\/et_pb_section][et_pb_section fb_built=&#8220;1&#8243; admin_label=&#8220;section&#8220; _builder_version=&#8220;4.16&#8243; custom_padding=&#8220;45px|||||&#8220; global_colors_info=&#8220;{}&#8220;][et_pb_row _builder_version=&#8220;4.17.6&#8243; _module_preset=&#8220;default&#8220; custom_padding=&#8220;17px|||||&#8220; global_colors_info=&#8220;{}&#8220;][et_pb_column type=&#8220;4_4&#8243; _builder_version=&#8220;4.17.6&#8243; _module_preset=&#8220;default&#8220; global_colors_info=&#8220;{}&#8220;][et_pb_text _builder_version=&#8220;4.22.2&#8243; _module_preset=&#8220;default&#8220; global_colors_info=&#8220;{}&#8220;]<\/p>\n<p>Wir bei Gomila Cer\u00e1mica sind stolz darauf, mit Lieferanten zusammenzuarbeiten, die in der Welt der Keramik Spitzenleistungen und Innovationen verk\u00f6rpern.<\/p>\n<p><strong>Kronos Ceramiche<\/strong>, ein Unternehmen, das sich kontinuierlich f\u00fcr Qualit\u00e4t und Kreativit\u00e4t einsetzt, ist f\u00fcr uns eine nat\u00fcrliche Wahl. Seine 30-j\u00e4hrige Geschichte in der Keramikindustrie und sein Engagement f\u00fcr hervorragende Leistungen machen es zu einem zuverl\u00e4ssigen Partner.<\/p>\n<p>Eine der von unseren Kunden am h\u00e4ufigsten gew\u00e4hlten Kollektionen von Kronos Ceramiche ist <strong>Les Bois<\/strong>. Diese Kollektion hebt <strong>die Sch\u00f6nheit und Authentizit\u00e4t von Holz<\/strong> auf ein neues Niveau.<\/p>\n<p>Jede Fliese von Les Bois wurde sorgf\u00e4ltig entworfen, um die Essenz des nat\u00fcrlichen Holzes einzufangen, von der Textur bis hin zu den verschiedenen Farbt\u00f6nen. Die verwendete Technologie garantiert eine originalgetreue Wiedergabe und eine <strong>au\u00dfergew\u00f6hnliche Widerstandsf\u00e4higkeit<\/strong>.<\/p>\n<p>Bei Gomila Cer\u00e1mica sch\u00e4tzen wir die Vielseitigkeit von Les Bois, die es uns erm\u00f6glicht, die W\u00e4rme und den Charme des Holzes in jeden Raum zu bringen, ohne uns um die Pflege k\u00fcmmern zu m\u00fcssen.<\/p>\n<p>Diese Kollektion eignet sich perfekt f\u00fcr die Schaffung gem\u00fctlicher und nat\u00fcrlicher Umgebungen, von Wohnungen bis zu Gesch\u00e4ften. Die St\u00e4rke von Les Bois macht es <strong>sowohl f\u00fcr den Innen- als auch f\u00fcr den Au\u00dfenbereich geeignet,<\/strong> was die Gestaltungsm\u00f6glichkeiten noch erweitert.<\/p>\n<p>[\/et_pb_text][\/et_pb_column][\/et_pb_row][et_pb_row column_structure=&#8220;1_3,1_3,1_3&#8243; _builder_version=&#8220;4.17.6&#8243; _module_preset=&#8220;default&#8220; global_colors_info=&#8220;{}&#8220;][et_pb_column type=&#8220;1_3&#8243; _builder_version=&#8220;4.17.6&#8243; _module_preset=&#8220;default&#8220; global_colors_info=&#8220;{}&#8220;][et_pb_blurb image=&#8220;https:\/\/www.gomila-ceramica.com\/wp-content\/uploads\/2023\/10\/porcelain-stoneware-in-the-bathroom.jpg&#8220; _builder_version=&#8220;4.22.2&#8243; _module_preset=&#8220;default&#8220; global_colors_info=&#8220;{}&#8220;][\/et_pb_blurb][\/et_pb_column][et_pb_column type=&#8220;1_3&#8243; _builder_version=&#8220;4.17.6&#8243; _module_preset=&#8220;default&#8220; global_colors_info=&#8220;{}&#8220;][et_pb_blurb image=&#8220;https:\/\/www.gomila-ceramica.com\/wp-content\/uploads\/2023\/10\/wood-tiles.jpg&#8220; _builder_version=&#8220;4.22.2&#8243; _module_preset=&#8220;default&#8220; global_colors_info=&#8220;{}&#8220;][\/et_pb_blurb][\/et_pb_column][et_pb_column type=&#8220;1_3&#8243; _builder_version=&#8220;4.17.6&#8243; _module_preset=&#8220;default&#8220; global_colors_info=&#8220;{}&#8220;][et_pb_blurb image=&#8220;https:\/\/www.gomila-ceramica.com\/wp-content\/uploads\/2023\/10\/porcelain-wood-tile-bathroom.jpg&#8220; _builder_version=&#8220;4.22.2&#8243; _module_preset=&#8220;default&#8220; global_colors_info=&#8220;{}&#8220;][\/et_pb_blurb][\/et_pb_column][\/et_pb_row][et_pb_row _builder_version=&#8220;4.22.2&#8243; _module_preset=&#8220;default&#8220; global_colors_info=&#8220;{}&#8220;][et_pb_column type=&#8220;4_4&#8243; _builder_version=&#8220;4.22.2&#8243; _module_preset=&#8220;default&#8220; global_colors_info=&#8220;{}&#8220;][et_pb_button button_url=&#8220;https:\/\/drive.google.com\/file\/d\/1WGNU6Etwx_P0HGpWW2f9WhmjhWUnDMaU\/view?usp=drive_link&#8220; url_new_window=&#8220;on&#8220; button_text=&#8220;Entdecken Sie die Kollektion Les Bois&#8220; button_alignment=&#8220;center&#8220; _builder_version=&#8220;4.22.2&#8243; _module_preset=&#8220;default&#8220; box_shadow_style=&#8220;preset2&#8243; global_colors_info=&#8220;{}&#8220;][\/et_pb_button][\/et_pb_column][\/et_pb_row][et_pb_row _builder_version=&#8220;4.17.6&#8243; _module_preset=&#8220;default&#8220; custom_padding=&#8220;15px|||||&#8220; global_colors_info=&#8220;{}&#8220;][et_pb_column type=&#8220;4_4&#8243; _builder_version=&#8220;4.17.6&#8243; _module_preset=&#8220;default&#8220; global_colors_info=&#8220;{}&#8220;][et_pb_text _builder_version=&#8220;4.23&#8243; _module_preset=&#8220;default&#8220; hover_enabled=&#8220;0&#8243; global_colors_info=&#8220;{}&#8220; sticky_enabled=&#8220;0&#8243;]<\/p>\n<p><span style=\"font-weight: 400;\">Wenn Sie sich von der Sch\u00f6nheit von Les Bois de Kronos Ceramiche inspirieren lassen oder weitere M\u00f6glichkeiten erkunden m\u00f6chten, z\u00f6gern Sie bitte nicht, uns zu kontaktieren.  <\/span><\/p>\n<p><span style=\"font-weight: 400;\">Die Zusammenarbeit mit Kronos Ceramiche spiegelt unser Bestreben wider, <strong>au\u00dfergew\u00f6hnliche keramische L\u00f6sungen <\/strong> zu liefern <strong>, die R\u00e4ume in denkw\u00fcrdige und dauerhafte Orte verwandeln <\/strong>.  <\/span><\/p>\n<p><span style=\"font-weight: 400;\">Gomila Ceramica ist stolz darauf, qualitativ hochwertige und stilvolle Produkte anzubieten, und Kronos Ceramiche ist ein wesentlicher Bestandteil dieses Versprechens.<\/span><\/p>\n<p><span style=\"font-weight: 400;\">Wir helfen Ihnen, den Anbieter und das Design zu finden, das Ihren Bed\u00fcrfnissen am besten entspricht.<\/span><\/p>\n<p>[\/et_pb_text][\/et_pb_column][\/et_pb_row][\/et_pb_section]<\/p>\n","protected":false},"excerpt":{"rendered":"<p>Wir bei Gomila Cer\u00e1mica sind stolz darauf, mit Lieferanten zusammenzuarbeiten, die in der Welt der Keramik Spitzenleistungen und Innovationen verk\u00f6rpern. Kronos Ceramiche, ein Unternehmen, das sich kontinuierlich f\u00fcr Qualit\u00e4t und Kreativit\u00e4t einsetzt, ist f\u00fcr uns eine nat\u00fcrliche Wahl. Seine 30-j\u00e4hrige Geschichte in der Keramikindustrie und sein Engagement f\u00fcr hervorragende Leistungen machen es zu einem zuverl\u00e4ssigen [&hellip;]<\/p>\n","protected":false},"author":2,"featured_media":0,"parent":0,"menu_order":0,"comment_status":"closed","ping_status":"closed","template":"","meta":{"_et_pb_use_builder":"on","_et_pb_old_content":"","_et_gb_content_width":"","footnotes":""},"class_list":["post-2529","page","type-page","status-publish","hentry"],"_links":{"self":[{"href":"https:\/\/www.gomila-ceramica.com\/de\/wp-json\/wp\/v2\/pages\/2529","targetHints":{"allow":["GET"]}}],"collection":[{"href":"https:\/\/www.gomila-ceramica.com\/de\/wp-json\/wp\/v2\/pages"}],"about":[{"href":"https:\/\/www.gomila-ceramica.com\/de\/wp-json\/wp\/v2\/types\/page"}],"author":[{"embeddable":true,"href":"https:\/\/www.gomila-ceramica.com\/de\/wp-json\/wp\/v2\/users\/2"}],"replies":[{"embeddable":true,"href":"https:\/\/www.gomila-ceramica.com\/de\/wp-json\/wp\/v2\/comments?post=2529"}],"version-history":[{"count":10,"href":"https:\/\/www.gomila-ceramica.com\/de\/wp-json\/wp\/v2\/pages\/2529\/revisions"}],"predecessor-version":[{"id":3483,"href":"https:\/\/www.gomila-ceramica.com\/de\/wp-json\/wp\/v2\/pages\/2529\/revisions\/3483"}],"wp:attachment":[{"href":"https:\/\/www.gomila-ceramica.com\/de\/wp-json\/wp\/v2\/media?parent=2529"}],"curies":[{"name":"wp","href":"https:\/\/api.w.org\/{rel}","templated":true}]}}