{"id":2530,"date":"2023-10-21T02:32:56","date_gmt":"2023-10-21T02:32:56","guid":{"rendered":"https:\/\/www.gomila-ceramica.com\/atlas-concorde\/"},"modified":"2023-10-27T05:38:23","modified_gmt":"2023-10-27T05:38:23","slug":"atlas-concorde","status":"publish","type":"page","link":"https:\/\/www.gomila-ceramica.com\/de\/atlas-concorde\/","title":{"rendered":"Atlas Concorde"},"content":{"rendered":"<p>[et_pb_section fb_built=&#8220;1&#8243; fullwidth=&#8220;on&#8220; _builder_version=&#8220;4.22.2&#8243; background_enable_image=&#8220;off&#8220; parallax=&#8220;on&#8220; background_blend=&#8220;multiply&#8220; custom_padding=&#8220;0px||0px||true|false&#8220; global_colors_info=&#8220;{}&#8220;][et_pb_fullwidth_header title=&#8220;Atlas Concorde&#8220; subhead=&#8220;Unerm\u00fcdliches Engagement f\u00fcr Spitzenleistungen&#8220; button_one_text=&#8220;Kontaktieren Sie uns&#8220; button_one_url=&#8220;https:\/\/www.gomila-ceramica.com\/de\/kontakt\/&#8220; _builder_version=&#8220;4.22.2&#8243; _module_preset=&#8220;default&#8220; background_color=&#8220;rgba(0,0,0,0.28)&#8220; background_image=&#8220;https:\/\/www.gomila-ceramica.com\/wp-content\/uploads\/2023\/10\/atlasconcorde_marvel.png&#8220; background_size=&#8220;custom&#8220; background_image_width=&#8220;33%&#8220; background_position=&#8220;center_right&#8220; link_option_url_new_window=&#8220;on&#8220; global_colors_info=&#8220;{}&#8220;][\/et_pb_fullwidth_header][\/et_pb_section][et_pb_section fb_built=&#8220;1&#8243; admin_label=&#8220;section&#8220; _builder_version=&#8220;4.16&#8243; custom_padding=&#8220;45px|||||&#8220; global_colors_info=&#8220;{}&#8220;][et_pb_row _builder_version=&#8220;4.17.6&#8243; _module_preset=&#8220;default&#8220; custom_padding=&#8220;17px|||||&#8220; global_colors_info=&#8220;{}&#8220;][et_pb_column type=&#8220;4_4&#8243; _builder_version=&#8220;4.17.6&#8243; _module_preset=&#8220;default&#8220; global_colors_info=&#8220;{}&#8220;][et_pb_text _builder_version=&#8220;4.22.2&#8243; _module_preset=&#8220;default&#8220; global_colors_info=&#8220;{}&#8220;]<\/p>\n<p><span>Bei Gomila Cer\u00e1mica legen wir Wert auf Authentizit\u00e4t und Innovation in der Welt der Keramik.  <\/span><\/p>\n<p><span>Unsere Entscheidung, mit <strong>Atlas Concorde<\/strong> zusammenzuarbeiten, einem Unternehmen, das <strong>sich unerm\u00fcdlich f\u00fcr Spitzenleistungen<\/strong> und Kreativit\u00e4t <strong>einsetzt<\/strong>, spiegelt unser Engagement wider, unseren Kunden au\u00dfergew\u00f6hnliche Produkte zu liefern.<\/span><\/p>\n<p>&nbsp;<\/p>\n<p>Eine der Kollektionen, die unsere Kunden sehr sch\u00e4tzen, ist <strong>Marvel Pro von Atlas Concorde<\/strong>.<\/p>\n<p>Diese Kollektion ist ein Beweis f\u00fcr das Engagement von Atlas Concorde f\u00fcr Spitzenleistungen und die Liebe zum Detail. Jede Fliese der <strong>Marvel Pro-Kollektion reproduziert perfekt die komplizierten Muster und Farben von nat\u00fcrlichem Marmor<\/strong> und bietet ein au\u00dfergew\u00f6hnlich realistisches Aussehen.<\/p>\n<p>Der au\u00dfergew\u00f6hnliche Realismus von Marvel Pro liegt in seiner <strong>F\u00e4higkeit<\/strong> <strong>, die chromatische Tiefe und den Reichtum des grafischen Designs der Referenzmurmeln zu erfassen<\/strong>.<\/p>\n<p>Die gl\u00e4nzenden Oberfl\u00e4chen erinnern an die Sch\u00f6nheit von leicht gealtertem Marmor und bringen einen Hauch von Eleganz in jeden Raum.<\/p>\n<p>Dar\u00fcber hinaus bietet die Kollektion eine breite Palette von Farbt\u00f6nen, von reinem Wei\u00df mit grauen Adern bis hin zu satten Beiget\u00f6nen und dunklem franz\u00f6sischen Marmor.<\/p>\n<p>&nbsp;<\/p>\n<p>Marvel Pro Feinsteinzeug ist nicht nur optisch beeindruckend, sondern auch \u00e4u\u00dferst praktisch. Die gl\u00e4nzende Oberfl\u00e4che ist <strong>leicht zu reinigen, schmutz- und chemikalienbest\u00e4ndig und bleibt im Laufe der Zeit unver\u00e4nderlich<\/strong>.<\/p>\n<p>Die Vielseitigkeit der verf\u00fcgbaren Formate <strong>erlaubt es den Innenarchitekten, sich v\u00f6llig frei auszudr\u00fccken<\/strong> und den Marmoreffekt an eine Vielzahl von zeitgen\u00f6ssischen Umgebungen anzupassen, von beeindruckender Architektur bis hin zu kommerziellen und privaten Projekten.<\/p>\n<p>[\/et_pb_text][\/et_pb_column][\/et_pb_row][et_pb_row column_structure=&#8220;1_3,1_3,1_3&#8243; _builder_version=&#8220;4.22.2&#8243; _module_preset=&#8220;default&#8220; global_colors_info=&#8220;{}&#8220;][et_pb_column type=&#8220;1_3&#8243; _builder_version=&#8220;4.22.2&#8243; _module_preset=&#8220;default&#8220; global_colors_info=&#8220;{}&#8220;][et_pb_image src=&#8220;https:\/\/www.gomila-ceramica.com\/wp-content\/uploads\/2023\/10\/atlasconcorde_marvel5.png&#8220; title_text=&#8220;atlasconcorde_marvel5&#8243; _builder_version=&#8220;4.22.2&#8243; _module_preset=&#8220;default&#8220; custom_padding=&#8220;||0px|||&#8220; global_colors_info=&#8220;{}&#8220;][\/et_pb_image][\/et_pb_column][et_pb_column type=&#8220;1_3&#8243; _builder_version=&#8220;4.22.2&#8243; _module_preset=&#8220;default&#8220; global_colors_info=&#8220;{}&#8220;][et_pb_image src=&#8220;https:\/\/www.gomila-ceramica.com\/wp-content\/uploads\/2023\/10\/atlasconcorde_marvel3.png&#8220; title_text=&#8220;atlasconcorde_marvel3&#8243; _builder_version=&#8220;4.22.2&#8243; _module_preset=&#8220;default&#8220; global_colors_info=&#8220;{}&#8220;][\/et_pb_image][\/et_pb_column][et_pb_column type=&#8220;1_3&#8243; _builder_version=&#8220;4.22.2&#8243; _module_preset=&#8220;default&#8220; global_colors_info=&#8220;{}&#8220;][et_pb_image src=&#8220;https:\/\/www.gomila-ceramica.com\/wp-content\/uploads\/2023\/10\/atlasconcorde_marvel4.png&#8220; title_text=&#8220;atlasconcorde_marvel4&#8243; _builder_version=&#8220;4.22.2&#8243; _module_preset=&#8220;default&#8220; global_colors_info=&#8220;{}&#8220;][\/et_pb_image][\/et_pb_column][\/et_pb_row][et_pb_row _builder_version=&#8220;4.17.6&#8243; _module_preset=&#8220;default&#8220; custom_padding=&#8220;15px|||||&#8220; global_colors_info=&#8220;{}&#8220;][et_pb_column type=&#8220;4_4&#8243; _builder_version=&#8220;4.17.6&#8243; _module_preset=&#8220;default&#8220; global_colors_info=&#8220;{}&#8220;][et_pb_button button_url=&#8220;https:\/\/drive.google.com\/file\/d\/11IKNwTGxZz7DZYNo0Ka3AfTUqFXSDijQ\/view?usp=drive_link&#8220; url_new_window=&#8220;on&#8220; button_text=&#8220;Entdecken Sie den Reichtum von Marvel Pro&#8220; button_alignment=&#8220;center&#8220; _builder_version=&#8220;4.22.2&#8243; _module_preset=&#8220;default&#8220; box_shadow_style=&#8220;preset2&#8243; global_colors_info=&#8220;{}&#8220;][\/et_pb_button][et_pb_text _builder_version=&#8220;4.22.2&#8243; _module_preset=&#8220;default&#8220; global_colors_info=&#8220;{}&#8220;]<\/p>\n<p>Eine weitere Kollektion, die die Authentizit\u00e4t und Kreativit\u00e4t von Atlas Concorde unterstreicht, ist <strong>Boost Natural<\/strong>.<\/p>\n<p>Inspiriert von der Sch\u00f6nheit der rohen Erde, f\u00e4ngt diese Kollektion das <strong>nat\u00fcrliche Wesen des Tons<\/strong> auf au\u00dfergew\u00f6hnliche Weise ein. Boost Natural Fliesen <strong>interpretieren die Unregelm\u00e4\u00dfigkeiten und erdigen Farben<\/strong> des Tons auf \u00fcberraschend realistische Weise <strong>neu<\/strong>.<\/p>\n<p>In <strong>Zusammenarbeit mit dem italienischen Architekten Matteo Brioni<\/strong> hat Atlas Concorde eine Feinsteinzeugkollektion f\u00fcr Boden- und Wandfliesen entwickelt, die der Authentizit\u00e4t des Materials entspricht, von dem sie sich inspirieren l\u00e4sst. Die Kollektion bietet eine <strong>Vielzahl von Formaten und Gestaltungsm\u00f6glichkeiten<\/strong> f\u00fcr Innenr\u00e4ume mit einer starken und eleganten Pers\u00f6nlichkeit.<\/p>\n<p>[\/et_pb_text][\/et_pb_column][\/et_pb_row][et_pb_row column_structure=&#8220;1_3,1_3,1_3&#8243; _builder_version=&#8220;4.22.2&#8243; _module_preset=&#8220;default&#8220; global_colors_info=&#8220;{}&#8220;][et_pb_column type=&#8220;1_3&#8243; _builder_version=&#8220;4.22.2&#8243; _module_preset=&#8220;default&#8220; global_colors_info=&#8220;{}&#8220;][et_pb_image src=&#8220;https:\/\/www.gomila-ceramica.com\/wp-content\/uploads\/2023\/10\/atlasconcorde_natural3.png&#8220; title_text=&#8220;atlasmitnat\u00fcrlichem_corde3&#8243; _builder_version=&#8220;4.22.2&#8243; _module_preset=&#8220;default&#8220; global_colors_info=&#8220;{}&#8220;][\/et_pb_image][\/et_pb_column][et_pb_column type=&#8220;1_3&#8243; _builder_version=&#8220;4.22.2&#8243; _module_preset=&#8220;default&#8220; global_colors_info=&#8220;{}&#8220;][et_pb_image src=&#8220;https:\/\/www.gomila-ceramica.com\/wp-content\/uploads\/2023\/10\/atlasconcorde_natural-1.png&#8220; title_text=&#8220;atlasmitnat\u00fcrlichem_dekor&#8220; _builder_version=&#8220;4.22.2&#8243; _module_preset=&#8220;default&#8220; global_colors_info=&#8220;{}&#8220;][\/et_pb_image][\/et_pb_column][et_pb_column type=&#8220;1_3&#8243; _builder_version=&#8220;4.22.2&#8243; _module_preset=&#8220;default&#8220; global_colors_info=&#8220;{}&#8220;][et_pb_image src=&#8220;https:\/\/www.gomila-ceramica.com\/wp-content\/uploads\/2023\/10\/atlasconcorde_natural2.png&#8220; title_text=&#8220;atlasmitnat\u00fcrlichem_corde2&#8243; _builder_version=&#8220;4.22.2&#8243; _module_preset=&#8220;default&#8220; global_colors_info=&#8220;{}&#8220;][\/et_pb_image][\/et_pb_column][\/et_pb_row][et_pb_row _builder_version=&#8220;4.22.2&#8243; _module_preset=&#8220;default&#8220; global_colors_info=&#8220;{}&#8220;][et_pb_column type=&#8220;4_4&#8243; _builder_version=&#8220;4.22.2&#8243; _module_preset=&#8220;default&#8220; global_colors_info=&#8220;{}&#8220;][et_pb_button button_url=&#8220;https:\/\/drive.google.com\/file\/d\/1ak_d2HDX6FdzloNilEADS90NI-44jN8q\/view?usp=drive_link&#8220; url_new_window=&#8220;on&#8220; button_text=&#8220;Erfassen Sie die Essenz von Boost Natural  &#8220; button_alignment=&#8220;center&#8220; _builder_version=&#8220;4.22.2&#8243; _module_preset=&#8220;default&#8220; box_shadow_style=&#8220;preset2&#8243; global_colors_info=&#8220;{}&#8220;][\/et_pb_button][\/et_pb_column][\/et_pb_row][et_pb_row _builder_version=&#8220;4.22.2&#8243; _module_preset=&#8220;default&#8220; global_colors_info=&#8220;{}&#8220;][et_pb_column type=&#8220;4_4&#8243; _builder_version=&#8220;4.22.2&#8243; _module_preset=&#8220;default&#8220; global_colors_info=&#8220;{}&#8220;][et_pb_text _builder_version=&#8220;4.23&#8243; _module_preset=&#8220;default&#8220; hover_enabled=&#8220;0&#8243; global_colors_info=&#8220;{}&#8220; sticky_enabled=&#8220;0&#8243;]<\/p>\n<p><span>Wir von Gomila Cer\u00e1mica freuen uns, unseren Kunden diese au\u00dfergew\u00f6hnlichen Atlas Concorde Kollektionen anbieten zu k\u00f6nnen.  <\/span><\/p>\n<p><span>Wenn Sie auf der Suche nach keramischen L\u00f6sungen sind, die <strong>Sch\u00f6nheit und Zweckm\u00e4\u00dfigkeit<\/strong> verbinden, z\u00f6gern Sie nicht, uns zu kontaktieren.  <\/span><\/p>\n<p><span>Wir helfen Ihnen gerne, die idealen Produkte f\u00fcr Ihr Projekt zu finden.  <\/span><\/p>\n<p><span>Die Zusammenarbeit mit Atlas Concorde ist ein Beweis f\u00fcr unser Engagement, das Beste in Design und Qualit\u00e4t zu liefern.<\/span><\/p>\n<p>[\/et_pb_text][\/et_pb_column][\/et_pb_row][\/et_pb_section]<\/p>\n","protected":false},"excerpt":{"rendered":"<p>Bei Gomila Cer\u00e1mica legen wir Wert auf Authentizit\u00e4t und Innovation in der Welt der Keramik. Unsere Entscheidung, mit Atlas Concorde zusammenzuarbeiten, einem Unternehmen, das sich unerm\u00fcdlich f\u00fcr Spitzenleistungen und Kreativit\u00e4t einsetzt, spiegelt unser Engagement wider, unseren Kunden au\u00dfergew\u00f6hnliche Produkte zu liefern. &nbsp; Eine der Kollektionen, die unsere Kunden sehr sch\u00e4tzen, ist Marvel Pro von Atlas [&hellip;]<\/p>\n","protected":false},"author":2,"featured_media":0,"parent":0,"menu_order":0,"comment_status":"closed","ping_status":"closed","template":"","meta":{"_et_pb_use_builder":"on","_et_pb_old_content":"","_et_gb_content_width":"","footnotes":""},"class_list":["post-2530","page","type-page","status-publish","hentry"],"_links":{"self":[{"href":"https:\/\/www.gomila-ceramica.com\/de\/wp-json\/wp\/v2\/pages\/2530","targetHints":{"allow":["GET"]}}],"collection":[{"href":"https:\/\/www.gomila-ceramica.com\/de\/wp-json\/wp\/v2\/pages"}],"about":[{"href":"https:\/\/www.gomila-ceramica.com\/de\/wp-json\/wp\/v2\/types\/page"}],"author":[{"embeddable":true,"href":"https:\/\/www.gomila-ceramica.com\/de\/wp-json\/wp\/v2\/users\/2"}],"replies":[{"embeddable":true,"href":"https:\/\/www.gomila-ceramica.com\/de\/wp-json\/wp\/v2\/comments?post=2530"}],"version-history":[{"count":10,"href":"https:\/\/www.gomila-ceramica.com\/de\/wp-json\/wp\/v2\/pages\/2530\/revisions"}],"predecessor-version":[{"id":3419,"href":"https:\/\/www.gomila-ceramica.com\/de\/wp-json\/wp\/v2\/pages\/2530\/revisions\/3419"}],"wp:attachment":[{"href":"https:\/\/www.gomila-ceramica.com\/de\/wp-json\/wp\/v2\/media?parent=2530"}],"curies":[{"name":"wp","href":"https:\/\/api.w.org\/{rel}","templated":true}]}}