{"id":2531,"date":"2023-10-21T02:32:56","date_gmt":"2023-10-21T02:32:56","guid":{"rendered":"https:\/\/www.gomila-ceramica.com\/coem-keramik\/"},"modified":"2023-11-28T06:44:36","modified_gmt":"2023-11-28T06:44:36","slug":"coem-keramik","status":"publish","type":"page","link":"https:\/\/www.gomila-ceramica.com\/de\/coem-keramik\/","title":{"rendered":"Coem-Keramik"},"content":{"rendered":"<p>[et_pb_section fb_built=&#8220;1&#8243; fullwidth=&#8220;on&#8220; _builder_version=&#8220;4.22.2&#8243; background_enable_image=&#8220;off&#8220; parallax=&#8220;on&#8220; background_blend=&#8220;multiply&#8220; custom_padding=&#8220;0px||0px||true|false&#8220; global_colors_info=&#8220;{}&#8220;][et_pb_fullwidth_header title=&#8220;Coem-Keramik&#8220; subhead=&#8220;Design im Einklang mit der Natur&#8220; button_one_text=&#8220;Kontaktieren Sie uns&#8220; button_one_url=&#8220;https:\/\/www.gomila-ceramica.com\/de\/kontakt\/&#8220; _builder_version=&#8220;4.22.2&#8243; _module_preset=&#8220;default&#8220; background_color=&#8220;rgba(0,0,0,0.28)&#8220; background_image=&#8220;https:\/\/www.gomila-ceramica.com\/wp-content\/uploads\/2023\/10\/80ca22fd81e92f4502e66b333bca6b0e.jpg&#8220; background_size=&#8220;custom&#8220; background_image_width=&#8220;33%&#8220; background_position=&#8220;center_right&#8220; link_option_url_new_window=&#8220;on&#8220; global_colors_info=&#8220;{}&#8220;][\/et_pb_fullwidth_header][\/et_pb_section][et_pb_section fb_built=&#8220;1&#8243; admin_label=&#8220;section&#8220; _builder_version=&#8220;4.16&#8243; custom_padding=&#8220;45px|||||&#8220; global_colors_info=&#8220;{}&#8220;][et_pb_row _builder_version=&#8220;4.17.6&#8243; _module_preset=&#8220;default&#8220; custom_padding=&#8220;17px|||||&#8220; global_colors_info=&#8220;{}&#8220;][et_pb_column type=&#8220;4_4&#8243; _builder_version=&#8220;4.17.6&#8243; _module_preset=&#8220;default&#8220; global_colors_info=&#8220;{}&#8220;][et_pb_text _builder_version=&#8220;4.23&#8243; _module_preset=&#8220;default&#8220; global_colors_info=&#8220;{}&#8220;]<\/p>\n<p><span style=\"font-weight: 400;\"><strong>Coem Ceramiche<\/strong> hat stets eine <strong>tiefe Leidenschaft f\u00fcr Handwerkskunst, Design und innovative keramische L\u00f6sungen <\/strong> bewiesen.  <\/span><\/p>\n<p><span style=\"font-weight: 400;\">Als Branchenf\u00fchrer passt Coem Ceramiche perfekt zu unserer Mission, Architekten, Innenarchitekten und Hausbesitzern<strong> Inspiration und au\u00dfergew\u00f6hnliche Materialien<\/strong> f\u00fcr ihre Projekte zu bieten.<\/span><\/p>\n<p><span style=\"font-weight: 400;\">Wir stellen zwei unserer Lieblingskollektionen von Coem Ceramiche vor: Modica und Lagos.  <\/span><\/p>\n<p><span style=\"font-weight: 400;\">Diese Kollektionen verk\u00f6rpern die Werte, die wir bei Gomila Cer\u00e1mica sch\u00e4tzen: das unerm\u00fcdliche Streben nach Exzellenz, Authentizit\u00e4t in der Handwerkskunst und Qualit\u00e4t, die die Erwartungen \u00fcbertrifft.<\/span><\/p>\n<p><span style=\"font-weight: 400;\"><\/span><\/p>\n<p><span style=\"font-weight: 400;\">Die <strong>Kollektion Modica<\/strong> von Coem Ceramiche ist mit ihren <strong>klaren Linien und ihrer zeitlosen \u00c4sthetik<\/strong> ein Beweis f\u00fcr das Engagement des Unternehmens f\u00fcr Innovation.  <\/span><\/p>\n<p><span>Diese Kollektion ist eine Hommage an den <strong>Modica-Stein<\/strong>, eine Kalksteinart, die in den Iblei-Bergen in Sizilien abgebaut wird und ihren Namen von der gleichnamigen Stadt hat. Die vorherrschenden Farben sind von Natur aus hell und gehen allm\u00e4hlich von Wei\u00df mit Graut\u00f6nen in w\u00e4rmere Beiget\u00f6ne \u00fcber. Coem&#8217;s Modica <strong>f\u00e4ngt sowohl das Aussehen als auch die Farben des sizilianischen Felsens ein<\/strong>. Aufgrund seiner \u00e4u\u00dferst zarten Textur und seines Musters eignet er sich sowohl f\u00fcr Innen- als auch f\u00fcr Au\u00dfenbereiche.  <\/span><\/p>\n<p><span>Coem erweitert seine Vision und \u00e4ndert die Perspektive, indem es das Projekt mit zwei neuen und ungew\u00f6hnlichen Interpretationen des Materials bereichert: die erste ist  <strong>wird &#8222;abgemildert&#8220;, um sich an raffiniertere und minimalistischere Umgebungen anzupassen<\/strong>Die erste, sowohl in Innenr\u00e4umen als auch im Freien, w\u00e4hrend die zweite  <strong>nimmt ein &#8222;steinigeres&#8220; Aussehen an, um die urspr\u00fcngliche Atmosph\u00e4re der traditionellen Architektur besser wiederzugeben.<\/strong>  drinnen und drau\u00dfen in Modica.<\/span><\/p>\n<p>[\/et_pb_text][\/et_pb_column][\/et_pb_row][et_pb_row column_structure=&#8220;3_5,2_5&#8243; _builder_version=&#8220;4.17.6&#8243; _module_preset=&#8220;default&#8220; global_colors_info=&#8220;{}&#8220;][et_pb_column type=&#8220;3_5&#8243; _builder_version=&#8220;4.17.6&#8243; _module_preset=&#8220;default&#8220; global_colors_info=&#8220;{}&#8220;][et_pb_blurb image=&#8220;https:\/\/www.gomila-ceramica.com\/wp-content\/uploads\/2023\/11\/Ceramiche-Coem_WideGres_Modica-Beige_pavimenti-in-gres-porcellanato_rivestimenti-1-e1701153746684.jpg&#8220; _builder_version=&#8220;4.23.1&#8243; _module_preset=&#8220;default&#8220; hover_enabled=&#8220;0&#8243; global_colors_info=&#8220;{}&#8220; title_text=&#8220;Ceramiche-Coem_WideGres_Modica-Beige_pavimenti-in-gres-porcellanato_rivestimenti-1&#8243; sticky_enabled=&#8220;0&#8243;][\/et_pb_blurb][\/et_pb_column][et_pb_column type=&#8220;2_5&#8243; _builder_version=&#8220;4.17.6&#8243; _module_preset=&#8220;default&#8220; global_colors_info=&#8220;{}&#8220;][et_pb_blurb image=&#8220;https:\/\/www.gomila-ceramica.com\/wp-content\/uploads\/2023\/10\/ceramichecoem-modica-1.jpg&#8220; _builder_version=&#8220;4.22.2&#8243; _module_preset=&#8220;default&#8220; global_colors_info=&#8220;{}&#8220; custom_padding=&#8220;||3px|||&#8220;][\/et_pb_blurb][\/et_pb_column][\/et_pb_row][et_pb_row _builder_version=&#8220;4.17.6&#8243; _module_preset=&#8220;default&#8220; custom_padding=&#8220;15px|||||&#8220; global_colors_info=&#8220;{}&#8220;][et_pb_column type=&#8220;4_4&#8243; _builder_version=&#8220;4.17.6&#8243; _module_preset=&#8220;default&#8220; global_colors_info=&#8220;{}&#8220;][et_pb_button button_url=&#8220;https:\/\/drive.google.com\/file\/d\/1KWoilB9s1MnTTaPG_j7VsPnjVy7s5TDi\/view?usp=share_link&#8220; url_new_window=&#8220;on&#8220; button_text=&#8220;Reisen nach Sizilien mit der Modica Collection&#8220; button_alignment=&#8220;center&#8220; _builder_version=&#8220;4.22.2&#8243; _module_preset=&#8220;default&#8220; box_shadow_style=&#8220;preset2&#8243; global_colors_info=&#8220;{}&#8220;][\/et_pb_button][et_pb_text _builder_version=&#8220;4.22.2&#8243; _module_preset=&#8220;default&#8220; global_colors_info=&#8220;{}&#8220;]<\/p>\n<p>Tauchen Sie ein in die Sch\u00f6nheit der Natur mit der <strong>Kollektion Lagos<\/strong> aus Feinsteinzeug mit Steineffekt von Coem Ceramiche.<\/p>\n<p>Diese Kollektion hat ihre Wurzeln in nat\u00fcrlich vorkommendem Kalkstein in einer Vielzahl von Farben, die von hellem Grau bis zu einem intensiveren und gleichm\u00e4\u00dfigen Grau reichen.<\/p>\n<p>Das Feinsteinzeug Lagos mit Steineffekt ist in nat\u00fcrlichen und erdigen Farbt\u00f6nen erh\u00e4ltlich, die dem urspr\u00fcnglichen Material entsprechen, und bietet eine<strong> breite Palette an Mustern und Gr\u00f6\u00dfen<\/strong>. Die Oberfl\u00e4che ist leicht von sichtbaren Adern durchzogen, die ihr ein <strong>authentisches und edles Aussehen<\/strong> verleihen.<\/p>\n<p>Das Besondere an der Lagos-Kollektion ist ihr <strong>minimalistischer und zeitgem\u00e4\u00dfer Look<\/strong>, der verschiedene Kombinationen mit anderen Materialien wie Holz oder satiniertem Metall zul\u00e4sst und so ein Gef\u00fchl von Stil und Raffinesse vermittelt.<\/p>\n<p>Diese Kollektion von Coem Ceramiche ist eine vielseitige Wahl f\u00fcr diejenigen, die <strong>eine \u00c4sthetik<\/strong> suchen <strong>, die die W\u00e4rme der Natur mit einem Hauch von moderner Eleganz verbindet<\/strong>.<\/p>\n<p>[\/et_pb_text][\/et_pb_column][\/et_pb_row][et_pb_row column_structure=&#8220;1_3,1_3,1_3&#8243; _builder_version=&#8220;4.17.6&#8243; _module_preset=&#8220;default&#8220; global_colors_info=&#8220;{}&#8220;][et_pb_column type=&#8220;1_3&#8243; _builder_version=&#8220;4.17.6&#8243; _module_preset=&#8220;default&#8220; global_colors_info=&#8220;{}&#8220;][et_pb_blurb image=&#8220;https:\/\/www.gomila-ceramica.com\/wp-content\/uploads\/2023\/10\/pavimenti-per-esterni_Ceramiche-Coem_Lagos_Ivory-30&#215;60-1.jpg&#8220; _builder_version=&#8220;4.22.2&#8243; _module_preset=&#8220;default&#8220; global_colors_info=&#8220;{}&#8220;][\/et_pb_blurb][\/et_pb_column][et_pb_column type=&#8220;1_3&#8243; _builder_version=&#8220;4.17.6&#8243; _module_preset=&#8220;default&#8220; global_colors_info=&#8220;{}&#8220;][et_pb_blurb image=&#8220;https:\/\/www.gomila-ceramica.com\/wp-content\/uploads\/2023\/10\/piastrele-effetto-pietra_Ceramiche-Coem_Lagos_Light-Grey-20&#215;120-1.jpg&#8220; _builder_version=&#8220;4.22.2&#8243; _module_preset=&#8220;default&#8220; global_colors_info=&#8220;{}&#8220;][\/et_pb_blurb][\/et_pb_column][et_pb_column type=&#8220;1_3&#8243; _builder_version=&#8220;4.17.6&#8243; _module_preset=&#8220;default&#8220; global_colors_info=&#8220;{}&#8220;][et_pb_blurb image=&#8220;https:\/\/www.gomila-ceramica.com\/wp-content\/uploads\/2023\/10\/Ceramiche-Coem_WideGres_Lagos_Sand_Ivory-120&#215;260-cm_piastrelle-grandi-formati-1.jpg&#8220; _builder_version=&#8220;4.22.2&#8243; _module_preset=&#8220;default&#8220; global_colors_info=&#8220;{}&#8220;][\/et_pb_blurb][\/et_pb_column][\/et_pb_row][et_pb_row column_structure=&#8220;1_3,1_3,1_3&#8243; _builder_version=&#8220;4.17.6&#8243; _module_preset=&#8220;default&#8220; custom_padding=&#8220;||10px|||&#8220; global_colors_info=&#8220;{}&#8220;][et_pb_column type=&#8220;1_3&#8243; _builder_version=&#8220;4.17.6&#8243; _module_preset=&#8220;default&#8220; global_colors_info=&#8220;{}&#8220;][et_pb_blurb image=&#8220;https:\/\/www.gomila-ceramica.com\/wp-content\/uploads\/2023\/10\/Ceramiche-Coem_Lagos_Concrete-45x90_piastrelle-bagno-1.jpg&#8220; _builder_version=&#8220;4.22.2&#8243; _module_preset=&#8220;default&#8220; global_colors_info=&#8220;{}&#8220;][\/et_pb_blurb][\/et_pb_column][et_pb_column type=&#8220;1_3&#8243; _builder_version=&#8220;4.17.6&#8243; _module_preset=&#8220;default&#8220; global_colors_info=&#8220;{}&#8220;][et_pb_blurb image=&#8220;https:\/\/www.gomila-ceramica.com\/wp-content\/uploads\/2023\/10\/rivestimenti_Ceramiche-Coem_Lagos_Sand-Mosaico-Trapezi-Mix-2.jpg&#8220; _builder_version=&#8220;4.22.2&#8243; _module_preset=&#8220;default&#8220; global_colors_info=&#8220;{}&#8220;][\/et_pb_blurb][\/et_pb_column][et_pb_column type=&#8220;1_3&#8243; _builder_version=&#8220;4.17.6&#8243; _module_preset=&#8220;default&#8220; global_colors_info=&#8220;{}&#8220;][et_pb_blurb image=&#8220;https:\/\/www.gomila-ceramica.com\/wp-content\/uploads\/2023\/10\/Rivestimenti_Ceramiche-Coem_Lagos_Concrete-Mosaico-Wall-Mix-1.jpg&#8220; _builder_version=&#8220;4.22.2&#8243; _module_preset=&#8220;default&#8220; global_colors_info=&#8220;{}&#8220;][\/et_pb_blurb][\/et_pb_column][\/et_pb_row][et_pb_row _builder_version=&#8220;4.22.2&#8243; _module_preset=&#8220;default&#8220; global_colors_info=&#8220;{}&#8220;][et_pb_column type=&#8220;4_4&#8243; _builder_version=&#8220;4.22.2&#8243; _module_preset=&#8220;default&#8220; global_colors_info=&#8220;{}&#8220;][et_pb_button button_url=&#8220;https:\/\/drive.google.com\/file\/d\/19PZoAfKnWiUPNo1pO3MNTBnj5Qu57N9M\/view?usp=share_link&#8220; url_new_window=&#8220;on&#8220; button_text=&#8220;Entdecken Sie die Kollektion Lagos&#8220; button_alignment=&#8220;center&#8220; _builder_version=&#8220;4.22.2&#8243; _module_preset=&#8220;default&#8220; box_shadow_style=&#8220;preset2&#8243; global_colors_info=&#8220;{}&#8220;][\/et_pb_button][et_pb_text _builder_version=&#8220;4.23&#8243; _module_preset=&#8220;default&#8220; global_colors_info=&#8220;{}&#8220;]<\/p>\n<p><span>Bei Gomila Cer\u00e1mica sind wir bestrebt, Sie bei der Verwirklichung Ihrer Designw\u00fcnsche zu unterst\u00fctzen. Diese Kollektionen geh\u00f6ren zu unseren Favoriten und sind bei unseren Kunden aufgrund ihrer au\u00dfergew\u00f6hnlichen Handwerkskunst und ihrer F\u00e4higkeit, jeden Raum aufzuwerten, am meisten gefragt.<\/span><span><\/span><\/p>\n<p><span><strong>Z\u00f6gern Sie nicht, uns zu schreiben, anzurufen oder uns zu besuchen<\/strong>, wenn Sie Hilfe und Beratung bei der Auswahl der perfekten Materialien ben\u00f6tigen, um Ihre Entw\u00fcrfe zum Leben zu erwecken.<\/span><\/p>\n<p>[\/et_pb_text][\/et_pb_column][\/et_pb_row][\/et_pb_section]<\/p>\n","protected":false},"excerpt":{"rendered":"<p>Coem Ceramiche hat stets eine tiefe Leidenschaft f\u00fcr Handwerkskunst, Design und innovative keramische L\u00f6sungen bewiesen. Als Branchenf\u00fchrer passt Coem Ceramiche perfekt zu unserer Mission, Architekten, Innenarchitekten und Hausbesitzern Inspiration und au\u00dfergew\u00f6hnliche Materialien f\u00fcr ihre Projekte zu bieten. Wir stellen zwei unserer Lieblingskollektionen von Coem Ceramiche vor: Modica und Lagos. Diese Kollektionen verk\u00f6rpern die Werte, die [&hellip;]<\/p>\n","protected":false},"author":2,"featured_media":0,"parent":0,"menu_order":0,"comment_status":"closed","ping_status":"closed","template":"","meta":{"_et_pb_use_builder":"on","_et_pb_old_content":"","_et_gb_content_width":"","footnotes":""},"class_list":["post-2531","page","type-page","status-publish","hentry"],"_links":{"self":[{"href":"https:\/\/www.gomila-ceramica.com\/de\/wp-json\/wp\/v2\/pages\/2531","targetHints":{"allow":["GET"]}}],"collection":[{"href":"https:\/\/www.gomila-ceramica.com\/de\/wp-json\/wp\/v2\/pages"}],"about":[{"href":"https:\/\/www.gomila-ceramica.com\/de\/wp-json\/wp\/v2\/types\/page"}],"author":[{"embeddable":true,"href":"https:\/\/www.gomila-ceramica.com\/de\/wp-json\/wp\/v2\/users\/2"}],"replies":[{"embeddable":true,"href":"https:\/\/www.gomila-ceramica.com\/de\/wp-json\/wp\/v2\/comments?post=2531"}],"version-history":[{"count":12,"href":"https:\/\/www.gomila-ceramica.com\/de\/wp-json\/wp\/v2\/pages\/2531\/revisions"}],"predecessor-version":[{"id":4382,"href":"https:\/\/www.gomila-ceramica.com\/de\/wp-json\/wp\/v2\/pages\/2531\/revisions\/4382"}],"wp:attachment":[{"href":"https:\/\/www.gomila-ceramica.com\/de\/wp-json\/wp\/v2\/media?parent=2531"}],"curies":[{"name":"wp","href":"https:\/\/api.w.org\/{rel}","templated":true}]}}