{"id":2532,"date":"2023-10-21T02:32:56","date_gmt":"2023-10-21T02:32:56","guid":{"rendered":"https:\/\/www.gomila-ceramica.com\/apavisa\/"},"modified":"2023-10-21T05:26:04","modified_gmt":"2023-10-21T05:26:04","slug":"apavisa","status":"publish","type":"page","link":"https:\/\/www.gomila-ceramica.com\/de\/apavisa\/","title":{"rendered":"Apavisa"},"content":{"rendered":"<p>[et_pb_section fb_built=&#8220;1&#8243; fullwidth=&#8220;on&#8220; _builder_version=&#8220;4.22.2&#8243; background_enable_image=&#8220;off&#8220; parallax=&#8220;on&#8220; background_blend=&#8220;multiply&#8220; custom_padding=&#8220;0px||0px||true|false&#8220; global_colors_info=&#8220;{}&#8220;][et_pb_fullwidth_header title=&#8220;Apavisa&#8220; subhead=&#8220;30 Jahre Erfahrung und Qualit\u00e4t&#8220; button_one_text=&#8220;Kontaktieren Sie uns&#8220; button_one_url=&#8220;https:\/\/www.gomila-ceramica.com\/de\/kontakt\/&#8220; _builder_version=&#8220;4.22.2&#8243; _module_preset=&#8220;default&#8220; background_color=&#8220;rgba(0,0,0,0.28)&#8220; background_image=&#8220;https:\/\/www.gomila-ceramica.com\/wp-content\/uploads\/2023\/10\/zinc-dormitorio-con-revestimiento-verde-y-aspecto-metal-1646904607xeuPi.jpg&#8220; background_size=&#8220;custom&#8220; background_image_width=&#8220;33%&#8220; background_position=&#8220;center_right&#8220; link_option_url_new_window=&#8220;on&#8220; hover_enabled=&#8220;0&#8243; global_colors_info=&#8220;{}&#8220; title_text=&#8220;zinc-dormitorio-con-revestimiento-verde-y-aspecto-metal-1646904607xeuPi&#8220; sticky_enabled=&#8220;0&#8243;][\/et_pb_fullwidth_header][\/et_pb_section][et_pb_section fb_built=&#8220;1&#8243; admin_label=&#8220;section&#8220; _builder_version=&#8220;4.16&#8243; custom_padding=&#8220;45px|||||&#8220; global_colors_info=&#8220;{}&#8220;][et_pb_row _builder_version=&#8220;4.17.6&#8243; _module_preset=&#8220;default&#8220; custom_padding=&#8220;17px|||||&#8220; global_colors_info=&#8220;{}&#8220;][et_pb_column type=&#8220;4_4&#8243; _builder_version=&#8220;4.17.6&#8243; _module_preset=&#8220;default&#8220; global_colors_info=&#8220;{}&#8220;][et_pb_text _builder_version=&#8220;4.22.2&#8243; _module_preset=&#8220;default&#8220; hover_enabled=&#8220;0&#8243; global_colors_info=&#8220;{}&#8220; sticky_enabled=&#8220;0&#8243;]<\/p>\n<p>Bei Gomila Cer\u00e1mica w\u00e4hlen wir unsere Lieferanten sorgf\u00e4ltig aus. Deshalb ist unsere Zusammenarbeit mit <strong>Apavisa<\/strong> ein Beweis f\u00fcr unser Engagement f\u00fcr Spitzenleistungen in der Keramik.<\/p>\n<p>Apavisa hat ein unerm\u00fcdliches Engagement f\u00fcr <strong>Innovationen in der Keramikindustrie<\/strong> gezeigt. Ihre F\u00e4higkeit, Designtrends zu antizipieren und sie in <strong>innovative Keramikprodukte<\/strong> umzusetzen, ist beeindruckend. Bei Gomila Cer\u00e1mica teilen wir diesen Fokus auf Kreativit\u00e4t und Originalit\u00e4t.<\/p>\n<p>Qualit\u00e4t ist eine der Eigenschaften, die wir bei einem Lieferanten am meisten sch\u00e4tzen. Apavisa ist bekannt f\u00fcr sein Engagement f\u00fcr Qualit\u00e4t und Langlebigkeit in jedem seiner Produkte. Nur so k\u00f6nnen wir unseren Kunden <strong>starke und dauerhafte Keramikl\u00f6sungen<\/strong> anbieten.<\/p>\n<p>&nbsp;<\/p>\n<p>Die drei Kollektionen, die wir f\u00fcr unsere Zusammenarbeit mit Apavisa ausgew\u00e4hlt haben, spiegeln die <strong>Designvielfalt<\/strong> dieses Unternehmens wider. Vom industriellen und modernen Look von Zinc \u00fcber die zeitlose Vielseitigkeit von SENSO bis hin zum Vintage-Charme von Hydraulic deckt Apavisa eine <strong>breite Palette von Stilen und Designvorlieben<\/strong> ab.<\/p>\n<p>Die unten aufgef\u00fchrten Kollektionen geh\u00f6ren zu den von unseren Kunden am meisten nachgefragten. Ihr zeitgem\u00e4\u00dfes Design, ihre Vielseitigkeit und Qualit\u00e4t machen sie <strong>ideal f\u00fcr eine Vielzahl von Projekten, von Wohn- bis zu Gesch\u00e4ftsr\u00e4umen<\/strong>.<\/p>\n<p>&nbsp;<\/p>\n<p>Wir bei Gomila Cer\u00e1mica <strong>sind bestrebt, unseren Kunden Produkte anzubieten, die ihre Erwartungen nicht nur erf\u00fcllen, sondern \u00fcbertreffen<\/strong>, und Apavisa ist ein Partner, der uns genau das erm\u00f6glicht.<\/p>\n<p>&nbsp;<\/p>\n<p><span>Die <strong>Zinc-Kollektion<\/strong> von <strong>Apavisa<\/strong> ist ein Beweis f\u00fcr den avantgardistischen Ansatz des Unternehmens. Inspiriert von Zinkmetall, bietet diese Kollektion einen industriellen und modernen Look. Seine<strong> metallischen Oberfl\u00e4chen und sein modernes Aussehen<\/strong> machen ihn zu einer perfekten Wahl f\u00fcr Projekte, die einen Hauch von Raffinesse und Avantgarde suchen. Bei Gomila Cer\u00e1mica sch\u00e4tzen wir die K\u00fchnheit und den Stil von &#8222;Zinc&#8220;, der es unseren Kunden erm\u00f6glicht, einzigartige und elegante R\u00e4ume zu schaffen.<\/span><\/p>\n<p>[\/et_pb_text][\/et_pb_column][\/et_pb_row][et_pb_row column_structure=&#8220;1_3,1_3,1_3&#8243; _builder_version=&#8220;4.17.6&#8243; _module_preset=&#8220;default&#8220; global_colors_info=&#8220;{}&#8220;][et_pb_column type=&#8220;1_3&#8243; _builder_version=&#8220;4.17.6&#8243; _module_preset=&#8220;default&#8220; global_colors_info=&#8220;{}&#8220;][et_pb_blurb image=&#8220;https:\/\/www.gomila-ceramica.com\/wp-content\/uploads\/2023\/10\/zinc-bano-elegante-con-azulejo-efecto-metal-verde-rect_big.jpg&#8220; _builder_version=&#8220;4.22.2&#8243; _module_preset=&#8220;default&#8220; hover_enabled=&#8220;0&#8243; global_colors_info=&#8220;{}&#8220; title_text=&#8220;zinc-bano-elegante-con-azulejo-efecto-metal-verde-rect_big&#8220; sticky_enabled=&#8220;0&#8243;][\/et_pb_blurb][\/et_pb_column][et_pb_column type=&#8220;1_3&#8243; _builder_version=&#8220;4.17.6&#8243; _module_preset=&#8220;default&#8220; global_colors_info=&#8220;{}&#8220;][et_pb_blurb image=&#8220;https:\/\/www.gomila-ceramica.com\/wp-content\/uploads\/2023\/10\/zinc-cocina-con-pared-plateada-rect_big.jpg&#8220; _builder_version=&#8220;4.22.2&#8243; _module_preset=&#8220;default&#8220; hover_enabled=&#8220;0&#8243; global_colors_info=&#8220;{}&#8220; title_text=&#8220;zinc-cocina-con-pared-plateada-rect_big&#8220; sticky_enabled=&#8220;0&#8243;][\/et_pb_blurb][\/et_pb_column][et_pb_column type=&#8220;1_3&#8243; _builder_version=&#8220;4.17.6&#8243; _module_preset=&#8220;default&#8220; global_colors_info=&#8220;{}&#8220;][et_pb_blurb image=&#8220;https:\/\/www.gomila-ceramica.com\/wp-content\/uploads\/2023\/10\/zinc-recepcion-hotel-porcelanico-verde-efecto-metalizado-rect_big.jpg&#8220; _builder_version=&#8220;4.22.2&#8243; _module_preset=&#8220;default&#8220; hover_enabled=&#8220;0&#8243; global_colors_info=&#8220;{}&#8220; title_text=&#8220;zinc-recepcion-hotel-porcelanico-verde-efecto-metalizado-rect_big&#8220; sticky_enabled=&#8220;0&#8243;][\/et_pb_blurb][\/et_pb_column][\/et_pb_row][et_pb_row _builder_version=&#8220;4.17.6&#8243; _module_preset=&#8220;default&#8220; custom_padding=&#8220;15px|||||&#8220; global_colors_info=&#8220;{}&#8220;][et_pb_column type=&#8220;4_4&#8243; _builder_version=&#8220;4.17.6&#8243; _module_preset=&#8220;default&#8220; global_colors_info=&#8220;{}&#8220;][et_pb_button button_url=&#8220;https:\/\/drive.google.com\/file\/d\/1nB5b8xHY2GaDMhFOxN4Oadaj6b6lfrjj\/view?usp=drive_link&#8220; url_new_window=&#8220;on&#8220; button_text=&#8220;Lassen Sie sich von Zink \u00fcberraschen&#8220; button_alignment=&#8220;center&#8220; _builder_version=&#8220;4.22.2&#8243; _module_preset=&#8220;default&#8220; hover_enabled=&#8220;0&#8243; box_shadow_style=&#8220;preset2&#8243; global_colors_info=&#8220;{}&#8220; sticky_enabled=&#8220;0&#8243;][\/et_pb_button][et_pb_text _builder_version=&#8220;4.22.2&#8243; _module_preset=&#8220;default&#8220; hover_enabled=&#8220;0&#8243; global_colors_info=&#8220;{}&#8220; sticky_enabled=&#8220;0&#8243;]<\/p>\n<p><strong>Senso<\/strong> <span style=\"font-weight: 400;\">hingegen <\/span> ist eine Kollektion von <strong>Vintage-Fliesen<\/strong>, die f\u00fcr Liebhaber des hydraulischen Mosaiks geschaffen wurde. Das<strong> florale Design mit geometrischen Figuren<\/strong> in verschiedenen Farben verleiht den B\u00f6den eine au\u00dfergew\u00f6hnliche Pers\u00f6nlichkeit, mit dem <strong>Erbe der Vergangenheit<\/strong>, aber mit einem modernen Touch.<\/p>\n<p>[\/et_pb_text][\/et_pb_column][\/et_pb_row][et_pb_row column_structure=&#8220;1_3,1_3,1_3&#8243; _builder_version=&#8220;4.17.6&#8243; _module_preset=&#8220;default&#8220; global_colors_info=&#8220;{}&#8220;][et_pb_column type=&#8220;1_3&#8243; _builder_version=&#8220;4.17.6&#8243; _module_preset=&#8220;default&#8220; global_colors_info=&#8220;{}&#8220;][et_pb_blurb image=&#8220;https:\/\/www.gomila-ceramica.com\/wp-content\/uploads\/2023\/10\/senso-salita-con-suelo-vintage-verde-rect_big-1.jpg&#8220; _builder_version=&#8220;4.22.2&#8243; _module_preset=&#8220;default&#8220; hover_enabled=&#8220;0&#8243; global_colors_info=&#8220;{}&#8220; title_text=&#8220;senso-salita-con-suelo-vintage-verde-rect_big&#8220; sticky_enabled=&#8220;0&#8243;][\/et_pb_blurb][\/et_pb_column][et_pb_column type=&#8220;1_3&#8243; _builder_version=&#8220;4.17.6&#8243; _module_preset=&#8220;default&#8220; global_colors_info=&#8220;{}&#8220;][et_pb_blurb image=&#8220;https:\/\/www.gomila-ceramica.com\/wp-content\/uploads\/2023\/10\/senso-habitacion-con-ventanal-y-suelo-vintage-rect_big-1.jpg&#8220; _builder_version=&#8220;4.22.2&#8243; _module_preset=&#8220;default&#8220; hover_enabled=&#8220;0&#8243; global_colors_info=&#8220;{}&#8220; title_text=&#8220;senso-habitacion-con-ventanal-y-suelo-vintage-rect_big&#8220; sticky_enabled=&#8220;0&#8243;][\/et_pb_blurb][\/et_pb_column][et_pb_column type=&#8220;1_3&#8243; _builder_version=&#8220;4.17.6&#8243; _module_preset=&#8220;default&#8220; global_colors_info=&#8220;{}&#8220;][et_pb_blurb image=&#8220;https:\/\/www.gomila-ceramica.com\/wp-content\/uploads\/2023\/10\/senso-bano-clasico-con-banera-exenta-y-suelo-vintage.jpg&#8220; _builder_version=&#8220;4.22.2&#8243; _module_preset=&#8220;default&#8220; hover_enabled=&#8220;0&#8243; global_colors_info=&#8220;{}&#8220; title_text=&#8220;senso-bano-clasico-con-banera-exenta-y-suelo-vintage&#8220; sticky_enabled=&#8220;0&#8243;][\/et_pb_blurb][\/et_pb_column][\/et_pb_row][et_pb_row _builder_version=&#8220;4.22.2&#8243; _module_preset=&#8220;default&#8220; global_colors_info=&#8220;{}&#8220;][et_pb_column type=&#8220;4_4&#8243; _builder_version=&#8220;4.22.2&#8243; _module_preset=&#8220;default&#8220; global_colors_info=&#8220;{}&#8220;][et_pb_button button_url=&#8220;https:\/\/drive.google.com\/file\/d\/1rtQLpZMl4Ttx2GPI6EsLf4pQENsYRhtq\/view?usp=drive_link&#8220; url_new_window=&#8220;on&#8220; button_text=&#8220;Lassen Sie sich von Vintage inspirieren mit Senso&#8220; button_alignment=&#8220;center&#8220; _builder_version=&#8220;4.22.2&#8243; _module_preset=&#8220;default&#8220; hover_enabled=&#8220;0&#8243; box_shadow_style=&#8220;preset2&#8243; global_colors_info=&#8220;{}&#8220; sticky_enabled=&#8220;0&#8243;][\/et_pb_button][et_pb_text _builder_version=&#8220;4.22.2&#8243; _module_preset=&#8220;default&#8220; hover_enabled=&#8220;0&#8243; global_colors_info=&#8220;{}&#8220; sticky_enabled=&#8220;0&#8243;]<\/p>\n<p><span>Die <strong>Kollektion Hydraulic<\/strong> von Apavisa vereint die Sch\u00f6nheit und <strong>Eleganz der hydraulischen Fliesen<\/strong> mit der <strong>Qualit\u00e4t des Feinsteinzeugs<\/strong>.  <\/span><\/p>\n<p><span>Diese Keramikfliesen bieten einen <strong>Vintage-Look<\/strong> und eine <strong>reiche Palette an Farben und Mustern<\/strong>, die den Charme der Vergangenheit heraufbeschw\u00f6ren.  <\/span><\/p>\n<p><span>Feinsteinzeug bietet die unverwechselbare \u00c4sthetik von hydraulischen Fliesen ohne deren Einschr\u00e4nkungen. In diesem Sinne ist es ein viel <strong>widerstandsf\u00e4higeres, haltbareres und vielseitigeres<\/strong> Material. So sehr, dass es in Innenr\u00e4umen wie Innenh\u00f6fen und Terrassen verlegt werden kann, entweder als Bodenbelag oder als Verkleidung.<\/span><\/p>\n<p><span>Die F\u00e4higkeit von Apavisa, die Authentizit\u00e4t von hydraulischen Fliesen in Keramik nachzubilden, ist wirklich beeindruckend.<\/span><\/p>\n<p>[\/et_pb_text][\/et_pb_column][\/et_pb_row][et_pb_row column_structure=&#8220;1_3,1_3,1_3&#8243; _builder_version=&#8220;4.17.6&#8243; _module_preset=&#8220;default&#8220; global_colors_info=&#8220;{}&#8220;][et_pb_column type=&#8220;1_3&#8243; _builder_version=&#8220;4.17.6&#8243; _module_preset=&#8220;default&#8220; global_colors_info=&#8220;{}&#8220;][et_pb_blurb image=&#8220;https:\/\/www.gomila-ceramica.com\/wp-content\/uploads\/2023\/10\/hutton-casa-nordica-con-porcelanico-efecto-metal-azulado-rect_big.jpg&#8220; _builder_version=&#8220;4.22.2&#8243; _module_preset=&#8220;default&#8220; hover_enabled=&#8220;0&#8243; global_colors_info=&#8220;{}&#8220; title_text=&#8220;hutton-casa-nordica-con-porcelanico-efecto-metal-azulado-rect_big&#8220; sticky_enabled=&#8220;0&#8243;][\/et_pb_blurb][\/et_pb_column][et_pb_column type=&#8220;1_3&#8243; _builder_version=&#8220;4.17.6&#8243; _module_preset=&#8220;default&#8220; global_colors_info=&#8220;{}&#8220;][et_pb_blurb image=&#8220;https:\/\/www.gomila-ceramica.com\/wp-content\/uploads\/2023\/10\/hutton-restaurante-con-suelo-de-madera-rect_big.jpg&#8220; _builder_version=&#8220;4.22.2&#8243; _module_preset=&#8220;default&#8220; hover_enabled=&#8220;0&#8243; global_colors_info=&#8220;{}&#8220; title_text=&#8220;hutton-restaurante-con-suelo-de-madera-rect_big&#8220; sticky_enabled=&#8220;0&#8243;][\/et_pb_blurb][\/et_pb_column][et_pb_column type=&#8220;1_3&#8243; _builder_version=&#8220;4.17.6&#8243; _module_preset=&#8220;default&#8220; global_colors_info=&#8220;{}&#8220;][et_pb_blurb image=&#8220;https:\/\/www.gomila-ceramica.com\/wp-content\/uploads\/2023\/10\/ponti-sala-de-pintura-con-suelo-vintage.jpg&#8220; _builder_version=&#8220;4.22.2&#8243; _module_preset=&#8220;default&#8220; hover_enabled=&#8220;0&#8243; global_colors_info=&#8220;{}&#8220; title_text=&#8220;ponti-sala-de-pintura-con-suelo-vintage&#8220; sticky_enabled=&#8220;0&#8243;][\/et_pb_blurb][\/et_pb_column][\/et_pb_row][et_pb_row _builder_version=&#8220;4.22.2&#8243; _module_preset=&#8220;default&#8220; global_colors_info=&#8220;{}&#8220;][et_pb_column type=&#8220;4_4&#8243; _builder_version=&#8220;4.22.2&#8243; _module_preset=&#8220;default&#8220; global_colors_info=&#8220;{}&#8220;][et_pb_button button_url=&#8220;https:\/\/drive.google.com\/file\/d\/18UuV7j9-0O3CJ-l50KL0dU-3UHJgQlus\/view?usp=drive_link&#8220; url_new_window=&#8220;on&#8220; button_text=&#8220;Entdecken Sie das Unverw\u00fcstliche von Apavisa&#8220; button_alignment=&#8220;center&#8220; _builder_version=&#8220;4.22.2&#8243; _module_preset=&#8220;default&#8220; hover_enabled=&#8220;0&#8243; box_shadow_style=&#8220;preset2&#8243; global_colors_info=&#8220;{}&#8220; sticky_enabled=&#8220;0&#8243;][\/et_pb_button][et_pb_text _builder_version=&#8220;4.22.2&#8243; _module_preset=&#8220;default&#8220; hover_enabled=&#8220;0&#8243; global_colors_info=&#8220;{}&#8220; sticky_enabled=&#8220;0&#8243;]<\/p>\n<p><span>Wir bei Gomila Cer\u00e1mica sind stolz auf unsere Partnerschaft mit Apavisa, einem Unternehmen, das unsere Leidenschaft f\u00fcr Innovation und Qualit\u00e4t in der Keramik teilt. Diese Kollektionen sind Beispiele f\u00fcr unser st\u00e4ndiges Streben nach Exzellenz und Innovation in der Welt der Keramik.  <\/span><\/p>\n<p><strong>Wir helfen Ihnen, den Anbieter und das Design zu finden, das Ihren Bed\u00fcrfnissen am besten entspricht.  <\/strong><\/p>\n<p><span>Wenn Sie sich von den Kollektionen von Apavisa inspiriert f\u00fchlen oder weitere M\u00f6glichkeiten erkunden m\u00f6chten, z\u00f6gern Sie bitte nicht, uns zu kontaktieren.  <\/span><span>Gemeinsam k\u00f6nnen wir auch Ihre ehrgeizigsten Designprojekte zum Leben erwecken.<\/span><\/p>\n<p>[\/et_pb_text][\/et_pb_column][\/et_pb_row][\/et_pb_section]<\/p>\n","protected":false},"excerpt":{"rendered":"<p>Bei Gomila Cer\u00e1mica w\u00e4hlen wir unsere Lieferanten sorgf\u00e4ltig aus. Deshalb ist unsere Zusammenarbeit mit Apavisa ein Beweis f\u00fcr unser Engagement f\u00fcr Spitzenleistungen in der Keramik. Apavisa hat ein unerm\u00fcdliches Engagement f\u00fcr Innovationen in der Keramikindustrie gezeigt. Ihre F\u00e4higkeit, Designtrends zu antizipieren und sie in innovative Keramikprodukte umzusetzen, ist beeindruckend. Bei Gomila Cer\u00e1mica teilen wir diesen [&hellip;]<\/p>\n","protected":false},"author":2,"featured_media":0,"parent":0,"menu_order":0,"comment_status":"closed","ping_status":"closed","template":"","meta":{"_et_pb_use_builder":"on","_et_pb_old_content":"","_et_gb_content_width":"","footnotes":""},"class_list":["post-2532","page","type-page","status-publish","hentry"],"_links":{"self":[{"href":"https:\/\/www.gomila-ceramica.com\/de\/wp-json\/wp\/v2\/pages\/2532","targetHints":{"allow":["GET"]}}],"collection":[{"href":"https:\/\/www.gomila-ceramica.com\/de\/wp-json\/wp\/v2\/pages"}],"about":[{"href":"https:\/\/www.gomila-ceramica.com\/de\/wp-json\/wp\/v2\/types\/page"}],"author":[{"embeddable":true,"href":"https:\/\/www.gomila-ceramica.com\/de\/wp-json\/wp\/v2\/users\/2"}],"replies":[{"embeddable":true,"href":"https:\/\/www.gomila-ceramica.com\/de\/wp-json\/wp\/v2\/comments?post=2532"}],"version-history":[{"count":8,"href":"https:\/\/www.gomila-ceramica.com\/de\/wp-json\/wp\/v2\/pages\/2532\/revisions"}],"predecessor-version":[{"id":2647,"href":"https:\/\/www.gomila-ceramica.com\/de\/wp-json\/wp\/v2\/pages\/2532\/revisions\/2647"}],"wp:attachment":[{"href":"https:\/\/www.gomila-ceramica.com\/de\/wp-json\/wp\/v2\/media?parent=2532"}],"curies":[{"name":"wp","href":"https:\/\/api.w.org\/{rel}","templated":true}]}}