{"id":2585,"date":"2023-10-21T02:33:10","date_gmt":"2023-10-21T02:33:10","guid":{"rendered":"https:\/\/www.gomila-ceramica.com\/fioranese\/"},"modified":"2023-10-27T06:09:50","modified_gmt":"2023-10-27T06:09:50","slug":"fioranese","status":"publish","type":"page","link":"https:\/\/www.gomila-ceramica.com\/de\/fioranese\/","title":{"rendered":"Fioranese"},"content":{"rendered":"<p>[et_pb_section fb_built=&#8220;1&#8243; fullwidth=&#8220;on&#8220; _builder_version=&#8220;4.22.2&#8243; background_enable_image=&#8220;off&#8220; parallax=&#8220;on&#8220; background_blend=&#8220;multiply&#8220; custom_padding=&#8220;0px||0px||true|false&#8220; global_colors_info=&#8220;{}&#8220;][et_pb_fullwidth_header title=&#8220;Fioranese&#8220; subhead=&#8220;Tradition und kontinuierliche Innovation&#8220; button_one_text=&#8220;Kontaktieren Sie uns&#8220; button_one_url=&#8220;https:\/\/www.gomila-ceramica.com\/de\/kontakt\/&#8220; _builder_version=&#8220;4.22.2&#8243; _module_preset=&#8220;default&#8220; background_color=&#8220;rgba(0,0,0,0.28)&#8220; background_image=&#8220;https:\/\/www.gomila-ceramica.com\/wp-content\/uploads\/2023\/10\/Pavimento-effetto-cementine_Ceramica-Fioranese_Cementine-BlackWhite_BW_2_Urban-Stone-Grey1.jpg&#8220; background_size=&#8220;custom&#8220; background_image_width=&#8220;33%&#8220; background_position=&#8220;center_right&#8220; link_option_url_new_window=&#8220;on&#8220; global_colors_info=&#8220;{}&#8220;][\/et_pb_fullwidth_header][\/et_pb_section][et_pb_section fb_built=&#8220;1&#8243; admin_label=&#8220;section&#8220; _builder_version=&#8220;4.16&#8243; custom_padding=&#8220;45px|||||&#8220; global_colors_info=&#8220;{}&#8220;][et_pb_row _builder_version=&#8220;4.17.6&#8243; _module_preset=&#8220;default&#8220; custom_padding=&#8220;17px|||||&#8220; global_colors_info=&#8220;{}&#8220;][et_pb_column type=&#8220;4_4&#8243; _builder_version=&#8220;4.17.6&#8243; _module_preset=&#8220;default&#8220; global_colors_info=&#8220;{}&#8220;][et_pb_text _builder_version=&#8220;4.23&#8243; _module_preset=&#8220;default&#8220; hover_enabled=&#8220;0&#8243; global_colors_info=&#8220;{}&#8220; sticky_enabled=&#8220;0&#8243;]<\/p>\n<p><span style=\"font-weight: 400;\">Bei Gomila Cer\u00e1mica <strong>sch\u00e4tzen wir Tradition und Innovation in der Welt der Keramik<\/strong>. Deshalb arbeiten wir mit Lieferanten zusammen, die diese Leidenschaft teilen.  <\/span><\/p>\n<p><span style=\"font-weight: 400;\">Einer dieser au\u00dfergew\u00f6hnlichen Partner ist <strong>Fioranese<\/strong>, ein <strong>italienisches Unternehmen, das seit 50 Jahren eine keramische Tradition pflegt<\/strong>, die auf Kreativit\u00e4t, Intelligenz und dem Geist der Erneuerung beruht.  <\/span><\/p>\n<p><span style=\"font-weight: 400;\">Fioranese ist ein Beispiel f\u00fcr <strong>italienische<\/strong> Dynamik und <strong>Qualit\u00e4t<\/strong>, und seine Herangehensweise an die Gestaltung von <strong>Bodenfliesen aus italienischem Feinsteinzeug<\/strong> ist wirklich inspirierend.<\/span><\/p>\n<p><span style=\"font-weight: 400;\"><\/span><\/p>\n<p><span style=\"font-weight: 400;\">Bei Fioranese ist Kreativit\u00e4t eine Lebenseinstellung und eine Verpflichtung zu Spitzenleistungen. Mit dem Slogan<em>&#8222;We design porcelain stoneware floors with Italian design to meet an evolving world&#8220; (Wir entwerfen Feinsteinzeugb\u00f6den mit italienischem Design f\u00fcr eine sich entwickelnde Welt)<\/em> spiegeln sie ihren Ansatz wider, <strong>B\u00f6den<\/strong> zu entwerfen <strong>, die sich<\/strong> an eine sich st\u00e4ndig ver\u00e4ndernde Welt <strong>anpassen<\/strong>.  <\/span><\/p>\n<p><span style=\"font-weight: 400;\">Diese vision\u00e4re Mentalit\u00e4t ist es, die uns zu Fioranese als Keramiklieferant gef\u00fchrt hat.<\/span><\/p>\n<p>&nbsp;<\/p>\n<p><span style=\"font-weight: 400;\">Zwei der Kollektionen, die wir von Fioranese hervorheben m\u00f6chten, sind Cementine 20 und Cementine Black&amp;White.<\/span><\/p>\n<p><span style=\"font-weight: 400;\"><strong>Cementine 20<\/strong> ist ein perfektes Beispiel f\u00fcr die <strong>Verschmelzung von Tradition und modernem Design<\/strong>. Diese Kollektion verwandelt klassische Designs in zeitgem\u00e4\u00dfe Muster und bietet modulare L\u00f6sungen, bei denen <strong>die Farbe der Schl\u00fcssel ist<\/strong>, um R\u00e4ume mit einem neuen dekorativen Touch neu zu gestalten.  <\/span><\/p>\n<p><span style=\"font-weight: 400;\">Bei Gomila Cer\u00e1mica <strong>sch\u00e4tzen wir die Vielseitigkeit und den Stil dieser Kollektion<\/strong>, die es unseren Kunden erm\u00f6glicht, einzigartige und elegante R\u00e4ume mit einem Hauch von Modernit\u00e4t zu schaffen.<\/span><\/p>\n<p>[\/et_pb_text][\/et_pb_column][\/et_pb_row][et_pb_row column_structure=&#8220;1_3,1_3,1_3&#8243; _builder_version=&#8220;4.17.6&#8243; _module_preset=&#8220;default&#8220; global_colors_info=&#8220;{}&#8220;][et_pb_column type=&#8220;1_3&#8243; _builder_version=&#8220;4.17.6&#8243; _module_preset=&#8220;default&#8220; global_colors_info=&#8220;{}&#8220;][et_pb_blurb image=&#8220;https:\/\/www.gomila-ceramica.com\/wp-content\/uploads\/2023\/10\/Fioranese_Pavimenti-ceramica_Cementine-204.jpg&#8220; _builder_version=&#8220;4.22.2&#8243; _module_preset=&#8220;default&#8220; global_colors_info=&#8220;{}&#8220;][\/et_pb_blurb][\/et_pb_column][et_pb_column type=&#8220;1_3&#8243; _builder_version=&#8220;4.17.6&#8243; _module_preset=&#8220;default&#8220; global_colors_info=&#8220;{}&#8220;][et_pb_blurb image=&#8220;https:\/\/www.gomila-ceramica.com\/wp-content\/uploads\/2023\/10\/Pavimento-effetto-Cementine_Ceramica-Fioranese1.jpg&#8220; _builder_version=&#8220;4.22.2&#8243; _module_preset=&#8220;default&#8220; global_colors_info=&#8220;{}&#8220;][\/et_pb_blurb][\/et_pb_column][et_pb_column type=&#8220;1_3&#8243; _builder_version=&#8220;4.17.6&#8243; _module_preset=&#8220;default&#8220; global_colors_info=&#8220;{}&#8220;][et_pb_blurb image=&#8220;https:\/\/www.gomila-ceramica.com\/wp-content\/uploads\/2023\/10\/Ceramica-Fioranese_Rivestimenti-interni_Cementine-202.jpg&#8220; _builder_version=&#8220;4.22.2&#8243; _module_preset=&#8220;default&#8220; global_colors_info=&#8220;{}&#8220;][\/et_pb_blurb][\/et_pb_column][\/et_pb_row][et_pb_row _builder_version=&#8220;4.17.6&#8243; _module_preset=&#8220;default&#8220; custom_padding=&#8220;15px|||||&#8220; global_colors_info=&#8220;{}&#8220;][et_pb_column type=&#8220;4_4&#8243; _builder_version=&#8220;4.17.6&#8243; _module_preset=&#8220;default&#8220; global_colors_info=&#8220;{}&#8220;][et_pb_button button_url=&#8220;https:\/\/drive.google.com\/file\/d\/1hh1NS3ZFw0D_DtiM1xCxZuHoWLaY-44q\/view?usp=share_link&#8220; url_new_window=&#8220;on&#8220; button_text=&#8220;Verlieben Sie sich in die Cementine 20  &#8220; button_alignment=&#8220;center&#8220; _builder_version=&#8220;4.22.2&#8243; _module_preset=&#8220;default&#8220; box_shadow_style=&#8220;preset2&#8243; global_colors_info=&#8220;{}&#8220;][\/et_pb_button][et_pb_text _builder_version=&#8220;4.23&#8243; _module_preset=&#8220;default&#8220; hover_enabled=&#8220;0&#8243; global_colors_info=&#8220;{}&#8220; sticky_enabled=&#8220;0&#8243;]<\/p>\n<p><span style=\"font-weight: 400;\"><strong>Cementine Black&amp;White<\/strong> hingegen pr\u00e4sentiert einen einzigartigen dekorativen Ansatz des Minimalismus.  <\/span><\/p>\n<p><span style=\"font-weight: 400;\">Im Mittelpunkt steht die <strong>Harmonie der Gegens\u00e4tze<\/strong>, ein komplement\u00e4res Gleichgewicht zwischen Schwarz und Wei\u00df, das dem Klassiker eine moderne Note verleiht.  <\/span><\/p>\n<p><span style=\"font-weight: 400;\">Diese Kollektion beweist die F\u00e4higkeit von Fioranese, traditionelle Konzepte mit einer modernen Note neu zu interpretieren. Bei Gomila Cer\u00e1mica sch\u00e4tzen wir die K\u00fchnheit und den zeitlosen Stil von Cementine Black&amp;White, der jedem Raum einen Hauch von Eleganz verleiht.<\/span><\/p>\n<p>[\/et_pb_text][\/et_pb_column][\/et_pb_row][et_pb_row column_structure=&#8220;1_3,1_3,1_3&#8243; _builder_version=&#8220;4.17.6&#8243; _module_preset=&#8220;default&#8220; global_colors_info=&#8220;{}&#8220;][et_pb_column type=&#8220;1_3&#8243; _builder_version=&#8220;4.17.6&#8243; _module_preset=&#8220;default&#8220; global_colors_info=&#8220;{}&#8220;][et_pb_blurb image=&#8220;https:\/\/www.gomila-ceramica.com\/wp-content\/uploads\/2023\/10\/Rivestimenti-bagno_Pavimento-gres_Ceramica-Fioranese_Cementine-BlackWhite2.jpg&#8220; _builder_version=&#8220;4.22.2&#8243; _module_preset=&#8220;default&#8220; global_colors_info=&#8220;{}&#8220;][\/et_pb_blurb][\/et_pb_column][et_pb_column type=&#8220;1_3&#8243; _builder_version=&#8220;4.17.6&#8243; _module_preset=&#8220;default&#8220; global_colors_info=&#8220;{}&#8220;][et_pb_blurb image=&#8220;https:\/\/www.gomila-ceramica.com\/wp-content\/uploads\/2023\/10\/Pavimenti-piastrelle_rivestimento-per-interni_Ceramica_Cementine-BlackWhite_MIX-BW_4_Blend-Gomma1.jpg&#8220; _builder_version=&#8220;4.22.2&#8243; _module_preset=&#8220;default&#8220; global_colors_info=&#8220;{}&#8220;][\/et_pb_blurb][\/et_pb_column][et_pb_column type=&#8220;1_3&#8243; _builder_version=&#8220;4.17.6&#8243; _module_preset=&#8220;default&#8220; global_colors_info=&#8220;{}&#8220;][et_pb_blurb image=&#8220;https:\/\/www.gomila-ceramica.com\/wp-content\/uploads\/2023\/10\/Rivestimenti-interni_Ceramica-Fioranese_Cementine-BlackWhite_BW_11.jpg&#8220; _builder_version=&#8220;4.22.2&#8243; _module_preset=&#8220;default&#8220; global_colors_info=&#8220;{}&#8220;][\/et_pb_blurb][\/et_pb_column][\/et_pb_row][et_pb_row _builder_version=&#8220;4.22.2&#8243; _module_preset=&#8220;default&#8220; global_colors_info=&#8220;{}&#8220;][et_pb_column type=&#8220;4_4&#8243; _builder_version=&#8220;4.22.2&#8243; _module_preset=&#8220;default&#8220; global_colors_info=&#8220;{}&#8220;][et_pb_button button_url=&#8220;https:\/\/drive.google.com\/file\/d\/1A4pbs5KhLxJSGCXnDHzKQV-RA-s7wowM\/view?usp=drive_link&#8220; url_new_window=&#8220;on&#8220; button_text=&#8220;Entdecken Sie die Black&amp;White-Kollektion&#8220; button_alignment=&#8220;center&#8220; _builder_version=&#8220;4.22.2&#8243; _module_preset=&#8220;default&#8220; box_shadow_style=&#8220;preset2&#8243; global_colors_info=&#8220;{}&#8220;][\/et_pb_button][et_pb_text _builder_version=&#8220;4.23&#8243; _module_preset=&#8220;default&#8220; hover_enabled=&#8220;0&#8243; global_colors_info=&#8220;{}&#8220; sticky_enabled=&#8220;0&#8243;]<\/p>\n<p><span style=\"font-weight: 400;\">Wir von Gomila Cer\u00e1mica m\u00f6chten Ihnen helfen, den Anbieter und das Design zu w\u00e4hlen, das am besten zu Ihren Bed\u00fcrfnissen passt. Wenn Sie sich von den Fioranese-Kollektionen inspirieren lassen oder weitere M\u00f6glichkeiten erkunden m\u00f6chten, <strong>z\u00f6gern<\/strong> Sie bitte <strong>nicht, uns zu kontaktieren<\/strong>.  <\/span><\/p>\n<p><span style=\"font-weight: 400;\">Die Fioranese-Kollektionen sind ein Beispiel f\u00fcr unser <strong>st\u00e4ndiges Streben nach Exzellenz und Innovation<\/strong> in der Welt der Keramik.<\/span><\/p>\n<p>[\/et_pb_text][\/et_pb_column][\/et_pb_row][\/et_pb_section]<\/p>\n","protected":false},"excerpt":{"rendered":"<p>Bei Gomila Cer\u00e1mica sch\u00e4tzen wir Tradition und Innovation in der Welt der Keramik. Deshalb arbeiten wir mit Lieferanten zusammen, die diese Leidenschaft teilen. Einer dieser au\u00dfergew\u00f6hnlichen Partner ist Fioranese, ein italienisches Unternehmen, das seit 50 Jahren eine keramische Tradition pflegt, die auf Kreativit\u00e4t, Intelligenz und dem Geist der Erneuerung beruht. Fioranese ist ein Beispiel f\u00fcr [&hellip;]<\/p>\n","protected":false},"author":2,"featured_media":0,"parent":0,"menu_order":0,"comment_status":"closed","ping_status":"closed","template":"","meta":{"_et_pb_use_builder":"on","_et_pb_old_content":"","_et_gb_content_width":"","footnotes":""},"class_list":["post-2585","page","type-page","status-publish","hentry"],"_links":{"self":[{"href":"https:\/\/www.gomila-ceramica.com\/de\/wp-json\/wp\/v2\/pages\/2585","targetHints":{"allow":["GET"]}}],"collection":[{"href":"https:\/\/www.gomila-ceramica.com\/de\/wp-json\/wp\/v2\/pages"}],"about":[{"href":"https:\/\/www.gomila-ceramica.com\/de\/wp-json\/wp\/v2\/types\/page"}],"author":[{"embeddable":true,"href":"https:\/\/www.gomila-ceramica.com\/de\/wp-json\/wp\/v2\/users\/2"}],"replies":[{"embeddable":true,"href":"https:\/\/www.gomila-ceramica.com\/de\/wp-json\/wp\/v2\/comments?post=2585"}],"version-history":[{"count":9,"href":"https:\/\/www.gomila-ceramica.com\/de\/wp-json\/wp\/v2\/pages\/2585\/revisions"}],"predecessor-version":[{"id":3446,"href":"https:\/\/www.gomila-ceramica.com\/de\/wp-json\/wp\/v2\/pages\/2585\/revisions\/3446"}],"wp:attachment":[{"href":"https:\/\/www.gomila-ceramica.com\/de\/wp-json\/wp\/v2\/media?parent=2585"}],"curies":[{"name":"wp","href":"https:\/\/api.w.org\/{rel}","templated":true}]}}