{"id":3377,"date":"2023-10-27T05:21:40","date_gmt":"2023-10-27T05:21:40","guid":{"rendered":"https:\/\/www.gomila-ceramica.com\/major-keramik\/"},"modified":"2023-10-27T05:52:20","modified_gmt":"2023-10-27T05:52:20","slug":"major-keramik","status":"publish","type":"page","link":"https:\/\/www.gomila-ceramica.com\/de\/major-keramik\/","title":{"rendered":"Major-Keramik"},"content":{"rendered":"<p>[et_pb_section fb_built=&#8220;1&#8243; fullwidth=&#8220;on&#8220; _builder_version=&#8220;4.22.2&#8243; background_enable_image=&#8220;off&#8220; parallax=&#8220;on&#8220; background_blend=&#8220;multiply&#8220; custom_padding=&#8220;0px||0px||true|false&#8220; global_colors_info=&#8220;{}&#8220;][et_pb_fullwidth_header title=&#8220;Major-Keramik&#8220; subhead=&#8220;Lange Tradition in der Herstellung von Bodenbel\u00e4gen und Spezialteilen&#8220; button_one_text=&#8220;Kontakt mit uns&#8220; button_one_url=&#8220;https:\/\/www.gomila-ceramica.com\/de\/kontakt\/&#8220; _builder_version=&#8220;4.23&#8243; _module_preset=&#8220;default&#8220; background_color=&#8220;rgba(0,0,0,0.28)&#8220; background_image=&#8220;https:\/\/www.gomila-ceramica.com\/wp-content\/uploads\/2023\/10\/CALACATTA-FRESH-MAYOR-CERAMICA-2-scaled-1.jpg&#8220; background_size=&#8220;custom&#8220; background_image_width=&#8220;33%&#8220; background_position=&#8220;center_right&#8220; link_option_url_new_window=&#8220;on&#8220; hover_enabled=&#8220;0&#8243; global_colors_info=&#8220;{}&#8220; sticky_enabled=&#8220;0&#8243;][\/et_pb_fullwidth_header][\/et_pb_section][et_pb_section fb_built=&#8220;1&#8243; admin_label=&#8220;section&#8220; _builder_version=&#8220;4.16&#8243; custom_padding=&#8220;45px|||||&#8220; global_colors_info=&#8220;{}&#8220;][et_pb_row _builder_version=&#8220;4.17.6&#8243; _module_preset=&#8220;default&#8220; custom_padding=&#8220;17px|||||&#8220; global_colors_info=&#8220;{}&#8220;][et_pb_column type=&#8220;4_4&#8243; _builder_version=&#8220;4.17.6&#8243; _module_preset=&#8220;default&#8220; global_colors_info=&#8220;{}&#8220;][et_pb_text _builder_version=&#8220;4.23&#8243; _module_preset=&#8220;default&#8220; hover_enabled=&#8220;0&#8243; global_colors_info=&#8220;{}&#8220; sticky_enabled=&#8220;0&#8243;]<\/p>\n<p><strong>Cer\u00e1mica Mayor<\/strong>, ein Unternehmen mit einer<strong> reichen Tradition in der Herstellung von stranggepresstem Material<\/strong>, hat sich als f\u00fchrendes Unternehmen in der Produktion von <strong>Bodenbel\u00e4gen und Spezialst\u00fccken<\/strong> hervorgetan.<\/p>\n<p>Gegr\u00fcndet im letzten Jahrhundert, haben sie im Laufe der Zeit die Werte, den Glauben und die Br\u00e4uche, die sie hervorgebracht haben, beibehalten und von Generation zu Generation weitergegeben. Dies schlie\u00dft die Verpflichtung ein, diese Traditionen in jeder Form des Ausdrucks des Unternehmens anzuwenden.<\/p>\n<p>Cer\u00e1mica Mayor ist <strong>ein Familienunternehmen, das das Wissen von drei Generationen sch\u00e4tzt<\/strong>.<\/p>\n<p>Nachhaltigkeit und <strong>Respekt f\u00fcr die Natur <\/strong>und die Umwelt sind grundlegende Elemente in ihrem industriellen Prozess. Das Pflaster von Cer\u00e1mica Mayor besteht zu<strong> 50 % aus recyceltem Material<\/strong>.<\/p>\n<p>Dar\u00fcber hinaus <strong>werden 100 % der anfallenden Abf\u00e4lle wiederverwertet und 100 % des im Prozess verbrauchten Wassers wieder zugef\u00fchrt, so dass keine Abw\u00e4sser<\/strong> entstehen. Jeder Schritt in der Produktionskette ist darauf ausgerichtet, das Recycling von Materialien zu erleichtern.<\/p>\n<p>Cer\u00e1mica Mayor stellt sich den neuen Herausforderungen, die der Markt an die <strong>nachhaltige Architektur<\/strong> stellt. Das Bauen f\u00fcr die Zukunft muss sich darauf konzentrieren, die nat\u00fcrliche Umwelt zu respektieren und die Lebensqualit\u00e4t zu verbessern. Das Unternehmen ist unerm\u00fcdlich auf der Suche nach neuen Anwendungen und der Erforschung von Materialien, was es in Verbindung mit dem Geist seines Teams <strong>in hohem Ma\u00dfe qualifiziert, auf die Bed\u00fcrfnisse der bioklimatischen Architektur der Zukunft zu reagieren<\/strong>.<\/p>\n<p>Wir stellen vier Sammlungen bedeutender Keramiken vor.<\/p>\n<p>[\/et_pb_text][\/et_pb_column][\/et_pb_row][et_pb_row _builder_version=&#8220;4.22.2&#8243; _module_preset=&#8220;default&#8220; global_colors_info=&#8220;{}&#8220;][et_pb_column type=&#8220;4_4&#8243; _builder_version=&#8220;4.22.2&#8243; _module_preset=&#8220;default&#8220; global_colors_info=&#8220;{}&#8220;][et_pb_text _builder_version=&#8220;4.23&#8243; _module_preset=&#8220;default&#8220; hover_enabled=&#8220;0&#8243; global_colors_info=&#8220;{}&#8220; sticky_enabled=&#8220;0&#8243;]<\/p>\n<p><span>Die <strong>Kollektion Bali<\/strong> ist von indonesischem Vulkangestein inspiriert, das sich aufgrund seiner Eigenschaften <strong>perfekt f\u00fcr Au\u00dfenbereiche<\/strong> eignet. Die Kombination aus nat\u00fcrlichen Elementen und einer <strong>speziellen Behandlungstechnologie<\/strong> sorgt f\u00fcr einzigartige Farben, und die <strong>rutschfeste Oberfl\u00e4che<\/strong> gew\u00e4hrleistet eine sichere Umgebung, die sich perfekt f\u00fcr die Aufwertung des Bereichs um Ihren Pool eignet.<\/span><\/p>\n<p>[\/et_pb_text][\/et_pb_column][\/et_pb_row][et_pb_row column_structure=&#8220;1_3,1_3,1_3&#8243; _builder_version=&#8220;4.17.6&#8243; _module_preset=&#8220;default&#8220; custom_padding=&#8220;||7px|||&#8220; global_colors_info=&#8220;{}&#8220;][et_pb_column type=&#8220;1_3&#8243; _builder_version=&#8220;4.17.6&#8243; _module_preset=&#8220;default&#8220; global_colors_info=&#8220;{}&#8220;][et_pb_blurb image=&#8220;https:\/\/www.gomila-ceramica.com\/wp-content\/uploads\/2023\/10\/bali_Iconic-Stone-01-1000&#215;1000-1.jpg&#8220; _builder_version=&#8220;4.23&#8243; _module_preset=&#8220;default&#8220; global_colors_info=&#8220;{}&#8220;][\/et_pb_blurb][\/et_pb_column][et_pb_column type=&#8220;1_3&#8243; _builder_version=&#8220;4.17.6&#8243; _module_preset=&#8220;default&#8220; global_colors_info=&#8220;{}&#8220;][et_pb_blurb image=&#8220;https:\/\/www.gomila-ceramica.com\/wp-content\/uploads\/2023\/10\/Diseno-sin-titulo.png&#8220; _builder_version=&#8220;4.23&#8243; _module_preset=&#8220;default&#8220; global_colors_info=&#8220;{}&#8220;][\/et_pb_blurb][\/et_pb_column][et_pb_column type=&#8220;1_3&#8243; _builder_version=&#8220;4.17.6&#8243; _module_preset=&#8220;default&#8220; global_colors_info=&#8220;{}&#8220;][et_pb_blurb image=&#8220;https:\/\/www.gomila-ceramica.com\/wp-content\/uploads\/2023\/10\/MAYOR-CERAMICA-BALI.jpg&#8220; _builder_version=&#8220;4.23&#8243; _module_preset=&#8220;default&#8220; global_colors_info=&#8220;{}&#8220;][\/et_pb_blurb][\/et_pb_column][\/et_pb_row][et_pb_row _builder_version=&#8220;4.17.6&#8243; _module_preset=&#8220;default&#8220; custom_padding=&#8220;15px|||||&#8220; global_colors_info=&#8220;{}&#8220;][et_pb_column type=&#8220;4_4&#8243; _builder_version=&#8220;4.17.6&#8243; _module_preset=&#8220;default&#8220; global_colors_info=&#8220;{}&#8220;][et_pb_button button_url=&#8220;https:\/\/drive.google.com\/file\/d\/1e60w5T3zrCIWlp3uZ6pBUlSmS78QcgFe\/view?usp=drive_link&#8220; url_new_window=&#8220;on&#8220; button_text=&#8220;Reisen mit der Kollektion Bali&#8220; button_alignment=&#8220;center&#8220; _builder_version=&#8220;4.23&#8243; _module_preset=&#8220;default&#8220; box_shadow_style=&#8220;preset2&#8243; global_colors_info=&#8220;{}&#8220;][\/et_pb_button][et_pb_text _builder_version=&#8220;4.23&#8243; _module_preset=&#8220;default&#8220; hover_enabled=&#8220;0&#8243; global_colors_info=&#8220;{}&#8220; sticky_enabled=&#8220;0&#8243;]<\/p>\n<p><strong>Die Kollektion Stromboli ist nat\u00fcrliche Modernit\u00e4t.<\/strong><span> <\/span><\/p>\n<p><span>Das Design des Stromboli-Steins ist modern und weich, ideal f\u00fcr Terrassen mit klaren architektonischen Linien. Die <strong>neutralen Farbt\u00f6ne und die glatte<\/strong>, von Naturstein inspirierte <strong>Textur<\/strong> machen die Serie Stromboli \u00e4u\u00dferst vielseitig und f\u00fcr eine Vielzahl von Umgebungen geeignet. Es schafft eine <strong>ruhige und helle Atmosph\u00e4re<\/strong>, die Ihnen hilft, abzuschalten.<\/span><\/p>\n<p>[\/et_pb_text][\/et_pb_column][\/et_pb_row][et_pb_row column_structure=&#8220;1_3,1_3,1_3&#8243; _builder_version=&#8220;4.17.6&#8243; _module_preset=&#8220;default&#8220; custom_padding=&#8220;||7px|||&#8220; global_colors_info=&#8220;{}&#8220;][et_pb_column type=&#8220;1_3&#8243; _builder_version=&#8220;4.17.6&#8243; _module_preset=&#8220;default&#8220; global_colors_info=&#8220;{}&#8220;][et_pb_blurb image=&#8220;https:\/\/www.gomila-ceramica.com\/wp-content\/uploads\/2023\/10\/stromboli-3.png&#8220; _builder_version=&#8220;4.23&#8243; _module_preset=&#8220;default&#8220; global_colors_info=&#8220;{}&#8220;][\/et_pb_blurb][\/et_pb_column][et_pb_column type=&#8220;1_3&#8243; _builder_version=&#8220;4.17.6&#8243; _module_preset=&#8220;default&#8220; global_colors_info=&#8220;{}&#8220;][et_pb_blurb image=&#8220;https:\/\/www.gomila-ceramica.com\/wp-content\/uploads\/2023\/10\/stromboli-2.png&#8220; _builder_version=&#8220;4.23&#8243; _module_preset=&#8220;default&#8220; global_colors_info=&#8220;{}&#8220;][\/et_pb_blurb][\/et_pb_column][et_pb_column type=&#8220;1_3&#8243; _builder_version=&#8220;4.17.6&#8243; _module_preset=&#8220;default&#8220; global_colors_info=&#8220;{}&#8220;][et_pb_blurb image=&#8220;https:\/\/www.gomila-ceramica.com\/wp-content\/uploads\/2023\/10\/stromboli.png&#8220; _builder_version=&#8220;4.23&#8243; _module_preset=&#8220;default&#8220; global_colors_info=&#8220;{}&#8220;][\/et_pb_blurb][\/et_pb_column][\/et_pb_row][et_pb_row _builder_version=&#8220;4.17.6&#8243; _module_preset=&#8220;default&#8220; custom_padding=&#8220;15px|||||&#8220; global_colors_info=&#8220;{}&#8220;][et_pb_column type=&#8220;4_4&#8243; _builder_version=&#8220;4.17.6&#8243; _module_preset=&#8220;default&#8220; global_colors_info=&#8220;{}&#8220;][et_pb_button button_url=&#8220;https:\/\/drive.google.com\/file\/d\/1orxsi7QpTRKChxqeWtSWLDsvi_4uMO4D\/view?usp=drive_link&#8220; url_new_window=&#8220;on&#8220; button_text=&#8220;Lassen Sie sich von Stromboli inspirieren&#8220; button_alignment=&#8220;center&#8220; _builder_version=&#8220;4.23&#8243; _module_preset=&#8220;default&#8220; box_shadow_style=&#8220;preset2&#8243; global_colors_info=&#8220;{}&#8220;][\/et_pb_button][et_pb_text _builder_version=&#8220;4.23&#8243; _module_preset=&#8220;default&#8220; global_colors_info=&#8220;{}&#8220;]<\/p>\n<p><span><strong>Die Kollektion Salem von Cer\u00e1mica Mayor<\/strong> zeichnet sich durch ihre solide Zusammensetzung und ihr Aussehen aus, typische Merkmale von <strong>Naturstein<\/strong>. Sie beinhaltet auch die Vorteile von Feinsteinzeug. Diese aus hochwertigen Materialien gefertigte Kollektion ist f\u00fcr Projekte mit Pers\u00f6nlichkeit gedacht, die eine anspruchsvolle Atmosph\u00e4re schaffen wollen.<\/span><\/p>\n<p>[\/et_pb_text][\/et_pb_column][\/et_pb_row][et_pb_row column_structure=&#8220;1_3,1_3,1_3&#8243; _builder_version=&#8220;4.17.6&#8243; _module_preset=&#8220;default&#8220; custom_padding=&#8220;||7px|||&#8220; global_colors_info=&#8220;{}&#8220;][et_pb_column type=&#8220;1_3&#8243; _builder_version=&#8220;4.17.6&#8243; _module_preset=&#8220;default&#8220; global_colors_info=&#8220;{}&#8220;][et_pb_blurb image=&#8220;https:\/\/www.gomila-ceramica.com\/wp-content\/uploads\/2023\/10\/salem-2.png&#8220; _builder_version=&#8220;4.23&#8243; _module_preset=&#8220;default&#8220; global_colors_info=&#8220;{}&#8220;][\/et_pb_blurb][\/et_pb_column][et_pb_column type=&#8220;1_3&#8243; _builder_version=&#8220;4.17.6&#8243; _module_preset=&#8220;default&#8220; global_colors_info=&#8220;{}&#8220;][et_pb_blurb image=&#8220;https:\/\/www.gomila-ceramica.com\/wp-content\/uploads\/2023\/10\/salem.png&#8220; _builder_version=&#8220;4.23&#8243; _module_preset=&#8220;default&#8220; global_colors_info=&#8220;{}&#8220;][\/et_pb_blurb][\/et_pb_column][et_pb_column type=&#8220;1_3&#8243; _builder_version=&#8220;4.17.6&#8243; _module_preset=&#8220;default&#8220; global_colors_info=&#8220;{}&#8220;][et_pb_blurb image=&#8220;https:\/\/www.gomila-ceramica.com\/wp-content\/uploads\/2023\/10\/salem-3.png&#8220; _builder_version=&#8220;4.23&#8243; _module_preset=&#8220;default&#8220; global_colors_info=&#8220;{}&#8220;][\/et_pb_blurb][\/et_pb_column][\/et_pb_row][et_pb_row _builder_version=&#8220;4.17.6&#8243; _module_preset=&#8220;default&#8220; custom_padding=&#8220;15px|||||&#8220; global_colors_info=&#8220;{}&#8220;][et_pb_column type=&#8220;4_4&#8243; _builder_version=&#8220;4.17.6&#8243; _module_preset=&#8220;default&#8220; global_colors_info=&#8220;{}&#8220;][et_pb_button button_url=&#8220;https:\/\/drive.google.com\/file\/d\/1pNbs70ixSRxxUHGplyQB-UKJPCLXzASy\/view?usp=drive_link&#8220; url_new_window=&#8220;on&#8220; button_text=&#8220;Entdecken Sie die Nat\u00fcrlichkeit von Salem&#8220; button_alignment=&#8220;center&#8220; _builder_version=&#8220;4.23&#8243; _module_preset=&#8220;default&#8220; box_shadow_style=&#8220;preset2&#8243; global_colors_info=&#8220;{}&#8220;][\/et_pb_button][et_pb_text _builder_version=&#8220;4.23&#8243; _module_preset=&#8220;default&#8220; hover_enabled=&#8220;0&#8243; global_colors_info=&#8220;{}&#8220; sticky_enabled=&#8220;0&#8243;]<\/p>\n<p><strong>Crosscut steht f\u00fcr Eleganz und W\u00e4rme.<\/strong><span><\/span><\/p>\n<p><span>Crosscut ist vom Travertin inspiriert, einem Stein mit einer <strong>Oberfl\u00e4che, die sich durch kleine Hohlr\u00e4ume und einen gro\u00dfen grafischen Reichtum auszeichnet<\/strong>, was ihn perfekt f\u00fcr jede Art von Raum macht. Sein tiefes Design verleiht ihm ein <strong>realistisches Aussehen<\/strong> und eine <strong>solide, ausgewogene Oberfl\u00e4che,<\/strong> w\u00e4hrend er gleichzeitig weich und sanft bleibt.  <\/span><\/p>\n<p><span>Dar\u00fcber hinaus bietet die Vielfalt an Formaten, Stufen und Beckenteilen die M\u00f6glichkeit, eine einheitliche \u00c4sthetik sowohl im Au\u00dfen- als auch im Innenbereich zu erhalten.<\/span><\/p>\n<p>[\/et_pb_text][\/et_pb_column][\/et_pb_row][et_pb_row column_structure=&#8220;1_3,1_3,1_3&#8243; _builder_version=&#8220;4.17.6&#8243; _module_preset=&#8220;default&#8220; custom_padding=&#8220;||7px|||&#8220; global_colors_info=&#8220;{}&#8220;][et_pb_column type=&#8220;1_3&#8243; _builder_version=&#8220;4.17.6&#8243; _module_preset=&#8220;default&#8220; global_colors_info=&#8220;{}&#8220;][et_pb_blurb image=&#8220;https:\/\/www.gomila-ceramica.com\/wp-content\/uploads\/2023\/10\/Crosscut_ceramicamayor-2.png&#8220; _builder_version=&#8220;4.23&#8243; _module_preset=&#8220;default&#8220; global_colors_info=&#8220;{}&#8220;][\/et_pb_blurb][\/et_pb_column][et_pb_column type=&#8220;1_3&#8243; _builder_version=&#8220;4.17.6&#8243; _module_preset=&#8220;default&#8220; global_colors_info=&#8220;{}&#8220;][et_pb_blurb image=&#8220;https:\/\/www.gomila-ceramica.com\/wp-content\/uploads\/2023\/10\/Crosscut_ceramicamayor.png&#8220; _builder_version=&#8220;4.23&#8243; _module_preset=&#8220;default&#8220; global_colors_info=&#8220;{}&#8220;][\/et_pb_blurb][\/et_pb_column][et_pb_column type=&#8220;1_3&#8243; _builder_version=&#8220;4.17.6&#8243; _module_preset=&#8220;default&#8220; global_colors_info=&#8220;{}&#8220;][et_pb_image src=&#8220;https:\/\/www.gomila-ceramica.com\/wp-content\/uploads\/2023\/10\/Crosscut_ceramicamayor-3.png&#8220; title_text=&#8220;Crosscut_ceramicamayor (3)&#8220; _builder_version=&#8220;4.23&#8243; _module_preset=&#8220;default&#8220; global_colors_info=&#8220;{}&#8220;][\/et_pb_image][\/et_pb_column][\/et_pb_row][et_pb_row _builder_version=&#8220;4.17.6&#8243; _module_preset=&#8220;default&#8220; custom_padding=&#8220;15px|||||&#8220; global_colors_info=&#8220;{}&#8220;][et_pb_column type=&#8220;4_4&#8243; _builder_version=&#8220;4.17.6&#8243; _module_preset=&#8220;default&#8220; global_colors_info=&#8220;{}&#8220;][et_pb_button button_url=&#8220;https:\/\/drive.google.com\/file\/d\/1wqYfwnuYRbf4u7f1oIoluFbsKA0daNG9\/view?usp=drive_link&#8220; url_new_window=&#8220;on&#8220; button_text=&#8220;Entdecken Sie die Crosscut-Kollektion&#8220; button_alignment=&#8220;center&#8220; _builder_version=&#8220;4.23&#8243; _module_preset=&#8220;default&#8220; box_shadow_style=&#8220;preset2&#8243; global_colors_info=&#8220;{}&#8220;][\/et_pb_button][\/et_pb_column][\/et_pb_row][et_pb_row _builder_version=&#8220;4.17.6&#8243; _module_preset=&#8220;default&#8220; custom_padding=&#8220;15px|||||&#8220; global_colors_info=&#8220;{}&#8220;][et_pb_column type=&#8220;4_4&#8243; _builder_version=&#8220;4.17.6&#8243; _module_preset=&#8220;default&#8220; global_colors_info=&#8220;{}&#8220;][et_pb_text _builder_version=&#8220;4.23&#8243; _module_preset=&#8220;default&#8220; hover_enabled=&#8220;0&#8243; global_colors_info=&#8220;{}&#8220; sticky_enabled=&#8220;0&#8243;]<\/p>\n<p><span>Wir bei Gomila Cer\u00e1mica sind stolz darauf, mit Cer\u00e1mica Mayor zusammenzuarbeiten, weil sich das Unternehmen f\u00fcr Nachhaltigkeit und Qualit\u00e4t bei der Herstellung von Keramikprodukten einsetzt. Wir sind zuversichtlich, dass ihre Kollektionen Sch\u00f6nheit und Langlebigkeit in Ihre Innenarchitektur- und Architekturprojekte bringen werden.<\/span><\/p>\n<p><span>Wir<strong> helfen Ihnen dabei, die perfekte Wahl<\/strong> f\u00fcr Ihr Projekt zu treffen und Sch\u00f6nheit und Ethik in Ihre R\u00e4ume zu bringen.<\/span><\/p>\n<p><span><strong>Schreiben Sie uns, rufen Sie uns an unter 971 732 343 oder besuchen Sie unsere Einrichtungen<\/strong>, damit wir Sie beraten und bei Ihrer Wahl begleiten k\u00f6nnen.<\/span><\/p>\n<p>[\/et_pb_text][\/et_pb_column][\/et_pb_row][\/et_pb_section]<\/p>\n","protected":false},"excerpt":{"rendered":"<p>Cer\u00e1mica Mayor, ein Unternehmen mit einer reichen Tradition in der Herstellung von stranggepresstem Material, hat sich als f\u00fchrendes Unternehmen in der Produktion von Bodenbel\u00e4gen und Spezialst\u00fccken hervorgetan. Gegr\u00fcndet im letzten Jahrhundert, haben sie im Laufe der Zeit die Werte, den Glauben und die Br\u00e4uche, die sie hervorgebracht haben, beibehalten und von Generation zu Generation weitergegeben. [&hellip;]<\/p>\n","protected":false},"author":2,"featured_media":0,"parent":0,"menu_order":0,"comment_status":"closed","ping_status":"closed","template":"","meta":{"_et_pb_use_builder":"on","_et_pb_old_content":"","_et_gb_content_width":"","footnotes":""},"class_list":["post-3377","page","type-page","status-publish","hentry"],"_links":{"self":[{"href":"https:\/\/www.gomila-ceramica.com\/de\/wp-json\/wp\/v2\/pages\/3377","targetHints":{"allow":["GET"]}}],"collection":[{"href":"https:\/\/www.gomila-ceramica.com\/de\/wp-json\/wp\/v2\/pages"}],"about":[{"href":"https:\/\/www.gomila-ceramica.com\/de\/wp-json\/wp\/v2\/types\/page"}],"author":[{"embeddable":true,"href":"https:\/\/www.gomila-ceramica.com\/de\/wp-json\/wp\/v2\/users\/2"}],"replies":[{"embeddable":true,"href":"https:\/\/www.gomila-ceramica.com\/de\/wp-json\/wp\/v2\/comments?post=3377"}],"version-history":[{"count":6,"href":"https:\/\/www.gomila-ceramica.com\/de\/wp-json\/wp\/v2\/pages\/3377\/revisions"}],"predecessor-version":[{"id":3433,"href":"https:\/\/www.gomila-ceramica.com\/de\/wp-json\/wp\/v2\/pages\/3377\/revisions\/3433"}],"wp:attachment":[{"href":"https:\/\/www.gomila-ceramica.com\/de\/wp-json\/wp\/v2\/media?parent=3377"}],"curies":[{"name":"wp","href":"https:\/\/api.w.org\/{rel}","templated":true}]}}