{"id":3382,"date":"2023-10-27T05:21:42","date_gmt":"2023-10-27T05:21:42","guid":{"rendered":"https:\/\/www.gomila-ceramica.com\/mirage\/"},"modified":"2023-10-27T08:05:52","modified_gmt":"2023-10-27T08:05:52","slug":"mirage","status":"publish","type":"page","link":"https:\/\/www.gomila-ceramica.com\/de\/mirage\/","title":{"rendered":"Mirage"},"content":{"rendered":"<p>[et_pb_section fb_built=&#8220;1&#8243; fullwidth=&#8220;on&#8220; _builder_version=&#8220;4.22.2&#8243; background_enable_image=&#8220;off&#8220; parallax=&#8220;on&#8220; background_blend=&#8220;multiply&#8220; custom_padding=&#8220;0px||0px||true|false&#8220; global_colors_info=&#8220;{}&#8220;][et_pb_fullwidth_header title=&#8220;Mirage&#8220; subhead=&#8220;Inspirierend f\u00fcr ein besseres Leben&#8220; button_one_text=&#8220;Kontakt mit uns&#8220; button_one_url=&#8220;https:\/\/www.gomila-ceramica.com\/de\/kontakt\/&#8220; _builder_version=&#8220;4.23&#8243; _module_preset=&#8220;default&#8220; background_color=&#8220;rgba(0,0,0,0.28)&#8220; background_image=&#8220;https:\/\/www.gomila-ceramica.com\/wp-content\/uploads\/2023\/10\/mirage_clay.jpg&#8220; background_size=&#8220;custom&#8220; background_image_width=&#8220;33%&#8220; background_position=&#8220;center_right&#8220; link_option_url_new_window=&#8220;on&#8220; global_colors_info=&#8220;{}&#8220;][\/et_pb_fullwidth_header][\/et_pb_section][et_pb_section fb_built=&#8220;1&#8243; admin_label=&#8220;section&#8220; _builder_version=&#8220;4.16&#8243; custom_padding=&#8220;45px|||||&#8220; global_colors_info=&#8220;{}&#8220;][et_pb_row _builder_version=&#8220;4.17.6&#8243; _module_preset=&#8220;default&#8220; custom_padding=&#8220;17px|||||&#8220; global_colors_info=&#8220;{}&#8220;][et_pb_column type=&#8220;4_4&#8243; _builder_version=&#8220;4.17.6&#8243; _module_preset=&#8220;default&#8220; global_colors_info=&#8220;{}&#8220;][et_pb_text _builder_version=&#8220;4.23&#8243; _module_preset=&#8220;default&#8220; global_colors_info=&#8220;{}&#8220;]<\/p>\n<p>Wir von Gomila Cer\u00e1mica sind stolz darauf, mit <strong>Mirage<\/strong> zusammenzuarbeiten, einem Unternehmen mit <strong>mehr als 50 Jahren Erfahrung in den Bereichen Innenarchitektur und<\/strong> Design.<\/p>\n<p>Im Laufe seiner Geschichte hat sich Mirage durch folgende Eigenschaften ausgezeichnet  <strong>Engagement f\u00fcr technologische Innovation, Produktforschung, absolute Zuverl\u00e4ssigkeit und Umweltfreundlichkeit.<\/strong>  Wir sch\u00e4tzen dieses Engagement f\u00fcr Qualit\u00e4t und Nachhaltigkeit sehr, und es ist einer der Hauptgr\u00fcnde, warum wir uns f\u00fcr die Zusammenarbeit mit ihnen entschieden haben.<\/p>\n<p>Unsere Partnerschaft mit Mirage basiert auf gemeinsamen Werten. Wir glauben fest an Innovation und die st\u00e4ndige Suche nach nachhaltigeren L\u00f6sungen f\u00fcr die Innenarchitektur. Wie sie engagieren wir uns f\u00fcr die Schaffung <strong>hochwertiger Lebensr\u00e4ume, die das Leben der Menschen verbessern<\/strong>.<\/p>\n<p>Wir sind bestrebt, unseren Kunden Qualit\u00e4tsprodukte anzubieten, die italienisches Design widerspiegeln und den h\u00f6chsten Umweltstandards entsprechen.<\/p>\n<p>[\/et_pb_text][\/et_pb_column][\/et_pb_row][et_pb_row column_structure=&#8220;1_4,1_4,1_4,1_4&#8243; _builder_version=&#8220;4.17.6&#8243; _module_preset=&#8220;default&#8220; custom_padding=&#8220;||7px|||&#8220; global_colors_info=&#8220;{}&#8220;][et_pb_column type=&#8220;1_4&#8243; _builder_version=&#8220;4.17.6&#8243; _module_preset=&#8220;default&#8220; global_colors_info=&#8220;{}&#8220;][et_pb_blurb image=&#8220;https:\/\/www.gomila-ceramica.com\/wp-content\/uploads\/2023\/10\/mirage_ELYSIAN-TRAVERTINI7.jpg&#8220; _builder_version=&#8220;4.23&#8243; _module_preset=&#8220;default&#8220; global_colors_info=&#8220;{}&#8220;][\/et_pb_blurb][\/et_pb_column][et_pb_column type=&#8220;1_4&#8243; _builder_version=&#8220;4.17.6&#8243; _module_preset=&#8220;default&#8220; global_colors_info=&#8220;{}&#8220;][et_pb_blurb image=&#8220;https:\/\/www.gomila-ceramica.com\/wp-content\/uploads\/2023\/10\/mirage_ELYSIAN-TRAVERTINI8.jpg&#8220; _builder_version=&#8220;4.23&#8243; _module_preset=&#8220;default&#8220; global_colors_info=&#8220;{}&#8220;][\/et_pb_blurb][\/et_pb_column][et_pb_column type=&#8220;1_4&#8243; _builder_version=&#8220;4.17.6&#8243; _module_preset=&#8220;default&#8220; global_colors_info=&#8220;{}&#8220;][et_pb_blurb image=&#8220;https:\/\/www.gomila-ceramica.com\/wp-content\/uploads\/2023\/10\/mirage_ELYSIAN-TRAVERTINI5.jpg&#8220; _builder_version=&#8220;4.23&#8243; _module_preset=&#8220;default&#8220; global_colors_info=&#8220;{}&#8220;][\/et_pb_blurb][\/et_pb_column][et_pb_column type=&#8220;1_4&#8243; _builder_version=&#8220;4.17.6&#8243; _module_preset=&#8220;default&#8220; global_colors_info=&#8220;{}&#8220;][et_pb_image src=&#8220;https:\/\/www.gomila-ceramica.com\/wp-content\/uploads\/2023\/10\/mirage_ELYSIAN-TRAVERTINI10.jpg&#8220; title_text=&#8220;mirage_ELYSIAN TRAVERTINI10&#8243; _builder_version=&#8220;4.23&#8243; _module_preset=&#8220;default&#8220; global_colors_info=&#8220;{}&#8220;][\/et_pb_image][\/et_pb_column][\/et_pb_row][et_pb_row _builder_version=&#8220;4.22.2&#8243; _module_preset=&#8220;default&#8220; global_colors_info=&#8220;{}&#8220;][et_pb_column type=&#8220;4_4&#8243; _builder_version=&#8220;4.22.2&#8243; _module_preset=&#8220;default&#8220; global_colors_info=&#8220;{}&#8220;][et_pb_text _builder_version=&#8220;4.23&#8243; _module_preset=&#8220;default&#8220; global_colors_info=&#8220;{}&#8220;]<\/p>\n<p><span>Die Mirage-Kollektionen sind Beispiele f\u00fcr unser <strong>gemeinsames Engagement f\u00fcr Qualit\u00e4t und Sch\u00f6nheit<\/strong>.<\/span><\/p>\n<p>Hier sind die Lieblingskollektionen unserer Kunden.<\/p>\n<p><span><\/span><\/p>\n<p><span>Die <strong>Mirage Clay-Kollektion<\/strong> steht f\u00fcr eine Verschmelzung von Stil und Vielseitigkeit. Mit seinem <strong>harz\u00e4hnlichen Aussehen<\/strong> und dem leicht gl\u00e4nzenden Effekt auf einer matten Oberfl\u00e4che ist Clay ideal, um <strong>beeindruckende Effekte<\/strong> in Architektur- und Designprojekten zu erzielen.  <\/span><\/p>\n<p><span>Die <strong>warmen und frischen Farben<\/strong> bieten eine Palette, die von Wei\u00df \u00fcber verschiedene Graut\u00f6ne, Greige und Taupe bis hin zu modernen Farben wie Cotto, Senf und Petrolblau reicht.  <\/span><\/p>\n<p><span>Diese <strong>Vielseitigkeit in Bezug auf Zusammensetzung und Material<\/strong> macht ihn zu einer perfekten Wahl f\u00fcr gro\u00dfe und kleine R\u00e4ume.<\/span><span><\/span><\/p>\n<p>[\/et_pb_text][\/et_pb_column][\/et_pb_row][et_pb_row column_structure=&#8220;1_4,1_4,1_4,1_4&#8243; _builder_version=&#8220;4.17.6&#8243; _module_preset=&#8220;default&#8220; custom_padding=&#8220;||7px|||&#8220; global_colors_info=&#8220;{}&#8220;][et_pb_column type=&#8220;1_4&#8243; _builder_version=&#8220;4.17.6&#8243; _module_preset=&#8220;default&#8220; global_colors_info=&#8220;{}&#8220;][et_pb_blurb image=&#8220;https:\/\/www.gomila-ceramica.com\/wp-content\/uploads\/2023\/10\/mirage_clay5.jpg&#8220; _builder_version=&#8220;4.23&#8243; _module_preset=&#8220;default&#8220; global_colors_info=&#8220;{}&#8220;][\/et_pb_blurb][\/et_pb_column][et_pb_column type=&#8220;1_4&#8243; _builder_version=&#8220;4.17.6&#8243; _module_preset=&#8220;default&#8220; global_colors_info=&#8220;{}&#8220;][et_pb_blurb image=&#8220;https:\/\/www.gomila-ceramica.com\/wp-content\/uploads\/2023\/10\/mirage_clay4.jpg&#8220; _builder_version=&#8220;4.23&#8243; _module_preset=&#8220;default&#8220; global_colors_info=&#8220;{}&#8220;][\/et_pb_blurb][\/et_pb_column][et_pb_column type=&#8220;1_4&#8243; _builder_version=&#8220;4.17.6&#8243; _module_preset=&#8220;default&#8220; global_colors_info=&#8220;{}&#8220;][et_pb_blurb image=&#8220;https:\/\/www.gomila-ceramica.com\/wp-content\/uploads\/2023\/10\/mirage_clay3.jpg&#8220; _builder_version=&#8220;4.23&#8243; _module_preset=&#8220;default&#8220; global_colors_info=&#8220;{}&#8220;][\/et_pb_blurb][\/et_pb_column][et_pb_column type=&#8220;1_4&#8243; _builder_version=&#8220;4.17.6&#8243; _module_preset=&#8220;default&#8220; global_colors_info=&#8220;{}&#8220;][et_pb_image src=&#8220;https:\/\/www.gomila-ceramica.com\/wp-content\/uploads\/2023\/10\/mirage_clay2.jpg&#8220; title_text=&#8220;mirage_clay2&#8243; _builder_version=&#8220;4.23&#8243; _module_preset=&#8220;default&#8220; global_colors_info=&#8220;{}&#8220;][\/et_pb_image][\/et_pb_column][\/et_pb_row][et_pb_row _builder_version=&#8220;4.17.6&#8243; _module_preset=&#8220;default&#8220; custom_padding=&#8220;15px|||||&#8220; global_colors_info=&#8220;{}&#8220;][et_pb_column type=&#8220;4_4&#8243; _builder_version=&#8220;4.17.6&#8243; _module_preset=&#8220;default&#8220; global_colors_info=&#8220;{}&#8220;][et_pb_button button_url=&#8220;https:\/\/drive.google.com\/file\/d\/1drAZ-Wao4iHhbhKv0fhYQ_C0bUruzPwv\/view?usp=drive_link&#8220; url_new_window=&#8220;on&#8220; button_text=&#8220;Entdecken Sie die Sammlung Clay&#8220; button_alignment=&#8220;center&#8220; _builder_version=&#8220;4.23&#8243; _module_preset=&#8220;default&#8220; box_shadow_style=&#8220;preset2&#8243; global_colors_info=&#8220;{}&#8220;][\/et_pb_button][et_pb_text _builder_version=&#8220;4.23&#8243; _module_preset=&#8220;default&#8220; global_colors_info=&#8220;{}&#8220;]<\/p>\n<p><span><strong>Elysian Travertini von Mirage<\/strong> ist eine Kollektion, die zeitlosen Charme, <strong>W\u00e4rme und Harmonie<\/strong> ausstrahlt.  <\/span><\/p>\n<p><span>Diese vielseitige Kollektion wertet eine Vielzahl von Architektur- und Designstilen auf nat\u00fcrliche Weise auf und verleiht jedem Raum attraktive Sch\u00f6nheit und eine F\u00fclle von Charme.<\/span><\/p>\n<p>[\/et_pb_text][\/et_pb_column][\/et_pb_row][et_pb_row column_structure=&#8220;1_4,1_4,1_4,1_4&#8243; _builder_version=&#8220;4.17.6&#8243; _module_preset=&#8220;default&#8220; custom_padding=&#8220;||7px|||&#8220; global_colors_info=&#8220;{}&#8220;][et_pb_column type=&#8220;1_4&#8243; _builder_version=&#8220;4.17.6&#8243; _module_preset=&#8220;default&#8220; global_colors_info=&#8220;{}&#8220;][et_pb_blurb image=&#8220;https:\/\/www.gomila-ceramica.com\/wp-content\/uploads\/2023\/10\/mirage_ELYSIAN-TRAVERTINI11.jpg&#8220; _builder_version=&#8220;4.23&#8243; _module_preset=&#8220;default&#8220; global_colors_info=&#8220;{}&#8220;][\/et_pb_blurb][\/et_pb_column][et_pb_column type=&#8220;1_4&#8243; _builder_version=&#8220;4.17.6&#8243; _module_preset=&#8220;default&#8220; global_colors_info=&#8220;{}&#8220;][et_pb_blurb image=&#8220;https:\/\/www.gomila-ceramica.com\/wp-content\/uploads\/2023\/10\/mirage_ELYSIAN-TRAVERTINI2.jpg&#8220; _builder_version=&#8220;4.23&#8243; _module_preset=&#8220;default&#8220; global_colors_info=&#8220;{}&#8220;][\/et_pb_blurb][\/et_pb_column][et_pb_column type=&#8220;1_4&#8243; _builder_version=&#8220;4.17.6&#8243; _module_preset=&#8220;default&#8220; global_colors_info=&#8220;{}&#8220;][et_pb_blurb image=&#8220;https:\/\/www.gomila-ceramica.com\/wp-content\/uploads\/2023\/10\/mirage_ELYSIAN-TRAVERTINI9.jpg&#8220; _builder_version=&#8220;4.23&#8243; _module_preset=&#8220;default&#8220; global_colors_info=&#8220;{}&#8220;][\/et_pb_blurb][\/et_pb_column][et_pb_column type=&#8220;1_4&#8243; _builder_version=&#8220;4.17.6&#8243; _module_preset=&#8220;default&#8220; global_colors_info=&#8220;{}&#8220;][et_pb_image src=&#8220;https:\/\/www.gomila-ceramica.com\/wp-content\/uploads\/2023\/10\/mirage_ELYSIAN-TRAVERTINI.jpg&#8220; title_text=&#8220;mirage_ELYSIAN TRAVERTINI&#8220; _builder_version=&#8220;4.23&#8243; _module_preset=&#8220;default&#8220; global_colors_info=&#8220;{}&#8220;][\/et_pb_image][\/et_pb_column][\/et_pb_row][et_pb_row _builder_version=&#8220;4.17.6&#8243; _module_preset=&#8220;default&#8220; custom_padding=&#8220;15px|||||&#8220; global_colors_info=&#8220;{}&#8220;][et_pb_column type=&#8220;4_4&#8243; _builder_version=&#8220;4.17.6&#8243; _module_preset=&#8220;default&#8220; global_colors_info=&#8220;{}&#8220;][et_pb_button button_url=&#8220;https:\/\/drive.google.com\/file\/d\/1H13J-t3Kmur4PjyBbjRSiv26VEQiJHx3\/view?usp=drive_link&#8220; url_new_window=&#8220;on&#8220; button_text=&#8220;Lassen Sie sich von Elysian Travertini entf\u00fchren&#8220; button_alignment=&#8220;center&#8220; _builder_version=&#8220;4.23&#8243; _module_preset=&#8220;default&#8220; box_shadow_style=&#8220;preset2&#8243; global_colors_info=&#8220;{}&#8220;][\/et_pb_button][et_pb_text _builder_version=&#8220;4.23&#8243; _module_preset=&#8220;default&#8220; global_colors_info=&#8220;{}&#8220;]<\/p>\n<p><span><strong>Glocal von Mirage<\/strong> ist eine Kollektion, die das Globale mit dem Lokalen verbindet.  <\/span><\/p>\n<p><span>Seit 2017 hebt es den glatten Beton auf ein neues Niveau in der Welt des Feinsteinzeugs.  <\/span><\/p>\n<p><span>Der <strong>italienische Designer Giulio Cappellini<\/strong> hat Glocal ein subtiles Restyling verpasst, das die Kollektion <strong>bereichert und aktualisiert<\/strong>, ohne ihre urspr\u00fcngliche Identit\u00e4t zu ver\u00e4ndern, und eine zeitgen\u00f6ssische \u00c4sthetik bietet, die sich an Wohnumgebungen und \u00f6ffentliche R\u00e4ume anpasst.  <\/span><\/p>\n<p><span>Die Kollektion bietet acht Farbt\u00f6ne und dekorative L\u00f6sungen, die den <strong>minimalistischen<\/strong> Reiz von Beton mit <strong>k\u00fchnen<\/strong> Farbkontrasten und Oberfl\u00e4chenvariationen kombinieren.<\/span><\/p>\n<p>[\/et_pb_text][\/et_pb_column][\/et_pb_row][et_pb_row column_structure=&#8220;1_4,1_4,1_4,1_4&#8243; _builder_version=&#8220;4.17.6&#8243; _module_preset=&#8220;default&#8220; custom_padding=&#8220;||7px|||&#8220; global_colors_info=&#8220;{}&#8220;][et_pb_column type=&#8220;1_4&#8243; _builder_version=&#8220;4.17.6&#8243; _module_preset=&#8220;default&#8220; global_colors_info=&#8220;{}&#8220;][et_pb_blurb image=&#8220;https:\/\/www.gomila-ceramica.com\/wp-content\/uploads\/2023\/10\/mirage_glocal-e1697891816150.jpg&#8220; _builder_version=&#8220;4.23&#8243; _module_preset=&#8220;default&#8220; global_colors_info=&#8220;{}&#8220;][\/et_pb_blurb][\/et_pb_column][et_pb_column type=&#8220;1_4&#8243; _builder_version=&#8220;4.17.6&#8243; _module_preset=&#8220;default&#8220; global_colors_info=&#8220;{}&#8220;][et_pb_blurb image=&#8220;https:\/\/www.gomila-ceramica.com\/wp-content\/uploads\/2023\/10\/mirage_glocal2.jpg&#8220; _builder_version=&#8220;4.23&#8243; _module_preset=&#8220;default&#8220; global_colors_info=&#8220;{}&#8220;][\/et_pb_blurb][\/et_pb_column][et_pb_column type=&#8220;1_4&#8243; _builder_version=&#8220;4.17.6&#8243; _module_preset=&#8220;default&#8220; global_colors_info=&#8220;{}&#8220;][et_pb_blurb image=&#8220;https:\/\/www.gomila-ceramica.com\/wp-content\/uploads\/2023\/10\/mirage_glocal5.jpg&#8220; _builder_version=&#8220;4.23&#8243; _module_preset=&#8220;default&#8220; global_colors_info=&#8220;{}&#8220;][\/et_pb_blurb][\/et_pb_column][et_pb_column type=&#8220;1_4&#8243; _builder_version=&#8220;4.17.6&#8243; _module_preset=&#8220;default&#8220; global_colors_info=&#8220;{}&#8220;][et_pb_image src=&#8220;https:\/\/www.gomila-ceramica.com\/wp-content\/uploads\/2023\/10\/mirage_glocal4.jpg&#8220; title_text=&#8220;mirage_glocal4&#8243; _builder_version=&#8220;4.23&#8243; _module_preset=&#8220;default&#8220; global_colors_info=&#8220;{}&#8220;][\/et_pb_image][\/et_pb_column][\/et_pb_row][et_pb_row _builder_version=&#8220;4.17.6&#8243; _module_preset=&#8220;default&#8220; custom_padding=&#8220;15px|||||&#8220; global_colors_info=&#8220;{}&#8220;][et_pb_column type=&#8220;4_4&#8243; _builder_version=&#8220;4.17.6&#8243; _module_preset=&#8220;default&#8220; global_colors_info=&#8220;{}&#8220;][et_pb_button button_url=&#8220;https:\/\/drive.google.com\/file\/d\/1mcqUvsICVbkC7Bu9nCwR6jOI835STFFC\/view?usp=drive_link&#8220; url_new_window=&#8220;on&#8220; button_text=&#8220;Entdecken Sie den Minimalismus von Glocal  &#8220; button_alignment=&#8220;center&#8220; _builder_version=&#8220;4.23&#8243; _module_preset=&#8220;default&#8220; box_shadow_style=&#8220;preset2&#8243; global_colors_info=&#8220;{}&#8220;][\/et_pb_button][et_pb_text _builder_version=&#8220;4.23&#8243; _module_preset=&#8220;default&#8220; global_colors_info=&#8220;{}&#8220;]<\/p>\n<p><span><strong>Elysian<\/strong> ist ein <strong>echtes Labor f\u00fcr Innen- und Au\u00dfenanwendungen<\/strong>.  <\/span><\/p>\n<p><span>Minimalistisch, aber reich an Oberfl\u00e4chen- und Materialdetails, zeichnet sich diese Kollektion durch <strong>ausgewogene Farben, zarte Schattierungen und mineralische Effekte<\/strong> aus, die jede Referenz charakterisieren.  <\/span><\/p>\n<p><span>Es handelt sich um eine einzigartige Sammlung der bekanntesten in der Architektur verwendeten Steine, die ihr volles \u00e4sthetisches Potenzial entfalten.<\/span><\/p>\n<p>[\/et_pb_text][\/et_pb_column][\/et_pb_row][et_pb_row column_structure=&#8220;1_3,1_3,1_3&#8243; _builder_version=&#8220;4.17.6&#8243; _module_preset=&#8220;default&#8220; custom_padding=&#8220;||7px|||&#8220; global_colors_info=&#8220;{}&#8220;][et_pb_column type=&#8220;1_3&#8243; _builder_version=&#8220;4.17.6&#8243; _module_preset=&#8220;default&#8220; global_colors_info=&#8220;{}&#8220;][et_pb_blurb image=&#8220;https:\/\/www.gomila-ceramica.com\/wp-content\/uploads\/2023\/10\/mirage_elysian10.jpg&#8220; _builder_version=&#8220;4.23&#8243; _module_preset=&#8220;default&#8220; global_colors_info=&#8220;{}&#8220;][\/et_pb_blurb][\/et_pb_column][et_pb_column type=&#8220;1_3&#8243; _builder_version=&#8220;4.17.6&#8243; _module_preset=&#8220;default&#8220; global_colors_info=&#8220;{}&#8220;][et_pb_blurb image=&#8220;https:\/\/www.gomila-ceramica.com\/wp-content\/uploads\/2023\/10\/mirage_elysian5.jpg&#8220; _builder_version=&#8220;4.23&#8243; _module_preset=&#8220;default&#8220; global_colors_info=&#8220;{}&#8220;][\/et_pb_blurb][\/et_pb_column][et_pb_column type=&#8220;1_3&#8243; _builder_version=&#8220;4.17.6&#8243; _module_preset=&#8220;default&#8220; global_colors_info=&#8220;{}&#8220;][et_pb_image src=&#8220;https:\/\/www.gomila-ceramica.com\/wp-content\/uploads\/2023\/10\/mirage_elysian9.jpg&#8220; title_text=&#8220;mirage_elysian9&#8243; _builder_version=&#8220;4.23&#8243; _module_preset=&#8220;default&#8220; global_colors_info=&#8220;{}&#8220;][\/et_pb_image][\/et_pb_column][\/et_pb_row][et_pb_row _builder_version=&#8220;4.17.6&#8243; _module_preset=&#8220;default&#8220; custom_padding=&#8220;15px|||||&#8220; global_colors_info=&#8220;{}&#8220;][et_pb_column type=&#8220;4_4&#8243; _builder_version=&#8220;4.17.6&#8243; _module_preset=&#8220;default&#8220; global_colors_info=&#8220;{}&#8220;][et_pb_button button_url=&#8220;https:\/\/drive.google.com\/file\/d\/1sciVGrZRSNvX-3vWy1qjQTnKWYs7XDbb\/view?usp=drive_link&#8220; url_new_window=&#8220;on&#8220; button_text=&#8220;Lassen Sie sich von Elysian inspirieren&#8220; button_alignment=&#8220;center&#8220; _builder_version=&#8220;4.23&#8243; _module_preset=&#8220;default&#8220; box_shadow_style=&#8220;preset2&#8243; global_colors_info=&#8220;{}&#8220;][\/et_pb_button][et_pb_text _builder_version=&#8220;4.23&#8243; _module_preset=&#8220;default&#8220; global_colors_info=&#8220;{}&#8220;]<\/p>\n<p><span><strong>Oudh<\/strong> ist eine Kollektion mit zarten, klassischen Mustern und perfekt ausgewogenen <strong>Kontrasten und Knoten<\/strong>.  <\/span><\/p>\n<p><span>Er ist in sieben nat\u00fcrlichen Farben erh\u00e4ltlich, von Creme \u00fcber Oliv bis hin zu klassischen Holzt\u00f6nen. Die verschiedenen Gr\u00f6\u00dfen dieser Kollektion bieten eine breite Palette an Gestaltungsm\u00f6glichkeiten, <strong>von klassischen Gr\u00f6\u00dfen bis hin zu gr\u00f6\u00dferen und schlankeren Formaten, die<\/strong> den Trend zum biophilen Design perfekt aufgreifen.  <\/span><\/p>\n<p><span>Oudh ist eine harmonische Wahl f\u00fcr das Bed\u00fcrfnis, <strong>sich zu Hause und am Arbeitsplatz mit der Natur zu verbinden<\/strong>, und verwendet Materialien mit f\u00fchlbaren Strukturen und warmen, nat\u00fcrlichen Farben.<\/span><\/p>\n<p>[\/et_pb_text][\/et_pb_column][\/et_pb_row][et_pb_row column_structure=&#8220;1_4,1_4,1_4,1_4&#8243; _builder_version=&#8220;4.17.6&#8243; _module_preset=&#8220;default&#8220; custom_padding=&#8220;||7px|||&#8220; global_colors_info=&#8220;{}&#8220;][et_pb_column type=&#8220;1_4&#8243; _builder_version=&#8220;4.17.6&#8243; _module_preset=&#8220;default&#8220; global_colors_info=&#8220;{}&#8220;][et_pb_blurb image=&#8220;https:\/\/www.gomila-ceramica.com\/wp-content\/uploads\/2023\/10\/mirage_glocal8.jpg&#8220; _builder_version=&#8220;4.23&#8243; _module_preset=&#8220;default&#8220; global_colors_info=&#8220;{}&#8220;][\/et_pb_blurb][\/et_pb_column][et_pb_column type=&#8220;1_4&#8243; _builder_version=&#8220;4.17.6&#8243; _module_preset=&#8220;default&#8220; global_colors_info=&#8220;{}&#8220;][et_pb_blurb image=&#8220;https:\/\/www.gomila-ceramica.com\/wp-content\/uploads\/2023\/10\/mirage_glocal7.jpg&#8220; _builder_version=&#8220;4.23&#8243; _module_preset=&#8220;default&#8220; global_colors_info=&#8220;{}&#8220;][\/et_pb_blurb][\/et_pb_column][et_pb_column type=&#8220;1_4&#8243; _builder_version=&#8220;4.17.6&#8243; _module_preset=&#8220;default&#8220; global_colors_info=&#8220;{}&#8220;][et_pb_image src=&#8220;https:\/\/www.gomila-ceramica.com\/wp-content\/uploads\/2023\/10\/mirage_glocal6.jpg&#8220; title_text=&#8220;mirage_glocal6&#8243; _builder_version=&#8220;4.23&#8243; _module_preset=&#8220;default&#8220; global_colors_info=&#8220;{}&#8220;][\/et_pb_image][\/et_pb_column][et_pb_column type=&#8220;1_4&#8243; _builder_version=&#8220;4.17.6&#8243; _module_preset=&#8220;default&#8220; global_colors_info=&#8220;{}&#8220;][et_pb_image src=&#8220;https:\/\/www.gomila-ceramica.com\/wp-content\/uploads\/2023\/10\/mirage_OUDH3.jpg&#8220; title_text=&#8220;mirage_OUDH3&#8243; _builder_version=&#8220;4.23&#8243; _module_preset=&#8220;default&#8220; global_colors_info=&#8220;{}&#8220;][\/et_pb_image][\/et_pb_column][\/et_pb_row][et_pb_row _builder_version=&#8220;4.17.6&#8243; _module_preset=&#8220;default&#8220; custom_padding=&#8220;15px|||||&#8220; global_colors_info=&#8220;{}&#8220;][et_pb_column type=&#8220;4_4&#8243; _builder_version=&#8220;4.17.6&#8243; _module_preset=&#8220;default&#8220; global_colors_info=&#8220;{}&#8220;][et_pb_button button_url=&#8220;https:\/\/drive.google.com\/file\/d\/1BfiH7tnfFRLbLHQDgx41zk20hgQ_HHvv\/view?usp=drive_link&#8220; url_new_window=&#8220;on&#8220; button_text=&#8220;Mit Oudh die Natur sp\u00fcren&#8220; button_alignment=&#8220;center&#8220; _builder_version=&#8220;4.23&#8243; _module_preset=&#8220;default&#8220; box_shadow_style=&#8220;preset2&#8243; global_colors_info=&#8220;{}&#8220;][\/et_pb_button][et_pb_text _builder_version=&#8220;4.23&#8243; _module_preset=&#8220;default&#8220; hover_enabled=&#8220;0&#8243; global_colors_info=&#8220;{}&#8220; sticky_enabled=&#8220;0&#8243;]<\/p>\n<p><span>Wir bei Gomila Cer\u00e1mica sind \u00fcberzeugt, dass die Zusammenarbeit mit Mirage es uns erm\u00f6glicht, unseren Kunden ein vielf\u00e4ltiges und au\u00dfergew\u00f6hnliches Angebot an keramischen L\u00f6sungen anzubieten, die \u00c4sthetik und Funktionalit\u00e4t miteinander verbinden.  <\/span><\/p>\n<p><span>Wir<strong> helfen Ihnen dabei, die perfekte Wahl<\/strong> f\u00fcr Ihr Projekt zu treffen und Sch\u00f6nheit und Ethik in Ihre R\u00e4ume zu bringen.<\/span><\/p>\n<p><span><strong>Schreiben Sie uns, rufen Sie uns an unter 971 732 343 oder besuchen Sie unsere Einrichtungen<\/strong>, damit wir Sie beraten und bei Ihrer Wahl begleiten k\u00f6nnen.<\/span><\/p>\n<p>[\/et_pb_text][\/et_pb_column][\/et_pb_row][\/et_pb_section]<\/p>\n","protected":false},"excerpt":{"rendered":"<p>Wir von Gomila Cer\u00e1mica sind stolz darauf, mit Mirage zusammenzuarbeiten, einem Unternehmen mit mehr als 50 Jahren Erfahrung in den Bereichen Innenarchitektur und Design. Im Laufe seiner Geschichte hat sich Mirage durch folgende Eigenschaften ausgezeichnet Engagement f\u00fcr technologische Innovation, Produktforschung, absolute Zuverl\u00e4ssigkeit und Umweltfreundlichkeit. Wir sch\u00e4tzen dieses Engagement f\u00fcr Qualit\u00e4t und Nachhaltigkeit sehr, und es [&hellip;]<\/p>\n","protected":false},"author":2,"featured_media":0,"parent":0,"menu_order":0,"comment_status":"closed","ping_status":"closed","template":"","meta":{"_et_pb_use_builder":"on","_et_pb_old_content":"","_et_gb_content_width":"","footnotes":""},"class_list":["post-3382","page","type-page","status-publish","hentry"],"_links":{"self":[{"href":"https:\/\/www.gomila-ceramica.com\/de\/wp-json\/wp\/v2\/pages\/3382","targetHints":{"allow":["GET"]}}],"collection":[{"href":"https:\/\/www.gomila-ceramica.com\/de\/wp-json\/wp\/v2\/pages"}],"about":[{"href":"https:\/\/www.gomila-ceramica.com\/de\/wp-json\/wp\/v2\/types\/page"}],"author":[{"embeddable":true,"href":"https:\/\/www.gomila-ceramica.com\/de\/wp-json\/wp\/v2\/users\/2"}],"replies":[{"embeddable":true,"href":"https:\/\/www.gomila-ceramica.com\/de\/wp-json\/wp\/v2\/comments?post=3382"}],"version-history":[{"count":4,"href":"https:\/\/www.gomila-ceramica.com\/de\/wp-json\/wp\/v2\/pages\/3382\/revisions"}],"predecessor-version":[{"id":3465,"href":"https:\/\/www.gomila-ceramica.com\/de\/wp-json\/wp\/v2\/pages\/3382\/revisions\/3465"}],"wp:attachment":[{"href":"https:\/\/www.gomila-ceramica.com\/de\/wp-json\/wp\/v2\/media?parent=3382"}],"curies":[{"name":"wp","href":"https:\/\/api.w.org\/{rel}","templated":true}]}}