{"id":3439,"date":"2023-10-27T06:02:55","date_gmt":"2023-10-27T06:02:55","guid":{"rendered":"https:\/\/www.gomila-ceramica.com\/emil-ceramica\/"},"modified":"2023-10-27T06:02:56","modified_gmt":"2023-10-27T06:02:56","slug":"emil-ceramica","status":"publish","type":"page","link":"https:\/\/www.gomila-ceramica.com\/de\/emil-ceramica\/","title":{"rendered":"Emil Ceramica"},"content":{"rendered":"<p>[et_pb_section fb_built=&#8220;1&#8243; fullwidth=&#8220;on&#8220; _builder_version=&#8220;4.22.2&#8243; background_enable_image=&#8220;off&#8220; parallax=&#8220;on&#8220; background_blend=&#8220;multiply&#8220; custom_padding=&#8220;0px||0px||true|false&#8220; global_colors_info=&#8220;{}&#8220;][et_pb_fullwidth_header title=&#8220;Emil Keramiken&#8220; subhead=&#8220;Modernste Technologie und garantierte Qualit\u00e4t in bester italienischer Tradition&#8220; button_one_text=&#8220;Kontakt mit uns&#8220; button_one_url=&#8220;https:\/\/www.gomila-ceramica.com\/de\/kontakt\/&#8220; _builder_version=&#8220;4.23&#8243; _module_preset=&#8220;default&#8220; background_color=&#8220;rgba(0,0,0,0.28)&#8220; background_image=&#8220;https:\/\/www.gomila-ceramica.com\/wp-content\/uploads\/2023\/10\/TDM-Selection_gallery3.jpg.1920x1080_q75_crop.jpg&#8220; background_size=&#8220;custom&#8220; background_image_width=&#8220;33%&#8220; background_position=&#8220;center_right&#8220; link_option_url_new_window=&#8220;on&#8220; hover_enabled=&#8220;0&#8243; global_colors_info=&#8220;{}&#8220; sticky_enabled=&#8220;0&#8243; title_text=&#8220;TDM Selection_gallery3.jpg.1920x1080_q75_crop&#8220;][\/et_pb_fullwidth_header][\/et_pb_section][et_pb_section fb_built=&#8220;1&#8243; admin_label=&#8220;section&#8220; _builder_version=&#8220;4.16&#8243; custom_padding=&#8220;45px|||||&#8220; global_colors_info=&#8220;{}&#8220;][et_pb_row _builder_version=&#8220;4.17.6&#8243; _module_preset=&#8220;default&#8220; custom_padding=&#8220;17px|||||&#8220; global_colors_info=&#8220;{}&#8220;][et_pb_column type=&#8220;4_4&#8243; _builder_version=&#8220;4.17.6&#8243; _module_preset=&#8220;default&#8220; global_colors_info=&#8220;{}&#8220;][et_pb_text _builder_version=&#8220;4.23&#8243; _module_preset=&#8220;default&#8220; global_colors_info=&#8220;{}&#8220;]<\/p>\n<p><span>Wir bei Gomila Cer\u00e1mica sind stolz darauf, mit den besten Lieferanten der Keramikindustrie zusammenzuarbeiten, um unseren Kunden qualitativ hochwertige Produkte und au\u00dfergew\u00f6hnliche Designs anbieten zu k\u00f6nnen.  <\/span><\/p>\n<p><span>Einer unserer prominentesten Partner ist <strong>Emil Cer\u00e1mica<\/strong>, ein Unternehmen, das seit <strong>mehr als 50 Jahren<\/strong> die Bed\u00fcrfnisse der Verbraucher weltweit mit keramischen L\u00f6sungen und Dienstleistungen erf\u00fcllt. <\/span><\/p>\n<p><span>Die Wahl von Emil Cer\u00e1mica als einer unserer Hauptlieferanten beruht auf ihrem unerm\u00fcdlichen Engagement f\u00fcr Qualit\u00e4t und ihrem <strong>fundierten Wissen \u00fcber die Keramikherstellung<\/strong>.<\/span><\/p>\n<p><strong>Emil Ceramica<\/strong> ist der Inbegriff des<strong> &#8222;Made in Italy&#8220;<\/strong> in der Keramikfliesenindustrie, und seine F\u00e4higkeit zur <strong>Innovation, ohne die Tradition aus den Augen zu<\/strong> verlieren, macht das Unternehmen einzigartig.<\/p>\n<p>Ihre st\u00e4ndige Aufmerksamkeit f\u00fcr Details und ihr Fokus auf Qualit\u00e4t sind Kernwerte, die wir bei Gomila Cer\u00e1mica teilen. Sie bieten eine breite <strong>Palette an hochwertigen Feinsteinzeugkollektionen an,<\/strong> die f\u00fcr den Einsatz in \u00f6ffentlichen und privaten R\u00e4umen, im Innen- und Au\u00dfenbereich konzipiert sind.<\/p>\n<p>Heute m\u00f6chten wir einige der beeindruckendsten Kollektionen von <span>Emil Cer\u00e1mica<\/span> vorstellen, die zu <strong>unseren Favoriten<\/strong> geworden sind:<\/p>\n<p>[\/et_pb_text][\/et_pb_column][\/et_pb_row][et_pb_row _builder_version=&#8220;4.22.2&#8243; _module_preset=&#8220;default&#8220; global_colors_info=&#8220;{}&#8220;][et_pb_column type=&#8220;4_4&#8243; _builder_version=&#8220;4.22.2&#8243; _module_preset=&#8220;default&#8220; global_colors_info=&#8220;{}&#8220;][et_pb_text _builder_version=&#8220;4.23&#8243; _module_preset=&#8220;default&#8220; global_colors_info=&#8220;{}&#8220;]<\/p>\n<p><strong>Die Kollektion Tele di Marmo <\/strong><span>ist eine <strong>Hommage an die Sch\u00f6nheit, den Adel und die Best\u00e4ndigkeit des Marmors<\/strong>. Emil Ceramica hat den Marmor auf zeitgem\u00e4\u00dfe Weise neu interpretiert und bietet eine Vielzahl von Gr\u00f6\u00dfen, Oberfl\u00e4chen und ungew\u00f6hnlichen dekorativen Elementen. <\/span> <\/p>\n<p><span>Jede Fliese ist ein Kunstwerk, das mit seinen Adermustern das Wesen des Marmors einf\u00e4ngt. Innovative Oberfl\u00e4chen erm\u00f6glichen moderne und dynamische Installationen und machen sie zu einer <strong>vielseitigen Wahl f\u00fcr Architekten und Designer<\/strong>.<\/span><\/p>\n<p>[\/et_pb_text][\/et_pb_column][\/et_pb_row][et_pb_row column_structure=&#8220;1_3,1_3,1_3&#8243; _builder_version=&#8220;4.17.6&#8243; _module_preset=&#8220;default&#8220; custom_padding=&#8220;||7px|||&#8220; global_colors_info=&#8220;{}&#8220;][et_pb_column type=&#8220;1_3&#8243; _builder_version=&#8220;4.17.6&#8243; _module_preset=&#8220;default&#8220; global_colors_info=&#8220;{}&#8220;][et_pb_blurb image=&#8220;https:\/\/www.gomila-ceramica.com\/wp-content\/uploads\/2023\/10\/TdM-Breccia-120&#215;278-Lapp-Amb-Living-copy.jpg.1920x1080_q75_crop.jpg&#8220; _builder_version=&#8220;4.23&#8243; _module_preset=&#8220;default&#8220; global_colors_info=&#8220;{}&#8220;][\/et_pb_blurb][\/et_pb_column][et_pb_column type=&#8220;1_3&#8243; _builder_version=&#8220;4.17.6&#8243; _module_preset=&#8220;default&#8220; global_colors_info=&#8220;{}&#8220;][et_pb_blurb image=&#8220;https:\/\/www.gomila-ceramica.com\/wp-content\/uploads\/2023\/10\/Tele-di-Marmo_gallery2.jpg.1920x1080_q75_crop.jpg&#8220; _builder_version=&#8220;4.23&#8243; _module_preset=&#8220;default&#8220; global_colors_info=&#8220;{}&#8220;][\/et_pb_blurb][\/et_pb_column][et_pb_column type=&#8220;1_3&#8243; _builder_version=&#8220;4.17.6&#8243; _module_preset=&#8220;default&#8220; global_colors_info=&#8220;{}&#8220;][et_pb_blurb image=&#8220;https:\/\/www.gomila-ceramica.com\/wp-content\/uploads\/2023\/10\/Tele-di-Marmo-Reloaded_gallery2.jpg.1920x1080_q75_crop.jpg&#8220; _builder_version=&#8220;4.23&#8243; _module_preset=&#8220;default&#8220; global_colors_info=&#8220;{}&#8220;][\/et_pb_blurb][\/et_pb_column][\/et_pb_row][et_pb_row _builder_version=&#8220;4.17.6&#8243; _module_preset=&#8220;default&#8220; custom_padding=&#8220;15px|||||&#8220; global_colors_info=&#8220;{}&#8220;][et_pb_column type=&#8220;4_4&#8243; _builder_version=&#8220;4.17.6&#8243; _module_preset=&#8220;default&#8220; global_colors_info=&#8220;{}&#8220;][et_pb_text _builder_version=&#8220;4.23&#8243; _module_preset=&#8220;default&#8220; global_colors_info=&#8220;{}&#8220;]<\/p>\n<p><strong>Tele di Marmo Reloaded<\/strong><span>  setzt die Interpretation eines der sch\u00f6nsten und edelsten Materialien, des Marmors, durch Emil Cer\u00e1mica fort. Mit nat\u00fcrlichen und halbpolierten Effekten bietet diese Kollektion eine moderne Neuinterpretation, die jedem Raum <strong>Eleganz und architektonische St\u00e4rke<\/strong> verleiht.<\/span><\/p>\n<p>[\/et_pb_text][\/et_pb_column][\/et_pb_row][et_pb_row column_structure=&#8220;1_3,1_3,1_3&#8243; _builder_version=&#8220;4.17.6&#8243; _module_preset=&#8220;default&#8220; custom_padding=&#8220;||7px|||&#8220; global_colors_info=&#8220;{}&#8220;][et_pb_column type=&#8220;1_3&#8243; _builder_version=&#8220;4.17.6&#8243; _module_preset=&#8220;default&#8220; global_colors_info=&#8220;{}&#8220;][et_pb_blurb image=&#8220;https:\/\/www.gomila-ceramica.com\/wp-content\/uploads\/2023\/10\/Emil_Tele-Di-Marmo-Reloaded_011.jpg.1920x1080_q75_crop.jpg&#8220; _builder_version=&#8220;4.23&#8243; _module_preset=&#8220;default&#8220; global_colors_info=&#8220;{}&#8220;][\/et_pb_blurb][\/et_pb_column][et_pb_column type=&#8220;1_3&#8243; _builder_version=&#8220;4.17.6&#8243; _module_preset=&#8220;default&#8220; global_colors_info=&#8220;{}&#8220;][et_pb_blurb image=&#8220;https:\/\/www.gomila-ceramica.com\/wp-content\/uploads\/2023\/10\/Emil_Tele-Di-Marmo-Reloaded_016.jpg.1920x1080_q75_crop.jpg&#8220; _builder_version=&#8220;4.23&#8243; _module_preset=&#8220;default&#8220; global_colors_info=&#8220;{}&#8220;][\/et_pb_blurb][\/et_pb_column][et_pb_column type=&#8220;1_3&#8243; _builder_version=&#8220;4.17.6&#8243; _module_preset=&#8220;default&#8220; global_colors_info=&#8220;{}&#8220;][et_pb_blurb image=&#8220;https:\/\/www.gomila-ceramica.com\/wp-content\/uploads\/2023\/10\/Emilceramica_Tele_Di_Marmo_035.jpg.1920x1080_q75_crop.jpg&#8220; _builder_version=&#8220;4.23&#8243; _module_preset=&#8220;default&#8220; global_colors_info=&#8220;{}&#8220;][\/et_pb_blurb][\/et_pb_column][\/et_pb_row][et_pb_row _builder_version=&#8220;4.17.6&#8243; _module_preset=&#8220;default&#8220; custom_padding=&#8220;15px|||||&#8220; global_colors_info=&#8220;{}&#8220;][et_pb_column type=&#8220;4_4&#8243; _builder_version=&#8220;4.17.6&#8243; _module_preset=&#8220;default&#8220; global_colors_info=&#8220;{}&#8220;][et_pb_text _builder_version=&#8220;4.23&#8243; _module_preset=&#8220;default&#8220; global_colors_info=&#8220;{}&#8220;]<\/p>\n<p><strong>Die Kollektion Tele di Marmo Revolution<\/strong><span> ist eine Hommage an den Marmor in seiner zeitlosesten Form. <\/span> <\/p>\n<p><span>Diese Kollektion bietet eine frische und moderne Interpretation der zeitlosen Sch\u00f6nheit von Marmor. Mit einer Vielzahl von Farben und ungew\u00f6hnlichen Kombinationen ist diese Kollektion eine <strong>einzigartige und originelle<\/strong> Wahl <strong>f\u00fcr Projekte, die sich abheben wollen<\/strong>.<\/span><\/p>\n<p>[\/et_pb_text][\/et_pb_column][\/et_pb_row][et_pb_row column_structure=&#8220;1_3,1_3,1_3&#8243; _builder_version=&#8220;4.17.6&#8243; _module_preset=&#8220;default&#8220; custom_padding=&#8220;||7px|||&#8220; global_colors_info=&#8220;{}&#8220;][et_pb_column type=&#8220;1_3&#8243; _builder_version=&#8220;4.17.6&#8243; _module_preset=&#8220;default&#8220; global_colors_info=&#8220;{}&#8220;][et_pb_blurb image=&#8220;https:\/\/www.gomila-ceramica.com\/wp-content\/uploads\/2023\/10\/TeleDiMarmo_Revolution_011.jpg.1920x1080_q75_crop.jpg&#8220; _builder_version=&#8220;4.23&#8243; _module_preset=&#8220;default&#8220; global_colors_info=&#8220;{}&#8220;][\/et_pb_blurb][\/et_pb_column][et_pb_column type=&#8220;1_3&#8243; _builder_version=&#8220;4.17.6&#8243; _module_preset=&#8220;default&#8220; global_colors_info=&#8220;{}&#8220;][et_pb_blurb image=&#8220;https:\/\/www.gomila-ceramica.com\/wp-content\/uploads\/2023\/10\/TeleDiMarmo_Revolution_05.jpg.1920x1080_q75_crop.jpg&#8220; _builder_version=&#8220;4.23&#8243; _module_preset=&#8220;default&#8220; global_colors_info=&#8220;{}&#8220;][\/et_pb_blurb][\/et_pb_column][et_pb_column type=&#8220;1_3&#8243; _builder_version=&#8220;4.17.6&#8243; _module_preset=&#8220;default&#8220; global_colors_info=&#8220;{}&#8220;][et_pb_blurb image=&#8220;https:\/\/www.gomila-ceramica.com\/wp-content\/uploads\/2023\/10\/TeleDiMarmo_Revolution_08.jpg.1920x1080_q75_crop.jpg&#8220; _builder_version=&#8220;4.23&#8243; _module_preset=&#8220;default&#8220; global_colors_info=&#8220;{}&#8220;][\/et_pb_blurb][\/et_pb_column][\/et_pb_row][et_pb_row _builder_version=&#8220;4.17.6&#8243; _module_preset=&#8220;default&#8220; custom_padding=&#8220;15px|||||&#8220; global_colors_info=&#8220;{}&#8220;][et_pb_column type=&#8220;4_4&#8243; _builder_version=&#8220;4.17.6&#8243; _module_preset=&#8220;default&#8220; global_colors_info=&#8220;{}&#8220;][et_pb_text _builder_version=&#8220;4.23&#8243; _module_preset=&#8220;default&#8220; global_colors_info=&#8220;{}&#8220;]<\/p>\n<p><strong>Tele di Marmo Auswahl<\/strong><span> ist eine k\u00fchne und ausgewogene Kollektion, die auf der Eleganz von Marmor und sch\u00f6nen <strong>geometrischen Mustern aus der Natur<\/strong> basiert. <\/span> <\/p>\n<p><span>Es bietet eine breite Palette von Marmor in drei Varianten, die <strong>auff\u00e4llige Farbkontraste und Kompositionen mit starker visueller Wirkung<\/strong> erm\u00f6glichen. Die Einbindung des Tarsia-Motivs verleiht der Oberfl\u00e4che Tiefe und Dynamik.<\/span><\/p>\n<p>[\/et_pb_text][\/et_pb_column][\/et_pb_row][et_pb_row column_structure=&#8220;1_3,1_3,1_3&#8243; _builder_version=&#8220;4.17.6&#8243; _module_preset=&#8220;default&#8220; custom_padding=&#8220;||7px|||&#8220; global_colors_info=&#8220;{}&#8220;][et_pb_column type=&#8220;1_3&#8243; _builder_version=&#8220;4.17.6&#8243; _module_preset=&#8220;default&#8220; global_colors_info=&#8220;{}&#8220;][et_pb_blurb image=&#8220;https:\/\/www.gomila-ceramica.com\/wp-content\/uploads\/2023\/10\/TDM-Selection_gallery2.jpg.1920x1080_q75_crop.jpg&#8220; _builder_version=&#8220;4.23&#8243; _module_preset=&#8220;default&#8220; global_colors_info=&#8220;{}&#8220;][\/et_pb_blurb][\/et_pb_column][et_pb_column type=&#8220;1_3&#8243; _builder_version=&#8220;4.17.6&#8243; _module_preset=&#8220;default&#8220; global_colors_info=&#8220;{}&#8220;][et_pb_blurb image=&#8220;https:\/\/www.gomila-ceramica.com\/wp-content\/uploads\/2023\/10\/TDM-Selection_gallery4.jpg.1920x1080_q75_crop.jpg&#8220; _builder_version=&#8220;4.23&#8243; _module_preset=&#8220;default&#8220; global_colors_info=&#8220;{}&#8220;][\/et_pb_blurb][\/et_pb_column][et_pb_column type=&#8220;1_3&#8243; _builder_version=&#8220;4.17.6&#8243; _module_preset=&#8220;default&#8220; global_colors_info=&#8220;{}&#8220;][et_pb_image src=&#8220;https:\/\/www.gomila-ceramica.com\/wp-content\/uploads\/2023\/10\/TdM-CalacattaRenoir-120&#215;278-Amb-Living-copy.jpg.1920x1080_q75_crop.jpg&#8220; title_text=&#8220;TdM CalacattaRenoir 120&#215;278 Amb Living copy.jpg.1920x1080_q75_crop&#8220; _builder_version=&#8220;4.23&#8243; _module_preset=&#8220;default&#8220; global_colors_info=&#8220;{}&#8220;][\/et_pb_image][\/et_pb_column][\/et_pb_row][et_pb_row _builder_version=&#8220;4.17.6&#8243; _module_preset=&#8220;default&#8220; custom_padding=&#8220;15px|||||&#8220; global_colors_info=&#8220;{}&#8220;][et_pb_column type=&#8220;4_4&#8243; _builder_version=&#8220;4.17.6&#8243; _module_preset=&#8220;default&#8220; global_colors_info=&#8220;{}&#8220;][et_pb_text _builder_version=&#8220;4.23&#8243; _module_preset=&#8220;default&#8220; global_colors_info=&#8220;{}&#8220;]<\/p>\n<p><strong>In der Kollektion Tele di Marmo Onyx<\/strong><span>  Onyx-Marmor steht im Mittelpunkt und schafft eine verlockende Vielfalt von Fliesen mit Nuancen und Transparenzen. Diese Kollektion ist perfekt f\u00fcr alle, die einen <strong>luxuri\u00f6sen Look<\/strong> und eine raffinierte Farbpalette suchen.<\/span><\/p>\n<p>[\/et_pb_text][\/et_pb_column][\/et_pb_row][et_pb_row column_structure=&#8220;1_2,1_2&#8243; _builder_version=&#8220;4.17.6&#8243; _module_preset=&#8220;default&#8220; custom_padding=&#8220;||7px|||&#8220; global_colors_info=&#8220;{}&#8220;][et_pb_column type=&#8220;1_2&#8243; _builder_version=&#8220;4.17.6&#8243; _module_preset=&#8220;default&#8220; global_colors_info=&#8220;{}&#8220;][et_pb_blurb image=&#8220;https:\/\/www.gomila-ceramica.com\/wp-content\/uploads\/2023\/10\/Onyx_Ambiente-5_Living.jpg.1920x1080_q75_crop.jpg&#8220; _builder_version=&#8220;4.23&#8243; _module_preset=&#8220;default&#8220; global_colors_info=&#8220;{}&#8220;][\/et_pb_blurb][et_pb_blurb image=&#8220;https:\/\/www.gomila-ceramica.com\/wp-content\/uploads\/2023\/10\/Onyx_Ambiente-4_Bagno.jpg.1920x1080_q75_crop.jpg&#8220; _builder_version=&#8220;4.23&#8243; _module_preset=&#8220;default&#8220; global_colors_info=&#8220;{}&#8220;][\/et_pb_blurb][\/et_pb_column][et_pb_column type=&#8220;1_2&#8243; _builder_version=&#8220;4.17.6&#8243; _module_preset=&#8220;default&#8220; global_colors_info=&#8220;{}&#8220;][et_pb_blurb image=&#8220;https:\/\/www.gomila-ceramica.com\/wp-content\/uploads\/2023\/10\/Onyx_Ambiente-1_Bagno.jpg.1920x1080_q75_crop.jpg&#8220; _builder_version=&#8220;4.23&#8243; _module_preset=&#8220;default&#8220; global_colors_info=&#8220;{}&#8220;][\/et_pb_blurb][et_pb_image src=&#8220;https:\/\/www.gomila-ceramica.com\/wp-content\/uploads\/2023\/10\/Onyx_Ambiente-2_Cucina.jpg.1920x1080_q75_crop.jpg&#8220; title_text=&#8220;Onyx_Ambiente 2_Cucina.jpg.1920x1080_q75_crop&#8220; _builder_version=&#8220;4.23&#8243; _module_preset=&#8220;default&#8220; global_colors_info=&#8220;{}&#8220;][\/et_pb_image][\/et_pb_column][\/et_pb_row][et_pb_row _builder_version=&#8220;4.17.6&#8243; _module_preset=&#8220;default&#8220; custom_padding=&#8220;15px|||||&#8220; global_colors_info=&#8220;{}&#8220;][et_pb_column type=&#8220;4_4&#8243; _builder_version=&#8220;4.17.6&#8243; _module_preset=&#8220;default&#8220; global_colors_info=&#8220;{}&#8220;][et_pb_text _builder_version=&#8220;4.23&#8243; _module_preset=&#8220;default&#8220; global_colors_info=&#8220;{}&#8220;]<\/p>\n<p><strong>Tele di Marmo Edelmetall<\/strong><span>  ist von Quarzkristallen inspiriert. Diese Kollektion strahlt <strong>Pracht und Herrlichkeit<\/strong> aus. Die strenge Auswahl nat\u00fcrlicher Muster wird mit modernsten Dekorationstechnologien nachgebildet, wodurch ein eindrucksvoller Effekt f\u00fcr Innenarchitekturprojekte entsteht.<\/span><\/p>\n<p>[\/et_pb_text][\/et_pb_column][\/et_pb_row][et_pb_row column_structure=&#8220;1_3,1_3,1_3&#8243; _builder_version=&#8220;4.17.6&#8243; _module_preset=&#8220;default&#8220; custom_padding=&#8220;||7px|||&#8220; global_colors_info=&#8220;{}&#8220;][et_pb_column type=&#8220;1_3&#8243; _builder_version=&#8220;4.17.6&#8243; _module_preset=&#8220;default&#8220; global_colors_info=&#8220;{}&#8220;][et_pb_blurb image=&#8220;https:\/\/www.gomila-ceramica.com\/wp-content\/uploads\/2023\/10\/TdmPrecious-Agate-Crystal-Azure-128&#215;278-Amb-Bagno-copy.jpg.1920x1080_q75_crop.jpg&#8220; _builder_version=&#8220;4.23&#8243; _module_preset=&#8220;default&#8220; global_colors_info=&#8220;{}&#8220;][\/et_pb_blurb][\/et_pb_column][et_pb_column type=&#8220;1_3&#8243; _builder_version=&#8220;4.17.6&#8243; _module_preset=&#8220;default&#8220; global_colors_info=&#8220;{}&#8220;][et_pb_blurb image=&#8220;https:\/\/www.gomila-ceramica.com\/wp-content\/uploads\/2023\/10\/TdmPrecious-Agate-Brown-Crystal-Ambra-128&#215;278-Amb-Cucina.jpg.1920x1080_q75_crop.jpg&#8220; _builder_version=&#8220;4.23&#8243; _module_preset=&#8220;default&#8220; global_colors_info=&#8220;{}&#8220;][\/et_pb_blurb][\/et_pb_column][et_pb_column type=&#8220;1_3&#8243; _builder_version=&#8220;4.17.6&#8243; _module_preset=&#8220;default&#8220; global_colors_info=&#8220;{}&#8220;][et_pb_image src=&#8220;https:\/\/www.gomila-ceramica.com\/wp-content\/uploads\/2023\/10\/TdmPrecious-Agate-Black-Crystal-White-128&#215;278-Amb-Living.jpg.1920x1080_q75_crop.jpg&#8220; title_text=&#8220;TdmEdelstein Achat Schwarz-Kristall Wei\u00df 128&#215;278 Amb Living.jpg.1920x1080_q75_crop&#8220; _builder_version=&#8220;4.23&#8243; _module_preset=&#8220;default&#8220; global_colors_info=&#8220;{}&#8220;][\/et_pb_image][\/et_pb_column][\/et_pb_row][et_pb_row _builder_version=&#8220;4.17.6&#8243; _module_preset=&#8220;default&#8220; custom_padding=&#8220;15px|||||&#8220; global_colors_info=&#8220;{}&#8220;][et_pb_column type=&#8220;4_4&#8243; _builder_version=&#8220;4.17.6&#8243; _module_preset=&#8220;default&#8220; global_colors_info=&#8220;{}&#8220;][et_pb_button button_url=&#8220;https:\/\/drive.google.com\/file\/d\/1rKU-6MUcYc9pG5MmdoaVlAZOmCzdI2y4\/view?usp=drive_link&#8220; url_new_window=&#8220;on&#8220; button_text=&#8220;Entdecken Sie alles, was Tele di Marmo zu bieten hat&#8220; button_alignment=&#8220;center&#8220; _builder_version=&#8220;4.23&#8243; _module_preset=&#8220;default&#8220; box_shadow_style=&#8220;preset2&#8243; global_colors_info=&#8220;{}&#8220;][\/et_pb_button][et_pb_text _builder_version=&#8220;4.23&#8243; _module_preset=&#8220;default&#8220; global_colors_info=&#8220;{}&#8220;]<\/p>\n<p><span>Diese Kollektionen von Emil Cer\u00e1mica sind unsere Favoriten aufgrund ihrer Innovation, Qualit\u00e4t und Vielseitigkeit, die sie Architekten, Designern und Privatpersonen auf der Suche nach au\u00dfergew\u00f6hnlichen Keramikl\u00f6sungen bieten.<\/span><\/p>\n<p><span>Wir<strong> helfen Ihnen dabei, die perfekte Wahl<\/strong> f\u00fcr Ihr Projekt zu treffen und Sch\u00f6nheit und Ethik in Ihre R\u00e4ume zu bringen.<\/span><\/p>\n<p><span><strong>Schreiben Sie uns, rufen Sie uns an unter 971 732 343 oder besuchen Sie unsere Einrichtungen<\/strong>, damit wir Sie beraten und bei Ihrer Wahl begleiten k\u00f6nnen.<\/span><\/p>\n<p>[\/et_pb_text][\/et_pb_column][\/et_pb_row][\/et_pb_section]<\/p>\n","protected":false},"excerpt":{"rendered":"<p>Wir bei Gomila Cer\u00e1mica sind stolz darauf, mit den besten Lieferanten der Keramikindustrie zusammenzuarbeiten, um unseren Kunden qualitativ hochwertige Produkte und au\u00dfergew\u00f6hnliche Designs anbieten zu k\u00f6nnen. Einer unserer prominentesten Partner ist Emil Cer\u00e1mica, ein Unternehmen, das seit mehr als 50 Jahren die Bed\u00fcrfnisse der Verbraucher weltweit mit keramischen L\u00f6sungen und Dienstleistungen erf\u00fcllt. Die Wahl von [&hellip;]<\/p>\n","protected":false},"author":2,"featured_media":0,"parent":0,"menu_order":0,"comment_status":"closed","ping_status":"closed","template":"","meta":{"_et_pb_use_builder":"on","_et_pb_old_content":"","_et_gb_content_width":"","footnotes":""},"class_list":["post-3439","page","type-page","status-publish","hentry"],"_links":{"self":[{"href":"https:\/\/www.gomila-ceramica.com\/de\/wp-json\/wp\/v2\/pages\/3439","targetHints":{"allow":["GET"]}}],"collection":[{"href":"https:\/\/www.gomila-ceramica.com\/de\/wp-json\/wp\/v2\/pages"}],"about":[{"href":"https:\/\/www.gomila-ceramica.com\/de\/wp-json\/wp\/v2\/types\/page"}],"author":[{"embeddable":true,"href":"https:\/\/www.gomila-ceramica.com\/de\/wp-json\/wp\/v2\/users\/2"}],"replies":[{"embeddable":true,"href":"https:\/\/www.gomila-ceramica.com\/de\/wp-json\/wp\/v2\/comments?post=3439"}],"version-history":[{"count":2,"href":"https:\/\/www.gomila-ceramica.com\/de\/wp-json\/wp\/v2\/pages\/3439\/revisions"}],"predecessor-version":[{"id":3441,"href":"https:\/\/www.gomila-ceramica.com\/de\/wp-json\/wp\/v2\/pages\/3439\/revisions\/3441"}],"wp:attachment":[{"href":"https:\/\/www.gomila-ceramica.com\/de\/wp-json\/wp\/v2\/media?parent=3439"}],"curies":[{"name":"wp","href":"https:\/\/api.w.org\/{rel}","templated":true}]}}