{"id":3450,"date":"2023-10-27T06:11:55","date_gmt":"2023-10-27T06:11:55","guid":{"rendered":"https:\/\/www.gomila-ceramica.com\/keope\/"},"modified":"2023-10-27T06:11:55","modified_gmt":"2023-10-27T06:11:55","slug":"keope","status":"publish","type":"page","link":"https:\/\/www.gomila-ceramica.com\/de\/keope\/","title":{"rendered":"Keope"},"content":{"rendered":"<p>[et_pb_section fb_built=&#8220;1&#8243; fullwidth=&#8220;on&#8220; _builder_version=&#8220;4.22.2&#8243; background_enable_image=&#8220;off&#8220; parallax=&#8220;on&#8220; background_blend=&#8220;multiply&#8220; custom_padding=&#8220;0px||0px||true|false&#8220; global_colors_info=&#8220;{}&#8220;][et_pb_fullwidth_header title=&#8220;Keope Keramiken&#8220; subhead=&#8220;Feinsteinzeug Fliesen Made in Italy&#8220; button_one_text=&#8220;Kontakt mit uns&#8220; button_one_url=&#8220;https:\/\/www.gomila-ceramica.com\/de\/kontakt\/&#8220; _builder_version=&#8220;4.23&#8243; _module_preset=&#8220;default&#8220; background_color=&#8220;rgba(0,0,0,0.28)&#8220; background_image=&#8220;https:\/\/www.gomila-ceramica.com\/wp-content\/uploads\/2023\/10\/ceramiche-keope-elements-design-paint-ceramic-wall-tiles-archello.1622197981.8938.jpg&#8220; background_size=&#8220;custom&#8220; background_image_width=&#8220;33%&#8220; background_position=&#8220;center_right&#8220; link_option_url_new_window=&#8220;on&#8220; global_colors_info=&#8220;{}&#8220;][\/et_pb_fullwidth_header][\/et_pb_section][et_pb_section fb_built=&#8220;1&#8243; admin_label=&#8220;section&#8220; _builder_version=&#8220;4.16&#8243; custom_padding=&#8220;45px|||||&#8220; global_colors_info=&#8220;{}&#8220;][et_pb_row _builder_version=&#8220;4.17.6&#8243; _module_preset=&#8220;default&#8220; custom_padding=&#8220;17px|||||&#8220; global_colors_info=&#8220;{}&#8220;][et_pb_column type=&#8220;4_4&#8243; _builder_version=&#8220;4.17.6&#8243; _module_preset=&#8220;default&#8220; global_colors_info=&#8220;{}&#8220;][et_pb_text _builder_version=&#8220;4.23&#8243; _module_preset=&#8220;default&#8220; global_colors_info=&#8220;{}&#8220;]<\/p>\n<p>Bei Gomila Cer\u00e1mica treibt uns die Leidenschaft f\u00fcr Spitzenleistungen dazu, mit den besten Feinsteinzeugfliesenherstellern der Welt zusammenzuarbeiten.<\/p>\n<p>Einer unserer vorgestellten Lieferanten ist <strong>Ceramiche Keope, ein italienisches Unternehmen, das die Essenz des Made in Italy verk\u00f6rpert<\/strong>. Wir haben uns f\u00fcr die Zusammenarbeit mit Ceramiche Keope entschieden, weil sie <strong>sich<\/strong> in allen Aspekten ihrer Produktion <strong>f\u00fcr Qualit\u00e4t, Sch\u00f6nheit und Nachhaltigkeit einsetzen<\/strong>.<\/p>\n<p>Ceramiche Keope ist auf die Herstellung von Feinsteinzeugfliesen f\u00fcr Boden- und Wandverkleidungen im Innen- und Au\u00dfenbereich spezialisiert. Was wir an diesem Unternehmen am meisten bewundern, ist seine Konzentration auf nahtlose Kontinuit\u00e4t, die <strong>gew\u00e4hrleistet, dass sich seine Produkte harmonisch in die umgebende Architektur und Landschaft einf\u00fcgen<\/strong>. Jede Kollektion von Ceramiche Keope ist das Ergebnis der Leidenschaft f\u00fcr ihre Arbeit und ihres st\u00e4ndigen Bestrebens, denjenigen, die ihre Produkte w\u00e4hlen, Qualit\u00e4t und Sch\u00f6nheit zu bieten.<\/p>\n<p>Bei Gomila Ceramica teilen wir die grundlegenden Werte, die die Arbeit von Ceramiche Keope leiten: <strong>Liebe zum Detail, soziale Verantwortung, Respekt f\u00fcr die Umwelt und f\u00fcr die Menschen<\/strong>.<\/p>\n<p>Das vereint uns als Verfechter der Exklusivit\u00e4t des Made in Italy in der ganzen Welt. Wir glauben an eine transparente Produktion und unterst\u00fctzen den Ethikkodex der Confindustria.<\/p>\n<p>Dar\u00fcber hinaus <strong>hat Ceramiche Keope Auszeichnungen und Zertifizierungen erhalten, die sein Engagement f\u00fcr Nachhaltigkeit bekr\u00e4ftigen<\/strong>. Das Unternehmen war das erste Keramikunternehmen in der Welt und in Europa, das nach einem strengen Programm zum Schutz der \u00f6kologischen Nachhaltigkeit die angesehene Norm ISO 14064 erhielt. Dies zeigt, dass das Unternehmen in der Branche f\u00fchrend ist, was die <strong>Verantwortung f\u00fcr die Umwelt<\/strong> angeht.<\/p>\n<p>Wir freuen uns, Ihnen zwei unserer Lieblingskollektionen von Ceramiche Keope vorstellen zu k\u00f6nnen.<\/p>\n<p>[\/et_pb_text][\/et_pb_column][\/et_pb_row][et_pb_row _builder_version=&#8220;4.22.2&#8243; _module_preset=&#8220;default&#8220; global_colors_info=&#8220;{}&#8220;][et_pb_column type=&#8220;4_4&#8243; _builder_version=&#8220;4.22.2&#8243; _module_preset=&#8220;default&#8220; global_colors_info=&#8220;{}&#8220;][et_pb_text _builder_version=&#8220;4.23&#8243; _module_preset=&#8220;default&#8220; global_colors_info=&#8220;{}&#8220;]<\/p>\n<p><strong>Ikon <\/strong><span>ist die Feinsteinzeugkollektion, die die \u00c4sthetik von Zement meisterhaft imitiert <\/span>.  <\/p>\n<p><span>Mit einer Auswahl an neutralen T\u00f6nen wie Grau, Beige, Silber und Wei\u00df bietet Ikon einen <strong>urbanen Vorschlag f\u00fcr moderne R\u00e4ume<\/strong>. <\/span><\/p>\n<p><span>Diese vom urbanen Stil inspirierte Linie interpretiert den Zement in Feinsteinzeug neu und verbindet Vielseitigkeit mit hervorragenden technischen Eigenschaften. Das <strong>Maxiformat<\/strong> von 120&#215;278 cm und 6 mm Dicke ist die perfekte L\u00f6sung f\u00fcr einheitliche Boden- und Wandbel\u00e4ge und erf\u00fcllt die Anforderungen von Architekten und Designern, die einen <strong>unverwechselbaren und modernen Look<\/strong> suchen.<\/span><\/p>\n<p>[\/et_pb_text][\/et_pb_column][\/et_pb_row][et_pb_row column_structure=&#8220;1_3,1_3,1_3&#8243; _builder_version=&#8220;4.17.6&#8243; _module_preset=&#8220;default&#8220; custom_padding=&#8220;||7px|||&#8220; global_colors_info=&#8220;{}&#8220;][et_pb_column type=&#8220;1_3&#8243; _builder_version=&#8220;4.17.6&#8243; _module_preset=&#8220;default&#8220; global_colors_info=&#8220;{}&#8220;][et_pb_blurb image=&#8220;https:\/\/www.gomila-ceramica.com\/wp-content\/uploads\/2023\/10\/ikon-amb-511-white-fam-g-arcit18.jpg&#8220; _builder_version=&#8220;4.23&#8243; _module_preset=&#8220;default&#8220; global_colors_info=&#8220;{}&#8220;][\/et_pb_blurb][\/et_pb_column][et_pb_column type=&#8220;1_3&#8243; _builder_version=&#8220;4.17.6&#8243; _module_preset=&#8220;default&#8220; global_colors_info=&#8220;{}&#8220;][et_pb_blurb image=&#8220;https:\/\/www.gomila-ceramica.com\/wp-content\/uploads\/2023\/10\/keope-ikon-1.jpg&#8220; _builder_version=&#8220;4.23&#8243; _module_preset=&#8220;default&#8220; global_colors_info=&#8220;{}&#8220;][\/et_pb_blurb][\/et_pb_column][et_pb_column type=&#8220;1_3&#8243; _builder_version=&#8220;4.17.6&#8243; _module_preset=&#8220;default&#8220; global_colors_info=&#8220;{}&#8220;][et_pb_blurb image=&#8220;https:\/\/www.gomila-ceramica.com\/wp-content\/uploads\/2023\/10\/ikon-amb-211-grey-fam-g-arcit18.jpg&#8220; _builder_version=&#8220;4.23&#8243; _module_preset=&#8220;default&#8220; global_colors_info=&#8220;{}&#8220;][\/et_pb_blurb][\/et_pb_column][\/et_pb_row][et_pb_row _builder_version=&#8220;4.17.6&#8243; _module_preset=&#8220;default&#8220; custom_padding=&#8220;15px|||||&#8220; global_colors_info=&#8220;{}&#8220;][et_pb_column type=&#8220;4_4&#8243; _builder_version=&#8220;4.17.6&#8243; _module_preset=&#8220;default&#8220; global_colors_info=&#8220;{}&#8220;][et_pb_button button_url=&#8220;https:\/\/drive.google.com\/file\/d\/18bmST8a-X4z_dczSu1ennf_nF5nrJRAg\/view?usp=drive_link&#8220; url_new_window=&#8220;on&#8220; button_text=&#8220;Lassen Sie sich von Ikon inspirieren&#8220; button_alignment=&#8220;center&#8220; _builder_version=&#8220;4.23&#8243; _module_preset=&#8220;default&#8220; box_shadow_style=&#8220;preset2&#8243; global_colors_info=&#8220;{}&#8220;][\/et_pb_button][et_pb_text _builder_version=&#8220;4.23&#8243; _module_preset=&#8220;default&#8220; global_colors_info=&#8220;{}&#8220;]<\/p>\n<p><strong>Die Kollektion Elements Design<\/strong><span> Feinsteinzeugkollektion <strong>imitiert die \u00c4sthetik von Harz<\/strong> und ist <strong>von den gro\u00dfen <\/strong>internationalen <strong>Metropolen inspiriert <\/strong>. <\/span> <\/p>\n<p><span>Die Serie Elements Design mit ihrer matten Oberfl\u00e4che ist ein Beispiel f\u00fcr ein <strong>minimalistisches und modernes Design<\/strong>. Die f\u00fcnf neuen Pastellfarben, die unter dem Namen Paint-Serie bekannt sind, sorgen f\u00fcr eine sanfte Note und <strong>erg\u00e4nzen perfekt die Palette der anderen Kollektionen<\/strong>, die Marmor, Stein, Holz und Beton nachahmen.<\/span><\/p>\n<p>[\/et_pb_text][\/et_pb_column][\/et_pb_row][et_pb_row column_structure=&#8220;1_3,1_3,1_3&#8243; _builder_version=&#8220;4.17.6&#8243; _module_preset=&#8220;default&#8220; custom_padding=&#8220;||7px|||&#8220; global_colors_info=&#8220;{}&#8220;][et_pb_column type=&#8220;1_3&#8243; _builder_version=&#8220;4.17.6&#8243; _module_preset=&#8220;default&#8220; global_colors_info=&#8220;{}&#8220;][et_pb_blurb image=&#8220;https:\/\/www.gomila-ceramica.com\/wp-content\/uploads\/2023\/10\/ceramiche-keope-elements-design-paint-ceramic-wall-tiles-archello.1622198006.2347.jpg&#8220; _builder_version=&#8220;4.23&#8243; _module_preset=&#8220;default&#8220; global_colors_info=&#8220;{}&#8220;][\/et_pb_blurb][\/et_pb_column][et_pb_column type=&#8220;1_3&#8243; _builder_version=&#8220;4.17.6&#8243; _module_preset=&#8220;default&#8220; global_colors_info=&#8220;{}&#8220;][et_pb_blurb image=&#8220;https:\/\/www.gomila-ceramica.com\/wp-content\/uploads\/2023\/10\/ceramiche-keope-elements-design-paint-ceramic-wall-tiles-archello.1622198016.7407.jpg&#8220; _builder_version=&#8220;4.23&#8243; _module_preset=&#8220;default&#8220; global_colors_info=&#8220;{}&#8220;][\/et_pb_blurb][\/et_pb_column][et_pb_column type=&#8220;1_3&#8243; _builder_version=&#8220;4.17.6&#8243; _module_preset=&#8220;default&#8220; global_colors_info=&#8220;{}&#8220;][et_pb_blurb image=&#8220;https:\/\/www.gomila-ceramica.com\/wp-content\/uploads\/2023\/10\/ceramiche-keope-elements-design-paint-ceramic-wall-tiles-archello.1622197965.8306.jpg&#8220; _builder_version=&#8220;4.23&#8243; _module_preset=&#8220;default&#8220; global_colors_info=&#8220;{}&#8220;][\/et_pb_blurb][\/et_pb_column][\/et_pb_row][et_pb_row _builder_version=&#8220;4.17.6&#8243; _module_preset=&#8220;default&#8220; custom_padding=&#8220;15px|||||&#8220; global_colors_info=&#8220;{}&#8220;][et_pb_column type=&#8220;4_4&#8243; _builder_version=&#8220;4.17.6&#8243; _module_preset=&#8220;default&#8220; global_colors_info=&#8220;{}&#8220;][et_pb_button button_url=&#8220;https:\/\/drive.google.com\/file\/d\/1M0xAsyV6wS0tCK5y5RmS6bj0tNkmMpeh\/view?usp=drive_link&#8220; url_new_window=&#8220;on&#8220; button_text=&#8220;Entdecken Sie die Kollektion Elements&#8220; button_alignment=&#8220;center&#8220; _builder_version=&#8220;4.23&#8243; _module_preset=&#8220;default&#8220; box_shadow_style=&#8220;preset2&#8243; global_colors_info=&#8220;{}&#8220;][\/et_pb_button][\/et_pb_column][\/et_pb_row][et_pb_row _builder_version=&#8220;4.17.6&#8243; _module_preset=&#8220;default&#8220; custom_padding=&#8220;15px|||||&#8220; global_colors_info=&#8220;{}&#8220;][et_pb_column type=&#8220;4_4&#8243; _builder_version=&#8220;4.17.6&#8243; _module_preset=&#8220;default&#8220; global_colors_info=&#8220;{}&#8220;][et_pb_text _builder_version=&#8220;4.23&#8243; _module_preset=&#8220;default&#8220; hover_enabled=&#8220;0&#8243; global_colors_info=&#8220;{}&#8220; sticky_enabled=&#8220;0&#8243;]<\/p>\n<p><span>Die Kollektionen von Ceramiche Keope sind zu unseren Favoriten geworden, weil sie <strong>Design und Leistung vereinen<\/strong>.  <\/span><\/p>\n<p><span>Wir<strong> helfen Ihnen dabei, die perfekte Wahl<\/strong> f\u00fcr Ihr Projekt zu treffen und Sch\u00f6nheit und Ethik in Ihre R\u00e4ume zu bringen.<\/span><\/p>\n<p><span>Z\u00f6gern Sie nicht, sich von uns beraten zu lassen und entdecken Sie, wie diese au\u00dfergew\u00f6hnlichen Feinsteinzeugkollektionen Ihre Designprojekte bereichern k\u00f6nnen.  <\/span><\/p>\n<p><span><strong>Schreiben Sie uns, rufen Sie uns an unter 971 732 343 oder besuchen Sie unsere Einrichtungen<\/strong>, damit wir Sie beraten und bei Ihrer Wahl begleiten k\u00f6nnen.<\/span><\/p>\n<p>[\/et_pb_text][\/et_pb_column][\/et_pb_row][\/et_pb_section]<\/p>\n","protected":false},"excerpt":{"rendered":"<p>Bei Gomila Cer\u00e1mica treibt uns die Leidenschaft f\u00fcr Spitzenleistungen dazu, mit den besten Feinsteinzeugfliesenherstellern der Welt zusammenzuarbeiten. Einer unserer vorgestellten Lieferanten ist Ceramiche Keope, ein italienisches Unternehmen, das die Essenz des Made in Italy verk\u00f6rpert. Wir haben uns f\u00fcr die Zusammenarbeit mit Ceramiche Keope entschieden, weil sie sich in allen Aspekten ihrer Produktion f\u00fcr Qualit\u00e4t, [&hellip;]<\/p>\n","protected":false},"author":2,"featured_media":0,"parent":0,"menu_order":0,"comment_status":"closed","ping_status":"closed","template":"","meta":{"_et_pb_use_builder":"on","_et_pb_old_content":"","_et_gb_content_width":"","footnotes":""},"class_list":["post-3450","page","type-page","status-publish","hentry"],"_links":{"self":[{"href":"https:\/\/www.gomila-ceramica.com\/de\/wp-json\/wp\/v2\/pages\/3450","targetHints":{"allow":["GET"]}}],"collection":[{"href":"https:\/\/www.gomila-ceramica.com\/de\/wp-json\/wp\/v2\/pages"}],"about":[{"href":"https:\/\/www.gomila-ceramica.com\/de\/wp-json\/wp\/v2\/types\/page"}],"author":[{"embeddable":true,"href":"https:\/\/www.gomila-ceramica.com\/de\/wp-json\/wp\/v2\/users\/2"}],"replies":[{"embeddable":true,"href":"https:\/\/www.gomila-ceramica.com\/de\/wp-json\/wp\/v2\/comments?post=3450"}],"version-history":[{"count":2,"href":"https:\/\/www.gomila-ceramica.com\/de\/wp-json\/wp\/v2\/pages\/3450\/revisions"}],"predecessor-version":[{"id":3454,"href":"https:\/\/www.gomila-ceramica.com\/de\/wp-json\/wp\/v2\/pages\/3450\/revisions\/3454"}],"wp:attachment":[{"href":"https:\/\/www.gomila-ceramica.com\/de\/wp-json\/wp\/v2\/media?parent=3450"}],"curies":[{"name":"wp","href":"https:\/\/api.w.org\/{rel}","templated":true}]}}