{"id":3472,"date":"2023-10-27T08:09:41","date_gmt":"2023-10-27T08:09:41","guid":{"rendered":"https:\/\/www.gomila-ceramica.com\/laufen\/"},"modified":"2023-10-27T08:10:13","modified_gmt":"2023-10-27T08:10:13","slug":"laufen","status":"publish","type":"page","link":"https:\/\/www.gomila-ceramica.com\/de\/laufen\/","title":{"rendered":"Laufen"},"content":{"rendered":"<p>[et_pb_section fb_built=&#8220;1&#8243; fullwidth=&#8220;on&#8220; _builder_version=&#8220;4.22.2&#8243; background_enable_image=&#8220;off&#8220; parallax=&#8220;on&#8220; background_blend=&#8220;multiply&#8220; custom_padding=&#8220;0px||0px||true|false&#8220; global_colors_info=&#8220;{}&#8220;][et_pb_fullwidth_header title=&#8220;Laufen&#8220; subhead=&#8220;Das Badezimmer in einen Lebensraum verwandeln&#8220; button_one_text=&#8220;Kontakt mit uns&#8220; button_one_url=&#8220;https:\/\/www.gomila-ceramica.com\/de\/kontakt\/&#8220; _builder_version=&#8220;4.23&#8243; _module_preset=&#8220;default&#8220; background_color=&#8220;rgba(0,0,0,0.28)&#8220; background_image=&#8220;https:\/\/www.gomila-ceramica.com\/wp-content\/uploads\/2023\/10\/AP01_Laufen_TNC_OH43-1_t_Ambient_Pictures_TF_Mob_solu_xxl_v2.jpg&#8220; background_size=&#8220;custom&#8220; background_image_width=&#8220;33%&#8220; background_position=&#8220;center_right&#8220; link_option_url_new_window=&#8220;on&#8220; global_colors_info=&#8220;{}&#8220;][\/et_pb_fullwidth_header][\/et_pb_section][et_pb_section fb_built=&#8220;1&#8243; admin_label=&#8220;section&#8220; _builder_version=&#8220;4.16&#8243; custom_padding=&#8220;45px|||||&#8220; global_colors_info=&#8220;{}&#8220;][et_pb_row _builder_version=&#8220;4.17.6&#8243; _module_preset=&#8220;default&#8220; custom_padding=&#8220;17px|||||&#8220; global_colors_info=&#8220;{}&#8220;][et_pb_column type=&#8220;4_4&#8243; _builder_version=&#8220;4.17.6&#8243; _module_preset=&#8220;default&#8220; global_colors_info=&#8220;{}&#8220;][et_pb_text _builder_version=&#8220;4.23&#8243; _module_preset=&#8220;default&#8220; global_colors_info=&#8220;{}&#8220;]<\/p>\n<p>Wir haben uns f\u00fcr die Zusammenarbeit mit <strong>Laufen<\/strong>, einer Schweizer Traditionsmarke, entschieden, weil sie eine beeindruckende Kombination aus<strong> Design, Qualit\u00e4t und Funktionalit\u00e4t<\/strong> bietet. Als Premiummarke unter dem Dach von Roca ist Laufen <strong>einer der weltweit f\u00fchrenden Hersteller<\/strong> mit einem umfassenden globalen Vertriebsnetz.<\/p>\n<p>Die Kernkompetenz des Unternehmens liegt in der Herstellung von Medizinprodukten. Seit \u00fcber 130 Jahren fertigt die Marke Laufen aus einem der \u00e4ltesten verformbaren Werkstoffe der Menschheit <strong>innovative Sanit\u00e4rprodukte<\/strong> in modernsten Anlagen mit der legend\u00e4ren Schweizer Pr\u00e4zision.<\/p>\n<p>Was die Produkte von Laufen einzigartig macht, ist die Verbindung von zwei Hauptstr\u00f6mungen des Schweizer Designs: die <strong>Emotion<\/strong> des italienischen Designs aus dem S\u00fcden und die <strong>Tradition<\/strong> der Pr\u00e4zision und Klarheit des Designs aus dem Norden.<\/p>\n<p>Qualit\u00e4t hat f\u00fcr Laufen zwei Aspekte: das Fertigungs-Know-how und den hohen praktischen Nutzen, den das fertige Bad f\u00fcr den Kunden bringt.<\/p>\n<p>Laufen stellt wassersparende Produkte her und setzt <strong>sich damit f\u00fcr den Erhalt der nat\u00fcrlichen Ressourcen und eine umweltfreundliche Produktion<\/strong> ein.<\/p>\n<p>Fundierte Kenntnisse in der Herstellung von anspruchsvollen Konstruktionen sind ein herausragendes Merkmal von Laufen. Entwicklung und Fertigung arbeiten eng zusammen auf der <strong>st\u00e4ndigen Suche nach der optimalen Umsetzung von Design und Qualit\u00e4t<\/strong>.<\/p>\n<p>Laufen w\u00e4chst nachhaltig und verantwortungsbewusst. verpflichtet sich, einen ganzheitlichen Ansatz f\u00fcr den Lebenszyklus seiner Produkte zu w\u00e4hlen und Strategien zur Verbesserung in allen Phasen zu entwickeln.<\/p>\n<p>Durch unsere Zusammenarbeit mit Laufen ist Gomila Cer\u00e1mica stolz darauf, eine Auswahl ihrer bemerkenswerten Kollektionen anbieten zu k\u00f6nnen, zu denen auch Laufen geh\u00f6rt:<\/p>\n<p>[\/et_pb_text][\/et_pb_column][\/et_pb_row][et_pb_row _builder_version=&#8220;4.22.2&#8243; _module_preset=&#8220;default&#8220; global_colors_info=&#8220;{}&#8220;][et_pb_column type=&#8220;4_4&#8243; _builder_version=&#8220;4.22.2&#8243; _module_preset=&#8220;default&#8220; global_colors_info=&#8220;{}&#8220;][et_pb_text _builder_version=&#8220;4.23&#8243; _module_preset=&#8220;default&#8220; global_colors_info=&#8220;{}&#8220;]<\/p>\n<p><strong>Die Kartell-Kollektion von Laufen<\/strong><span> ist viel mehr als nur eine Badkollektion; sie ist ein Designprojekt, das zwei Ikonen der M\u00f6bel- und Keramikindustrie zusammenf\u00fchrt: Kartell und Laufen. <\/span> <\/p>\n<p><span>Ein Badezimmer, das <strong>die Kreativit\u00e4t, die Farben und den unverwechselbaren Stil von Kartell mit der Pr\u00e4zision, der Zuverl\u00e4ssigkeit und der Schweizer Qualit\u00e4t von Laufen verbindet<\/strong>.<\/span><\/p>\n<p>Diese einzigartige Zusammenarbeit wurde von den renommierten <strong>Designern Ludovica + Roberto Palomba<\/strong>, Experten f\u00fcr die Gestaltung von Badezimmern, ins Leben gerufen. Gemeinsam haben sie eine Kollektion ins Leben gerufen, die Designelemente mit farbigen Nomadent\u00f6nen kombiniert.<\/p>\n<p>Kartell LAUFEN ist<strong> Ausdruck von Innovation und st\u00e4ndigem Engagement f\u00fcr die Forschung<\/strong>, zwei Werte, die in der DNA beider Unternehmen verankert sind. Jedes St\u00fcck dieser Kollektion stellt eine Synthese aus <strong>italienischer Designtradition und Schweizer Spitzenleistung in der Herstellung von Sanit\u00e4rkeramik<\/strong> dar. Es ist eine Hommage an die Entwicklung des zeitgen\u00f6ssischen Baddesigns, in dem \u00c4sthetik und Funktionalit\u00e4t harmonisch miteinander verbunden sind.<\/p>\n<p>[\/et_pb_text][\/et_pb_column][\/et_pb_row][et_pb_row column_structure=&#8220;1_3,1_3,1_3&#8243; _builder_version=&#8220;4.17.6&#8243; _module_preset=&#8220;default&#8220; custom_padding=&#8220;||7px|||&#8220; global_colors_info=&#8220;{}&#8220;][et_pb_column type=&#8220;1_3&#8243; _builder_version=&#8220;4.17.6&#8243; _module_preset=&#8220;default&#8220; global_colors_info=&#8220;{}&#8220;][et_pb_blurb image=&#8220;https:\/\/www.gomila-ceramica.com\/wp-content\/uploads\/2023\/10\/AP01_KARTELL_LAUFEN_215444_820333_891333_403532_2_LichtAus_t_Ambient_Pictures_TF_Mob_solu_xxl_v2.jpg&#8220; _builder_version=&#8220;4.23&#8243; _module_preset=&#8220;default&#8220; global_colors_info=&#8220;{}&#8220;][\/et_pb_blurb][\/et_pb_column][et_pb_column type=&#8220;1_3&#8243; _builder_version=&#8220;4.17.6&#8243; _module_preset=&#8220;default&#8220; global_colors_info=&#8220;{}&#8220;][et_pb_blurb image=&#8220;https:\/\/www.gomila-ceramica.com\/wp-content\/uploads\/2023\/10\/AP01_KARTELL_BY_LAUFEN_13-11_t_Ambient_Pictures_TF_Mob_solu_xxl_v2.jpg&#8220; _builder_version=&#8220;4.23&#8243; _module_preset=&#8220;default&#8220; global_colors_info=&#8220;{}&#8220;][\/et_pb_blurb][\/et_pb_column][et_pb_column type=&#8220;1_3&#8243; _builder_version=&#8220;4.17.6&#8243; _module_preset=&#8220;default&#8220; global_colors_info=&#8220;{}&#8220;][et_pb_blurb image=&#8220;https:\/\/www.gomila-ceramica.com\/wp-content\/uploads\/2023\/10\/AP01_KARTELL_BY_LAUFEN_03-20_t_Ambient_Pictures_TF_Mob_solu_xxl_v2.jpg&#8220; _builder_version=&#8220;4.23&#8243; _module_preset=&#8220;default&#8220; global_colors_info=&#8220;{}&#8220;][\/et_pb_blurb][\/et_pb_column][\/et_pb_row][et_pb_row _builder_version=&#8220;4.17.6&#8243; _module_preset=&#8220;default&#8220; custom_padding=&#8220;15px|||||&#8220; global_colors_info=&#8220;{}&#8220;][et_pb_column type=&#8220;4_4&#8243; _builder_version=&#8220;4.17.6&#8243; _module_preset=&#8220;default&#8220; global_colors_info=&#8220;{}&#8220;][et_pb_button button_url=&#8220;https:\/\/drive.google.com\/file\/d\/1Dt6HdK4UBavcGSV8kieP4UiwvCZkIqjY\/view?usp=drive_link&#8220; url_new_window=&#8220;on&#8220; button_text=&#8220;Lassen Sie sich von der Fusion von Kartell und Laufen begeistern&#8220; button_alignment=&#8220;center&#8220; _builder_version=&#8220;4.23&#8243; _module_preset=&#8220;default&#8220; box_shadow_style=&#8220;preset2&#8243; global_colors_info=&#8220;{}&#8220;][\/et_pb_button][et_pb_text _builder_version=&#8220;4.23&#8243; _module_preset=&#8220;default&#8220; global_colors_info=&#8220;{}&#8220;]<\/p>\n<p>Die <strong>Laufen PRO-Kollektion<\/strong> ist der Inbegriff von Modernit\u00e4t und Funktionalit\u00e4t in der Welt der B\u00e4der. Diese Produktlinie wurde mit Blick auf zeitgem\u00e4\u00dfe Bed\u00fcrfnisse und die Vielseitigkeit, die Badezimmer ben\u00f6tigen, entwickelt.<\/p>\n<p>Industriedesign trifft auf die Vision des Schweizer Designs, um eine Reihe von <strong>Produkten<\/strong> zu schaffen <strong>, die sich durch ihre Effizienz und Eleganz aus<\/strong>zeichnen.<\/p>\n<p>Bei Laufen PRO liegt der Schwerpunkt auf dem <strong>Gleichgewicht zwischen \u00c4sthetik und Nutzen<\/strong>. Jedes St\u00fcck wurde mit Blick auf die Funktionalit\u00e4t entworfen, ohne dabei das Design zu opfern. Das bedeutet, dass wir Produkte erhalten <strong>, die<\/strong> nicht nur <strong>optisch ansprechend sind<\/strong>, sondern auch <strong>sehr praktisch<\/strong> und alltagstauglich.<\/p>\n<p>Diese Kollektion ist ein Beweis f\u00fcr die Vision von Laufen, erstklassiges Design und Qualit\u00e4t f\u00fcr ein breites Publikum anzubieten. Dank moderner Produktionstechniken und dem Fokus auf Effizienz macht Laufen PRO <strong>hochwertiges Design<\/strong> f\u00fcr ein <strong>breites Publikum<\/strong> zug\u00e4nglich.<\/p>\n<p>[\/et_pb_text][\/et_pb_column][\/et_pb_row][et_pb_row column_structure=&#8220;1_4,1_4,1_4,1_4&#8243; _builder_version=&#8220;4.17.6&#8243; _module_preset=&#8220;default&#8220; custom_padding=&#8220;||7px|||&#8220; global_colors_info=&#8220;{}&#8220;][et_pb_column type=&#8220;1_4&#8243; _builder_version=&#8220;4.17.6&#8243; _module_preset=&#8220;default&#8220; global_colors_info=&#8220;{}&#8220;][et_pb_blurb image=&#8220;https:\/\/www.gomila-ceramica.com\/wp-content\/uploads\/2023\/10\/AP01_LAUFEN_PRO_PROS_SOLUTIONS_CITYPRO_02_t_Ambient_Pictures_TF_Mob_solu_xxl_v2.jpg&#8220; _builder_version=&#8220;4.23&#8243; _module_preset=&#8220;default&#8220; global_colors_info=&#8220;{}&#8220;][\/et_pb_blurb][\/et_pb_column][et_pb_column type=&#8220;1_4&#8243; _builder_version=&#8220;4.17.6&#8243; _module_preset=&#8220;default&#8220; global_colors_info=&#8220;{}&#8220;][et_pb_blurb image=&#8220;https:\/\/www.gomila-ceramica.com\/wp-content\/uploads\/2023\/10\/AP01_Laufen_Marbond_Pro_04_t_Ambient_Pictures_TF_Mob_solu_xxl_v2-e1697963160766.jpg&#8220; _builder_version=&#8220;4.23&#8243; _module_preset=&#8220;default&#8220; global_colors_info=&#8220;{}&#8220;][\/et_pb_blurb][\/et_pb_column][et_pb_column type=&#8220;1_4&#8243; _builder_version=&#8220;4.17.6&#8243; _module_preset=&#8220;default&#8220; global_colors_info=&#8220;{}&#8220;][et_pb_blurb image=&#8220;https:\/\/www.gomila-ceramica.com\/wp-content\/uploads\/2023\/10\/AP01_LAUFEN_PRO_SOLUTIONS_CITYPRO_02_t_Ambient_Pictures_TF_Mob_solu_xxl_v2.jpg&#8220; _builder_version=&#8220;4.23&#8243; _module_preset=&#8220;default&#8220; global_colors_info=&#8220;{}&#8220;][\/et_pb_blurb][\/et_pb_column][et_pb_column type=&#8220;1_4&#8243; _builder_version=&#8220;4.17.6&#8243; _module_preset=&#8220;default&#8220; global_colors_info=&#8220;{}&#8220;][et_pb_image src=&#8220;https:\/\/www.gomila-ceramica.com\/wp-content\/uploads\/2023\/10\/AP01_LAUFENPRO_02_t_Ambient_Pictures_TF_Mob_solu_xxl_v2-e1697962945726.jpg&#8220; title_text=&#8220;AP01_LAUFENPRO_02_t_Ambient_Bilder_TF_Mob_solu_xxl_v2&#8243; _builder_version=&#8220;4.23&#8243; _module_preset=&#8220;default&#8220; global_colors_info=&#8220;{}&#8220;][\/et_pb_image][\/et_pb_column][\/et_pb_row][et_pb_row _builder_version=&#8220;4.17.6&#8243; _module_preset=&#8220;default&#8220; custom_padding=&#8220;15px|||||&#8220; global_colors_info=&#8220;{}&#8220;][et_pb_column type=&#8220;4_4&#8243; _builder_version=&#8220;4.17.6&#8243; _module_preset=&#8220;default&#8220; global_colors_info=&#8220;{}&#8220;][et_pb_button button_url=&#8220;https:\/\/drive.google.com\/file\/d\/1b9K-rtn1KitD7Ve50eGiEgDLJWmBj5gO\/view?usp=drive_link&#8220; url_new_window=&#8220;on&#8220; button_text=&#8220;Schlie\u00dfen Sie sich der PRO-Revolution an&#8220; button_alignment=&#8220;center&#8220; _builder_version=&#8220;4.23&#8243; _module_preset=&#8220;default&#8220; box_shadow_style=&#8220;preset2&#8243; global_colors_info=&#8220;{}&#8220;][\/et_pb_button][et_pb_text _builder_version=&#8220;4.23&#8243; _module_preset=&#8220;default&#8220; global_colors_info=&#8220;{}&#8220;]<\/p>\n<p><strong>Die New Classic<\/strong> ist eine Kollektion formvollendeter Innovationen f\u00fcr das Badezimmer. Diese Serie strahlt die Zweckm\u00e4\u00dfigkeit harmonischer Formen aus und kombiniert sie mit zeitgen\u00f6ssischem Stil.<\/p>\n<p>The New Classic wurde f\u00fcr all diejenigen entwickelt, die eine <strong>Verschmelzung von Funktionalit\u00e4t und Eleganz suchen, und<\/strong> interpretiert das Konzept von <strong>Luxus im Badezimmer<\/strong> neu. Jedes Element dieser Kollektion ist ein Statement f\u00fcr <strong>Raffinesse und Modernit\u00e4t<\/strong>.<\/p>\n<p>Der New Classic ist inspiriert von der Suche nach zeitloser Sch\u00f6nheit im Baddesign. Jedes St\u00fcck wurde sorgf\u00e4ltig entworfen, um eine Atmosph\u00e4re von Luxus und Komfort in Ihrem Badezimmer zu schaffen. Vom Waschbecken \u00fcber die Toilette bis hin zu den Accessoires bietet diese Kollektion Komplettl\u00f6sungen, die Ihr Badezimmer bereichern.<\/p>\n<p>Eleganz und W\u00e4rme sind die Markenzeichen von The New Classic. Mit einer<strong> Reihe nat\u00fcrlicher Farben, die zu verschiedenen Badstilen passen<\/strong>, schafft diese Kollektion eine ruhige und helle Atmosph\u00e4re, die zum Entspannen und Relaxen einl\u00e4dt. Reiche Materialien und durchdachte Details lassen Ihre Vision eines luxuri\u00f6sen Badezimmers Wirklichkeit werden.<\/p>\n<p>[\/et_pb_text][\/et_pb_column][\/et_pb_row][et_pb_row column_structure=&#8220;1_4,1_4,1_4,1_4&#8243; _builder_version=&#8220;4.17.6&#8243; _module_preset=&#8220;default&#8220; custom_padding=&#8220;||7px|||&#8220; global_colors_info=&#8220;{}&#8220;][et_pb_column type=&#8220;1_4&#8243; _builder_version=&#8220;4.17.6&#8243; _module_preset=&#8220;default&#8220; global_colors_info=&#8220;{}&#8220;][et_pb_blurb image=&#8220;https:\/\/www.gomila-ceramica.com\/wp-content\/uploads\/2023\/10\/AP01_Laufen_TNC_OH18_t_Ambient_Pictures_TF_Mob_solu_xxl_v2.jpg&#8220; _builder_version=&#8220;4.23&#8243; _module_preset=&#8220;default&#8220; global_colors_info=&#8220;{}&#8220;][\/et_pb_blurb][\/et_pb_column][et_pb_column type=&#8220;1_4&#8243; _builder_version=&#8220;4.17.6&#8243; _module_preset=&#8220;default&#8220; global_colors_info=&#8220;{}&#8220;][et_pb_blurb image=&#8220;https:\/\/www.gomila-ceramica.com\/wp-content\/uploads\/2023\/10\/AP01_Laufen_TNC_OH34_t_Ambient_Pictures_TF_Mob_solu_xxl_v2.jpg&#8220; _builder_version=&#8220;4.23&#8243; _module_preset=&#8220;default&#8220; global_colors_info=&#8220;{}&#8220;][\/et_pb_blurb][\/et_pb_column][et_pb_column type=&#8220;1_4&#8243; _builder_version=&#8220;4.17.6&#8243; _module_preset=&#8220;default&#8220; global_colors_info=&#8220;{}&#8220;][et_pb_blurb image=&#8220;https:\/\/www.gomila-ceramica.com\/wp-content\/uploads\/2023\/10\/AP01_Laufen_TNC_OH48_t_Ambient_Pictures_TF_Mob_solu_xxl_v2.jpg&#8220; _builder_version=&#8220;4.23&#8243; _module_preset=&#8220;default&#8220; global_colors_info=&#8220;{}&#8220;][\/et_pb_blurb][\/et_pb_column][et_pb_column type=&#8220;1_4&#8243; _builder_version=&#8220;4.17.6&#8243; _module_preset=&#8220;default&#8220; global_colors_info=&#8220;{}&#8220;][et_pb_image src=&#8220;https:\/\/www.gomila-ceramica.com\/wp-content\/uploads\/2023\/10\/AP01_Laufen_TNC_OH27_t_Ambient_Pictures_TF_Mob_solu_xxl_v2.jpg&#8220; title_text=&#8220;AP01_Laufen_TNC_OH27_t_Ambient_Pictures_TF_Mob_solu_xxl_v2&#8243; _builder_version=&#8220;4.23&#8243; _module_preset=&#8220;default&#8220; global_colors_info=&#8220;{}&#8220;][\/et_pb_image][\/et_pb_column][\/et_pb_row][et_pb_row _builder_version=&#8220;4.17.6&#8243; _module_preset=&#8220;default&#8220; custom_padding=&#8220;15px|||||&#8220; global_colors_info=&#8220;{}&#8220;][et_pb_column type=&#8220;4_4&#8243; _builder_version=&#8220;4.17.6&#8243; _module_preset=&#8220;default&#8220; global_colors_info=&#8220;{}&#8220;][et_pb_button button_url=&#8220;https:\/\/drive.google.com\/file\/d\/1rTEPFes_BaFCDFHqYnUia2zH1xhwJDSN\/view?usp=drive_link&#8220; url_new_window=&#8220;on&#8220; button_text=&#8220;Luxus entdecken mit Laufen&#8220; button_alignment=&#8220;center&#8220; _builder_version=&#8220;4.23&#8243; _module_preset=&#8220;default&#8220; box_shadow_style=&#8220;preset2&#8243; global_colors_info=&#8220;{}&#8220;][\/et_pb_button][\/et_pb_column][\/et_pb_row][et_pb_row _builder_version=&#8220;4.17.6&#8243; _module_preset=&#8220;default&#8220; custom_padding=&#8220;15px|||||&#8220; global_colors_info=&#8220;{}&#8220;][et_pb_column type=&#8220;4_4&#8243; _builder_version=&#8220;4.17.6&#8243; _module_preset=&#8220;default&#8220; global_colors_info=&#8220;{}&#8220;][et_pb_text _builder_version=&#8220;4.23&#8243; _module_preset=&#8220;default&#8220; hover_enabled=&#8220;0&#8243; global_colors_info=&#8220;{}&#8220; sticky_enabled=&#8220;0&#8243;]<\/p>\n<p><span>Gomila Cer\u00e1mica hat es sich zur Aufgabe gemacht, seinen Kunden die besten Optionen im Bereich Keramik sowie Wand- und Bodenfliesen anzubieten, um au\u00dfergew\u00f6hnliche R\u00e4ume zu schaffen. Unsere Partnerschaft mit Laufen, einem weltweit renommierten Hersteller, erm\u00f6glicht es uns, eine Auswahl an hochwertigen Kollektionen anzubieten.<\/span><\/p>\n<p><span>Wir<strong> helfen Ihnen dabei, die perfekte Wahl<\/strong> f\u00fcr Ihr Projekt zu treffen und Sch\u00f6nheit und Ethik in Ihre R\u00e4ume zu bringen.<\/span><\/p>\n<p><span><strong>Schreiben Sie uns, rufen Sie uns an unter 971 732 343 oder besuchen Sie unsere Einrichtungen<\/strong>, damit wir Sie beraten und bei Ihrer Wahl begleiten k\u00f6nnen.<\/span><\/p>\n<p>[\/et_pb_text][\/et_pb_column][\/et_pb_row][\/et_pb_section]<\/p>\n","protected":false},"excerpt":{"rendered":"<p>Wir haben uns f\u00fcr die Zusammenarbeit mit Laufen, einer Schweizer Traditionsmarke, entschieden, weil sie eine beeindruckende Kombination aus Design, Qualit\u00e4t und Funktionalit\u00e4t bietet. Als Premiummarke unter dem Dach von Roca ist Laufen einer der weltweit f\u00fchrenden Hersteller mit einem umfassenden globalen Vertriebsnetz. Die Kernkompetenz des Unternehmens liegt in der Herstellung von Medizinprodukten. Seit \u00fcber 130 [&hellip;]<\/p>\n","protected":false},"author":2,"featured_media":0,"parent":0,"menu_order":0,"comment_status":"closed","ping_status":"closed","template":"","meta":{"_et_pb_use_builder":"on","_et_pb_old_content":"","_et_gb_content_width":"","footnotes":""},"class_list":["post-3472","page","type-page","status-publish","hentry"],"_links":{"self":[{"href":"https:\/\/www.gomila-ceramica.com\/de\/wp-json\/wp\/v2\/pages\/3472","targetHints":{"allow":["GET"]}}],"collection":[{"href":"https:\/\/www.gomila-ceramica.com\/de\/wp-json\/wp\/v2\/pages"}],"about":[{"href":"https:\/\/www.gomila-ceramica.com\/de\/wp-json\/wp\/v2\/types\/page"}],"author":[{"embeddable":true,"href":"https:\/\/www.gomila-ceramica.com\/de\/wp-json\/wp\/v2\/users\/2"}],"replies":[{"embeddable":true,"href":"https:\/\/www.gomila-ceramica.com\/de\/wp-json\/wp\/v2\/comments?post=3472"}],"version-history":[{"count":4,"href":"https:\/\/www.gomila-ceramica.com\/de\/wp-json\/wp\/v2\/pages\/3472\/revisions"}],"predecessor-version":[{"id":3477,"href":"https:\/\/www.gomila-ceramica.com\/de\/wp-json\/wp\/v2\/pages\/3472\/revisions\/3477"}],"wp:attachment":[{"href":"https:\/\/www.gomila-ceramica.com\/de\/wp-json\/wp\/v2\/media?parent=3472"}],"curies":[{"name":"wp","href":"https:\/\/api.w.org\/{rel}","templated":true}]}}