{"id":3496,"date":"2023-10-27T08:24:28","date_gmt":"2023-10-27T08:24:28","guid":{"rendered":"https:\/\/www.gomila-ceramica.com\/monocibec\/"},"modified":"2023-10-27T08:24:28","modified_gmt":"2023-10-27T08:24:28","slug":"monocibec","status":"publish","type":"page","link":"https:\/\/www.gomila-ceramica.com\/de\/monocibec\/","title":{"rendered":"MONOCIBEC"},"content":{"rendered":"<p>[et_pb_section fb_built=&#8220;1&#8243; fullwidth=&#8220;on&#8220; _builder_version=&#8220;4.22.2&#8243; background_enable_image=&#8220;off&#8220; parallax=&#8220;on&#8220; background_blend=&#8220;multiply&#8220; custom_padding=&#8220;0px||0px||true|false&#8220; global_colors_info=&#8220;{}&#8220; theme_builder_area=&#8220;post_content&#8220;][et_pb_fullwidth_header title=&#8220;Monocibec&#8220; subhead=&#8220;Idealer Partner f\u00fcr Architekten, Innenarchitekten, Dekorateure und Endverbraucher.&#8220; button_one_text=&#8220;Kontakt mit uns&#8220; button_one_url=&#8220;https:\/\/www.gomila-ceramica.com\/contacto\/&#8220; _builder_version=&#8220;4.23&#8243; _module_preset=&#8220;default&#8220; background_color=&#8220;rgba(0,0,0,0.28)&#8220; background_image=&#8220;https:\/\/www.gomila-ceramica.com\/wp-content\/uploads\/2023\/10\/woodtime_monocibec.jpg&#8220; background_size=&#8220;custom&#8220; background_image_width=&#8220;33%&#8220; background_position=&#8220;center_right&#8220; link_option_url_new_window=&#8220;on&#8220; hover_enabled=&#8220;0&#8243; global_colors_info=&#8220;{}&#8220; theme_builder_area=&#8220;post_content&#8220; sticky_enabled=&#8220;0&#8243; title_text=&#8220;woodtime_monocibec&#8220;][\/et_pb_fullwidth_header][\/et_pb_section][et_pb_section fb_built=&#8220;1&#8243; admin_label=&#8220;section&#8220; _builder_version=&#8220;4.16&#8243; custom_padding=&#8220;45px|||||&#8220; global_colors_info=&#8220;{}&#8220; theme_builder_area=&#8220;post_content&#8220;][et_pb_row _builder_version=&#8220;4.17.6&#8243; _module_preset=&#8220;default&#8220; custom_padding=&#8220;17px|||||&#8220; global_colors_info=&#8220;{}&#8220; theme_builder_area=&#8220;post_content&#8220;][et_pb_column type=&#8220;4_4&#8243; _builder_version=&#8220;4.17.6&#8243; _module_preset=&#8220;default&#8220; global_colors_info=&#8220;{}&#8220; theme_builder_area=&#8220;post_content&#8220;][et_pb_text _builder_version=&#8220;4.23&#8243; _module_preset=&#8220;default&#8220; hover_enabled=&#8220;0&#8243; global_colors_info=&#8220;{}&#8220; theme_builder_area=&#8220;post_content&#8220; sticky_enabled=&#8220;0&#8243;]<\/p>\n<p>Wir von Gomila Cer\u00e1mica sind stolz darauf, mit den besten Lieferanten von keramischen Boden- und Wandfliesen der Welt zusammenzuarbeiten.<\/p>\n<p>Einer unserer herausragenden Partner ist <strong>Monocibec<\/strong>, ein Unternehmen, das seit<strong> \u00fcber 60 Jahren<\/strong> an der Spitze der Feinsteinzeug-Innovation steht.<\/p>\n<p>Monocibec ist ein Synonym f\u00fcr <strong>St\u00e4rke und Sch\u00f6nheit<\/strong> und hat sich zu einem idealen Partner f\u00fcr Architekten, Innenarchitekten, Dekorateure und Endverbraucher entwickelt, die <strong>au\u00dfergew\u00f6hnliche Umgebungen in gewerblichen, technischen, \u00f6ffentlichen und Wohngeb\u00e4uden<\/strong> schaffen wollen.<\/p>\n<p>Unsere enge Beziehung zu Monocibec beruht auf einer tiefen Wertsch\u00e4tzung ihres Engagements f\u00fcr Qualit\u00e4t und \u00c4sthetik. Wir m\u00f6chten zwei seiner bemerkenswertesten Kollektionen hervorheben, die zu unseren Lieblingsst\u00fccken geworden sind:<\/p>\n<p>[\/et_pb_text][\/et_pb_column][\/et_pb_row][et_pb_row _builder_version=&#8220;4.22.2&#8243; _module_preset=&#8220;default&#8220; global_colors_info=&#8220;{}&#8220; theme_builder_area=&#8220;post_content&#8220;][et_pb_column type=&#8220;4_4&#8243; _builder_version=&#8220;4.22.2&#8243; _module_preset=&#8220;default&#8220; global_colors_info=&#8220;{}&#8220; theme_builder_area=&#8220;post_content&#8220;][et_pb_text _builder_version=&#8220;4.23&#8243; _module_preset=&#8220;default&#8220; hover_enabled=&#8220;0&#8243; global_colors_info=&#8220;{}&#8220; theme_builder_area=&#8220;post_content&#8220; sticky_enabled=&#8220;0&#8243;]<\/p>\n<p>Die erste davon ist <strong>Woodtime<\/strong>.<span> Diese Kollektion ist eine <strong>Hommage an die Sch\u00f6nheit des Holzes<\/strong>, mit einem Oberfl\u00e4chenrealismus, der die unregelm\u00e4\u00dfige Maserung des Holzes meisterhaft interpretiert. <\/span> <\/p>\n<p><span>Woodtime bietet eine Palette von <strong>f\u00fcnf warmen, umh\u00fcllenden Farbt\u00f6nen<\/strong>, die R\u00e4umen mit einem modernen und anspruchsvollen Charakter Charakter verleihen.  <\/span><\/p>\n<p><span>Bei Monocibec verwandelt Woodtime ceramics recyceltes Holz in ein einzigartiges und vielseitiges M\u00f6belst\u00fcck. Diese Kollektion zeichnet sich durch ihre <strong>Funktionalit\u00e4t und Materialit\u00e4t<\/strong> aus und eignet sich daher sowohl f\u00fcr Wohn- als auch f\u00fcr Gesch\u00e4ftsr\u00e4ume mit Vintage-Ambiente.  <\/span><\/p>\n<p><span><strong>Jedes St\u00fcck unterscheidet sich von den anderen,<\/strong> aber ihre Kombination ergibt ein perfektes Gleichgewicht. Hergestellt aus Feinsteinzeug in den gro\u00dfen Formaten 30&#215;120 und 20&#215;120 mit einer St\u00e4rke von 9 mm und einer doppelten <strong>nat\u00fcrlichen und rutschfesten Oberfl\u00e4che,<\/strong> garantiert <strong>es<\/strong> eine \u00e4sthetische Kontinuit\u00e4t in Innen- und Au\u00dfenbereichen und erf\u00fcllt alle Designanforderungen.  <\/span><\/p>\n<p><span>Die Farben Tannenwei\u00df, L\u00e4rche, Iroko, Caprino und Castagno erm\u00f6glichen es, moderne und klassische Umgebungen zu schaffen.<\/span><\/p>\n<p>[\/et_pb_text][\/et_pb_column][\/et_pb_row][et_pb_row column_structure=&#8220;1_3,1_3,1_3&#8243; _builder_version=&#8220;4.17.6&#8243; _module_preset=&#8220;default&#8220; custom_padding=&#8220;||7px|||&#8220; global_colors_info=&#8220;{}&#8220; theme_builder_area=&#8220;post_content&#8220;][et_pb_column type=&#8220;1_3&#8243; _builder_version=&#8220;4.17.6&#8243; _module_preset=&#8220;default&#8220; global_colors_info=&#8220;{}&#8220; theme_builder_area=&#8220;post_content&#8220;][et_pb_blurb image=&#8220;https:\/\/www.gomila-ceramica.com\/wp-content\/uploads\/2023\/10\/monocibec-woodtime-4.jpg&#8220; _builder_version=&#8220;4.23&#8243; _module_preset=&#8220;default&#8220; hover_enabled=&#8220;0&#8243; global_colors_info=&#8220;{}&#8220; theme_builder_area=&#8220;post_content&#8220; title_text=&#8220;monocibec-woodtime-4&#8243; sticky_enabled=&#8220;0&#8243;][\/et_pb_blurb][\/et_pb_column][et_pb_column type=&#8220;1_3&#8243; _builder_version=&#8220;4.17.6&#8243; _module_preset=&#8220;default&#8220; global_colors_info=&#8220;{}&#8220; theme_builder_area=&#8220;post_content&#8220;][et_pb_blurb image=&#8220;https:\/\/www.gomila-ceramica.com\/wp-content\/uploads\/2023\/10\/monocibec-woodtime-5.jpg&#8220; _builder_version=&#8220;4.23&#8243; _module_preset=&#8220;default&#8220; hover_enabled=&#8220;0&#8243; global_colors_info=&#8220;{}&#8220; theme_builder_area=&#8220;post_content&#8220; title_text=&#8220;monocibec-woodtime-5&#8243; sticky_enabled=&#8220;0&#8243;][\/et_pb_blurb][\/et_pb_column][et_pb_column type=&#8220;1_3&#8243; _builder_version=&#8220;4.17.6&#8243; _module_preset=&#8220;default&#8220; global_colors_info=&#8220;{}&#8220; theme_builder_area=&#8220;post_content&#8220;][et_pb_blurb image=&#8220;https:\/\/www.gomila-ceramica.com\/wp-content\/uploads\/2023\/10\/monocibec-woodtime-3.jpg&#8220; _builder_version=&#8220;4.23&#8243; _module_preset=&#8220;default&#8220; hover_enabled=&#8220;0&#8243; global_colors_info=&#8220;{}&#8220; theme_builder_area=&#8220;post_content&#8220; title_text=&#8220;monocibec-woodtime-3&#8243; sticky_enabled=&#8220;0&#8243;][\/et_pb_blurb][\/et_pb_column][\/et_pb_row][et_pb_row _builder_version=&#8220;4.17.6&#8243; _module_preset=&#8220;default&#8220; custom_padding=&#8220;15px|||||&#8220; global_colors_info=&#8220;{}&#8220; theme_builder_area=&#8220;post_content&#8220;][et_pb_column type=&#8220;4_4&#8243; _builder_version=&#8220;4.17.6&#8243; _module_preset=&#8220;default&#8220; global_colors_info=&#8220;{}&#8220; theme_builder_area=&#8220;post_content&#8220;][et_pb_button button_url=&#8220;https:\/\/drive.google.com\/file\/d\/1Mynjq3gsBM09qVSEvrdzAYfQFNfLZr4I\/view?usp=drive_link&#8220; url_new_window=&#8220;on&#8220; button_text=&#8220;Verliebt in Holz mit Woodtime&#8220; button_alignment=&#8220;center&#8220; _builder_version=&#8220;4.23&#8243; _module_preset=&#8220;default&#8220; hover_enabled=&#8220;0&#8243; box_shadow_style=&#8220;preset2&#8243; global_colors_info=&#8220;{}&#8220; theme_builder_area=&#8220;post_content&#8220; sticky_enabled=&#8220;0&#8243;][\/et_pb_button][et_pb_text _builder_version=&#8220;4.23&#8243; _module_preset=&#8220;default&#8220; hover_enabled=&#8220;0&#8243; global_colors_info=&#8220;{}&#8220; theme_builder_area=&#8220;post_content&#8220; sticky_enabled=&#8220;0&#8243;]<\/p>\n<p><strong>Die Kollektion Pietra Castello<\/strong><span> erinnert an die historische europ\u00e4ische Architektur, an pr\u00e4chtige Geb\u00e4ude und raffinierte Villen, die schon immer f\u00fcr ihre beeindruckenden B\u00f6den bekannt waren. <\/span> <\/p>\n<p><span>In dieser Monocibec-Kollektion <strong>l\u00e4sst<\/strong> die Feinsteinzeugkeramik den <strong>Stein in den Mittelpunkt r<\/strong>\u00fccken und verleiht nicht nur klassischen, sondern auch modernen Einrichtungen Stil und Raffinesse.  <\/span><\/p>\n<p><span>Pietra Castello erreicht ein <strong>perfektes Gleichgewicht zwischen Vergangenheit und Gegenwart<\/strong> und wird zu einer <strong>Harmonie der Kontraste<\/strong>, die durch die Farbt\u00f6ne Miramare, Bard, Torrechiara, Burgos und Fenis hervorgehoben wird, die <strong>in verschiedenen Formaten<\/strong> (mit nat\u00fcrlicher und rutschfester Oberfl\u00e4che) <strong>erh\u00e4ltlich sind<\/strong>, um originelle Kompositionen sowohl im Innen- als auch im Au\u00dfenbereich zu schaffen.<\/span><\/p>\n<p>[\/et_pb_text][\/et_pb_column][\/et_pb_row][et_pb_row column_structure=&#8220;1_3,1_3,1_3&#8243; _builder_version=&#8220;4.17.6&#8243; _module_preset=&#8220;default&#8220; custom_padding=&#8220;||7px|||&#8220; global_colors_info=&#8220;{}&#8220; theme_builder_area=&#8220;post_content&#8220;][et_pb_column type=&#8220;1_3&#8243; _builder_version=&#8220;4.17.6&#8243; _module_preset=&#8220;default&#8220; global_colors_info=&#8220;{}&#8220; theme_builder_area=&#8220;post_content&#8220;][et_pb_blurb image=&#8220;https:\/\/www.gomila-ceramica.com\/wp-content\/uploads\/2023\/10\/Amb-Estense-60x120_Miramare-60&#215;60-1-mezza.jpg&#8220; _builder_version=&#8220;4.23&#8243; _module_preset=&#8220;default&#8220; hover_enabled=&#8220;0&#8243; global_colors_info=&#8220;{}&#8220; theme_builder_area=&#8220;post_content&#8220; title_text=&#8220;Amb-Estense-60x120_Miramare-60&#215;60-1-mezza&#8220; sticky_enabled=&#8220;0&#8243;][\/et_pb_blurb][\/et_pb_column][et_pb_column type=&#8220;1_3&#8243; _builder_version=&#8220;4.17.6&#8243; _module_preset=&#8220;default&#8220; global_colors_info=&#8220;{}&#8220; theme_builder_area=&#8220;post_content&#8220;][et_pb_blurb image=&#8220;https:\/\/www.gomila-ceramica.com\/wp-content\/uploads\/2023\/10\/Amb-Miramare-60x120_Bard-60x120_Miramare-muretto-30&#215;30-1-mezza.jpg&#8220; _builder_version=&#8220;4.23&#8243; _module_preset=&#8220;default&#8220; hover_enabled=&#8220;0&#8243; global_colors_info=&#8220;{}&#8220; theme_builder_area=&#8220;post_content&#8220; title_text=&#8220;Amb-Miramare-60x120_Bard-60x120_Miramare-muretto-30&#215;30-1-mezza&#8220; sticky_enabled=&#8220;0&#8243;][\/et_pb_blurb][\/et_pb_column][et_pb_column type=&#8220;1_3&#8243; _builder_version=&#8220;4.17.6&#8243; _module_preset=&#8220;default&#8220; global_colors_info=&#8220;{}&#8220; theme_builder_area=&#8220;post_content&#8220;][et_pb_blurb image=&#8220;https:\/\/www.gomila-ceramica.com\/wp-content\/uploads\/2023\/10\/Amb-Miramare-25x50_25x25-GRIP-mezza.jpg&#8220; _builder_version=&#8220;4.23&#8243; _module_preset=&#8220;default&#8220; hover_enabled=&#8220;0&#8243; global_colors_info=&#8220;{}&#8220; theme_builder_area=&#8220;post_content&#8220; title_text=&#8220;Amb-Miramare-25x50_25x25-GRIP-mezza&#8220; sticky_enabled=&#8220;0&#8243;][\/et_pb_blurb][\/et_pb_column][\/et_pb_row][et_pb_row _builder_version=&#8220;4.17.6&#8243; _module_preset=&#8220;default&#8220; custom_padding=&#8220;15px|||||&#8220; global_colors_info=&#8220;{}&#8220; theme_builder_area=&#8220;post_content&#8220;][et_pb_column type=&#8220;4_4&#8243; _builder_version=&#8220;4.17.6&#8243; _module_preset=&#8220;default&#8220; global_colors_info=&#8220;{}&#8220; theme_builder_area=&#8220;post_content&#8220;][et_pb_button button_url=&#8220;https:\/\/drive.google.com\/file\/d\/1oKbWp5AiW-ZNq2x_B0QH_QpJXGPZYbts\/view?usp=drive_link&#8220; url_new_window=&#8220;on&#8220; button_text=&#8220;Entdecken Sie die Kollektion Pietra Castello&#8220; button_alignment=&#8220;center&#8220; _builder_version=&#8220;4.23&#8243; _module_preset=&#8220;default&#8220; hover_enabled=&#8220;0&#8243; box_shadow_style=&#8220;preset2&#8243; global_colors_info=&#8220;{}&#8220; theme_builder_area=&#8220;post_content&#8220; sticky_enabled=&#8220;0&#8243;][\/et_pb_button][\/et_pb_column][\/et_pb_row][et_pb_row _builder_version=&#8220;4.17.6&#8243; _module_preset=&#8220;default&#8220; custom_padding=&#8220;15px|||||&#8220; global_colors_info=&#8220;{}&#8220; theme_builder_area=&#8220;post_content&#8220;][et_pb_column type=&#8220;4_4&#8243; _builder_version=&#8220;4.17.6&#8243; _module_preset=&#8220;default&#8220; global_colors_info=&#8220;{}&#8220; theme_builder_area=&#8220;post_content&#8220;][et_pb_text _builder_version=&#8220;4.23&#8243; _module_preset=&#8220;default&#8220; hover_enabled=&#8220;0&#8243; global_colors_info=&#8220;{}&#8220; theme_builder_area=&#8220;post_content&#8220; sticky_enabled=&#8220;0&#8243;]<\/p>\n<p><span>Wenn Sie mehr \u00fcber diese faszinierenden Monocibec-Kollektionen erfahren m\u00f6chten und entdecken wollen, wie sie Ihre Designprojekte bereichern k\u00f6nnen, z\u00f6gern Sie nicht, uns zu kontaktieren.  <\/span><\/p>\n<p><span>Wir<strong> helfen Ihnen dabei, die perfekte Wahl<\/strong> f\u00fcr Ihr Projekt zu treffen und Sch\u00f6nheit und Ethik in Ihre R\u00e4ume zu bringen.<\/span><\/p>\n<p><span><strong>Schreiben Sie uns, rufen Sie uns an unter 971 732 343 oder besuchen Sie unsere Einrichtungen<\/strong>, damit wir Sie beraten und bei Ihrer Wahl begleiten k\u00f6nnen.<\/span><\/p>\n<p>[\/et_pb_text][\/et_pb_column][\/et_pb_row][\/et_pb_section]<\/p>\n","protected":false},"excerpt":{"rendered":"<p>Wir von Gomila Cer\u00e1mica sind stolz darauf, mit den besten Lieferanten von keramischen Boden- und Wandfliesen der Welt zusammenzuarbeiten. Einer unserer herausragenden Partner ist Monocibec, ein Unternehmen, das seit \u00fcber 60 Jahren an der Spitze der Feinsteinzeug-Innovation steht. Monocibec ist ein Synonym f\u00fcr St\u00e4rke und Sch\u00f6nheit und hat sich zu einem idealen Partner f\u00fcr Architekten, [&hellip;]<\/p>\n","protected":false},"author":2,"featured_media":0,"parent":0,"menu_order":0,"comment_status":"closed","ping_status":"closed","template":"","meta":{"_et_pb_use_builder":"on","_et_pb_old_content":"","_et_gb_content_width":"","footnotes":""},"class_list":["post-3496","page","type-page","status-publish","hentry"],"_links":{"self":[{"href":"https:\/\/www.gomila-ceramica.com\/de\/wp-json\/wp\/v2\/pages\/3496","targetHints":{"allow":["GET"]}}],"collection":[{"href":"https:\/\/www.gomila-ceramica.com\/de\/wp-json\/wp\/v2\/pages"}],"about":[{"href":"https:\/\/www.gomila-ceramica.com\/de\/wp-json\/wp\/v2\/types\/page"}],"author":[{"embeddable":true,"href":"https:\/\/www.gomila-ceramica.com\/de\/wp-json\/wp\/v2\/users\/2"}],"replies":[{"embeddable":true,"href":"https:\/\/www.gomila-ceramica.com\/de\/wp-json\/wp\/v2\/comments?post=3496"}],"version-history":[{"count":2,"href":"https:\/\/www.gomila-ceramica.com\/de\/wp-json\/wp\/v2\/pages\/3496\/revisions"}],"predecessor-version":[{"id":3502,"href":"https:\/\/www.gomila-ceramica.com\/de\/wp-json\/wp\/v2\/pages\/3496\/revisions\/3502"}],"wp:attachment":[{"href":"https:\/\/www.gomila-ceramica.com\/de\/wp-json\/wp\/v2\/media?parent=3496"}],"curies":[{"name":"wp","href":"https:\/\/api.w.org\/{rel}","templated":true}]}}