{"id":3509,"date":"2023-10-27T08:24:29","date_gmt":"2023-10-27T08:24:29","guid":{"rendered":"https:\/\/www.gomila-ceramica.com\/galassia\/"},"modified":"2023-10-27T08:24:31","modified_gmt":"2023-10-27T08:24:31","slug":"galassia","status":"publish","type":"page","link":"https:\/\/www.gomila-ceramica.com\/de\/galassia\/","title":{"rendered":"Galassia"},"content":{"rendered":"<p>[et_pb_section fb_built=&#8220;1&#8243; fullwidth=&#8220;on&#8220; _builder_version=&#8220;4.22.2&#8243; background_enable_image=&#8220;off&#8220; parallax=&#8220;on&#8220; background_blend=&#8220;multiply&#8220; custom_padding=&#8220;0px||0px||true|false&#8220; global_colors_info=&#8220;{}&#8220; theme_builder_area=&#8220;post_content&#8220;][et_pb_fullwidth_header title=&#8220;GALASSIA&#8220; subhead=&#8220;Design und Funktionalit\u00e4t f\u00fcr Ihr Bad&#8220; button_one_text=&#8220;Kontakt mit uns&#8220; button_one_url=&#8220;https:\/\/www.gomila-ceramica.com\/de\/kontakt\/&#8220; _builder_version=&#8220;4.23&#8243; _module_preset=&#8220;default&#8220; background_color=&#8220;rgba(0,0,0,0.28)&#8220; background_image=&#8220;https:\/\/www.gomila-ceramica.com\/wp-content\/uploads\/2023\/10\/07_core.jpg&#8220; background_size=&#8220;custom&#8220; background_image_width=&#8220;33%&#8220; background_position=&#8220;center_right&#8220; link_option_url_new_window=&#8220;on&#8220; hover_enabled=&#8220;0&#8243; global_colors_info=&#8220;{}&#8220; theme_builder_area=&#8220;post_content&#8220; sticky_enabled=&#8220;0&#8243; title_text=&#8220;07_core&#8220;][\/et_pb_fullwidth_header][\/et_pb_section][et_pb_section fb_built=&#8220;1&#8243; admin_label=&#8220;section&#8220; _builder_version=&#8220;4.16&#8243; custom_padding=&#8220;45px|||||&#8220; global_colors_info=&#8220;{}&#8220; theme_builder_area=&#8220;post_content&#8220;][et_pb_row _builder_version=&#8220;4.17.6&#8243; _module_preset=&#8220;default&#8220; custom_padding=&#8220;17px|||||&#8220; global_colors_info=&#8220;{}&#8220; theme_builder_area=&#8220;post_content&#8220;][et_pb_column type=&#8220;4_4&#8243; _builder_version=&#8220;4.17.6&#8243; _module_preset=&#8220;default&#8220; global_colors_info=&#8220;{}&#8220; theme_builder_area=&#8220;post_content&#8220;][et_pb_text _builder_version=&#8220;4.23&#8243; _module_preset=&#8220;default&#8220; hover_enabled=&#8220;0&#8243; global_colors_info=&#8220;{}&#8220; theme_builder_area=&#8220;post_content&#8220; sticky_enabled=&#8220;0&#8243;]<\/p>\n<p><span>Wir von Gomila Cer\u00e1mica sind stolz darauf, einen unserer besten Lieferanten, <strong>Galassia<\/strong>, vorstellen zu k\u00f6nnen.  <\/span><\/p>\n<p><span>Das Unternehmen ist bekannt f\u00fcr seine <strong>herausragenden Leistungen bei der Herstellung von Keramikwaschbecken<\/strong>, die sich durch ihr au\u00dfergew\u00f6hnliches Design und ihre Funktionalit\u00e4t auszeichnen. Wir werden zwei Sammlungen hervorheben, die wir f\u00fcr wesentlich halten:<\/span><\/p>\n<p>[\/et_pb_text][\/et_pb_column][\/et_pb_row][et_pb_row _builder_version=&#8220;4.22.2&#8243; _module_preset=&#8220;default&#8220; global_colors_info=&#8220;{}&#8220; theme_builder_area=&#8220;post_content&#8220;][et_pb_column type=&#8220;4_4&#8243; _builder_version=&#8220;4.22.2&#8243; _module_preset=&#8220;default&#8220; global_colors_info=&#8220;{}&#8220; theme_builder_area=&#8220;post_content&#8220;][et_pb_text _builder_version=&#8220;4.23&#8243; _module_preset=&#8220;default&#8220; hover_enabled=&#8220;0&#8243; global_colors_info=&#8220;{}&#8220; theme_builder_area=&#8220;post_content&#8220; sticky_enabled=&#8220;0&#8243;]<\/p>\n<p><span><strong>Die Waschtisch-Kollektion Lola<\/strong> von Ceramica Galassia ist ein perfektes Beispiel f\u00fcr die <strong>Verschmelzung von Funktionalit\u00e4t und \u00c4sthetik<\/strong> in einem zeitgen\u00f6ssischen Design.  <\/span><\/p>\n<p><span>Seine gro\u00dfz\u00fcgigen <strong>Volumina und weichen Formen<\/strong> machen ihn zu einer au\u00dfergew\u00f6hnlichen Wahl f\u00fcr alle, die in ihrem Badezimmer einen modernen Stil suchen.  <\/span><\/p>\n<p><span>Die Ger\u00e4umigkeit des Waschbeckens ist perfekt mit seiner Schlankheit kombiniert, wodurch ein <strong>Gef\u00fchl der Leichtigkeit<\/strong> entsteht <strong>, ohne dass die Effizienz darunter leidet<\/strong>. Dar\u00fcber hinaus ist Lola in verschiedenen Farben erh\u00e4ltlich und eignet sich sowohl f\u00fcr wandh\u00e4ngende als auch f\u00fcr Aufsatzwaschbecken.<\/span><\/p>\n<p>[\/et_pb_text][\/et_pb_column][\/et_pb_row][et_pb_row column_structure=&#8220;1_3,1_3,1_3&#8243; _builder_version=&#8220;4.17.6&#8243; _module_preset=&#8220;default&#8220; custom_padding=&#8220;||7px|||&#8220; global_colors_info=&#8220;{}&#8220; theme_builder_area=&#8220;post_content&#8220;][et_pb_column type=&#8220;1_3&#8243; _builder_version=&#8220;4.17.6&#8243; _module_preset=&#8220;default&#8220; global_colors_info=&#8220;{}&#8220; theme_builder_area=&#8220;post_content&#8220;][et_pb_blurb image=&#8220;https:\/\/www.gomila-ceramica.com\/wp-content\/uploads\/2023\/10\/lola3.jpg&#8220; _builder_version=&#8220;4.23&#8243; _module_preset=&#8220;default&#8220; hover_enabled=&#8220;0&#8243; global_colors_info=&#8220;{}&#8220; theme_builder_area=&#8220;post_content&#8220; title_text=&#8220;lola3&#8243; sticky_enabled=&#8220;0&#8243;][\/et_pb_blurb][\/et_pb_column][et_pb_column type=&#8220;1_3&#8243; _builder_version=&#8220;4.17.6&#8243; _module_preset=&#8220;default&#8220; global_colors_info=&#8220;{}&#8220; theme_builder_area=&#8220;post_content&#8220;][et_pb_blurb image=&#8220;https:\/\/www.gomila-ceramica.com\/wp-content\/uploads\/2023\/10\/lola-1.jpg&#8220; _builder_version=&#8220;4.23&#8243; _module_preset=&#8220;default&#8220; hover_enabled=&#8220;0&#8243; global_colors_info=&#8220;{}&#8220; theme_builder_area=&#8220;post_content&#8220; title_text=&#8220;lola 1&#8243; sticky_enabled=&#8220;0&#8243;][\/et_pb_blurb][\/et_pb_column][et_pb_column type=&#8220;1_3&#8243; _builder_version=&#8220;4.17.6&#8243; _module_preset=&#8220;default&#8220; global_colors_info=&#8220;{}&#8220; theme_builder_area=&#8220;post_content&#8220;][et_pb_blurb image=&#8220;https:\/\/www.gomila-ceramica.com\/wp-content\/uploads\/2023\/10\/lola-giallo-slide-2.jpg&#8220; _builder_version=&#8220;4.23&#8243; _module_preset=&#8220;default&#8220; hover_enabled=&#8220;0&#8243; global_colors_info=&#8220;{}&#8220; theme_builder_area=&#8220;post_content&#8220; title_text=&#8220;lola-giallo-slide-2&#8243; sticky_enabled=&#8220;0&#8243;][\/et_pb_blurb][\/et_pb_column][\/et_pb_row][et_pb_row _builder_version=&#8220;4.17.6&#8243; _module_preset=&#8220;default&#8220; custom_padding=&#8220;15px|||||&#8220; global_colors_info=&#8220;{}&#8220; theme_builder_area=&#8220;post_content&#8220;][et_pb_column type=&#8220;4_4&#8243; _builder_version=&#8220;4.17.6&#8243; _module_preset=&#8220;default&#8220; global_colors_info=&#8220;{}&#8220; theme_builder_area=&#8220;post_content&#8220;][et_pb_text _builder_version=&#8220;4.23&#8243; _module_preset=&#8220;default&#8220; hover_enabled=&#8220;0&#8243; global_colors_info=&#8220;{}&#8220; theme_builder_area=&#8220;post_content&#8220; sticky_enabled=&#8220;0&#8243;]<\/p>\n<p><span><strong>Die Kollektion Core<\/strong> ist ein Beispiel f\u00fcr das Design von Keramikwaschbecken, das auf reinen Formen basiert. Die in zwei verschiedenen Gr\u00f6\u00dfen erh\u00e4ltlichen Core-Waschtische <strong>k\u00f6nnen auf aufgeh\u00e4ngten Metallstrukturen oder Holzm\u00f6beln platziert oder mit gleichfarbigen Keramikarbeitsplatten kombiniert<\/strong> werden. <\/span><\/p>\n<p><span>Diese Vielseitigkeit erm\u00f6glicht es Innenarchitekten und Architekten, Core-Waschtische in eine Vielzahl von Badkonfigurationen zu integrieren. Das Design dieser Kollektion wurde von dem talentierten Designer <strong>Antonio Pascale<\/strong> entworfen.<\/span><\/p>\n<p>[\/et_pb_text][\/et_pb_column][\/et_pb_row][et_pb_row column_structure=&#8220;1_3,1_3,1_3&#8243; _builder_version=&#8220;4.17.6&#8243; _module_preset=&#8220;default&#8220; custom_padding=&#8220;||7px|||&#8220; global_colors_info=&#8220;{}&#8220; theme_builder_area=&#8220;post_content&#8220;][et_pb_column type=&#8220;1_3&#8243; _builder_version=&#8220;4.17.6&#8243; _module_preset=&#8220;default&#8220; global_colors_info=&#8220;{}&#8220; theme_builder_area=&#8220;post_content&#8220;][et_pb_blurb image=&#8220;https:\/\/www.gomila-ceramica.com\/wp-content\/uploads\/2023\/10\/CORE-1-3.jpg&#8220; _builder_version=&#8220;4.23&#8243; _module_preset=&#8220;default&#8220; hover_enabled=&#8220;0&#8243; global_colors_info=&#8220;{}&#8220; theme_builder_area=&#8220;post_content&#8220; title_text=&#8220;CORE 1-(3)&#8220; sticky_enabled=&#8220;0&#8243;][\/et_pb_blurb][\/et_pb_column][et_pb_column type=&#8220;1_3&#8243; _builder_version=&#8220;4.17.6&#8243; _module_preset=&#8220;default&#8220; global_colors_info=&#8220;{}&#8220; theme_builder_area=&#8220;post_content&#8220;][et_pb_blurb image=&#8220;https:\/\/www.gomila-ceramica.com\/wp-content\/uploads\/2023\/10\/core-icona-1.jpg&#8220; _builder_version=&#8220;4.23&#8243; _module_preset=&#8220;default&#8220; hover_enabled=&#8220;0&#8243; global_colors_info=&#8220;{}&#8220; theme_builder_area=&#8220;post_content&#8220; title_text=&#8220;core-icona-1&#8243; sticky_enabled=&#8220;0&#8243;][\/et_pb_blurb][\/et_pb_column][et_pb_column type=&#8220;1_3&#8243; _builder_version=&#8220;4.17.6&#8243; _module_preset=&#8220;default&#8220; global_colors_info=&#8220;{}&#8220; theme_builder_area=&#8220;post_content&#8220;][et_pb_blurb image=&#8220;https:\/\/www.gomila-ceramica.com\/wp-content\/uploads\/2023\/10\/02_core.jpg&#8220; _builder_version=&#8220;4.23&#8243; _module_preset=&#8220;default&#8220; hover_enabled=&#8220;0&#8243; global_colors_info=&#8220;{}&#8220; theme_builder_area=&#8220;post_content&#8220; title_text=&#8220;02_core&#8220; sticky_enabled=&#8220;0&#8243;][\/et_pb_blurb][\/et_pb_column][\/et_pb_row][et_pb_row _builder_version=&#8220;4.17.6&#8243; _module_preset=&#8220;default&#8220; custom_padding=&#8220;15px|||||&#8220; global_colors_info=&#8220;{}&#8220; theme_builder_area=&#8220;post_content&#8220;][et_pb_column type=&#8220;4_4&#8243; _builder_version=&#8220;4.17.6&#8243; _module_preset=&#8220;default&#8220; global_colors_info=&#8220;{}&#8220; theme_builder_area=&#8220;post_content&#8220;][et_pb_button button_url=&#8220;https:\/\/drive.google.com\/file\/d\/1cVozidQoMsXcN2PrVYs7INrdqlGA5n6i\/view?usp=drive_link&#8220; url_new_window=&#8220;on&#8220; button_text=&#8220;Entdecken Sie Galassias Sammlungen&#8220; button_alignment=&#8220;center&#8220; _builder_version=&#8220;4.23&#8243; _module_preset=&#8220;default&#8220; hover_enabled=&#8220;0&#8243; box_shadow_style=&#8220;preset2&#8243; global_colors_info=&#8220;{}&#8220; theme_builder_area=&#8220;post_content&#8220; sticky_enabled=&#8220;0&#8243;][\/et_pb_button][\/et_pb_column][\/et_pb_row][et_pb_row _builder_version=&#8220;4.17.6&#8243; _module_preset=&#8220;default&#8220; custom_padding=&#8220;15px|||||&#8220; global_colors_info=&#8220;{}&#8220; theme_builder_area=&#8220;post_content&#8220;][et_pb_column type=&#8220;4_4&#8243; _builder_version=&#8220;4.17.6&#8243; _module_preset=&#8220;default&#8220; global_colors_info=&#8220;{}&#8220; theme_builder_area=&#8220;post_content&#8220;][et_pb_text _builder_version=&#8220;4.23&#8243; _module_preset=&#8220;default&#8220; hover_enabled=&#8220;0&#8243; global_colors_info=&#8220;{}&#8220; theme_builder_area=&#8220;post_content&#8220; sticky_enabled=&#8220;0&#8243;]<\/p>\n<p><span>Wir von Gomila Cer\u00e1mica sind stolz darauf, als Partner von Galassia diese au\u00dfergew\u00f6hnlichen Kollektionen unseren Kunden anbieten zu k\u00f6nnen, die f\u00fcr ihre Badprojekte das Beste an Design und Qualit\u00e4t suchen.  <\/span><\/p>\n<p><span>Wenn Sie weitere Informationen \u00fcber diese oder andere Produkte aus der Galassia-Kollektion w\u00fcnschen oder eine Beratung f\u00fcr Ihr Badprojekt ben\u00f6tigen, z\u00f6gern Sie nicht, uns zu kontaktieren. Wir helfen Ihnen dabei, Ihre Vorstellungen von der Gestaltung Ihres Badezimmers zu verwirklichen.<\/span><\/p>\n<p><span>Wir<strong> helfen Ihnen bei der Suche nach Inspiration und den idealen Materialien f\u00fcr Ihre Designprojekte<\/strong>.<\/span><\/p>\n<p><span><strong>Schreiben Sie uns, rufen Sie uns an unter 971 732 343 oder besuchen Sie unsere Einrichtungen<\/strong>, damit wir Sie beraten und bei Ihrer Wahl begleiten k\u00f6nnen.<\/span><\/p>\n<p>[\/et_pb_text][\/et_pb_column][\/et_pb_row][\/et_pb_section]<\/p>\n","protected":false},"excerpt":{"rendered":"<p>Wir von Gomila Cer\u00e1mica sind stolz darauf, einen unserer besten Lieferanten, Galassia, vorstellen zu k\u00f6nnen. Das Unternehmen ist bekannt f\u00fcr seine herausragenden Leistungen bei der Herstellung von Keramikwaschbecken, die sich durch ihr au\u00dfergew\u00f6hnliches Design und ihre Funktionalit\u00e4t auszeichnen. Wir werden zwei Sammlungen hervorheben, die wir f\u00fcr wesentlich halten:Die Waschtisch-Kollektion Lola von Ceramica Galassia ist ein [&hellip;]<\/p>\n","protected":false},"author":2,"featured_media":0,"parent":0,"menu_order":0,"comment_status":"closed","ping_status":"closed","template":"","meta":{"_et_pb_use_builder":"on","_et_pb_old_content":"","_et_gb_content_width":"","footnotes":""},"class_list":["post-3509","page","type-page","status-publish","hentry"],"_links":{"self":[{"href":"https:\/\/www.gomila-ceramica.com\/de\/wp-json\/wp\/v2\/pages\/3509","targetHints":{"allow":["GET"]}}],"collection":[{"href":"https:\/\/www.gomila-ceramica.com\/de\/wp-json\/wp\/v2\/pages"}],"about":[{"href":"https:\/\/www.gomila-ceramica.com\/de\/wp-json\/wp\/v2\/types\/page"}],"author":[{"embeddable":true,"href":"https:\/\/www.gomila-ceramica.com\/de\/wp-json\/wp\/v2\/users\/2"}],"replies":[{"embeddable":true,"href":"https:\/\/www.gomila-ceramica.com\/de\/wp-json\/wp\/v2\/comments?post=3509"}],"version-history":[{"count":2,"href":"https:\/\/www.gomila-ceramica.com\/de\/wp-json\/wp\/v2\/pages\/3509\/revisions"}],"predecessor-version":[{"id":3516,"href":"https:\/\/www.gomila-ceramica.com\/de\/wp-json\/wp\/v2\/pages\/3509\/revisions\/3516"}],"wp:attachment":[{"href":"https:\/\/www.gomila-ceramica.com\/de\/wp-json\/wp\/v2\/media?parent=3509"}],"curies":[{"name":"wp","href":"https:\/\/api.w.org\/{rel}","templated":true}]}}