{"id":3520,"date":"2023-10-27T08:24:34","date_gmt":"2023-10-27T08:24:34","guid":{"rendered":"https:\/\/www.gomila-ceramica.com\/alteret\/"},"modified":"2023-10-27T08:24:45","modified_gmt":"2023-10-27T08:24:45","slug":"alteret","status":"publish","type":"page","link":"https:\/\/www.gomila-ceramica.com\/de\/alteret\/","title":{"rendered":"Alteret"},"content":{"rendered":"<p>[et_pb_section fb_built=&#8220;1&#8243; fullwidth=&#8220;on&#8220; _builder_version=&#8220;4.22.2&#8243; background_enable_image=&#8220;off&#8220; parallax=&#8220;on&#8220; background_blend=&#8220;multiply&#8220; custom_padding=&#8220;0px||0px||true|false&#8220; global_colors_info=&#8220;{}&#8220; theme_builder_area=&#8220;post_content&#8220;][et_pb_fullwidth_header title=&#8220;Alteret&#8220; subhead=&#8220;Ein Produktionsverfahren, das seit 1964 Tradition und Modernit\u00e4t verbindet.&#8220; button_one_text=&#8220;Kontakt mit uns&#8220; button_one_url=&#8220;https:\/\/www.gomila-ceramica.com\/de\/kontakt\/&#8220; _builder_version=&#8220;4.23&#8243; _module_preset=&#8220;default&#8220; background_color=&#8220;rgba(0,0,0,0.28)&#8220; background_image=&#8220;https:\/\/www.gomila-ceramica.com\/wp-content\/uploads\/2023\/10\/20190510_112106-retoq.1500286568.jpg&#8220; background_size=&#8220;custom&#8220; background_image_width=&#8220;33%&#8220; background_position=&#8220;center_right&#8220; link_option_url_new_window=&#8220;on&#8220; hover_enabled=&#8220;0&#8243; global_colors_info=&#8220;{}&#8220; theme_builder_area=&#8220;post_content&#8220; title_text=&#8220;20190510_112106-retoq.1500286568&#8243; sticky_enabled=&#8220;0&#8243;][\/et_pb_fullwidth_header][\/et_pb_section][et_pb_section fb_built=&#8220;1&#8243; admin_label=&#8220;section&#8220; _builder_version=&#8220;4.16&#8243; custom_padding=&#8220;45px|||||&#8220; global_colors_info=&#8220;{}&#8220; theme_builder_area=&#8220;post_content&#8220;][et_pb_row _builder_version=&#8220;4.17.6&#8243; _module_preset=&#8220;default&#8220; custom_padding=&#8220;17px|||||&#8220; global_colors_info=&#8220;{}&#8220; theme_builder_area=&#8220;post_content&#8220;][et_pb_column type=&#8220;4_4&#8243; _builder_version=&#8220;4.17.6&#8243; _module_preset=&#8220;default&#8220; global_colors_info=&#8220;{}&#8220; theme_builder_area=&#8220;post_content&#8220;][et_pb_text _builder_version=&#8220;4.23&#8243; _module_preset=&#8220;default&#8220; hover_enabled=&#8220;0&#8243; global_colors_info=&#8220;{}&#8220; theme_builder_area=&#8220;post_content&#8220; sticky_enabled=&#8220;0&#8243;]<\/p>\n<p><span>Wir bei Gomila Cer\u00e1mica sind stolz darauf, mit au\u00dfergew\u00f6hnlichen Lieferanten zusammenzuarbeiten, die eine einzigartige Vielfalt in unseren Katalog einbringen.  <\/span><\/p>\n<p><span>Einer unserer bevorzugten Partner ist <strong>Alteret<\/strong>, ein Unternehmen, das <strong>seit 1964 handgefertigte Terrakottafliesen herstellt<\/strong>. Ihr Engagement f\u00fcr Tradition und Innovation hat zu bemerkenswerten Kollektionen gef\u00fchrt, die von Architekten und Innenarchitekten auf der ganzen Welt gesch\u00e4tzt werden.<\/span><\/p>\n<p>[\/et_pb_text][\/et_pb_column][\/et_pb_row][et_pb_row _builder_version=&#8220;4.22.2&#8243; _module_preset=&#8220;default&#8220; global_colors_info=&#8220;{}&#8220; theme_builder_area=&#8220;post_content&#8220;][et_pb_column type=&#8220;4_4&#8243; _builder_version=&#8220;4.22.2&#8243; _module_preset=&#8220;default&#8220; global_colors_info=&#8220;{}&#8220; theme_builder_area=&#8220;post_content&#8220;][et_pb_text _builder_version=&#8220;4.23&#8243; _module_preset=&#8220;default&#8220; hover_enabled=&#8220;0&#8243; global_colors_info=&#8220;{}&#8220; theme_builder_area=&#8220;post_content&#8220; sticky_enabled=&#8220;0&#8243;]<\/p>\n<p>Eines unserer Lieblingsst\u00fccke ist die<strong> Terracotta-Kollektion<\/strong>.<span> Terrakotta ist ein zeitloses Material, das seit Jahrhunderten gesch\u00e4tzt wird. <\/span> <\/p>\n<p><span>Alteret hat mit der <strong>vollst\u00e4ndig handgefertigten<\/strong> Ausf\u00fchrung<strong> Natural Terracotta<\/strong> eine neue Dimension erreicht. Diese Ausf\u00fchrung ist ein echter Terrakotta-Klassiker, dessen Sch\u00f6nheit in seinem rustikalen und nat\u00fcrlichen Aussehen liegt.  <\/span><\/p>\n<p><span>Dar\u00fcber hinaus bietet Alteret innerhalb dieser Produktpalette Optionen wie <strong>gewaschene Terracotta,<\/strong> die ein deutlicheres Finish aufweist, das die Handschrift des Handwerkers auf der Oberfl\u00e4che widerspiegelt, <strong>graue Terracotta, antike Terracotta und vulkanische Terracotta<\/strong>.  <\/span><\/p>\n<p><span>Diese vielseitigen Oberfl\u00e4chen bieten unendlich viele M\u00f6glichkeiten f\u00fcr Innen- und Au\u00dfenprojekte und sind in ihrer Authentizit\u00e4t und Sch\u00f6nheit unvergleichlich.<\/span><\/p>\n<p>[\/et_pb_text][\/et_pb_column][\/et_pb_row][et_pb_row column_structure=&#8220;1_3,1_3,1_3&#8243; _builder_version=&#8220;4.17.6&#8243; _module_preset=&#8220;default&#8220; custom_padding=&#8220;||7px|||&#8220; global_colors_info=&#8220;{}&#8220; theme_builder_area=&#8220;post_content&#8220;][et_pb_column type=&#8220;1_3&#8243; _builder_version=&#8220;4.17.6&#8243; _module_preset=&#8220;default&#8220; global_colors_info=&#8220;{}&#8220; theme_builder_area=&#8220;post_content&#8220;][et_pb_blurb image=&#8220;https:\/\/www.gomila-ceramica.com\/wp-content\/uploads\/2023\/10\/3-1.png&#8220; _builder_version=&#8220;4.23&#8243; _module_preset=&#8220;default&#8220; hover_enabled=&#8220;0&#8243; global_colors_info=&#8220;{}&#8220; theme_builder_area=&#8220;post_content&#8220; title_text=&#8220;alteret_terracota_antic&#8220; sticky_enabled=&#8220;0&#8243;][\/et_pb_blurb][\/et_pb_column][et_pb_column type=&#8220;1_3&#8243; _builder_version=&#8220;4.17.6&#8243; _module_preset=&#8220;default&#8220; global_colors_info=&#8220;{}&#8220; theme_builder_area=&#8220;post_content&#8220;][et_pb_blurb image=&#8220;https:\/\/www.gomila-ceramica.com\/wp-content\/uploads\/2023\/10\/2-1.png&#8220; _builder_version=&#8220;4.23&#8243; _module_preset=&#8220;default&#8220; hover_enabled=&#8220;0&#8243; global_colors_info=&#8220;{}&#8220; theme_builder_area=&#8220;post_content&#8220; title_text=&#8220;alteret_terracota_gris&#8220; sticky_enabled=&#8220;0&#8243;][\/et_pb_blurb][\/et_pb_column][et_pb_column type=&#8220;1_3&#8243; _builder_version=&#8220;4.17.6&#8243; _module_preset=&#8220;default&#8220; global_colors_info=&#8220;{}&#8220; theme_builder_area=&#8220;post_content&#8220;][et_pb_blurb image=&#8220;https:\/\/www.gomila-ceramica.com\/wp-content\/uploads\/2023\/10\/1-1.png&#8220; _builder_version=&#8220;4.23&#8243; _module_preset=&#8220;default&#8220; hover_enabled=&#8220;0&#8243; global_colors_info=&#8220;{}&#8220; theme_builder_area=&#8220;post_content&#8220; title_text=&#8220;alteret_terracota_manual&#8220; sticky_enabled=&#8220;0&#8243;][\/et_pb_blurb][\/et_pb_column][\/et_pb_row][et_pb_row _builder_version=&#8220;4.17.6&#8243; _module_preset=&#8220;default&#8220; custom_padding=&#8220;15px|||||&#8220; global_colors_info=&#8220;{}&#8220; theme_builder_area=&#8220;post_content&#8220;][et_pb_column type=&#8220;4_4&#8243; _builder_version=&#8220;4.17.6&#8243; _module_preset=&#8220;default&#8220; global_colors_info=&#8220;{}&#8220; theme_builder_area=&#8220;post_content&#8220;][et_pb_button button_url=&#8220;https:\/\/drive.google.com\/file\/d\/1QDDlDefzv006dmrQqodryk83FKrioS4l\/view?usp=drive_link&#8220; url_new_window=&#8220;on&#8220; button_text=&#8220;Mit Terracotta in die Vergangenheit reisen&#8220; button_alignment=&#8220;center&#8220; _builder_version=&#8220;4.23&#8243; _module_preset=&#8220;default&#8220; hover_enabled=&#8220;0&#8243; box_shadow_style=&#8220;preset2&#8243; global_colors_info=&#8220;{}&#8220; theme_builder_area=&#8220;post_content&#8220; sticky_enabled=&#8220;0&#8243;][\/et_pb_button][et_pb_text _builder_version=&#8220;4.23&#8243; _module_preset=&#8220;default&#8220; hover_enabled=&#8220;0&#8243; global_colors_info=&#8220;{}&#8220; theme_builder_area=&#8220;post_content&#8220; sticky_enabled=&#8220;0&#8243;]<\/p>\n<p><span>Die <strong>Zellige-Kollektion von Alteret<\/strong> ist von <strong>traditionellen marokkanischen Fliesen<\/strong> inspiriert.  <\/span><\/p>\n<p><span>Diese Fliesen sind f\u00fcr ihre kleinen Fragmente aus farbigen Fliesen bekannt, die mit einer minimalen Fuge zwischen ihnen zusammengesetzt werden.  <\/span><\/p>\n<p><span>Der Begriff &#8222;Zellige&#8220; kommt aus dem Arabischen und bedeutet &#8222;kleiner geschliffener Stein&#8220;. Die Zellige-Fliesen von Alteret werden in Spanien hergestellt. Sie sind einzigartig und authentisch und <strong>werden mit alten und traditionellen Techniken gefertigt<\/strong>.  <\/span><\/p>\n<p><span>Mit diesen Fliesen lassen sich sowohl im Innen- als auch im Au\u00dfenbereich besondere und spektakul\u00e4re Atmosph\u00e4ren schaffen. Seine monochromen Farbvariationen, seine Schattierungen und seine Rauheit verleihen jedem Dekor Charakter.  <\/span><\/p>\n<p><span>Zelliges bringt W\u00e4rme in moderne und minimalistische Umgebungen. Sie sind <strong>ideal f\u00fcr K\u00fcchen, B\u00e4der, Theken, Kamine, Terrassen und vieles mehr<\/strong>. Es ist wichtig, daran zu denken, dass die einzigartigen Merkmale von Alteret Zelliges keine M\u00e4ngel sind, sondern Details, die sie wirklich einzigartig machen.<\/span><\/p>\n<p>[\/et_pb_text][\/et_pb_column][\/et_pb_row][et_pb_row column_structure=&#8220;1_3,1_3,1_3&#8243; _builder_version=&#8220;4.17.6&#8243; _module_preset=&#8220;default&#8220; custom_padding=&#8220;||7px|||&#8220; global_colors_info=&#8220;{}&#8220; theme_builder_area=&#8220;post_content&#8220;][et_pb_column type=&#8220;1_3&#8243; _builder_version=&#8220;4.17.6&#8243; _module_preset=&#8220;default&#8220; global_colors_info=&#8220;{}&#8220; theme_builder_area=&#8220;post_content&#8220;][et_pb_blurb image=&#8220;https:\/\/www.gomila-ceramica.com\/wp-content\/uploads\/2023\/10\/4.png&#8220; _builder_version=&#8220;4.23&#8243; _module_preset=&#8220;default&#8220; hover_enabled=&#8220;0&#8243; global_colors_info=&#8220;{}&#8220; theme_builder_area=&#8220;post_content&#8220; title_text=&#8220;alteret_zellige&#8220; sticky_enabled=&#8220;0&#8243;][\/et_pb_blurb][\/et_pb_column][et_pb_column type=&#8220;1_3&#8243; _builder_version=&#8220;4.17.6&#8243; _module_preset=&#8220;default&#8220; global_colors_info=&#8220;{}&#8220; theme_builder_area=&#8220;post_content&#8220;][et_pb_blurb image=&#8220;https:\/\/www.gomila-ceramica.com\/wp-content\/uploads\/2023\/10\/3.png&#8220; _builder_version=&#8220;4.23&#8243; _module_preset=&#8220;default&#8220; hover_enabled=&#8220;0&#8243; global_colors_info=&#8220;{}&#8220; theme_builder_area=&#8220;post_content&#8220; title_text=&#8220;alteret_zellige&#8220; sticky_enabled=&#8220;0&#8243;][\/et_pb_blurb][\/et_pb_column][et_pb_column type=&#8220;1_3&#8243; _builder_version=&#8220;4.17.6&#8243; _module_preset=&#8220;default&#8220; global_colors_info=&#8220;{}&#8220; theme_builder_area=&#8220;post_content&#8220;][et_pb_blurb image=&#8220;https:\/\/www.gomila-ceramica.com\/wp-content\/uploads\/2023\/10\/2.png&#8220; _builder_version=&#8220;4.23&#8243; _module_preset=&#8220;default&#8220; hover_enabled=&#8220;0&#8243; global_colors_info=&#8220;{}&#8220; theme_builder_area=&#8220;post_content&#8220; title_text=&#8220;alteret_zellige&#8220; sticky_enabled=&#8220;0&#8243;][\/et_pb_blurb][\/et_pb_column][\/et_pb_row][et_pb_row _builder_version=&#8220;4.17.6&#8243; _module_preset=&#8220;default&#8220; custom_padding=&#8220;15px|||||&#8220; global_colors_info=&#8220;{}&#8220; theme_builder_area=&#8220;post_content&#8220;][et_pb_column type=&#8220;4_4&#8243; _builder_version=&#8220;4.17.6&#8243; _module_preset=&#8220;default&#8220; global_colors_info=&#8220;{}&#8220; theme_builder_area=&#8220;post_content&#8220;][et_pb_button button_url=&#8220;https:\/\/drive.google.com\/file\/d\/1WRonywnLB_7O7PfdsBAPaSLHQrkHm-LO\/view?usp=drive_link&#8220; url_new_window=&#8220;on&#8220; button_text=&#8220;Entdecken Sie die Vielseitigkeit von Zellige&#8220; button_alignment=&#8220;center&#8220; _builder_version=&#8220;4.23&#8243; _module_preset=&#8220;default&#8220; hover_enabled=&#8220;0&#8243; box_shadow_style=&#8220;preset2&#8243; global_colors_info=&#8220;{}&#8220; theme_builder_area=&#8220;post_content&#8220; sticky_enabled=&#8220;0&#8243;][\/et_pb_button][\/et_pb_column][\/et_pb_row][et_pb_row _builder_version=&#8220;4.17.6&#8243; _module_preset=&#8220;default&#8220; custom_padding=&#8220;15px|||||&#8220; global_colors_info=&#8220;{}&#8220; theme_builder_area=&#8220;post_content&#8220;][et_pb_column type=&#8220;4_4&#8243; _builder_version=&#8220;4.17.6&#8243; _module_preset=&#8220;default&#8220; global_colors_info=&#8220;{}&#8220; theme_builder_area=&#8220;post_content&#8220;][et_pb_text _builder_version=&#8220;4.23&#8243; _module_preset=&#8220;default&#8220; hover_enabled=&#8220;0&#8243; global_colors_info=&#8220;{}&#8220; theme_builder_area=&#8220;post_content&#8220; sticky_enabled=&#8220;0&#8243;]<\/p>\n<p><span>Alteret verk\u00f6rpert in jeder seiner Kreationen die Essenz von Handwerkskunst und Tradition.  <\/span><\/p>\n<p><span>Wir von Gomila Cer\u00e1mica freuen uns, unseren Kunden diese au\u00dfergew\u00f6hnlichen Kollektionen anbieten zu k\u00f6nnen und mit einem Partner zusammenzuarbeiten, der Qualit\u00e4t, Design und Innovation in jedem seiner Produkte sch\u00e4tzt.  <\/span><\/p>\n<p><span>Wir<strong> helfen Ihnen bei der Suche nach Inspiration und den idealen Materialien f\u00fcr Ihre Designprojekte<\/strong>.<\/span><\/p>\n<p><span><strong>Schreiben Sie uns, rufen Sie uns an unter 971 732 343 oder besuchen Sie unsere Einrichtungen<\/strong>, damit wir Sie beraten und bei Ihrer Wahl begleiten k\u00f6nnen.<\/span><\/p>\n<p>[\/et_pb_text][\/et_pb_column][\/et_pb_row][\/et_pb_section]<\/p>\n","protected":false},"excerpt":{"rendered":"<p>Wir bei Gomila Cer\u00e1mica sind stolz darauf, mit au\u00dfergew\u00f6hnlichen Lieferanten zusammenzuarbeiten, die eine einzigartige Vielfalt in unseren Katalog einbringen. Einer unserer bevorzugten Partner ist Alteret, ein Unternehmen, das seit 1964 handgefertigte Terrakottafliesen herstellt. Ihr Engagement f\u00fcr Tradition und Innovation hat zu bemerkenswerten Kollektionen gef\u00fchrt, die von Architekten und Innenarchitekten auf der ganzen Welt gesch\u00e4tzt werden.Eines [&hellip;]<\/p>\n","protected":false},"author":2,"featured_media":0,"parent":0,"menu_order":0,"comment_status":"closed","ping_status":"closed","template":"","meta":{"_et_pb_use_builder":"on","_et_pb_old_content":"","_et_gb_content_width":"","footnotes":""},"class_list":["post-3520","page","type-page","status-publish","hentry"],"_links":{"self":[{"href":"https:\/\/www.gomila-ceramica.com\/de\/wp-json\/wp\/v2\/pages\/3520","targetHints":{"allow":["GET"]}}],"collection":[{"href":"https:\/\/www.gomila-ceramica.com\/de\/wp-json\/wp\/v2\/pages"}],"about":[{"href":"https:\/\/www.gomila-ceramica.com\/de\/wp-json\/wp\/v2\/types\/page"}],"author":[{"embeddable":true,"href":"https:\/\/www.gomila-ceramica.com\/de\/wp-json\/wp\/v2\/users\/2"}],"replies":[{"embeddable":true,"href":"https:\/\/www.gomila-ceramica.com\/de\/wp-json\/wp\/v2\/comments?post=3520"}],"version-history":[{"count":13,"href":"https:\/\/www.gomila-ceramica.com\/de\/wp-json\/wp\/v2\/pages\/3520\/revisions"}],"predecessor-version":[{"id":3584,"href":"https:\/\/www.gomila-ceramica.com\/de\/wp-json\/wp\/v2\/pages\/3520\/revisions\/3584"}],"wp:attachment":[{"href":"https:\/\/www.gomila-ceramica.com\/de\/wp-json\/wp\/v2\/media?parent=3520"}],"curies":[{"name":"wp","href":"https:\/\/api.w.org\/{rel}","templated":true}]}}