{"id":3751,"date":"2023-10-31T00:53:01","date_gmt":"2023-10-31T00:53:01","guid":{"rendered":"https:\/\/www.gomila-ceramica.com\/lafaenza\/"},"modified":"2023-10-31T00:53:02","modified_gmt":"2023-10-31T00:53:02","slug":"lafaenza","status":"publish","type":"page","link":"https:\/\/www.gomila-ceramica.com\/de\/lafaenza\/","title":{"rendered":"LaFaenza"},"content":{"rendered":"<p>[et_pb_section fb_built=&#8220;1&#8243; fullwidth=&#8220;on&#8220; _builder_version=&#8220;4.22.2&#8243; background_enable_image=&#8220;off&#8220; parallax=&#8220;on&#8220; background_blend=&#8220;multiply&#8220; custom_padding=&#8220;0px||0px||true|false&#8220; global_colors_info=&#8220;{}&#8220; theme_builder_area=&#8220;post_content&#8220;][et_pb_fullwidth_header title=&#8220;La Faenza&#8220; subhead=&#8220;WIR KACHELN. YOU STYLE.&#8220; button_one_text=&#8220;Kontakt mit uns&#8220; button_one_url=&#8220;https:\/\/www.gomila-ceramica.com\/de\/kontakt\/&#8220; _builder_version=&#8220;4.23&#8243; _module_preset=&#8220;default&#8220; background_color=&#8220;rgba(0,0,0,0.28)&#8220; background_image=&#8220;https:\/\/www.gomila-ceramica.com\/wp-content\/uploads\/2023\/10\/AM-TREX3-1.jpg&#8220; background_size=&#8220;custom&#8220; background_image_width=&#8220;33%&#8220; background_position=&#8220;center_right&#8220; link_option_url_new_window=&#8220;on&#8220; hover_enabled=&#8220;0&#8243; global_colors_info=&#8220;{}&#8220; theme_builder_area=&#8220;post_content&#8220; title_text=&#8220;AM TREX3 1&#8243; alt=&#8220;LAFAENZA TREX3&#8243; sticky_enabled=&#8220;0&#8243;][\/et_pb_fullwidth_header][\/et_pb_section][et_pb_section fb_built=&#8220;1&#8243; admin_label=&#8220;section&#8220; _builder_version=&#8220;4.16&#8243; custom_padding=&#8220;45px|||||&#8220; global_colors_info=&#8220;{}&#8220; theme_builder_area=&#8220;post_content&#8220;][et_pb_row _builder_version=&#8220;4.17.6&#8243; _module_preset=&#8220;default&#8220; custom_padding=&#8220;17px|||||&#8220; global_colors_info=&#8220;{}&#8220; theme_builder_area=&#8220;post_content&#8220;][et_pb_column type=&#8220;4_4&#8243; _builder_version=&#8220;4.17.6&#8243; _module_preset=&#8220;default&#8220; global_colors_info=&#8220;{}&#8220; theme_builder_area=&#8220;post_content&#8220;][et_pb_text _builder_version=&#8220;4.23&#8243; _module_preset=&#8220;default&#8220; hover_enabled=&#8220;0&#8243; global_colors_info=&#8220;{}&#8220; theme_builder_area=&#8220;post_content&#8220; sticky_enabled=&#8220;0&#8243;]<\/p>\n<p>Wir von Gomila Cer\u00e1mica haben uns f\u00fcr <strong>LaFaenza<\/strong> entschieden, weil es sich um einen modernen, raffinierten, anspruchsvollen und unverwechselbaren Stil handelt, der mit der Erfahrung und der keramischen Tradition entwickelt wurde, die seit <strong>mehr als 149 Jahren Qualit\u00e4tskeramik herstellt<\/strong>.<\/p>\n<p>Wir freuen uns, Ihnen zwei der faszinierenden Kollektionen von LaFaenza vorzustellen, einer Marke der Cooperativa Ceramica d&#8217;Imola, die sich in der Inneneinrichtung von Wohnr\u00e4umen sowie kleinen und mittleren Gesch\u00e4ftsr\u00e4umen hervorgetan hat.<\/p>\n<p>&nbsp;<\/p>\n<p><strong>Trex 3<\/strong> ist eine Kollektion, die die <strong>Harmonie und verf\u00fchrerische Finesse von Marmorverkleidungen<\/strong> verk\u00f6rpert.<\/p>\n<p>Diese Kollektion ist f\u00fcr alle gedacht, die die zeitlose Sch\u00f6nheit von Marmor zu sch\u00e4tzen wissen. Trex 3 pr\u00e4sentiert <strong>drei<\/strong> sorgf\u00e4ltig ausgew\u00e4hlte <strong>Marmorsorten<\/strong>: <strong>einen italienischen, einen afrikanischen und einen asiatischen Marmor<\/strong>.<\/p>\n<p>Jede Marmorsorte hat einzigartige Maserungen und Eigenschaften, die es uns erm\u00f6glichen, originelle Produkte anzubieten. Die vorgeschlagenen Farben sind Schwarz, Wei\u00df und Taubengrau.<\/p>\n<p><strong>Die Trex 3-Kollektion von LaFaenza<\/strong> bietet drei Oberfl\u00e4chenausf\u00fchrungen, darunter eine nat\u00fcrliche Oberfl\u00e4che, eine <strong>gl\u00e4nzend polierte Oberfl\u00e4che, die sich perfekt<\/strong> f\u00fcr exklusive Umgebungen eignet, und eine <strong>Oberfl\u00e4che mit einem Hauch von Gold<\/strong>, ideal f\u00fcr diejenigen, die ihre R\u00e4ume in etwas wirklich Einzigartiges verwandeln wollen.<\/p>\n<p>Trex 3 bietet dank der originalgetreuen <strong>Nachbildung der Maserungen und Farben des Marmors<\/strong> auf der Oberfl\u00e4che eine elegante und anspruchsvolle Optik.<\/p>\n<p>Dar\u00fcber hinaus sind die 6,5 mm dicken Platten von Trex 3 <strong>vielseitig einsetzbar und eignen sich sowohl f\u00fcr Fu\u00dfb\u00f6den als auch f\u00fcr Verkleidungen<\/strong>, wodurch sie die Flexibilit\u00e4t bieten, die sich Profis und Designliebhaber w\u00fcnschen.<\/p>\n<p>[\/et_pb_text][\/et_pb_column][\/et_pb_row][et_pb_row column_structure=&#8220;1_3,1_3,1_3&#8243; _builder_version=&#8220;4.17.6&#8243; _module_preset=&#8220;default&#8220; custom_padding=&#8220;||7px|||&#8220; global_colors_info=&#8220;{}&#8220; theme_builder_area=&#8220;post_content&#8220;][et_pb_column type=&#8220;1_3&#8243; _builder_version=&#8220;4.17.6&#8243; _module_preset=&#8220;default&#8220; global_colors_info=&#8220;{}&#8220; theme_builder_area=&#8220;post_content&#8220;][et_pb_blurb image=&#8220;https:\/\/www.gomila-ceramica.com\/wp-content\/uploads\/2023\/10\/AM-TREX3-5.jpg&#8220; _builder_version=&#8220;4.23&#8243; _module_preset=&#8220;default&#8220; hover_enabled=&#8220;0&#8243; global_colors_info=&#8220;{}&#8220; theme_builder_area=&#8220;post_content&#8220; alt=&#8220;LAFAENZA TREX3&#8243; title_text=&#8220;AM TREX3 5&#8243; sticky_enabled=&#8220;0&#8243;][\/et_pb_blurb][\/et_pb_column][et_pb_column type=&#8220;1_3&#8243; _builder_version=&#8220;4.17.6&#8243; _module_preset=&#8220;default&#8220; global_colors_info=&#8220;{}&#8220; theme_builder_area=&#8220;post_content&#8220;][et_pb_blurb image=&#8220;https:\/\/www.gomila-ceramica.com\/wp-content\/uploads\/2023\/10\/AM-TREX3-7.jpg&#8220; _builder_version=&#8220;4.23&#8243; _module_preset=&#8220;default&#8220; hover_enabled=&#8220;0&#8243; global_colors_info=&#8220;{}&#8220; theme_builder_area=&#8220;post_content&#8220; alt=&#8220;LAFAENZA TREX3&#8243; title_text=&#8220;AM TREX3 7&#8243; sticky_enabled=&#8220;0&#8243;][\/et_pb_blurb][\/et_pb_column][et_pb_column type=&#8220;1_3&#8243; _builder_version=&#8220;4.17.6&#8243; _module_preset=&#8220;default&#8220; global_colors_info=&#8220;{}&#8220; theme_builder_area=&#8220;post_content&#8220;][et_pb_blurb image=&#8220;https:\/\/www.gomila-ceramica.com\/wp-content\/uploads\/2023\/10\/AM-TREX3-6.jpg&#8220; _builder_version=&#8220;4.23&#8243; _module_preset=&#8220;default&#8220; hover_enabled=&#8220;0&#8243; global_colors_info=&#8220;{}&#8220; theme_builder_area=&#8220;post_content&#8220; alt=&#8220;LAFAENZA TREX3&#8243; title_text=&#8220;AM TREX3 6&#8243; sticky_enabled=&#8220;0&#8243;][\/et_pb_blurb][\/et_pb_column][\/et_pb_row][et_pb_row _builder_version=&#8220;4.17.6&#8243; _module_preset=&#8220;default&#8220; custom_padding=&#8220;15px|||||&#8220; global_colors_info=&#8220;{}&#8220; theme_builder_area=&#8220;post_content&#8220;][et_pb_column type=&#8220;4_4&#8243; _builder_version=&#8220;4.17.6&#8243; _module_preset=&#8220;default&#8220; global_colors_info=&#8220;{}&#8220; theme_builder_area=&#8220;post_content&#8220;][et_pb_button button_url=&#8220;https:\/\/drive.google.com\/file\/d\/1XbrEISucTS1O7yBYqXUyqYleRPw261pz\/view?usp=drive_link&#8220; url_new_window=&#8220;on&#8220; button_text=&#8220;Entdecken Sie die Trex 3 Kollektion von LaFaenza&#8220; button_alignment=&#8220;center&#8220; _builder_version=&#8220;4.23&#8243; _module_preset=&#8220;default&#8220; hover_enabled=&#8220;0&#8243; box_shadow_style=&#8220;preset2&#8243; global_colors_info=&#8220;{}&#8220; theme_builder_area=&#8220;post_content&#8220; sticky_enabled=&#8220;0&#8243;][\/et_pb_button][et_pb_text _builder_version=&#8220;4.23&#8243; _module_preset=&#8220;default&#8220; hover_enabled=&#8220;0&#8243; global_colors_info=&#8220;{}&#8220; theme_builder_area=&#8220;post_content&#8220; sticky_enabled=&#8220;0&#8243;]<\/p>\n<p><strong>Die Kollektion Legno del Notaio<\/strong> ist ein Projekt, das von der Suche nach einem Holz inspiriert ist, das <strong>die Eleganz des Materials mit einer Oberfl\u00e4che verbindet, die Authentizit\u00e4t und die Spuren der Zeit widerspiegelt<\/strong>.<\/p>\n<p>LaFaenza fand dieses perfekte Holz in einem Notariat, wo es mehr als 50 Jahre lang gelegen hatte. Dieses <strong>&#8222;lebendige&#8220; Holz zeigt auf eindrucksvolle Weise die Zeichen der Zeit<\/strong> und die Erfahrungen derer, die sie erlebt haben.<\/p>\n<p>Die Kollektion Legno del Notaio bietet eine zarte und umh\u00fcllende Oberfl\u00e4che, die die Authentizit\u00e4t von nat\u00fcrlichem Holz widerspiegelt und jedem Raum ein Gef\u00fchl von Sanftheit verleiht.<\/p>\n<p>Mit seinen <strong>vielf\u00e4ltigen Einsatzm\u00f6glichkeiten in allen Arten von Innenr\u00e4umen,<\/strong> sowohl im Wohn- als auch im Gesch\u00e4ftsbereich, ist Legno del Notaio ideal f\u00fcr anspruchsvolle Profis, die ein perfektes Gleichgewicht zwischen \u00c4sthetik und Leistung suchen.<\/p>\n<p>[\/et_pb_text][\/et_pb_column][\/et_pb_row][et_pb_row column_structure=&#8220;1_3,1_3,1_3&#8243; _builder_version=&#8220;4.17.6&#8243; _module_preset=&#8220;default&#8220; custom_padding=&#8220;||7px|||&#8220; global_colors_info=&#8220;{}&#8220; theme_builder_area=&#8220;post_content&#8220;][et_pb_column type=&#8220;1_3&#8243; _builder_version=&#8220;4.17.6&#8243; _module_preset=&#8220;default&#8220; global_colors_info=&#8220;{}&#8220; theme_builder_area=&#8220;post_content&#8220;][et_pb_blurb image=&#8220;https:\/\/www.gomila-ceramica.com\/wp-content\/uploads\/2023\/10\/AM-LEGNONOT-4.jpg&#8220; _builder_version=&#8220;4.23&#8243; _module_preset=&#8220;default&#8220; hover_enabled=&#8220;0&#8243; global_colors_info=&#8220;{}&#8220; theme_builder_area=&#8220;post_content&#8220; alt=&#8220;LaFaenza Legno del Notaio Salons&#8220; title_text=&#8220;AM LEGNONOT 4&#8243; sticky_enabled=&#8220;0&#8243;][\/et_pb_blurb][\/et_pb_column][et_pb_column type=&#8220;1_3&#8243; _builder_version=&#8220;4.17.6&#8243; _module_preset=&#8220;default&#8220; global_colors_info=&#8220;{}&#8220; theme_builder_area=&#8220;post_content&#8220;][et_pb_blurb image=&#8220;https:\/\/www.gomila-ceramica.com\/wp-content\/uploads\/2023\/10\/AM-LEGNONOT-3.jpg&#8220; _builder_version=&#8220;4.23&#8243; _module_preset=&#8220;default&#8220; hover_enabled=&#8220;0&#8243; global_colors_info=&#8220;{}&#8220; theme_builder_area=&#8220;post_content&#8220; alt=&#8220;LaFaenza Legno del Notaio&#8220; title_text=&#8220;AM LEGNONOT 3&#8243; sticky_enabled=&#8220;0&#8243;][\/et_pb_blurb][\/et_pb_column][et_pb_column type=&#8220;1_3&#8243; _builder_version=&#8220;4.17.6&#8243; _module_preset=&#8220;default&#8220; global_colors_info=&#8220;{}&#8220; theme_builder_area=&#8220;post_content&#8220;][et_pb_blurb image=&#8220;https:\/\/www.gomila-ceramica.com\/wp-content\/uploads\/2023\/10\/AM-LEGNONOT-1A.jpg&#8220; _builder_version=&#8220;4.23&#8243; _module_preset=&#8220;default&#8220; hover_enabled=&#8220;0&#8243; global_colors_info=&#8220;{}&#8220; theme_builder_area=&#8220;post_content&#8220; alt=&#8220;LaFaenza Legno del Notaio&#8220; title_text=&#8220;AM LEGNONOT 1A&#8220; sticky_enabled=&#8220;0&#8243;][\/et_pb_blurb][\/et_pb_column][\/et_pb_row][et_pb_row _builder_version=&#8220;4.17.6&#8243; _module_preset=&#8220;default&#8220; custom_padding=&#8220;15px|||||&#8220; global_colors_info=&#8220;{}&#8220; theme_builder_area=&#8220;post_content&#8220;][et_pb_column type=&#8220;4_4&#8243; _builder_version=&#8220;4.17.6&#8243; _module_preset=&#8220;default&#8220; global_colors_info=&#8220;{}&#8220; theme_builder_area=&#8220;post_content&#8220;][et_pb_button button_url=&#8220;https:\/\/drive.google.com\/file\/d\/1plsh1mOfrFAJmbKzIsE5POnhcI4TSJTA\/view?usp=drive_link&#8220; url_new_window=&#8220;on&#8220; button_text=&#8220;Entdecken Sie Legno del Notaio&#8220; button_alignment=&#8220;center&#8220; _builder_version=&#8220;4.23&#8243; _module_preset=&#8220;default&#8220; hover_enabled=&#8220;0&#8243; box_shadow_style=&#8220;preset2&#8243; global_colors_info=&#8220;{}&#8220; theme_builder_area=&#8220;post_content&#8220; sticky_enabled=&#8220;0&#8243;][\/et_pb_button][\/et_pb_column][\/et_pb_row][et_pb_row _builder_version=&#8220;4.17.6&#8243; _module_preset=&#8220;default&#8220; custom_padding=&#8220;15px|||||&#8220; global_colors_info=&#8220;{}&#8220; theme_builder_area=&#8220;post_content&#8220;][et_pb_column type=&#8220;4_4&#8243; _builder_version=&#8220;4.17.6&#8243; _module_preset=&#8220;default&#8220; global_colors_info=&#8220;{}&#8220; theme_builder_area=&#8220;post_content&#8220;][et_pb_text _builder_version=&#8220;4.23&#8243; _module_preset=&#8220;default&#8220; hover_enabled=&#8220;0&#8243; global_colors_info=&#8220;{}&#8220; theme_builder_area=&#8220;post_content&#8220; sticky_enabled=&#8220;0&#8243;]<\/p>\n<div class=\"group w-full text-token-text-primary border-b border-black\/10 gizmo:border-0 dark:border-gray-900\/50 gizmo:dark:border-0 bg-gray-50 gizmo:bg-transparent dark:bg-[#444654] gizmo:dark:bg-transparent\" data-testid=\"conversation-turn-74\">\n<div class=\"p-4 gizmo:py-2 justify-center text-base md:gap-6 md:py-6 m-auto\">\n<div class=\"flex flex-1 gap-4 text-base mx-auto md:gap-6 gizmo:gap-3 gizmo:md:px-5 gizmo:lg:px-1 gizmo:xl:px-5 md:max-w-2xl lg:max-w-[38rem] gizmo:md:max-w-3xl gizmo:lg:max-w-[40rem] gizmo:xl:max-w-[48rem] xl:max-w-3xl }\">\n<div class=\"relative flex w-[calc(100%-50px)] flex-col gizmo:w-full lg:w-[calc(100%-115px)] agent-turn\">\n<div class=\"flex-col gap-1 md:gap-3\">\n<div class=\"flex flex-grow flex-col gap-3 max-w-full\">\n<div data-message-author-role=\"assistant\" data-message-id=\"eca18e64-fcd0-4717-8543-b63923bc33b4\" class=\"min-h-[20px] flex flex-col items-start gap-3 whitespace-pre-wrap break-words overflow-x-auto\">\n<div class=\"markdown prose w-full break-words dark:prose-invert light\">\n<p><strong>LaFaenza<\/strong> bietet eine Reihe von Optionen f\u00fcr Designliebhaber und Fachleute, die nach au\u00dfergew\u00f6hnlichen Keramikprodukten suchen.<\/p>\n<p>Diese beiden Kollektionen sind nur ein Beispiel f\u00fcr die Kreativit\u00e4t und Qualit\u00e4t, die Sie bei LaFaenza finden werden.<\/p>\n<p>Wenn Sie weitere Informationen w\u00fcnschen oder diese Kollektionen in Ihre Projekte einbeziehen m\u00f6chten, z\u00f6gern Sie bitte nicht, uns zu kontaktieren.<\/p>\n<p>Wir helfen Ihnen, einzigartige und anspruchsvolle R\u00e4ume zu schaffen.<\/p>\n<p><strong>Schreiben Sie uns, rufen Sie uns an unter 971 732 343 oder besuchen Sie unsere Einrichtungen<\/strong>, damit wir Sie beraten und bei Ihrer Wahl begleiten k\u00f6nnen.<\/p>\n<\/div>\n<\/div>\n<\/div>\n<\/div>\n<\/div>\n<\/div>\n<\/div>\n<\/div>\n<p>[\/et_pb_text][\/et_pb_column][\/et_pb_row][\/et_pb_section]<\/p>\n","protected":false},"excerpt":{"rendered":"<p>Wir von Gomila Cer\u00e1mica haben uns f\u00fcr LaFaenza entschieden, weil es sich um einen modernen, raffinierten, anspruchsvollen und unverwechselbaren Stil handelt, der mit der Erfahrung und der keramischen Tradition entwickelt wurde, die seit mehr als 149 Jahren Qualit\u00e4tskeramik herstellt. Wir freuen uns, Ihnen zwei der faszinierenden Kollektionen von LaFaenza vorzustellen, einer Marke der Cooperativa Ceramica [&hellip;]<\/p>\n","protected":false},"author":2,"featured_media":0,"parent":0,"menu_order":0,"comment_status":"closed","ping_status":"closed","template":"","meta":{"_et_pb_use_builder":"on","_et_pb_old_content":"","_et_gb_content_width":"","footnotes":""},"class_list":["post-3751","page","type-page","status-publish","hentry"],"_links":{"self":[{"href":"https:\/\/www.gomila-ceramica.com\/de\/wp-json\/wp\/v2\/pages\/3751","targetHints":{"allow":["GET"]}}],"collection":[{"href":"https:\/\/www.gomila-ceramica.com\/de\/wp-json\/wp\/v2\/pages"}],"about":[{"href":"https:\/\/www.gomila-ceramica.com\/de\/wp-json\/wp\/v2\/types\/page"}],"author":[{"embeddable":true,"href":"https:\/\/www.gomila-ceramica.com\/de\/wp-json\/wp\/v2\/users\/2"}],"replies":[{"embeddable":true,"href":"https:\/\/www.gomila-ceramica.com\/de\/wp-json\/wp\/v2\/comments?post=3751"}],"version-history":[{"count":2,"href":"https:\/\/www.gomila-ceramica.com\/de\/wp-json\/wp\/v2\/pages\/3751\/revisions"}],"predecessor-version":[{"id":3755,"href":"https:\/\/www.gomila-ceramica.com\/de\/wp-json\/wp\/v2\/pages\/3751\/revisions\/3755"}],"wp:attachment":[{"href":"https:\/\/www.gomila-ceramica.com\/de\/wp-json\/wp\/v2\/media?parent=3751"}],"curies":[{"name":"wp","href":"https:\/\/api.w.org\/{rel}","templated":true}]}}