{"id":3863,"date":"2023-11-02T05:46:53","date_gmt":"2023-11-02T05:46:53","guid":{"rendered":"https:\/\/www.gomila-ceramica.com\/esarri\/"},"modified":"2023-11-02T05:46:53","modified_gmt":"2023-11-02T05:46:53","slug":"esarri","status":"publish","type":"page","link":"https:\/\/www.gomila-ceramica.com\/de\/esarri\/","title":{"rendered":"Esarri"},"content":{"rendered":"<p>[et_pb_section fb_built=&#8220;1&#8243; fullwidth=&#8220;on&#8220; _builder_version=&#8220;4.22.2&#8243; background_enable_image=&#8220;off&#8220; parallax=&#8220;on&#8220; background_blend=&#8220;multiply&#8220; custom_padding=&#8220;0px||0px||true|false&#8220; global_colors_info=&#8220;{}&#8220; theme_builder_area=&#8220;post_content&#8220;][et_pb_fullwidth_header title=&#8220;Ezarri-Mosaik&#8220; subhead=&#8220;Tr\u00e4ume aus Mosaiken&#8220; button_one_text=&#8220;Kontakt mit uns&#8220; button_one_url=&#8220;https:\/\/www.gomila-ceramica.com\/de\/kontakt\/&#8220; _builder_version=&#8220;4.23&#8243; _module_preset=&#8220;default&#8220; background_color=&#8220;rgba(0,0,0,0.28)&#8220; background_image=&#8220;https:\/\/www.gomila-ceramica.com\/wp-content\/uploads\/2023\/11\/Shades_50-Aquarelle-Mosaic-Ezarri-Pool-1.jpg&#8220; background_size=&#8220;custom&#8220; background_image_width=&#8220;33%&#8220; background_position=&#8220;center_right&#8220; link_option_url_new_window=&#8220;on&#8220; hover_enabled=&#8220;0&#8243; global_colors_info=&#8220;{}&#8220; theme_builder_area=&#8220;post_content&#8220; alt=&#8220;Mosaico Ezarri, colecciones 50mm&#8220; title_text=&#8220;Shades_50-Aquarelle-Mosaic-Ezarri-Pool-1&#8243; sticky_enabled=&#8220;0&#8243;][\/et_pb_fullwidth_header][\/et_pb_section][et_pb_section fb_built=&#8220;1&#8243; admin_label=&#8220;section&#8220; _builder_version=&#8220;4.16&#8243; custom_padding=&#8220;45px|||||&#8220; global_colors_info=&#8220;{}&#8220; theme_builder_area=&#8220;post_content&#8220;][et_pb_row _builder_version=&#8220;4.17.6&#8243; _module_preset=&#8220;default&#8220; custom_padding=&#8220;17px|||||&#8220; global_colors_info=&#8220;{}&#8220; theme_builder_area=&#8220;post_content&#8220;][et_pb_column type=&#8220;4_4&#8243; _builder_version=&#8220;4.17.6&#8243; _module_preset=&#8220;default&#8220; global_colors_info=&#8220;{}&#8220; theme_builder_area=&#8220;post_content&#8220;][et_pb_text _builder_version=&#8220;4.23&#8243; _module_preset=&#8220;default&#8220; hover_enabled=&#8220;0&#8243; global_colors_info=&#8220;{}&#8220; theme_builder_area=&#8220;post_content&#8220; sticky_enabled=&#8220;0&#8243;]<\/p>\n<p>In der Welt der keramischen Boden- und Wandfliesen gibt es einen Namen, der sich durch sein <strong>Engagement f\u00fcr Innovation, Nachhaltigkeit und au\u00dfergew\u00f6hnliche Qualit\u00e4t<\/strong> auszeichnet: <strong>Ezarri<\/strong>.<\/p>\n<p>Als Lieferant von keramischen Materialien sind wir stolz darauf, Ihnen Ezarri vorstellen zu k\u00f6nnen, eine f\u00fchrende Marke, die seit mehr als 40 Jahren mit ihrem beeindruckenden <strong>Angebot an Mosaiken aus 100 % recyceltem Glas<\/strong> Tr\u00e4ume von Menschen in aller Welt wahr werden l\u00e4sst.<\/p>\n<p>Bei Ezarri ist die Natur seine gr\u00f6\u00dfte Inspirationsquelle. Ihr Ziel ist es, <strong>Mosaike<\/strong> zu schaffen <strong>, die sich<\/strong> dank der zeitlosen Sch\u00f6nheit von Glas <strong>harmonisch in jede Umgebung ein<\/strong>f\u00fcgen. Die Mosaike von Ezarri verwandeln nicht nur Schwimmb\u00e4der in <strong>elegante Oasen,<\/strong> sondern verleihen auch <strong>Innenr\u00e4umen, Wellness und Spas einen Hauch von Luxus<\/strong>.<\/p>\n<p>Die technische und produktionstechnische Erfahrung von Ezarri, die sich ausschlie\u00dflich auf Glasmosaik konzentriert, erm\u00f6glicht es ihnen, innovative L\u00f6sungen mit avantgardistischem Design zu entwickeln.<\/p>\n<p>Sie stellen <strong>ihr Produkt zu 100 % aus recyceltem Glas<\/strong> in ihren Anlagen in Lazkao, Spanien, unter strengen Nachhaltigkeits- und Energieeffizienzstandards her. Dieses Umweltbewusstsein treibt Ezarri an, verantwortungsbewusst zu produzieren und weiterhin nach Spitzenleistungen zu streben.<\/p>\n<p>Die Kollektionen von Ezarri sind ein Zeugnis f\u00fcr au\u00dfergew\u00f6hnliche Qualit\u00e4t und Design. Wir werden einige der Favoriten unserer Kunden nennen.<\/p>\n<p>&nbsp;<\/p>\n<h3>50 mm: Mehr Qualit\u00e4t und Sch\u00f6nheit in gr\u00f6\u00dferem Format<\/h3>\n<p>Die <strong>50-mm-Kollektion<\/strong> von <strong>Ezarri<\/strong> bietet die gleiche Qualit\u00e4t und Sch\u00f6nheit wie ihre Glasmosaike, aber in einem gr\u00f6\u00dferen Format. Jedes St\u00fcck hat eine Seitenl\u00e4nge von 50 mm und ist damit <strong>viermal so gro\u00df wie die \u00fcblichen 25 mm Mosaiksteine<\/strong>. Dies gibt Designern und Architekten die M\u00f6glichkeit, ma\u00dfgeschneiderte Projekte und Tr\u00e4ume in einem gr\u00f6\u00dferen Ma\u00dfstab zu verwirklichen. Die 50mm Mosaikfliesen sind <strong>in einem gro\u00dfen Teil der Ezarri-Kollektionen erh\u00e4ltlich<\/strong>.<\/p>\n<p>[\/et_pb_text][\/et_pb_column][\/et_pb_row][et_pb_row column_structure=&#8220;1_3,1_3,1_3&#8243; _builder_version=&#8220;4.17.6&#8243; _module_preset=&#8220;default&#8220; custom_padding=&#8220;||7px|||&#8220; global_colors_info=&#8220;{}&#8220; theme_builder_area=&#8220;post_content&#8220;][et_pb_column type=&#8220;1_3&#8243; _builder_version=&#8220;4.17.6&#8243; _module_preset=&#8220;default&#8220; global_colors_info=&#8220;{}&#8220; theme_builder_area=&#8220;post_content&#8220;][et_pb_blurb image=&#8220;https:\/\/www.gomila-ceramica.com\/wp-content\/uploads\/2023\/11\/Effect_50-Aquarelle-Mosaic-Ezarri-Pool-1.jpg&#8220; _builder_version=&#8220;4.23&#8243; _module_preset=&#8220;default&#8220; hover_enabled=&#8220;0&#8243; global_colors_info=&#8220;{}&#8220; theme_builder_area=&#8220;post_content&#8220; alt=&#8220;Ezarri-Mosaik, 50mm Sammlungen&#8220; title_text=&#8220;Effect_50-Aquarelle-Mosaic-Ezarri-Pool-1&#8243; sticky_enabled=&#8220;0&#8243;][\/et_pb_blurb][\/et_pb_column][et_pb_column type=&#8220;1_3&#8243; _builder_version=&#8220;4.17.6&#8243; _module_preset=&#8220;default&#8220; global_colors_info=&#8220;{}&#8220; theme_builder_area=&#8220;post_content&#8220;][et_pb_blurb image=&#8220;https:\/\/www.gomila-ceramica.com\/wp-content\/uploads\/2023\/11\/Blots_50-Aquarelle-Mosaic-Ezarri-Pool-1.jpg&#8220; _builder_version=&#8220;4.23&#8243; _module_preset=&#8220;default&#8220; hover_enabled=&#8220;0&#8243; global_colors_info=&#8220;{}&#8220; theme_builder_area=&#8220;post_content&#8220; alt=&#8220;Ezarri-Mosaik, 50mm Sammlungen&#8220; title_text=&#8220;Blots_50-Aquarelle-Mosaic-Ezarri-Pool-1&#8243; sticky_enabled=&#8220;0&#8243;][\/et_pb_blurb][\/et_pb_column][et_pb_column type=&#8220;1_3&#8243; _builder_version=&#8220;4.17.6&#8243; _module_preset=&#8220;default&#8220; global_colors_info=&#8220;{}&#8220; theme_builder_area=&#8220;post_content&#8220;][et_pb_blurb image=&#8220;https:\/\/www.gomila-ceramica.com\/wp-content\/uploads\/2023\/11\/Ash_50-Zen-Mosaic-Ezarri-Pool-1.jpg&#8220; _builder_version=&#8220;4.23&#8243; _module_preset=&#8220;default&#8220; hover_enabled=&#8220;0&#8243; global_colors_info=&#8220;{}&#8220; theme_builder_area=&#8220;post_content&#8220; alt=&#8220;Ezarri-Mosaik, 50mm Sammlungen&#8220; title_text=&#8220;Ash_50-Zen-Mosaic-Ezarri-Pool-1&#8243; sticky_enabled=&#8220;0&#8243;][\/et_pb_blurb][\/et_pb_column][\/et_pb_row][et_pb_row _builder_version=&#8220;4.17.6&#8243; _module_preset=&#8220;default&#8220; custom_padding=&#8220;15px|||||&#8220; global_colors_info=&#8220;{}&#8220; theme_builder_area=&#8220;post_content&#8220;][et_pb_column type=&#8220;4_4&#8243; _builder_version=&#8220;4.17.6&#8243; _module_preset=&#8220;default&#8220; global_colors_info=&#8220;{}&#8220; theme_builder_area=&#8220;post_content&#8220;][et_pb_button button_url=&#8220;https:\/\/drive.google.com\/file\/d\/1UCSFyYoGYv73A7KJs0NlzyzVhcqPrMpG\/view?usp=drive_link&#8220; url_new_window=&#8220;on&#8220; button_text=&#8220;Gro\u00dfe Tr\u00e4ume mit 50mm&#8220; button_alignment=&#8220;center&#8220; _builder_version=&#8220;4.23&#8243; _module_preset=&#8220;default&#8220; hover_enabled=&#8220;0&#8243; box_shadow_style=&#8220;preset2&#8243; global_colors_info=&#8220;{}&#8220; theme_builder_area=&#8220;post_content&#8220; sticky_enabled=&#8220;0&#8243;][\/et_pb_button][\/et_pb_column][\/et_pb_row][et_pb_row column_structure=&#8220;1_3,1_3,1_3&#8243; _builder_version=&#8220;4.17.6&#8243; _module_preset=&#8220;default&#8220; custom_padding=&#8220;||7px|||&#8220; global_colors_info=&#8220;{}&#8220; theme_builder_area=&#8220;post_content&#8220;][et_pb_column type=&#8220;1_3&#8243; _builder_version=&#8220;4.17.6&#8243; _module_preset=&#8220;default&#8220; global_colors_info=&#8220;{}&#8220; theme_builder_area=&#8220;post_content&#8220;][et_pb_blurb image=&#8220;https:\/\/www.gomila-ceramica.com\/wp-content\/uploads\/2023\/11\/Washes_50-Aquarelle-Mosaic-Ezarri-Pool-1.jpg&#8220; _builder_version=&#8220;4.23&#8243; _module_preset=&#8220;default&#8220; hover_enabled=&#8220;0&#8243; global_colors_info=&#8220;{}&#8220; theme_builder_area=&#8220;post_content&#8220; alt=&#8220;Ezarri-Mosaik, 50mm Sammlungen&#8220; title_text=&#8220;Washes_50-Aquarelle-Mosaic-Ezarri-Pool-1&#8243; sticky_enabled=&#8220;0&#8243;][\/et_pb_blurb][\/et_pb_column][et_pb_column type=&#8220;1_3&#8243; _builder_version=&#8220;4.17.6&#8243; _module_preset=&#8220;default&#8220; global_colors_info=&#8220;{}&#8220; theme_builder_area=&#8220;post_content&#8220;][et_pb_blurb image=&#8220;https:\/\/www.gomila-ceramica.com\/wp-content\/uploads\/2023\/11\/Sarsen_50-Zen-Mosaic-Ezarri-Pool-1.jpg&#8220; _builder_version=&#8220;4.23&#8243; _module_preset=&#8220;default&#8220; hover_enabled=&#8220;0&#8243; global_colors_info=&#8220;{}&#8220; theme_builder_area=&#8220;post_content&#8220; alt=&#8220;Ezarri-Mosaik, 50mm Sammlungen&#8220; title_text=&#8220;Sarsen_50-Zen-Mosaic-Ezarri-Pool-1&#8243; sticky_enabled=&#8220;0&#8243;][\/et_pb_blurb][\/et_pb_column][et_pb_column type=&#8220;1_3&#8243; _builder_version=&#8220;4.17.6&#8243; _module_preset=&#8220;default&#8220; global_colors_info=&#8220;{}&#8220; theme_builder_area=&#8220;post_content&#8220;][et_pb_blurb image=&#8220;https:\/\/www.gomila-ceramica.com\/wp-content\/uploads\/2023\/11\/Fluid_50-Aquarelle-Mosaic-Ezarri-Pool-1.jpg&#8220; _builder_version=&#8220;4.23&#8243; _module_preset=&#8220;default&#8220; hover_enabled=&#8220;0&#8243; global_colors_info=&#8220;{}&#8220; theme_builder_area=&#8220;post_content&#8220; alt=&#8220;Ezarri-Mosaik, 50mm Sammlungen&#8220; title_text=&#8220;Fluid_50-Aquarelle-Mosaic-Ezarri-Pool-1&#8243; sticky_enabled=&#8220;0&#8243;][\/et_pb_blurb][\/et_pb_column][\/et_pb_row][et_pb_row _builder_version=&#8220;4.22.2&#8243; _module_preset=&#8220;default&#8220; global_colors_info=&#8220;{}&#8220; theme_builder_area=&#8220;post_content&#8220;][et_pb_column type=&#8220;4_4&#8243; _builder_version=&#8220;4.22.2&#8243; _module_preset=&#8220;default&#8220; global_colors_info=&#8220;{}&#8220; theme_builder_area=&#8220;post_content&#8220;][et_pb_text _builder_version=&#8220;4.23&#8243; _module_preset=&#8220;default&#8220; hover_enabled=&#8220;0&#8243; global_colors_info=&#8220;{}&#8220; theme_builder_area=&#8220;post_content&#8220; sticky_enabled=&#8220;0&#8243;]<\/p>\n<h3>Aquarelle: Verbindung mit der Natur und dem Wasser<\/h3>\n<p>Die Aquarelle-Kollektion von Ezarri reproduziert den <strong>Aquarelleffekt<\/strong>, bei dem sich Farbpigmente spontan mit Wasser verbinden. Aquarelle zeichnen sich durch <strong>glatte, rutschfeste Texturen und suggestive Formen<\/strong> aus, die eine gro\u00dfe Vielfalt an matten Farbt\u00f6nen erzeugen.<\/p>\n<p>Diese Eigenschaften erzeugen <strong>entspannende \u00e4sthetische Empfindungen,<\/strong> die sowohl klassisch als auch modern sind. Aquarelle inspirieren auf vielf\u00e4ltige Weise, sich durch Glas mit der Natur zu verbinden.<\/p>\n<p>[\/et_pb_text][\/et_pb_column][\/et_pb_row][et_pb_row column_structure=&#8220;1_4,1_4,1_4,1_4&#8243; _builder_version=&#8220;4.17.6&#8243; _module_preset=&#8220;default&#8220; custom_padding=&#8220;||7px|||&#8220; global_colors_info=&#8220;{}&#8220; theme_builder_area=&#8220;post_content&#8220;][et_pb_column type=&#8220;1_4&#8243; _builder_version=&#8220;4.17.6&#8243; _module_preset=&#8220;default&#8220; global_colors_info=&#8220;{}&#8220; theme_builder_area=&#8220;post_content&#8220;][et_pb_blurb image=&#8220;https:\/\/www.gomila-ceramica.com\/wp-content\/uploads\/2023\/11\/Fluid-Aquarelle-Mosaic-Ezarri-Pool.jpg&#8220; _builder_version=&#8220;4.23&#8243; _module_preset=&#8220;default&#8220; hover_enabled=&#8220;0&#8243; global_colors_info=&#8220;{}&#8220; theme_builder_area=&#8220;post_content&#8220; alt=&#8220;Ezarri-Mosaik, Sammlungen Aquarelle&#8220; title_text=&#8220;Fluid-Aquarelle-Mosaic-Ezarri-Pool&#8220; sticky_enabled=&#8220;0&#8243;][\/et_pb_blurb][\/et_pb_column][et_pb_column type=&#8220;1_4&#8243; _builder_version=&#8220;4.17.6&#8243; _module_preset=&#8220;default&#8220; global_colors_info=&#8220;{}&#8220; theme_builder_area=&#8220;post_content&#8220;][et_pb_blurb image=&#8220;https:\/\/www.gomila-ceramica.com\/wp-content\/uploads\/2023\/11\/Layers-Aquarelle-Mosaic-Ezarri-Pool.jpg&#8220; _builder_version=&#8220;4.23&#8243; _module_preset=&#8220;default&#8220; hover_enabled=&#8220;0&#8243; global_colors_info=&#8220;{}&#8220; theme_builder_area=&#8220;post_content&#8220; alt=&#8220;Ezarri-Mosaik, Sammlungen Aquarelle&#8220; title_text=&#8220;Layers-Aquarelle-Mosaic-Ezarri-Pool&#8220; sticky_enabled=&#8220;0&#8243;][\/et_pb_blurb][\/et_pb_column][et_pb_column type=&#8220;1_4&#8243; _builder_version=&#8220;4.17.6&#8243; _module_preset=&#8220;default&#8220; global_colors_info=&#8220;{}&#8220; theme_builder_area=&#8220;post_content&#8220;][et_pb_blurb image=&#8220;https:\/\/www.gomila-ceramica.com\/wp-content\/uploads\/2023\/11\/Blots-Aquarelle-Mosaic-Ezarri-Pool.jpg&#8220; _builder_version=&#8220;4.23&#8243; _module_preset=&#8220;default&#8220; hover_enabled=&#8220;0&#8243; global_colors_info=&#8220;{}&#8220; theme_builder_area=&#8220;post_content&#8220; alt=&#8220;Ezarri-Mosaik, Sammlungen Aquarelle&#8220; title_text=&#8220;Blots-Aquarelle-Mosaic-Ezarri-Pool&#8220; sticky_enabled=&#8220;0&#8243;][\/et_pb_blurb][\/et_pb_column][et_pb_column type=&#8220;1_4&#8243; _builder_version=&#8220;4.17.6&#8243; _module_preset=&#8220;default&#8220; global_colors_info=&#8220;{}&#8220; theme_builder_area=&#8220;post_content&#8220;][et_pb_blurb image=&#8220;https:\/\/www.gomila-ceramica.com\/wp-content\/uploads\/2023\/11\/Effect-Aquarelle-Mosaic-Ezarri-Pool.jpg&#8220; _builder_version=&#8220;4.23&#8243; _module_preset=&#8220;default&#8220; hover_enabled=&#8220;0&#8243; global_colors_info=&#8220;{}&#8220; theme_builder_area=&#8220;post_content&#8220; alt=&#8220;Ezarri-Mosaik, Sammlungen Aquarelle&#8220; title_text=&#8220;Effect-Aquarelle-Mosaic-Ezarri-Pool&#8220; sticky_enabled=&#8220;0&#8243;][\/et_pb_blurb][\/et_pb_column][\/et_pb_row][et_pb_row _builder_version=&#8220;4.17.6&#8243; _module_preset=&#8220;default&#8220; custom_padding=&#8220;15px|||||&#8220; global_colors_info=&#8220;{}&#8220; theme_builder_area=&#8220;post_content&#8220;][et_pb_column type=&#8220;4_4&#8243; _builder_version=&#8220;4.17.6&#8243; _module_preset=&#8220;default&#8220; global_colors_info=&#8220;{}&#8220; theme_builder_area=&#8220;post_content&#8220;][et_pb_button button_url=&#8220;https:\/\/drive.google.com\/file\/d\/120x-5LeSMwGSWwM8i8-_0qKxJtzBOIDZ\/view?usp=drive_link&#8220; url_new_window=&#8220;on&#8220; button_text=&#8220;Im Einklang mit der Natur in Aquarelle&#8220; button_alignment=&#8220;center&#8220; _builder_version=&#8220;4.23&#8243; _module_preset=&#8220;default&#8220; hover_enabled=&#8220;0&#8243; box_shadow_style=&#8220;preset2&#8243; global_colors_info=&#8220;{}&#8220; theme_builder_area=&#8220;post_content&#8220; sticky_enabled=&#8220;0&#8243;][\/et_pb_button][\/et_pb_column][\/et_pb_row][et_pb_row _builder_version=&#8220;4.17.6&#8243; _module_preset=&#8220;default&#8220; custom_padding=&#8220;15px|||||&#8220; global_colors_info=&#8220;{}&#8220; theme_builder_area=&#8220;post_content&#8220;][et_pb_column type=&#8220;4_4&#8243; _builder_version=&#8220;4.17.6&#8243; _module_preset=&#8220;default&#8220; global_colors_info=&#8220;{}&#8220; theme_builder_area=&#8220;post_content&#8220;][et_pb_text _builder_version=&#8220;4.23&#8243; _module_preset=&#8220;default&#8220; hover_enabled=&#8220;0&#8243; global_colors_info=&#8220;{}&#8220; theme_builder_area=&#8220;post_content&#8220; sticky_enabled=&#8220;0&#8243;]<\/p>\n<h3>Gemma: Einzigartigkeit, Brillanz und Langlebigkeit inspiriert von Edelsteinen<\/h3>\n<p>Die Gemma-Kollektion von Ezarri ist von den Wundern der Natur inspiriert, die oft mit Einzigartigkeit, Brillanz, Best\u00e4ndigkeit und au\u00dfergew\u00f6hnlicher Sch\u00f6nheit assoziiert werden. Jedes Mosaik der Gemma-Kollektion hat <strong>eine einzigartige Maserung und unendliche Reflexionen<\/strong>, ideal, um den ultimativen Ausdruck von Sch\u00f6nheit zu erreichen.<\/p>\n<p>Wie Edelsteine <strong>gl\u00e4nzen<\/strong> die <strong>Mosaike von Gemma auf nat\u00fcrliche Weise<\/strong> mit ihrer gl\u00e4nzenden Oberfl\u00e4che und schaffen eine <strong>warme und schillernde Atmosph\u00e4re<\/strong> in den von Ezarri ausgekleideten Becken und R\u00e4umen.<\/p>\n<p>[\/et_pb_text][\/et_pb_column][\/et_pb_row][et_pb_row column_structure=&#8220;1_3,1_3,1_3&#8243; _builder_version=&#8220;4.17.6&#8243; _module_preset=&#8220;default&#8220; custom_padding=&#8220;||7px|||&#8220; global_colors_info=&#8220;{}&#8220; theme_builder_area=&#8220;post_content&#8220;][et_pb_column type=&#8220;1_3&#8243; _builder_version=&#8220;4.17.6&#8243; _module_preset=&#8220;default&#8220; global_colors_info=&#8220;{}&#8220; theme_builder_area=&#8220;post_content&#8220;][et_pb_blurb image=&#8220;https:\/\/www.gomila-ceramica.com\/wp-content\/uploads\/2023\/11\/Celestite_25-Gemma-Mosaic-Pool-Ezarri-1.jpg&#8220; _builder_version=&#8220;4.23&#8243; _module_preset=&#8220;default&#8220; hover_enabled=&#8220;0&#8243; global_colors_info=&#8220;{}&#8220; theme_builder_area=&#8220;post_content&#8220; alt=&#8220;Ezarri Mosaik, Gemma Sammlungen&#8220; title_text=&#8220;Celestite_25-Gemma-Mosaic-Pool-Ezarri-1&#8243; sticky_enabled=&#8220;0&#8243;][\/et_pb_blurb][\/et_pb_column][et_pb_column type=&#8220;1_3&#8243; _builder_version=&#8220;4.17.6&#8243; _module_preset=&#8220;default&#8220; global_colors_info=&#8220;{}&#8220; theme_builder_area=&#8220;post_content&#8220;][et_pb_blurb image=&#8220;https:\/\/www.gomila-ceramica.com\/wp-content\/uploads\/2023\/11\/Zircon-Gemma-Mosaic-Deco-Ezarri.jpg&#8220; _builder_version=&#8220;4.23&#8243; _module_preset=&#8220;default&#8220; hover_enabled=&#8220;0&#8243; global_colors_info=&#8220;{}&#8220; theme_builder_area=&#8220;post_content&#8220; alt=&#8220;Ezarri Mosaik, Gemma Sammlungen&#8220; title_text=&#8220;Zircon-Gemma-Mosaic-Deco-Ezarri&#8220; sticky_enabled=&#8220;0&#8243;][\/et_pb_blurb][\/et_pb_column][et_pb_column type=&#8220;1_3&#8243; _builder_version=&#8220;4.17.6&#8243; _module_preset=&#8220;default&#8220; global_colors_info=&#8220;{}&#8220; theme_builder_area=&#8220;post_content&#8220;][et_pb_blurb image=&#8220;https:\/\/www.gomila-ceramica.com\/wp-content\/uploads\/2023\/11\/Quartz-Gemma-Mosaic-Pool-Ezarri.jpg&#8220; _builder_version=&#8220;4.23&#8243; _module_preset=&#8220;default&#8220; hover_enabled=&#8220;0&#8243; global_colors_info=&#8220;{}&#8220; theme_builder_area=&#8220;post_content&#8220; alt=&#8220;Ezarri Mosaik, Gemma Sammlungen&#8220; title_text=&#8220;Quartz-Gemma-Mosaic-Pool-Ezarri&#8220; sticky_enabled=&#8220;0&#8243;][\/et_pb_blurb][\/et_pb_column][\/et_pb_row][et_pb_row _builder_version=&#8220;4.17.6&#8243; _module_preset=&#8220;default&#8220; custom_padding=&#8220;15px|||||&#8220; global_colors_info=&#8220;{}&#8220; theme_builder_area=&#8220;post_content&#8220;][et_pb_column type=&#8220;4_4&#8243; _builder_version=&#8220;4.17.6&#8243; _module_preset=&#8220;default&#8220; global_colors_info=&#8220;{}&#8220; theme_builder_area=&#8220;post_content&#8220;][et_pb_button button_url=&#8220;https:\/\/drive.google.com\/file\/d\/1ruNAl8df4PlOuxQTsJetGl-TYPpsEujG\/view?usp=drive_link&#8220; url_new_window=&#8220;on&#8220; button_text=&#8220;Lassen Sie sich von Gemma blenden&#8220; button_alignment=&#8220;center&#8220; _builder_version=&#8220;4.23&#8243; _module_preset=&#8220;default&#8220; hover_enabled=&#8220;0&#8243; box_shadow_style=&#8220;preset2&#8243; global_colors_info=&#8220;{}&#8220; theme_builder_area=&#8220;post_content&#8220; sticky_enabled=&#8220;0&#8243;][\/et_pb_button][\/et_pb_column][\/et_pb_row][et_pb_row _builder_version=&#8220;4.17.6&#8243; _module_preset=&#8220;default&#8220; custom_padding=&#8220;15px|||||&#8220; global_colors_info=&#8220;{}&#8220; theme_builder_area=&#8220;post_content&#8220;][et_pb_column type=&#8220;4_4&#8243; _builder_version=&#8220;4.17.6&#8243; _module_preset=&#8220;default&#8220; global_colors_info=&#8220;{}&#8220; theme_builder_area=&#8220;post_content&#8220;][et_pb_text _builder_version=&#8220;4.23&#8243; _module_preset=&#8220;default&#8220; hover_enabled=&#8220;0&#8243; global_colors_info=&#8220;{}&#8220; theme_builder_area=&#8220;post_content&#8220; sticky_enabled=&#8220;0&#8243;]<\/p>\n<p><span>Gomila Cer\u00e1mica ist stolz darauf, <strong>H\u00e4ndler von Ezarri-Glasmosaiken auf Mallorca<\/strong> zu sein. Vertrauen Sie uns als Ihre zuverl\u00e4ssige Quelle f\u00fcr diese hochwertigen Produkte.  <\/span><\/p>\n<p><span>Lassen Sie Ihr n\u00e4chstes Projekt durch die zeitlose Sch\u00f6nheit von Ezarri-Mosaiken erstrahlen und erleben Sie den Unterschied, den Qualit\u00e4t und Nachhaltigkeit f\u00fcr Ihre Entw\u00fcrfe bedeuten.<\/span><\/p>\n<p><span>Wir <strong>helfen Ihnen dabei, Ihre Designideen zu verwirklichen<\/strong>.<\/span><\/p>\n<p><span><strong>Schreiben Sie uns, rufen Sie uns an unter 971 732 343 oder besuchen Sie unsere Einrichtungen<\/strong>, damit wir Sie beraten und bei Ihrer Wahl begleiten k\u00f6nnen.<\/span><\/p>\n<p>[\/et_pb_text][\/et_pb_column][\/et_pb_row][\/et_pb_section]<\/p>\n","protected":false},"excerpt":{"rendered":"<p>In der Welt der keramischen Boden- und Wandfliesen gibt es einen Namen, der sich durch sein Engagement f\u00fcr Innovation, Nachhaltigkeit und au\u00dfergew\u00f6hnliche Qualit\u00e4t auszeichnet: Ezarri. Als Lieferant von keramischen Materialien sind wir stolz darauf, Ihnen Ezarri vorstellen zu k\u00f6nnen, eine f\u00fchrende Marke, die seit mehr als 40 Jahren mit ihrem beeindruckenden Angebot an Mosaiken aus [&hellip;]<\/p>\n","protected":false},"author":2,"featured_media":0,"parent":0,"menu_order":0,"comment_status":"closed","ping_status":"closed","template":"","meta":{"_et_pb_use_builder":"on","_et_pb_old_content":"","_et_gb_content_width":"","footnotes":""},"class_list":["post-3863","page","type-page","status-publish","hentry"],"_links":{"self":[{"href":"https:\/\/www.gomila-ceramica.com\/de\/wp-json\/wp\/v2\/pages\/3863","targetHints":{"allow":["GET"]}}],"collection":[{"href":"https:\/\/www.gomila-ceramica.com\/de\/wp-json\/wp\/v2\/pages"}],"about":[{"href":"https:\/\/www.gomila-ceramica.com\/de\/wp-json\/wp\/v2\/types\/page"}],"author":[{"embeddable":true,"href":"https:\/\/www.gomila-ceramica.com\/de\/wp-json\/wp\/v2\/users\/2"}],"replies":[{"embeddable":true,"href":"https:\/\/www.gomila-ceramica.com\/de\/wp-json\/wp\/v2\/comments?post=3863"}],"version-history":[{"count":2,"href":"https:\/\/www.gomila-ceramica.com\/de\/wp-json\/wp\/v2\/pages\/3863\/revisions"}],"predecessor-version":[{"id":3865,"href":"https:\/\/www.gomila-ceramica.com\/de\/wp-json\/wp\/v2\/pages\/3863\/revisions\/3865"}],"wp:attachment":[{"href":"https:\/\/www.gomila-ceramica.com\/de\/wp-json\/wp\/v2\/media?parent=3863"}],"curies":[{"name":"wp","href":"https:\/\/api.w.org\/{rel}","templated":true}]}}