{"id":3906,"date":"2023-11-02T09:46:50","date_gmt":"2023-11-02T09:46:50","guid":{"rendered":"https:\/\/www.gomila-ceramica.com\/ceramica-cielo\/"},"modified":"2023-11-03T03:41:21","modified_gmt":"2023-11-03T03:41:21","slug":"ceramica-cielo","status":"publish","type":"page","link":"https:\/\/www.gomila-ceramica.com\/de\/ceramica-cielo\/","title":{"rendered":"Cer\u00e1mica Cielo"},"content":{"rendered":"<p>[et_pb_section fb_built=&#8220;1&#8243; fullwidth=&#8220;on&#8220; _builder_version=&#8220;4.22.2&#8243; background_enable_image=&#8220;off&#8220; parallax=&#8220;on&#8220; background_blend=&#8220;multiply&#8220; custom_padding=&#8220;0px||0px||true|false&#8220; global_colors_info=&#8220;{}&#8220;][et_pb_fullwidth_header title=&#8220;Cer\u00e1mica Cielo&#8220; subhead=&#8220;Einzigartiges und unnachahmliches Keramikdesign&#8220; button_one_text=&#8220;Kontakt mit uns&#8220; button_one_url=&#8220;https:\/\/www.gomila-ceramica.com\/de\/kontakt\/&#8220; _builder_version=&#8220;4.23&#8243; _module_preset=&#8220;default&#8220; background_color=&#8220;rgba(0,0,0,0.28)&#8220; background_image=&#8220;https:\/\/www.gomila-ceramica.com\/wp-content\/uploads\/2023\/11\/configuratore-cielo-box.jpg&#8220; background_size=&#8220;custom&#8220; background_image_width=&#8220;33%&#8220; background_position=&#8220;center_right&#8220; link_option_url_new_window=&#8220;on&#8220; global_colors_info=&#8220;{}&#8220;][\/et_pb_fullwidth_header][\/et_pb_section][et_pb_section fb_built=&#8220;1&#8243; admin_label=&#8220;section&#8220; _builder_version=&#8220;4.16&#8243; custom_padding=&#8220;45px|||||&#8220; global_colors_info=&#8220;{}&#8220;][et_pb_row _builder_version=&#8220;4.17.6&#8243; _module_preset=&#8220;default&#8220; custom_padding=&#8220;17px|||||&#8220; global_colors_info=&#8220;{}&#8220;][et_pb_column type=&#8220;4_4&#8243; _builder_version=&#8220;4.17.6&#8243; _module_preset=&#8220;default&#8220; global_colors_info=&#8220;{}&#8220;][et_pb_text _builder_version=&#8220;4.23&#8243; _module_preset=&#8220;default&#8220; global_colors_info=&#8220;{}&#8220;]<\/p>\n<p><strong>Cer\u00e1mica Cielo<\/strong> ist das Ergebnis einer reichen Tradition und der Erfahrung von Keramikmeistern, deren Leidenschaft es ist, den edlen Rohstoff Keramik in innovative und originelle Badm\u00f6belkollektionen zu verwandeln.<\/p>\n<p>Diese Kreationen sind zeitlos, modern und tief in unserer Tradition verwurzelt. Der Ansatz von Ceramica Cielo ist unnachahmlich und seine \u00c4sthetik einzigartig.<\/p>\n<p>&nbsp;<\/p>\n<h3>Die Verbindung von Tradition und Innovation<\/h3>\n<p>Ceramica Cielo ist eine Abteilung von IBD &#8211; Italian Bathroom Design, einem <strong>f\u00fchrenden Unternehmen im Bereich Design und Produktion von hochwertiger Keramik Made in Italy<\/strong>. Die Kollektionen von Cielo zeichnen sich durch innovatives, elegantes und funktionales Design aus. Sie stellen eine perfekte Synthese aus Tradition und Innovation dar.<\/p>\n<p>Ceramica Cielo hat es sich zur Aufgabe gemacht, die Keramik \u00fcber die bekannten Grenzen hinaus zu bringen. Sie erreichen dies durch die <strong>Erkundung von Formen, Gr\u00f6\u00dfen, Dicken, Oberfl\u00e4chen und Farben<\/strong>.  <\/p>\n<p>Ceramica Cielo hat <strong>zahlreiche internationale Designpreise gewonnen<\/strong>.<\/p>\n<p>Sie verk\u00f6rpert die Werte, die die hervorragende italienische Art, Dinge zu tun, auszeichnen und die in der ganzen Welt als Referenzmodell gelten. Zu diesen Werten geh\u00f6ren ein <strong>hochwertiges Design, die Auswahl der besten Materialien, die Liebe zum Detail, die Kenntnis des Handwerks und die st\u00e4ndige Suche nach Harmonie zwischen Form und Funktion<\/strong>.<\/p>\n<p>Dar\u00fcber hinaus hat Ceramica Cielo sieben <strong>Archiproducts Design Awards<\/strong> gewonnen und damit seine F\u00fchrungsrolle in diesem Sektor best\u00e4tigt. Die Kreationen von Cielo sind einzigartig in Bezug auf Design, Eleganz und Funktionalit\u00e4t.<\/p>\n<p>[\/et_pb_text][\/et_pb_column][\/et_pb_row][et_pb_row column_structure=&#8220;1_4,1_4,1_4,1_4&#8243; _builder_version=&#8220;4.17.6&#8243; _module_preset=&#8220;default&#8220; custom_padding=&#8220;||7px|||&#8220; global_colors_info=&#8220;{}&#8220;][et_pb_column type=&#8220;1_4&#8243; _builder_version=&#8220;4.17.6&#8243; _module_preset=&#8220;default&#8220; global_colors_info=&#8220;{}&#8220;][et_pb_blurb image=&#8220;https:\/\/www.gomila-ceramica.com\/wp-content\/uploads\/2023\/11\/20191010-2749-img-1.jpg&#8220; alt=&#8220;Keramikhimmel f\u00fcr B\u00e4der&#8220; _builder_version=&#8220;4.23&#8243; _module_preset=&#8220;default&#8220; global_colors_info=&#8220;{}&#8220;][\/et_pb_blurb][\/et_pb_column][et_pb_column type=&#8220;1_4&#8243; _builder_version=&#8220;4.17.6&#8243; _module_preset=&#8220;default&#8220; global_colors_info=&#8220;{}&#8220;][et_pb_blurb image=&#8220;https:\/\/www.gomila-ceramica.com\/wp-content\/uploads\/2023\/11\/20180606-1588-sella-1.jpg&#8220; alt=&#8220;Keramikhimmel f\u00fcr B\u00e4der&#8220; _builder_version=&#8220;4.23&#8243; _module_preset=&#8220;default&#8220; global_colors_info=&#8220;{}&#8220;][\/et_pb_blurb][\/et_pb_column][et_pb_column type=&#8220;1_4&#8243; _builder_version=&#8220;4.17.6&#8243; _module_preset=&#8220;default&#8220; global_colors_info=&#8220;{}&#8220;][et_pb_blurb image=&#8220;https:\/\/www.gomila-ceramica.com\/wp-content\/uploads\/2023\/11\/20230331-6355-img1.jpg&#8220; alt=&#8220;Keramikhimmel f\u00fcr B\u00e4der&#8220; _builder_version=&#8220;4.23&#8243; _module_preset=&#8220;default&#8220; global_colors_info=&#8220;{}&#8220;][\/et_pb_blurb][\/et_pb_column][et_pb_column type=&#8220;1_4&#8243; _builder_version=&#8220;4.17.6&#8243; _module_preset=&#8220;default&#8220; global_colors_info=&#8220;{}&#8220;][et_pb_image src=&#8220;https:\/\/www.gomila-ceramica.com\/wp-content\/uploads\/2023\/11\/20230331-6459-wc.jpg&#8220; alt=&#8220;Keramikhimmel f\u00fcr B\u00e4der&#8220; title_text=&#8220;20230331-6459-wc&#8220; _builder_version=&#8220;4.23&#8243; _module_preset=&#8220;default&#8220; global_colors_info=&#8220;{}&#8220;][\/et_pb_image][\/et_pb_column][\/et_pb_row][et_pb_row column_structure=&#8220;1_4,1_4,1_4,1_4&#8243; _builder_version=&#8220;4.17.6&#8243; _module_preset=&#8220;default&#8220; custom_padding=&#8220;||7px|||&#8220; global_colors_info=&#8220;{}&#8220;][et_pb_column type=&#8220;1_4&#8243; _builder_version=&#8220;4.17.6&#8243; _module_preset=&#8220;default&#8220; global_colors_info=&#8220;{}&#8220;][et_pb_blurb image=&#8220;https:\/\/www.gomila-ceramica.com\/wp-content\/uploads\/2023\/11\/20180508-934-Cibele-1.jpg&#8220; alt=&#8220;Keramikhimmel f\u00fcr B\u00e4der&#8220; _builder_version=&#8220;4.23&#8243; _module_preset=&#8220;default&#8220; global_colors_info=&#8220;{}&#8220;][\/et_pb_blurb][\/et_pb_column][et_pb_column type=&#8220;1_4&#8243; _builder_version=&#8220;4.17.6&#8243; _module_preset=&#8220;default&#8220; global_colors_info=&#8220;{}&#8220;][et_pb_blurb image=&#8220;https:\/\/www.gomila-ceramica.com\/wp-content\/uploads\/2023\/11\/20230331-6256-img2.jpg&#8220; alt=&#8220;Keramikhimmel f\u00fcr B\u00e4der&#8220; _builder_version=&#8220;4.23&#8243; _module_preset=&#8220;default&#8220; global_colors_info=&#8220;{}&#8220;][\/et_pb_blurb][\/et_pb_column][et_pb_column type=&#8220;1_4&#8243; _builder_version=&#8220;4.17.6&#8243; _module_preset=&#8220;default&#8220; global_colors_info=&#8220;{}&#8220;][et_pb_blurb image=&#8220;https:\/\/www.gomila-ceramica.com\/wp-content\/uploads\/2023\/11\/20230330-6222-img2.jpg&#8220; alt=&#8220;Keramikhimmel f\u00fcr B\u00e4der&#8220; _builder_version=&#8220;4.23&#8243; _module_preset=&#8220;default&#8220; global_colors_info=&#8220;{}&#8220;][\/et_pb_blurb][\/et_pb_column][et_pb_column type=&#8220;1_4&#8243; _builder_version=&#8220;4.17.6&#8243; _module_preset=&#8220;default&#8220; global_colors_info=&#8220;{}&#8220;][et_pb_image src=&#8220;https:\/\/www.gomila-ceramica.com\/wp-content\/uploads\/2023\/11\/20180703-1840-flla60-1.jpg&#8220; alt=&#8220;Keramikhimmel f\u00fcr B\u00e4der&#8220; title_text=&#8220;20180703-1840-flla60-1&#8243; _builder_version=&#8220;4.23&#8243; _module_preset=&#8220;default&#8220; global_colors_info=&#8220;{}&#8220;][\/et_pb_image][\/et_pb_column][\/et_pb_row][et_pb_row _builder_version=&#8220;4.17.6&#8243; _module_preset=&#8220;default&#8220; custom_padding=&#8220;15px|||||&#8220; global_colors_info=&#8220;{}&#8220;][et_pb_column type=&#8220;4_4&#8243; _builder_version=&#8220;4.17.6&#8243; _module_preset=&#8220;default&#8220; global_colors_info=&#8220;{}&#8220;][et_pb_button button_url=&#8220;https:\/\/drive.google.com\/file\/d\/1t-uQ91AiZvP9AvmMgwuhQNSnzFA3zDRU\/view?usp=drive_link&#8220; url_new_window=&#8220;on&#8220; button_text=&#8220;Cielo&#8217;s Sammlungen erkunden&#8220; button_alignment=&#8220;center&#8220; _builder_version=&#8220;4.23&#8243; _module_preset=&#8220;default&#8220; hover_enabled=&#8220;0&#8243; box_shadow_style=&#8220;preset2&#8243; global_colors_info=&#8220;{}&#8220; sticky_enabled=&#8220;0&#8243;][\/et_pb_button][\/et_pb_column][\/et_pb_row][et_pb_row _builder_version=&#8220;4.17.6&#8243; _module_preset=&#8220;default&#8220; custom_padding=&#8220;15px|||||&#8220; global_colors_info=&#8220;{}&#8220;][et_pb_column type=&#8220;4_4&#8243; _builder_version=&#8220;4.17.6&#8243; _module_preset=&#8220;default&#8220; global_colors_info=&#8220;{}&#8220;][et_pb_text _builder_version=&#8220;4.23&#8243; _module_preset=&#8220;default&#8220; global_colors_info=&#8220;{}&#8220;]<\/p>\n<div class=\"group w-full text-token-text-primary border-b border-black\/10 gizmo:border-0 dark:border-gray-900\/50 gizmo:dark:border-0 bg-gray-50 gizmo:bg-transparent dark:bg-[#444654] gizmo:dark:bg-transparent\" data-testid=\"conversation-turn-74\">\n<div class=\"p-4 gizmo:py-2 justify-center text-base md:gap-6 md:py-6 m-auto\">\n<div class=\"flex flex-1 gap-4 text-base mx-auto md:gap-6 gizmo:gap-3 gizmo:md:px-5 gizmo:lg:px-1 gizmo:xl:px-5 md:max-w-2xl lg:max-w-[38rem] gizmo:md:max-w-3xl gizmo:lg:max-w-[40rem] gizmo:xl:max-w-[48rem] xl:max-w-3xl }\">\n<div class=\"relative flex w-[calc(100%-50px)] flex-col gizmo:w-full lg:w-[calc(100%-115px)] agent-turn\">\n<div class=\"flex-col gap-1 md:gap-3\">\n<div class=\"flex flex-grow flex-col gap-3 max-w-full\">\n<div data-message-author-role=\"assistant\" data-message-id=\"eca18e64-fcd0-4717-8543-b63923bc33b4\" class=\"min-h-[20px] flex flex-col items-start gap-3 whitespace-pre-wrap break-words overflow-x-auto\">\n<div class=\"markdown prose w-full break-words dark:prose-invert light\">\n<p>Vertrauen Sie Ceramica Cielo, wenn es darum geht, die Keramik zu neuen Horizonten in Design und Qualit\u00e4t zu f\u00fchren. Ihre Produkte sind ein Beweis f\u00fcr die F\u00e4higkeit Italiens, Tradition und Avantgarde zu einzigartigen und unnachahmlichen Kreationen zu verschmelzen.<\/p>\n<p>Wir sind hier, um Ihnen bei der Schaffung einzigartiger R\u00e4ume zu helfen.<\/p>\n<p><strong>Schreiben Sie uns, rufen Sie uns an unter 971 732 343 oder besuchen Sie unsere Einrichtungen<\/strong>, damit wir Sie beraten und bei Ihrer Wahl begleiten k\u00f6nnen.<\/p>\n<\/div>\n<\/div>\n<\/div>\n<\/div>\n<\/div>\n<\/div>\n<\/div>\n<\/div>\n<p>[\/et_pb_text][\/et_pb_column][\/et_pb_row][\/et_pb_section]<\/p>\n","protected":false},"excerpt":{"rendered":"<p>Cer\u00e1mica Cielo ist das Ergebnis einer reichen Tradition und der Erfahrung von Keramikmeistern, deren Leidenschaft es ist, den edlen Rohstoff Keramik in innovative und originelle Badm\u00f6belkollektionen zu verwandeln. Diese Kreationen sind zeitlos, modern und tief in unserer Tradition verwurzelt. Der Ansatz von Ceramica Cielo ist unnachahmlich und seine \u00c4sthetik einzigartig. &nbsp; Die Verbindung von Tradition [&hellip;]<\/p>\n","protected":false},"author":2,"featured_media":0,"parent":0,"menu_order":0,"comment_status":"closed","ping_status":"closed","template":"","meta":{"_et_pb_use_builder":"on","_et_pb_old_content":"","_et_gb_content_width":"","footnotes":""},"class_list":["post-3906","page","type-page","status-publish","hentry"],"_links":{"self":[{"href":"https:\/\/www.gomila-ceramica.com\/de\/wp-json\/wp\/v2\/pages\/3906","targetHints":{"allow":["GET"]}}],"collection":[{"href":"https:\/\/www.gomila-ceramica.com\/de\/wp-json\/wp\/v2\/pages"}],"about":[{"href":"https:\/\/www.gomila-ceramica.com\/de\/wp-json\/wp\/v2\/types\/page"}],"author":[{"embeddable":true,"href":"https:\/\/www.gomila-ceramica.com\/de\/wp-json\/wp\/v2\/users\/2"}],"replies":[{"embeddable":true,"href":"https:\/\/www.gomila-ceramica.com\/de\/wp-json\/wp\/v2\/comments?post=3906"}],"version-history":[{"count":3,"href":"https:\/\/www.gomila-ceramica.com\/de\/wp-json\/wp\/v2\/pages\/3906\/revisions"}],"predecessor-version":[{"id":4017,"href":"https:\/\/www.gomila-ceramica.com\/de\/wp-json\/wp\/v2\/pages\/3906\/revisions\/4017"}],"wp:attachment":[{"href":"https:\/\/www.gomila-ceramica.com\/de\/wp-json\/wp\/v2\/media?parent=3906"}],"curies":[{"name":"wp","href":"https:\/\/api.w.org\/{rel}","templated":true}]}}