{"id":4249,"date":"2023-11-04T23:17:24","date_gmt":"2023-11-04T23:17:24","guid":{"rendered":"https:\/\/www.gomila-ceramica.com\/onix\/"},"modified":"2023-11-04T23:17:25","modified_gmt":"2023-11-04T23:17:25","slug":"onix","status":"publish","type":"page","link":"https:\/\/www.gomila-ceramica.com\/de\/onix\/","title":{"rendered":"Onix"},"content":{"rendered":"<p>[et_pb_section fb_built=&#8220;1&#8243; fullwidth=&#8220;on&#8220; _builder_version=&#8220;4.22.2&#8243; background_enable_image=&#8220;off&#8220; parallax=&#8220;on&#8220; background_blend=&#8220;multiply&#8220; custom_padding=&#8220;0px||0px||true|false&#8220; global_colors_info=&#8220;{}&#8220; theme_builder_area=&#8220;post_content&#8220;][et_pb_fullwidth_header title=&#8220;Onyx Mosaik&#8220; subhead=&#8220;Die Seele der Dekorateure&#8220; button_one_text=&#8220;Kontakt mit uns&#8220; button_one_url=&#8220;https:\/\/www.gomila-ceramica.com\/de\/kontakt\/&#8220; _builder_version=&#8220;4.23&#8243; _module_preset=&#8220;default&#8220; background_color=&#8220;rgba(0,0,0,0.28)&#8220; background_image=&#8220;https:\/\/www.gomila-ceramica.com\/wp-content\/uploads\/2023\/11\/penta_onix6.png&#8220; background_size=&#8220;custom&#8220; background_image_width=&#8220;33%&#8220; background_position=&#8220;center_right&#8220; link_option_url_new_window=&#8220;on&#8220; hover_enabled=&#8220;0&#8243; global_colors_info=&#8220;{}&#8220; theme_builder_area=&#8220;post_content&#8220; title_text=&#8220;penta_onix6&#8243; sticky_enabled=&#8220;0&#8243; alt=&#8220;mosaico onix&#8220;][\/et_pb_fullwidth_header][\/et_pb_section][et_pb_section fb_built=&#8220;1&#8243; admin_label=&#8220;section&#8220; _builder_version=&#8220;4.16&#8243; custom_padding=&#8220;45px|||||&#8220; global_colors_info=&#8220;{}&#8220; theme_builder_area=&#8220;post_content&#8220;][et_pb_row _builder_version=&#8220;4.17.6&#8243; _module_preset=&#8220;default&#8220; custom_padding=&#8220;17px|||||&#8220; global_colors_info=&#8220;{}&#8220; theme_builder_area=&#8220;post_content&#8220;][et_pb_column type=&#8220;4_4&#8243; _builder_version=&#8220;4.17.6&#8243; _module_preset=&#8220;default&#8220; global_colors_info=&#8220;{}&#8220; theme_builder_area=&#8220;post_content&#8220;][et_pb_text _builder_version=&#8220;4.23&#8243; _module_preset=&#8220;default&#8220; hover_enabled=&#8220;0&#8243; global_colors_info=&#8220;{}&#8220; theme_builder_area=&#8220;post_content&#8220; sticky_enabled=&#8220;0&#8243;]<\/p>\n<p>Wir von Gomila Cer\u00e1mica sind stolz darauf, mit <strong>ONIX<\/strong> zusammenzuarbeiten <strong>, einem unbestrittenen Marktf\u00fchrer in der Welt des Glasmosaiks<\/strong>. ONIX ist in Rekordzeit zum gr\u00f6\u00dften Glasmosaikfliesenhersteller der Welt aufgestiegen. Sein Erfolg beruht auf seinem Engagement f\u00fcr Innovation, Nachhaltigkeit und Qualit\u00e4t bei der Dekoration.<\/p>\n<p><strong>Innovation und Technologie<\/strong><\/p>\n<p>ONIX hat durch sein st\u00e4ndiges Streben nach Innovation einen Ma\u00dfstab in der Branche gesetzt. Das Unternehmen investiert in modernste <strong>Technologie und die kontinuierliche Verbesserung<\/strong> der Produktionsprozesse, um seinen Kunden au\u00dfergew\u00f6hnliche Produkte anbieten zu k\u00f6nnen. Daraus ergibt sich ein breites Spektrum an \u00e4sthetischen L\u00f6sungen, die sich stets an den neuesten Designtrends orientieren.<\/p>\n<p><strong>Nachhaltigkeit als Herzst\u00fcck<\/strong><\/p>\n<p>Nachhaltigkeit ist ein grundlegender Pfeiler f\u00fcr ONIX. Das Unternehmen setzt sich unerm\u00fcdlich f\u00fcr die Umwelt, die Gesundheit der Menschen und die Energieeffizienz ein. Seine Glasmosaike, die zu <strong>98 %<\/strong> aus <strong>recyceltem Glas<\/strong> bestehen, sind ein Beweis f\u00fcr seine Ausrichtung auf die Kreislaufwirtschaft und die Reduzierung der CO2-Emissionen. Dar\u00fcber hinaus verwendet ONIX <strong>wiederverwertbare Verpackungen<\/strong> und produziert Solarenergie in seinen eigenen Anlagen.<\/p>\n<p><strong>Bekenntnis zur Qualit\u00e4t<\/strong><\/p>\n<p>Das Engagement von ONIX f\u00fcr Qualit\u00e4t ist in jedem Produkt, das sie anbieten, offensichtlich. Seine Glasmosaike sind eine leistungsstarke Option f\u00fcr Innen- und Au\u00dfenbereiche. Sie bieten eine au\u00dfergew\u00f6hnliche Best\u00e4ndigkeit gegen\u00fcber feuchten Umgebungen, sind nicht por\u00f6s und widerstehen Temperaturschwankungen. Dar\u00fcber hinaus zeichnen sie sich durch ihre <strong>hygienischen, antibakteriellen und leicht zu reinigenden Eigenschaften<\/strong> aus.<\/p>\n<p>[\/et_pb_text][\/et_pb_column][\/et_pb_row][et_pb_row column_structure=&#8220;1_3,1_3,1_3&#8243; _builder_version=&#8220;4.17.6&#8243; _module_preset=&#8220;default&#8220; custom_padding=&#8220;||7px|||&#8220; global_colors_info=&#8220;{}&#8220; theme_builder_area=&#8220;post_content&#8220;][et_pb_column type=&#8220;1_3&#8243; _builder_version=&#8220;4.17.6&#8243; _module_preset=&#8220;default&#8220; global_colors_info=&#8220;{}&#8220; theme_builder_area=&#8220;post_content&#8220;][et_pb_blurb image=&#8220;https:\/\/www.gomila-ceramica.com\/wp-content\/uploads\/2023\/11\/soluciones-customizadas-1.jpg&#8220; alt=&#8220;Onyx-Mosaik&#8220; _builder_version=&#8220;4.23&#8243; _module_preset=&#8220;default&#8220; hover_enabled=&#8220;0&#8243; global_colors_info=&#8220;{}&#8220; theme_builder_area=&#8220;post_content&#8220; sticky_enabled=&#8220;0&#8243; title_text=&#8220;soluciones-customizadas-1&#8243;][\/et_pb_blurb][\/et_pb_column][et_pb_column type=&#8220;1_3&#8243; _builder_version=&#8220;4.17.6&#8243; _module_preset=&#8220;default&#8220; global_colors_info=&#8220;{}&#8220; theme_builder_area=&#8220;post_content&#8220;][et_pb_blurb image=&#8220;https:\/\/www.gomila-ceramica.com\/wp-content\/uploads\/2023\/11\/onix-compromiso-medioambiental.jpg&#8220; alt=&#8220;Onyx-Mosaik&#8220; _builder_version=&#8220;4.23&#8243; _module_preset=&#8220;default&#8220; hover_enabled=&#8220;0&#8243; global_colors_info=&#8220;{}&#8220; theme_builder_area=&#8220;post_content&#8220; title_text=&#8220;onix-compromiso-medioambiental&#8220; sticky_enabled=&#8220;0&#8243;][\/et_pb_blurb][\/et_pb_column][et_pb_column type=&#8220;1_3&#8243; _builder_version=&#8220;4.17.6&#8243; _module_preset=&#8220;default&#8220; global_colors_info=&#8220;{}&#8220; theme_builder_area=&#8220;post_content&#8220;][et_pb_blurb image=&#8220;https:\/\/www.gomila-ceramica.com\/wp-content\/uploads\/2023\/11\/versatilidad-y-eficiencia-1.jpg&#8220; alt=&#8220;Onyx-Mosaik&#8220; _builder_version=&#8220;4.23&#8243; _module_preset=&#8220;default&#8220; hover_enabled=&#8220;0&#8243; global_colors_info=&#8220;{}&#8220; theme_builder_area=&#8220;post_content&#8220; title_text=&#8220;versatilidad-y-eficiencia-1&#8243; sticky_enabled=&#8220;0&#8243;][\/et_pb_blurb][\/et_pb_column][\/et_pb_row][et_pb_row _builder_version=&#8220;4.17.6&#8243; _module_preset=&#8220;default&#8220; custom_padding=&#8220;15px|||||&#8220; global_colors_info=&#8220;{}&#8220; theme_builder_area=&#8220;post_content&#8220;][et_pb_column type=&#8220;4_4&#8243; _builder_version=&#8220;4.17.6&#8243; _module_preset=&#8220;default&#8220; global_colors_info=&#8220;{}&#8220; theme_builder_area=&#8220;post_content&#8220;][et_pb_text _builder_version=&#8220;4.23&#8243; _module_preset=&#8220;default&#8220; hover_enabled=&#8220;0&#8243; global_colors_info=&#8220;{}&#8220; theme_builder_area=&#8220;post_content&#8220; sticky_enabled=&#8220;0&#8243;]<\/p>\n<p>Die <strong>Kollektion ONIX Penta<\/strong> ist ein Ausdruck von Kreativit\u00e4t und Vielseitigkeit. Die <strong>quadratischen Mosaike im Format 50&#215;50 mm<\/strong> sind in einer breiten Palette von Farben erh\u00e4ltlich, die <strong>an nat\u00fcrliche Elemente<\/strong> wie das Meer, Korallen und Vulkanlandschaften <strong>erinnern<\/strong>.<\/p>\n<p>Diese Mosaike sind ideal f\u00fcr die Verkleidung von Schwimmb\u00e4dern sowie f\u00fcr die Dekoration von Nassbereichen, W\u00e4nden und anderen R\u00e4umen. Sie sind <strong>feuchtigkeitsbest\u00e4ndig, porenfrei und leicht zu reinigen<\/strong> und eignen sich daher perfekt f\u00fcr eine Vielzahl von Projekten.<\/p>\n<p>Einige Beispiele innerhalb der Penta-Kollektion sind Designs wie Penta Carel, das von der Textur des Meeres inspiriert ist, und Penta Bora, das speziell f\u00fcr Nassbereiche und Schwimmb\u00e4der entwickelt wurde. Auch das Glasmosaik Penta Black Rock Matte mit seiner rutschfesten Oberfl\u00e4che und der von Vulkangestein inspirierten Steinstruktur ist eine elegante und funktionale Option.<\/p>\n<p>[\/et_pb_text][\/et_pb_column][\/et_pb_row][et_pb_row column_structure=&#8220;1_3,1_3,1_3&#8243; _builder_version=&#8220;4.17.6&#8243; _module_preset=&#8220;default&#8220; custom_padding=&#8220;||7px|||&#8220; global_colors_info=&#8220;{}&#8220; theme_builder_area=&#8220;post_content&#8220;][et_pb_column type=&#8220;1_3&#8243; _builder_version=&#8220;4.17.6&#8243; _module_preset=&#8220;default&#8220; global_colors_info=&#8220;{}&#8220; theme_builder_area=&#8220;post_content&#8220;][et_pb_blurb image=&#8220;https:\/\/www.gomila-ceramica.com\/wp-content\/uploads\/2023\/11\/penta_onix4.png&#8220; alt=&#8220;Onyx-Mosaik&#8220; _builder_version=&#8220;4.23&#8243; _module_preset=&#8220;default&#8220; hover_enabled=&#8220;0&#8243; global_colors_info=&#8220;{}&#8220; theme_builder_area=&#8220;post_content&#8220; title_text=&#8220;penta_onix4&#8243; sticky_enabled=&#8220;0&#8243;][\/et_pb_blurb][\/et_pb_column][et_pb_column type=&#8220;1_3&#8243; _builder_version=&#8220;4.17.6&#8243; _module_preset=&#8220;default&#8220; global_colors_info=&#8220;{}&#8220; theme_builder_area=&#8220;post_content&#8220;][et_pb_blurb image=&#8220;https:\/\/www.gomila-ceramica.com\/wp-content\/uploads\/2023\/11\/penta_onix3.png&#8220; alt=&#8220;Onyx-Mosaik&#8220; _builder_version=&#8220;4.23&#8243; _module_preset=&#8220;default&#8220; hover_enabled=&#8220;0&#8243; global_colors_info=&#8220;{}&#8220; theme_builder_area=&#8220;post_content&#8220; title_text=&#8220;penta_onix3&#8243; sticky_enabled=&#8220;0&#8243;][\/et_pb_blurb][\/et_pb_column][et_pb_column type=&#8220;1_3&#8243; _builder_version=&#8220;4.17.6&#8243; _module_preset=&#8220;default&#8220; global_colors_info=&#8220;{}&#8220; theme_builder_area=&#8220;post_content&#8220;][et_pb_blurb image=&#8220;https:\/\/www.gomila-ceramica.com\/wp-content\/uploads\/2023\/11\/penta_onix1-e1699138824926.png&#8220; alt=&#8220;Onyx-Mosaik&#8220; _builder_version=&#8220;4.23&#8243; _module_preset=&#8220;default&#8220; hover_enabled=&#8220;0&#8243; global_colors_info=&#8220;{}&#8220; theme_builder_area=&#8220;post_content&#8220; title_text=&#8220;penta_onix1&#8243; sticky_enabled=&#8220;0&#8243;][\/et_pb_blurb][\/et_pb_column][\/et_pb_row][et_pb_row _builder_version=&#8220;4.17.6&#8243; _module_preset=&#8220;default&#8220; custom_padding=&#8220;15px|||||&#8220; global_colors_info=&#8220;{}&#8220; theme_builder_area=&#8220;post_content&#8220;][et_pb_column type=&#8220;4_4&#8243; _builder_version=&#8220;4.17.6&#8243; _module_preset=&#8220;default&#8220; global_colors_info=&#8220;{}&#8220; theme_builder_area=&#8220;post_content&#8220;][et_pb_button button_url=&#8220;https:\/\/drive.google.com\/file\/d\/15LvdX5u6BmaySnxtbCCD0KfyPuF2dndb\/view?usp=drive_link&#8220; url_new_window=&#8220;on&#8220; button_text=&#8220;Weitere Informationen \u00fcber die Penta-Kollektion&#8220; button_alignment=&#8220;center&#8220; _builder_version=&#8220;4.23&#8243; _module_preset=&#8220;default&#8220; hover_enabled=&#8220;0&#8243; box_shadow_style=&#8220;preset2&#8243; global_colors_info=&#8220;{}&#8220; theme_builder_area=&#8220;post_content&#8220; sticky_enabled=&#8220;0&#8243;][\/et_pb_button][\/et_pb_column][\/et_pb_row][et_pb_row _builder_version=&#8220;4.17.6&#8243; _module_preset=&#8220;default&#8220; custom_padding=&#8220;15px|||||&#8220; global_colors_info=&#8220;{}&#8220; theme_builder_area=&#8220;post_content&#8220;][et_pb_column type=&#8220;4_4&#8243; _builder_version=&#8220;4.17.6&#8243; _module_preset=&#8220;default&#8220; global_colors_info=&#8220;{}&#8220; theme_builder_area=&#8220;post_content&#8220;][et_pb_text _builder_version=&#8220;4.23&#8243; _module_preset=&#8220;default&#8220; hover_enabled=&#8220;0&#8243; global_colors_info=&#8220;{}&#8220; theme_builder_area=&#8220;post_content&#8220; sticky_enabled=&#8220;0&#8243;]<\/p>\n<p><span>Bei Gomila Cer\u00e1mica sch\u00e4tzen wir die Allianz mit ONIX als einen Lieferanten, der unsere Leidenschaft f\u00fcr Spitzenleistungen, Nachhaltigkeit und innovatives Design teilt.  <\/span><\/p>\n<p><span>ONIX erm\u00f6glicht es uns, unseren Kunden L\u00f6sungen zu bieten, die \u00fcber das Herk\u00f6mmliche hinausgehen und sich perfekt an die anspruchsvollsten Architektur- und Designprojekte anpassen.<\/span><\/p>\n<p><span>Wir <strong>helfen Ihnen dabei, Ihre Designideen zu verwirklichen<\/strong>.<\/span><\/p>\n<p><span><strong>Schreiben Sie uns, rufen Sie uns an unter 971 732 343 oder besuchen Sie unsere Einrichtungen<\/strong>, damit wir Sie beraten und bei Ihrer Wahl begleiten k\u00f6nnen.<\/span><\/p>\n<p>[\/et_pb_text][\/et_pb_column][\/et_pb_row][\/et_pb_section]<\/p>\n","protected":false},"excerpt":{"rendered":"<p>Wir von Gomila Cer\u00e1mica sind stolz darauf, mit ONIX zusammenzuarbeiten , einem unbestrittenen Marktf\u00fchrer in der Welt des Glasmosaiks. ONIX ist in Rekordzeit zum gr\u00f6\u00dften Glasmosaikfliesenhersteller der Welt aufgestiegen. Sein Erfolg beruht auf seinem Engagement f\u00fcr Innovation, Nachhaltigkeit und Qualit\u00e4t bei der Dekoration. Innovation und Technologie ONIX hat durch sein st\u00e4ndiges Streben nach Innovation einen [&hellip;]<\/p>\n","protected":false},"author":2,"featured_media":0,"parent":0,"menu_order":0,"comment_status":"closed","ping_status":"closed","template":"","meta":{"_et_pb_use_builder":"on","_et_pb_old_content":"","_et_gb_content_width":"","footnotes":""},"class_list":["post-4249","page","type-page","status-publish","hentry"],"_links":{"self":[{"href":"https:\/\/www.gomila-ceramica.com\/de\/wp-json\/wp\/v2\/pages\/4249","targetHints":{"allow":["GET"]}}],"collection":[{"href":"https:\/\/www.gomila-ceramica.com\/de\/wp-json\/wp\/v2\/pages"}],"about":[{"href":"https:\/\/www.gomila-ceramica.com\/de\/wp-json\/wp\/v2\/types\/page"}],"author":[{"embeddable":true,"href":"https:\/\/www.gomila-ceramica.com\/de\/wp-json\/wp\/v2\/users\/2"}],"replies":[{"embeddable":true,"href":"https:\/\/www.gomila-ceramica.com\/de\/wp-json\/wp\/v2\/comments?post=4249"}],"version-history":[{"count":2,"href":"https:\/\/www.gomila-ceramica.com\/de\/wp-json\/wp\/v2\/pages\/4249\/revisions"}],"predecessor-version":[{"id":4253,"href":"https:\/\/www.gomila-ceramica.com\/de\/wp-json\/wp\/v2\/pages\/4249\/revisions\/4253"}],"wp:attachment":[{"href":"https:\/\/www.gomila-ceramica.com\/de\/wp-json\/wp\/v2\/media?parent=4249"}],"curies":[{"name":"wp","href":"https:\/\/api.w.org\/{rel}","templated":true}]}}