{"id":3503,"date":"2023-10-27T08:24:28","date_gmt":"2023-10-27T08:24:28","guid":{"rendered":"https:\/\/www.gomila-ceramica.com\/three-faucets\/"},"modified":"2023-10-27T08:36:16","modified_gmt":"2023-10-27T08:36:16","slug":"three-faucets","status":"publish","type":"page","link":"https:\/\/www.gomila-ceramica.com\/en\/three-faucets\/","title":{"rendered":"Tres Faucets"},"content":{"rendered":"<p>[et_pb_section fb_built=&#8221;1&#8243; fullwidth=&#8221;on&#8221; _builder_version=&#8221;4.22.2&#8243; background_enable_image=&#8221;off&#8221; parallax=&#8221;on&#8221; background_blend=&#8221;multiply&#8221; custom_padding=&#8221;0px||0px||true|false&#8221; global_colors_info=&#8221;{}&#8221;][et_pb_fullwidth_header title=&#8221;Tres Faucets&#8221; subhead=&#8221;When design is more than just a pretty shape&#8221; button_one_text=&#8221;Contact with us&#8221; button_one_url=&#8221;https:\/\/www.gomila-ceramica.com\/en\/contact\/&#8221; _builder_version=&#8221;4.23&#8243; _module_preset=&#8221;default&#8221; background_color=&#8221;rgba(0,0,0,0.28)&#8221; background_image=&#8221;https:\/\/www.gomila-ceramica.com\/wp-content\/uploads\/2023\/10\/STUDY_26285301OP.png&#8221; background_size=&#8221;custom&#8221; background_image_width=&#8221;33%&#8221; background_position=&#8221;center_right&#8221; link_option_url_new_window=&#8221;on&#8221; global_colors_info=&#8221;{}&#8221;][\/et_pb_fullwidth_header][\/et_pb_section][et_pb_section fb_built=&#8221;1&#8243; admin_label=&#8221;section&#8221; _builder_version=&#8221;4.16&#8243; custom_padding=&#8221;45px|||||&#8221; global_colors_info=&#8221;{}&#8221;][et_pb_row _builder_version=&#8221;4.17.6&#8243; _module_preset=&#8221;default&#8221; custom_padding=&#8221;17px|||||&#8221; global_colors_info=&#8221;{}&#8221;][et_pb_column type=&#8221;4_4&#8243; _builder_version=&#8221;4.17.6&#8243; _module_preset=&#8221;default&#8221; global_colors_info=&#8221;{}&#8221;][et_pb_text _builder_version=&#8221;4.23&#8243; _module_preset=&#8221;default&#8221; hover_enabled=&#8221;0&#8243; global_colors_info=&#8221;{}&#8221; sticky_enabled=&#8221;0&#8243;]<\/p>\n<p>In Gomila Cer\u00e1mica, we are proud to have <strong>Tres Grifer\u00eda<\/strong> as one of our trusted suppliers.<\/p>\n<p>Tres Grifer\u00eda is a company with a long history of dedication to the manufacture of <strong>designer faucets for bathrooms and kitchens<\/strong>. Their focus on design and user experience is what sets them apart, and this is reflected in their exceptional faucet collections.<\/p>\n<p><strong>Tres Grifer\u00eda<\/strong> was founded in 1968 as a family business with the mission to manufacture and market bathroom and kitchen faucets, as well as other solutions for the responsible use of water. With a presence throughout the European market, <strong>Tres Grifer\u00eda has stood out for its commitment to quality and sustainability<\/strong>.<\/p>\n<p>Its central factory in Vallirana, Barcelona, and its subsidiary in \u0141\u00f3d\u017a, Poland, produce more than 3,000 different models of faucets to meet the needs of users.<\/p>\n<p>The constant improvement of the facilities, in-house manufacturing and the <strong>technology applied to the product<\/strong> have positioned Tres as one of the Spanish brands best prepared to offer quality and service at all stages, <strong>from the conception of a product to its use<\/strong> in bathrooms and kitchens.<\/p>\n<p>[\/et_pb_text][\/et_pb_column][\/et_pb_row][et_pb_row _builder_version=&#8221;4.22.2&#8243; _module_preset=&#8221;default&#8221; global_colors_info=&#8221;{}&#8221; custom_padding=&#8221;8px|||||&#8221;][et_pb_column type=&#8221;4_4&#8243; _builder_version=&#8221;4.22.2&#8243; _module_preset=&#8221;default&#8221; global_colors_info=&#8221;{}&#8221;][et_pb_text _builder_version=&#8221;4.23&#8243; _module_preset=&#8221;default&#8221; hover_enabled=&#8221;0&#8243; global_colors_info=&#8221;{}&#8221; sticky_enabled=&#8221;0&#8243;]<\/p>\n<p><span>The <strong>Study collection<\/strong> of Tres Grifer\u00eda is an example of minimalist and harmonious design. Their cylindrical and slender bodies seek timeless balance, offering a <strong>simple yet extravagant look<\/strong>. <strong>Metallic finishes<\/strong> add a striking touch to this collection.  <\/span><\/p>\n<p><span>At Gomila Cer\u00e1mica, we believe that the Study collection by Tres Grifer\u00eda is an excellent choice for those who are looking for <strong>faucets that combine elegance and functionality<\/strong>.  <\/span><\/p>\n<p>[\/et_pb_text][\/et_pb_column][\/et_pb_row][et_pb_row column_structure=&#8221;1_3,1_3,1_3&#8243; _builder_version=&#8221;4.17.6&#8243; _module_preset=&#8221;default&#8221; custom_padding=&#8221;||7px|||&#8221; global_colors_info=&#8221;{}&#8221;][et_pb_column type=&#8221;1_3&#8243; _builder_version=&#8221;4.17.6&#8243; _module_preset=&#8221;default&#8221; global_colors_info=&#8221;{}&#8221;][et_pb_blurb image=&#8221;https:\/\/www.gomila-ceramica.com\/wp-content\/uploads\/2023\/10\/study.png&#8221; _builder_version=&#8221;4.23&#8243; _module_preset=&#8221;default&#8221; hover_enabled=&#8221;0&#8243; global_colors_info=&#8221;{}&#8221; title_text=&#8221;study&#8221; sticky_enabled=&#8221;0&#8243;][\/et_pb_blurb][\/et_pb_column][et_pb_column type=&#8221;1_3&#8243; _builder_version=&#8221;4.17.6&#8243; _module_preset=&#8221;default&#8221; global_colors_info=&#8221;{}&#8221;][et_pb_blurb image=&#8221;https:\/\/www.gomila-ceramica.com\/wp-content\/uploads\/2023\/10\/study-4.png&#8221; _builder_version=&#8221;4.23&#8243; _module_preset=&#8221;default&#8221; hover_enabled=&#8221;0&#8243; global_colors_info=&#8221;{}&#8221; title_text=&#8221;study (4)&#8221; sticky_enabled=&#8221;0&#8243;][\/et_pb_blurb][\/et_pb_column][et_pb_column type=&#8221;1_3&#8243; _builder_version=&#8221;4.17.6&#8243; _module_preset=&#8221;default&#8221; global_colors_info=&#8221;{}&#8221;][et_pb_blurb image=&#8221;https:\/\/www.gomila-ceramica.com\/wp-content\/uploads\/2023\/10\/study-3.png&#8221; _builder_version=&#8221;4.23&#8243; _module_preset=&#8221;default&#8221; hover_enabled=&#8221;0&#8243; global_colors_info=&#8221;{}&#8221; title_text=&#8221;study (3)&#8221; sticky_enabled=&#8221;0&#8243;][\/et_pb_blurb][\/et_pb_column][\/et_pb_row][et_pb_row _builder_version=&#8221;4.17.6&#8243; _module_preset=&#8221;default&#8221; custom_padding=&#8221;15px|||||&#8221; global_colors_info=&#8221;{}&#8221;][et_pb_column type=&#8221;4_4&#8243; _builder_version=&#8221;4.17.6&#8243; _module_preset=&#8221;default&#8221; global_colors_info=&#8221;{}&#8221;][et_pb_text _builder_version=&#8221;4.23&#8243; _module_preset=&#8221;default&#8221; hover_enabled=&#8221;0&#8243; global_colors_info=&#8221;{}&#8221; sticky_enabled=&#8221;0&#8243;]<\/p>\n<p><span>The <strong>Loft collection<\/strong> of Tres Grifer\u00eda is a versatile series that <strong>perfectly balances flat and rounded surfaces<\/strong>. This extensive collection has been designed to suit a variety of needs and decorating styles. It is a wise choice for those looking for <strong>versatile, high quality faucets<\/strong>.  <\/span><\/p>\n<p>[\/et_pb_text][\/et_pb_column][\/et_pb_row][et_pb_row column_structure=&#8221;1_3,1_3,1_3&#8243; _builder_version=&#8221;4.17.6&#8243; _module_preset=&#8221;default&#8221; custom_padding=&#8221;||7px|||&#8221; global_colors_info=&#8221;{}&#8221;][et_pb_column type=&#8221;1_3&#8243; _builder_version=&#8221;4.17.6&#8243; _module_preset=&#8221;default&#8221; global_colors_info=&#8221;{}&#8221;][et_pb_blurb image=&#8221;https:\/\/www.gomila-ceramica.com\/wp-content\/uploads\/2023\/10\/Loft.png&#8221; _builder_version=&#8221;4.23&#8243; _module_preset=&#8221;default&#8221; hover_enabled=&#8221;0&#8243; global_colors_info=&#8221;{}&#8221; title_text=&#8221;Loft&#8221; sticky_enabled=&#8221;0&#8243;][\/et_pb_blurb][\/et_pb_column][et_pb_column type=&#8221;1_3&#8243; _builder_version=&#8221;4.17.6&#8243; _module_preset=&#8221;default&#8221; global_colors_info=&#8221;{}&#8221;][et_pb_blurb image=&#8221;https:\/\/www.gomila-ceramica.com\/wp-content\/uploads\/2023\/10\/Loft-4.png&#8221; _builder_version=&#8221;4.23&#8243; _module_preset=&#8221;default&#8221; hover_enabled=&#8221;0&#8243; global_colors_info=&#8221;{}&#8221; title_text=&#8221;Loft (4)&#8221; sticky_enabled=&#8221;0&#8243;][\/et_pb_blurb][\/et_pb_column][et_pb_column type=&#8221;1_3&#8243; _builder_version=&#8221;4.17.6&#8243; _module_preset=&#8221;default&#8221; global_colors_info=&#8221;{}&#8221;][et_pb_blurb image=&#8221;https:\/\/www.gomila-ceramica.com\/wp-content\/uploads\/2023\/10\/Loft-3.png&#8221; _builder_version=&#8221;4.23&#8243; _module_preset=&#8221;default&#8221; hover_enabled=&#8221;0&#8243; global_colors_info=&#8221;{}&#8221; title_text=&#8221;Loft (3)&#8221; sticky_enabled=&#8221;0&#8243;][\/et_pb_blurb][\/et_pb_column][\/et_pb_row][et_pb_row _builder_version=&#8221;4.17.6&#8243; _module_preset=&#8221;default&#8221; custom_padding=&#8221;15px|||||&#8221; global_colors_info=&#8221;{}&#8221;][et_pb_column type=&#8221;4_4&#8243; _builder_version=&#8221;4.17.6&#8243; _module_preset=&#8221;default&#8221; global_colors_info=&#8221;{}&#8221;][et_pb_button button_url=&#8221;https:\/\/drive.google.com\/file\/d\/1aN6h6aivEjDAAwOjjIgZOAxPsad0659C\/view?usp=drive_link&#8221; url_new_window=&#8221;on&#8221; button_text=&#8221;Explore the collections of Tres Grifer\u00eda&#8221; button_alignment=&#8221;center&#8221; _builder_version=&#8221;4.23&#8243; _module_preset=&#8221;default&#8221; hover_enabled=&#8221;0&#8243; box_shadow_style=&#8221;preset2&#8243; global_colors_info=&#8221;{}&#8221; sticky_enabled=&#8221;0&#8243;][\/et_pb_button][\/et_pb_column][\/et_pb_row][et_pb_row _builder_version=&#8221;4.17.6&#8243; _module_preset=&#8221;default&#8221; custom_padding=&#8221;15px|||||&#8221; global_colors_info=&#8221;{}&#8221;][et_pb_column type=&#8221;4_4&#8243; _builder_version=&#8221;4.17.6&#8243; _module_preset=&#8221;default&#8221; global_colors_info=&#8221;{}&#8221;][et_pb_text _builder_version=&#8221;4.23&#8243; _module_preset=&#8221;default&#8221; hover_enabled=&#8221;0&#8243; global_colors_info=&#8221;{}&#8221; sticky_enabled=&#8221;0&#8243;]<\/p>\n<p><span>At Gomila Cer\u00e1mica, we highly recommend the Tres Grifer\u00eda collections to architects and interior designers who are looking for exceptional design faucets for their projects.  <\/span><\/p>\n<p><span><strong>The durability, sustainability and aesthetics of these collections are some of the reasons why we consider them to be some of our favorites<\/strong>.  <\/span><\/p>\n<p><span>We are here to <strong>help you bring your design ideas to reality<\/strong>.<\/span><\/p>\n<p><span><strong>Write to us, call us at 971 732 343 or visit our facilities<\/strong> so that we can advise you and accompany you in your choice.<\/span><\/p>\n<p>[\/et_pb_text][\/et_pb_column][\/et_pb_row][\/et_pb_section]<\/p>\n","protected":false},"excerpt":{"rendered":"<p>In Gomila Cer\u00e1mica, we are proud to have Tres Grifer\u00eda as one of our trusted suppliers. Tres Grifer\u00eda is a company with a long history of dedication to the manufacture of designer faucets for bathrooms and kitchens. Their focus on design and user experience is what sets them apart, and this is reflected in their [&hellip;]<\/p>\n","protected":false},"author":2,"featured_media":0,"parent":0,"menu_order":0,"comment_status":"closed","ping_status":"closed","template":"","meta":{"_et_pb_use_builder":"on","_et_pb_old_content":"","_et_gb_content_width":"","footnotes":""},"class_list":["post-3503","page","type-page","status-publish","hentry"],"_links":{"self":[{"href":"https:\/\/www.gomila-ceramica.com\/en\/wp-json\/wp\/v2\/pages\/3503","targetHints":{"allow":["GET"]}}],"collection":[{"href":"https:\/\/www.gomila-ceramica.com\/en\/wp-json\/wp\/v2\/pages"}],"about":[{"href":"https:\/\/www.gomila-ceramica.com\/en\/wp-json\/wp\/v2\/types\/page"}],"author":[{"embeddable":true,"href":"https:\/\/www.gomila-ceramica.com\/en\/wp-json\/wp\/v2\/users\/2"}],"replies":[{"embeddable":true,"href":"https:\/\/www.gomila-ceramica.com\/en\/wp-json\/wp\/v2\/comments?post=3503"}],"version-history":[{"count":5,"href":"https:\/\/www.gomila-ceramica.com\/en\/wp-json\/wp\/v2\/pages\/3503\/revisions"}],"predecessor-version":[{"id":3589,"href":"https:\/\/www.gomila-ceramica.com\/en\/wp-json\/wp\/v2\/pages\/3503\/revisions\/3589"}],"wp:attachment":[{"href":"https:\/\/www.gomila-ceramica.com\/en\/wp-json\/wp\/v2\/media?parent=3503"}],"curies":[{"name":"wp","href":"https:\/\/api.w.org\/{rel}","templated":true}]}}